{"id":515,"date":"2016-07-12T19:18:54","date_gmt":"2016-07-12T22:18:54","guid":{"rendered":"http:\/\/www.fvr.edu.br\/fvr\/site\/?page_id=515"},"modified":"2020-02-20T10:20:04","modified_gmt":"2020-02-20T13:20:04","slug":"matriz-curricular","status":"publish","type":"page","link":"https:\/\/portal.unisepe.com.br\/saolourenco\/pedagogia\/matriz-curricular\/","title":{"rendered":"Matrizes Curriculares"},"content":{"rendered":"<ul class=\"nav nav-tabs\">\n<li class=\"nav-item\"><a class=\"nav-link active\" href=\"#tab1\" data-toggle=\"tab\">Matriz<\/a><\/li>\n<li class=\"nav-item\"><a class=\"nav-link\" href=\"#tab2\" data-toggle=\"tab\">Informa\u00e7\u00f5es Art. 8<\/a><\/li>\n<\/ul>\n<div id=\"myTabContent\" class=\"tab-content\">\n<div id=\"tab1\" class=\"tab-pane fade active show\">\n<ul>\n<li><strong><a href=\"http:\/\/portal.unisepe.com.br\/saolourenco\/wp-content\/uploads\/sites\/10005\/2018\/09\/matriz_ped2017.pdf\" target=\"_blank\" rel=\"noopener\">Matriz 2017<\/a><\/strong><\/li>\n<li><strong><a href=\"http:\/\/portal.unisepe.com.br\/saolourenco\/wp-content\/uploads\/sites\/10005\/2019\/07\/matriz_ped2018.pdf\">Matriz 2018 e Sucessivos<\/a><\/strong><\/li>\n<\/ul>\n<\/div>\n<div id=\"tab2\" class=\"tab-pane fade\">\n<h4 style=\"text-align: center\"><strong>Art. 8 da Portaria 1.428\/2018<\/strong><\/h4>\n<p>&nbsp;<\/p>\n<ul>\n<li><a href=\"http:\/\/portal.unisepe.com.br\/saolourenco\/wp-content\/uploads\/sites\/10005\/2019\/09\/PORTARIA1428-Educa.-Especial-e-Inclusiva-PED.pdf\" target=\"_blank\" rel=\"noopener\">PORTARIA 1428 &#8211; Educa\u00e7\u00e3o Especial e Inclusiva<\/a><\/li>\n<li><a href=\"http:\/\/portal.unisepe.com.br\/saolourenco\/wp-content\/uploads\/sites\/10005\/2019\/09\/PORTARIA1428-Fund.-Ed.-Basica-PED.pdf\" target=\"_blank\" rel=\"noopener\">PORTARIA 1428 &#8211; Fundamentos da Educa\u00e7\u00e3o B\u00e1sica<\/a><\/li>\n<li><a href=\"http:\/\/portal.unisepe.com.br\/saolourenco\/wp-content\/uploads\/sites\/10005\/2019\/09\/PORTARIA1428-Hist.-Cultura-Afro-PED.pdf\" target=\"_blank\" rel=\"noopener\">PORTARIA 1428 &#8211;\u00a0Hist\u00f3ria da Cultura Afro-Brasileira e Ind\u00edgena<\/a><\/li>\n<li><a href=\"http:\/\/portal.unisepe.com.br\/saolourenco\/wp-content\/uploads\/sites\/10005\/2019\/09\/PORTARIA1428-Lingua-Portuguesa-PED.pdf\" target=\"_blank\" rel=\"noopener\">PORTARIA 1428 &#8211; L\u00edngua Portuguesa<\/a><\/li>\n<li><a href=\"http:\/\/portal.unisepe.com.br\/saolourenco\/wp-content\/uploads\/sites\/10005\/2019\/09\/PORTARIA1428-MPC-PED.pdf\" target=\"_blank\" rel=\"noopener\">PORTARIA 1428 &#8211;\u00a0Metodologia da Pesquisa Cient\u00edfica<\/a><\/li>\n<li><a href=\"http:\/\/portal.unisepe.com.br\/saolourenco\/wp-content\/uploads\/sites\/10005\/2019\/09\/PORTARIA1428-Sociologia-Educ.-I-PED.pdf\" target=\"_blank\" rel=\"noopener\">PORTARIA 1428 &#8211;\u00a0Sociologia da Educa\u00e7\u00e3o I<\/a><\/li>\n<\/ul>\n<\/div>\n<\/div>\n","protected":false},"excerpt":{"rendered":"<p>Matriz Informa\u00e7\u00f5es Art. 8 Matriz 2017 Matriz 2018 e Sucessivos Art. 8 da Portaria 1.428\/2018 &nbsp; PORTARIA 1428 &#8211; Educa\u00e7\u00e3o Especial e Inclusiva PORTARIA 1428 &#8211; Fundamentos da Educa\u00e7\u00e3o B\u00e1sica PORTARIA 1428 &#8211;\u00a0Hist\u00f3ria da Cultura Afro-Brasileira e Ind\u00edgena PORTARIA 1428 &#8211; L\u00edngua Portuguesa PORTARIA 1428 &#8211;\u00a0Metodologia da Pesquisa Cient\u00edfica PORTARIA<\/p>\n","protected":false},"author":1,"featured_media":0,"parent":509,"menu_order":0,"comment_status":"closed","ping_status":"closed","template":"templates\/template-curso_menu_vertical.php","meta":{"footnotes":""},"categories":[],"tags":[],"class_list":["post-515","page","type-page","status-publish","hentry"],"_links":{"self":[{"href":"https:\/\/portal.unisepe.com.br\/saolourenco\/wp-json\/wp\/v2\/pages\/515","targetHints":{"allow":["GET"]}}],"collection":[{"href":"https:\/\/portal.unisepe.com.br\/saolourenco\/wp-json\/wp\/v2\/pages"}],"about":[{"href":"https:\/\/portal.unisepe.com.br\/saolourenco\/wp-json\/wp\/v2\/types\/page"}],"author":[{"embeddable":true,"href":"https:\/\/portal.unisepe.com.br\/saolourenco\/wp-json\/wp\/v2\/users\/1"}],"replies":[{"embeddable":true,"href":"https:\/\/portal.unisepe.com.br\/saolourenco\/wp-json\/wp\/v2\/comments?post=515"}],"version-history":[{"count":10,"href":"https:\/\/portal.unisepe.com.br\/saolourenco\/wp-json\/wp\/v2\/pages\/515\/revisions"}],"predecessor-version":[{"id":4697,"href":"https:\/\/portal.unisepe.com.br\/saolourenco\/wp-json\/wp\/v2\/pages\/515\/revisions\/4697"}],"up":[{"embeddable":true,"href":"https:\/\/portal.unisepe.com.br\/saolourenco\/wp-json\/wp\/v2\/pages\/509"}],"wp:attachment":[{"href":"https:\/\/portal.unisepe.com.br\/saolourenco\/wp-json\/wp\/v2\/media?parent=515"}],"wp:term":[{"taxonomy":"category","embeddable":true,"href":"https:\/\/portal.unisepe.com.br\/saolourenco\/wp-json\/wp\/v2\/categories?post=515"},{"taxonomy":"post_tag","embeddable":true,"href":"https:\/\/portal.unisepe.com.br\/saolourenco\/wp-json\/wp\/v2\/tags?post=515"}],"curies":[{"name":"wp","href":"https:\/\/api.w.org\/{rel}","templated":true}]}}