{"id":533,"date":"2016-07-12T19:31:00","date_gmt":"2016-07-12T19:31:00","guid":{"rendered":"http:\/\/www.fvr.edu.br\/fvr\/site\/?page_id=533"},"modified":"2025-10-23T17:51:10","modified_gmt":"2025-10-23T20:51:10","slug":"psicologia","status":"publish","type":"page","link":"https:\/\/portal.unisepe.com.br\/saolourenco\/psicologia\/","title":{"rendered":"Psicologia"},"content":{"rendered":"<p style=\"text-align: justify;\"><img loading=\"lazy\" decoding=\"async\" class=\" wp-image-253 alignleft\" src=\"http:\/\/portal.unisepe.com.br\/saolourenco\/wp-content\/uploads\/sites\/10005\/2018\/09\/logo_psicologia.jpg\" alt=\"logo_psi\" width=\"95\" height=\"128\" \/>O Curso de Gradua\u00e7\u00e3o em Psicologia do\u00a0<span data-teams=\"true\">Centro Universit\u00e1rio<\/span> S\u00e3o Louren\u00e7o, pretende que o psic\u00f3logo formado nesta institui\u00e7\u00e3o seja um profissional generalista, sem perder de vista as especializa\u00e7\u00f5es necess\u00e1rias a seu campo de trabalho. Profissional com capacidade de utilizar de forma eficiente as teorias, m\u00e9todos e instrumentos da Psicologia. Sendo assim, capaz de compreender, avaliar e intervir em seu campo de atua\u00e7\u00e3o, trabalhando em equipe multidisciplinar, favorecendo o di\u00e1logo e a inter e multidisciplinaridade. O profissional estar\u00e1 capacitado para enfrentar situa\u00e7\u00f5es novas com iniciativa e criatividade, tendo internalizado valores \u00e9ticos que o levem a buscar uma constante atualiza\u00e7\u00e3o. O psic\u00f3logo a ser formado poder\u00e1 ser definido como aquele dotado de racioc\u00ednio l\u00f3gico, reflex\u00e3o cr\u00edtica, rigor cient\u00edfico, capacidade de investiga\u00e7\u00e3o, para a atua\u00e7\u00e3o interdisciplinar nos diferentes enfoques te\u00f3ricos da Psicologia.<br \/>\nProfissional com capacidade compreensiva da intera\u00e7\u00e3o de processos biol\u00f3gicos, psicol\u00f3gicos e sociais, que respeita as diferen\u00e7as culturais, revelando sua responsabilidade nos contextos social e t\u00e9cnico, bem como capaz de compreender a si e ao outro, aberto e com capacidade de escuta. Norteado pelas duas \u00eanfases em Psicologia e Processos Educativos, Psicologia e Processos Cl\u00ednicos e da Sa\u00fade, o Curso de Psicologia desta IES forma seu profissional egresso para reunir conhecimentos a fim de atuar em diversos contextos da sociedade. No gr\u00e1fico a seguir encontram-se os eixos tem\u00e1ticos, nos quais as compet\u00eancias e habilidades desejadas no egresso s\u00e3o desenvolvidas.<\/p>\n<p>&nbsp;<\/p>\n<p><iframe loading=\"lazy\" title=\"PSICOLOGIA SL 2020\" width=\"500\" height=\"281\" src=\"https:\/\/www.youtube.com\/embed\/QyAiGaFySUM?feature=oembed\" frameborder=\"0\" allow=\"accelerometer; autoplay; clipboard-write; encrypted-media; gyroscope; picture-in-picture; web-share\" referrerpolicy=\"strict-origin-when-cross-origin\" allowfullscreen><\/iframe><\/p>\n<p>&nbsp;<\/p>\n<p>&nbsp;<\/p>\n","protected":false},"excerpt":{"rendered":"<p>O Curso de Gradua\u00e7\u00e3o em Psicologia do\u00a0Centro Universit\u00e1rio S\u00e3o Louren\u00e7o, pretende que o psic\u00f3logo formado nesta institui\u00e7\u00e3o seja um profissional generalista, sem perder de vista as especializa\u00e7\u00f5es necess\u00e1rias a seu campo de trabalho. Profissional com capacidade de utilizar de forma eficiente as teorias, m\u00e9todos e instrumentos da Psicologia. Sendo assim,<\/p>\n","protected":false},"author":1,"featured_media":0,"parent":0,"menu_order":0,"comment_status":"closed","ping_status":"closed","template":"templates\/template-curso_menu_vertical.php","meta":{"footnotes":""},"categories":[],"tags":[],"class_list":["post-533","page","type-page","status-publish","hentry"],"_links":{"self":[{"href":"https:\/\/portal.unisepe.com.br\/saolourenco\/wp-json\/wp\/v2\/pages\/533","targetHints":{"allow":["GET"]}}],"collection":[{"href":"https:\/\/portal.unisepe.com.br\/saolourenco\/wp-json\/wp\/v2\/pages"}],"about":[{"href":"https:\/\/portal.unisepe.com.br\/saolourenco\/wp-json\/wp\/v2\/types\/page"}],"author":[{"embeddable":true,"href":"https:\/\/portal.unisepe.com.br\/saolourenco\/wp-json\/wp\/v2\/users\/1"}],"replies":[{"embeddable":true,"href":"https:\/\/portal.unisepe.com.br\/saolourenco\/wp-json\/wp\/v2\/comments?post=533"}],"version-history":[{"count":5,"href":"https:\/\/portal.unisepe.com.br\/saolourenco\/wp-json\/wp\/v2\/pages\/533\/revisions"}],"predecessor-version":[{"id":6830,"href":"https:\/\/portal.unisepe.com.br\/saolourenco\/wp-json\/wp\/v2\/pages\/533\/revisions\/6830"}],"wp:attachment":[{"href":"https:\/\/portal.unisepe.com.br\/saolourenco\/wp-json\/wp\/v2\/media?parent=533"}],"wp:term":[{"taxonomy":"category","embeddable":true,"href":"https:\/\/portal.unisepe.com.br\/saolourenco\/wp-json\/wp\/v2\/categories?post=533"},{"taxonomy":"post_tag","embeddable":true,"href":"https:\/\/portal.unisepe.com.br\/saolourenco\/wp-json\/wp\/v2\/tags?post=533"}],"curies":[{"name":"wp","href":"https:\/\/api.w.org\/{rel}","templated":true}]}}