{"id":5420,"date":"2022-05-10T20:39:42","date_gmt":"2022-05-10T23:39:42","guid":{"rendered":"https:\/\/portal.unisepe.com.br\/saolourenco\/?page_id=5420"},"modified":"2025-10-23T16:15:43","modified_gmt":"2025-10-23T19:15:43","slug":"repositorio-2","status":"publish","type":"page","link":"https:\/\/portal.unisepe.com.br\/saolourenco\/biblioteca\/repositorio-2\/","title":{"rendered":"Reposit\u00f3rios"},"content":{"rendered":"<p><strong>REPOSIT\u00d3RIO INSTITUCIONAL DO <span data-teams=\"true\">CENTRO UNIVERSIT\u00c1RIO <\/span>DE S\u00c3O LOUREN\u00c7O<\/strong><\/p>\n<hr \/>\n<p>&nbsp;<\/p>\n<p><strong>Reposit\u00f3rio dos cursos<\/strong><\/p>\n<hr \/>\n<p>O Reposit\u00f3rio Institucional (RI) do <span data-teams=\"true\">Centro Universit\u00e1rio <\/span>de S\u00e3o Louren\u00e7o (UniSL) tem como miss\u00e3o: armazenar, preservar, divulgar e oferecer acesso \u00e0 produ\u00e7\u00e3o cient\u00edfica e institucional da UniSL tem por objetivo disseminar e possibilitar o acesso aberto, \u00e0 produ\u00e7\u00e3o cient\u00edfica, acad\u00eamica, art\u00edstica, t\u00e9cnica e administrativa do <span data-teams=\"true\">Centro Universit\u00e1rio<\/span>.<br \/>\n\u00c9 um conjunto de servi\u00e7os oferecidos pela Biblioteca do <span data-teams=\"true\">Centro Universit\u00e1rio <\/span>de S\u00e3o Louren\u00e7o para a gest\u00e3o e dissemina\u00e7\u00e3o da produ\u00e7\u00e3o cient\u00edfica do <span data-teams=\"true\">Centro Universit\u00e1rio <\/span>de S\u00e3o Louren\u00e7o, em conjunto com a coordena\u00e7\u00e3o do curso e o Setor de Tecnologia da Informa\u00e7\u00e3o que fica disponibilizada na p\u00e1gina da Biblioteca no site do <span data-teams=\"true\">Centro Universit\u00e1rio <\/span>de S\u00e3o Louren\u00e7o.<\/p>\n<h3 style=\"text-align: center;\"><strong>CURSOS:<\/strong><\/h3>\n<p><span style=\"color: #3366ff;\"><strong><a href=\"https:\/\/portal.unisepe.com.br\/saolourenco\/biblioteca\/repositorio-2\/direito\/\" style=\"color: #3366ff;\">Direito<\/a><\/strong><\/span><\/p>\n<p><span style=\"color: #3366ff;\"><strong><a href=\"https:\/\/portal.unisepe.com.br\/saolourenco\/biblioteca\/repositorio-2\/psicologia\/\" style=\"color: #3366ff;\">Psicologia\u00a0<\/a><\/strong><\/span><\/p>\n<p><span style=\"color: #3366ff;\"><a href=\"https:\/\/portal.unisepe.com.br\/saolourenco\/biblioteca\/repositorio-2\/nutricao\/\" style=\"color: #3366ff;\"><strong>Nutri\u00e7\u00e3o<\/strong><\/a><\/span><\/p>\n","protected":false},"excerpt":{"rendered":"<p>REPOSIT\u00d3RIO INSTITUCIONAL DO CENTRO UNIVERSIT\u00c1RIO DE S\u00c3O LOUREN\u00c7O &nbsp; Reposit\u00f3rio dos cursos O Reposit\u00f3rio Institucional (RI) do Centro Universit\u00e1rio de S\u00e3o Louren\u00e7o (UniSL) tem como miss\u00e3o: armazenar, preservar, divulgar e oferecer acesso \u00e0 produ\u00e7\u00e3o cient\u00edfica e institucional da UniSL tem por objetivo disseminar e possibilitar o acesso aberto, \u00e0 produ\u00e7\u00e3o<\/p>\n","protected":false},"author":4,"featured_media":0,"parent":285,"menu_order":0,"comment_status":"closed","ping_status":"closed","template":"templates\/template-pagina_menu_vertical.php","meta":{"footnotes":""},"categories":[],"tags":[],"class_list":["post-5420","page","type-page","status-publish","hentry"],"_links":{"self":[{"href":"https:\/\/portal.unisepe.com.br\/saolourenco\/wp-json\/wp\/v2\/pages\/5420","targetHints":{"allow":["GET"]}}],"collection":[{"href":"https:\/\/portal.unisepe.com.br\/saolourenco\/wp-json\/wp\/v2\/pages"}],"about":[{"href":"https:\/\/portal.unisepe.com.br\/saolourenco\/wp-json\/wp\/v2\/types\/page"}],"author":[{"embeddable":true,"href":"https:\/\/portal.unisepe.com.br\/saolourenco\/wp-json\/wp\/v2\/users\/4"}],"replies":[{"embeddable":true,"href":"https:\/\/portal.unisepe.com.br\/saolourenco\/wp-json\/wp\/v2\/comments?post=5420"}],"version-history":[{"count":11,"href":"https:\/\/portal.unisepe.com.br\/saolourenco\/wp-json\/wp\/v2\/pages\/5420\/revisions"}],"predecessor-version":[{"id":6793,"href":"https:\/\/portal.unisepe.com.br\/saolourenco\/wp-json\/wp\/v2\/pages\/5420\/revisions\/6793"}],"up":[{"embeddable":true,"href":"https:\/\/portal.unisepe.com.br\/saolourenco\/wp-json\/wp\/v2\/pages\/285"}],"wp:attachment":[{"href":"https:\/\/portal.unisepe.com.br\/saolourenco\/wp-json\/wp\/v2\/media?parent=5420"}],"wp:term":[{"taxonomy":"category","embeddable":true,"href":"https:\/\/portal.unisepe.com.br\/saolourenco\/wp-json\/wp\/v2\/categories?post=5420"},{"taxonomy":"post_tag","embeddable":true,"href":"https:\/\/portal.unisepe.com.br\/saolourenco\/wp-json\/wp\/v2\/tags?post=5420"}],"curies":[{"name":"wp","href":"https:\/\/api.w.org\/{rel}","templated":true}]}}