{"id":5474,"date":"2022-05-10T21:33:43","date_gmt":"2022-05-11T00:33:43","guid":{"rendered":"https:\/\/portal.unisepe.com.br\/saolourenco\/?page_id=5474"},"modified":"2023-03-31T14:36:01","modified_gmt":"2023-03-31T17:36:01","slug":"2021-2","status":"publish","type":"page","link":"https:\/\/portal.unisepe.com.br\/saolourenco\/biblioteca\/repositorio-2\/direito\/2021-2\/","title":{"rendered":"2021"},"content":{"rendered":"<p><a href=\"https:\/\/portal.unisepe.com.br\/saolourenco\/wp-content\/uploads\/sites\/10005\/2022\/05\/ADO\u00c7\u00c3O-POR-CASAIS-HOMOAFETIVOS-E-PESSOAS-TRANS-NO-YAN-REZENDE.pdf\">ADO\u00c7\u00c3O POR CASAIS HOMOAFETIVOS E PESSOAS TRANS NO &#8211; YAN REZENDE<\/a><a href=\"https:\/\/portal.unisepe.com.br\/saolourenco\/wp-content\/uploads\/sites\/10005\/2022\/05\/BEM-IM\u00d3VEL-EM-GARANTIA-DE-ALIENA\u00c7\u00c3O-FIDUCI\u00c1RIA-O-LIT\u00cdGIO-EM-FASE-DE-LEIL\u00c3O-SOB-A-TEORIA-DA-AN\u00c1LISE-ECON\u00d4MICA-DO-DIREITO-1.pdf\">BEM IM\u00d3VEL EM GARANTIA DE ALIENA\u00c7\u00c3O FIDUCI\u00c1RIA &#8211; O LIT\u00cdGIO EM FASE DE LEIL\u00c3O SOB A TEORIA DA AN\u00c1LISE ECON\u00d4MICA DO DIREITO &#8211; ADRIANA PACHECO MARQUES DOS SANTOS <\/a><\/p>\n<p><a href=\"https:\/\/portal.unisepe.com.br\/saolourenco\/wp-content\/uploads\/sites\/10005\/2022\/05\/An\u00e1lise-dos-Bens-Digitais-frente-ao-Direito-Sucess\u00f3rio-Brasileiro-Alicia-Maria-Mesquita-Dantas.pdf\">AN\u00c1LISE DOS BENS DIGITAIS FRENTE AO DIREITO SUCESS\u00d3RIO BRASILEIRO &#8211; ALICIA MARIA MESQUITA DANTAS<\/a><\/p>\n<p><a href=\"https:\/\/portal.unisepe.com.br\/saolourenco\/wp-content\/uploads\/sites\/10005\/2022\/05\/A-impenhorabilidade-salarial-ANDRESSA-COLI.pdf\">A (IM)PENHORABILIDADE SALARIAL &#8211; ANDRESSA COLI<\/a><\/p>\n<p><a href=\"https:\/\/portal.unisepe.com.br\/saolourenco\/wp-content\/uploads\/sites\/10005\/2022\/05\/FOR\u00c7A-MAIOR-NO-DIREITO-DO-TRABALHO-\u00c0-LUZ-DA-MEDIDA-Carolina-Cotta-Simoes.pdf\">FOR\u00c7A MAIOR NO DIREITO DO TRABALHO \u00c0 LUZ DA MEDIDA &#8211; CAROLINA COTTA SIMOES<\/a><\/p>\n<p><a href=\"https:\/\/portal.unisepe.com.br\/saolourenco\/wp-content\/uploads\/sites\/10005\/2022\/05\/A-CONTRIBUI\u00c7\u00c3O-DO-PROCESSO-ELETR\u00d4NICO-PARA-A-EFETIVIDADE-DO-PRINC\u00cdPIO-DA-INAFASTABILIDADE-DA-JUSRISDI\u00c7\u00c3O-CATHARINA-PEREIRA-CARNEIRO.pdf\">A CONTRIBUI\u00c7\u00c3O DO PROCESSO ELETR\u00d4NICO PARA A EFETIVIDADE DO PRINC\u00cdPIO DA INAFASTABILIDADE DA JUSRISDI\u00c7\u00c3O &#8211; CATHARINA PEREIRA CARNEIRO<\/a><\/p>\n<p><a href=\"https:\/\/portal.unisepe.com.br\/saolourenco\/wp-content\/uploads\/sites\/10005\/2022\/05\/O-TRATAMENTO-DISPENSADO-\u00c0-EMBRIAGUEZ-PELO-DIREITO-PENAL-BRASILEIRO-C\u00c9SAR-AUGUSTO-MONTEIRO-RIBEIRO.pdf\">O TRATAMENTO DISPENSADO \u00c0 EMBRIAGUEZ PELO DIREITO PENAL BRASILEIRO &#8211; C\u00c9SAR AUGUSTO MONTEIRO RIBEIRO<\/a><\/p>\n<p><a href=\"https:\/\/portal.unisepe.com.br\/saolourenco\/wp-content\/uploads\/sites\/10005\/2022\/05\/O-AGENTE-POLICAL-DISFAR\u00c7ADO-DIEGO-NOGUEIRA.pdf\">O AGENTE POLICAL DISFAR\u00c7ADO &#8211; DIEGO NOGUEIRA<\/a><\/p>\n<p><a href=\"https:\/\/portal.unisepe.com.br\/saolourenco\/wp-content\/uploads\/sites\/10005\/2022\/05\/O-HABEAS-CORPUS-N\u00ba-596.603-E-A-HEDIONDEZ-DO-TR\u00c1FICO-ELISSANDRO-JULIO.pdf\">O HABEAS CORPUS N\u00ba 596.603 E A HEDIONDEZ DO TR\u00c1FICO &#8211; ELISSANDRO JULIO<\/a><\/p>\n<p><a href=\"https:\/\/portal.unisepe.com.br\/saolourenco\/wp-content\/uploads\/sites\/10005\/2022\/05\/A-INEFIC\u00c1CIA-DA-PRETENS\u00c3O-PUNITIVA-DO-ESTADO-NO-COMBATE-AOS-ELIZANDRA-SILVA.pdf\">A INEFIC\u00c1CIA DA PRETENS\u00c3O PUNITIVA DO ESTADO NO COMBATE AOS &#8211; ELIZANDRA SILVA<\/a><\/p>\n<p><a href=\"https:\/\/portal.unisepe.com.br\/saolourenco\/wp-content\/uploads\/sites\/10005\/2022\/05\/JUDICIALIZA\u00c7\u00c3O-VERSUS-ATIVISMO-JUDICIAL-E-A-ATUA\u00c7\u00c3O-DO-JUDICI\u00c1RIO-NO-\u00c2MBITO-DAS-POL\u00cdTICAS-P\u00daBLICAS-ATIVISTA-OU-GARANTIDOR-RAFAELA-MARQUES.pdf\">JUDICIALIZA\u00c7\u00c3O VERSUS ATIVISMO JUDICIAL E A ATUA\u00c7\u00c3O DO JUDICI\u00c1RIO NO \u00c2MBITO DAS POL\u00cdTICAS P\u00daBLICAS ATIVISTA OU GARANTIDOR &#8211; RAFAELA MARQUES<\/a><\/p>\n<p><a href=\"https:\/\/portal.unisepe.com.br\/saolourenco\/wp-content\/uploads\/sites\/10005\/2022\/05\/RACISMO-NO-BRASIL-UMA-AN\u00c1LISE-DO-PRECONCEITO-RUTHE-APARECIDA.pdf\">RACISMO NO BRASIL UMA AN\u00c1LISE DO PRECONCEITO &#8211; RUTHE APARECIDA<\/a><\/p>\n<p><a href=\"https:\/\/portal.unisepe.com.br\/saolourenco\/wp-content\/uploads\/sites\/10005\/2022\/05\/UM-ENFOQUE-CONSTITUCIONALISTA-SOBRE-A-SEPARA\u00c7\u00c3O-SALOM\u00c3O-CAMPINA.pdf\">UM ENFOQUE CONSTITUCIONALISTA SOBRE A SEPARA\u00c7\u00c3O -SALOM\u00c3O CAMPINA<\/a><\/p>\n<p><a href=\"https:\/\/portal.unisepe.com.br\/saolourenco\/wp-content\/uploads\/sites\/10005\/2022\/05\/VIOL\u00caNCIA-DE-G\u00caNERO-REFLEXOS-DA-PANDEMIA-DO-COVID-19-THAIS-PALMA-SILVA.pdf\">VIOL\u00caNCIA DE G\u00caNERO REFLEXOS DA PANDEMIA DO COVID-19 &#8211; THAIS PALMA SILVA<\/a><\/p>\n<p><a href=\"https:\/\/portal.unisepe.com.br\/saolourenco\/wp-content\/uploads\/sites\/10005\/2022\/05\/A-DIAL\u00c9TICA-MATERIAL-DOS-CRIMES-CIBERN\u00c9TICOS-FACE-\u00c0-VANDERLEI-SANTANNA.pdf\">A DIAL\u00c9TICA MATERIAL DOS CRIMES CIBERN\u00c9TICOS, FACE \u00c0 &#8211; VANDERLEI SANT&#8217;ANNA<\/a><\/p>\n","protected":false},"excerpt":{"rendered":"<p>ADO\u00c7\u00c3O POR CASAIS HOMOAFETIVOS E PESSOAS TRANS NO &#8211; YAN REZENDEBEM IM\u00d3VEL EM GARANTIA DE ALIENA\u00c7\u00c3O FIDUCI\u00c1RIA &#8211; O LIT\u00cdGIO EM FASE DE LEIL\u00c3O SOB A TEORIA DA AN\u00c1LISE ECON\u00d4MICA DO DIREITO &#8211; ADRIANA PACHECO MARQUES DOS SANTOS AN\u00c1LISE DOS BENS DIGITAIS FRENTE AO DIREITO SUCESS\u00d3RIO BRASILEIRO &#8211; ALICIA MARIA<\/p>\n","protected":false},"author":4,"featured_media":0,"parent":5472,"menu_order":0,"comment_status":"closed","ping_status":"closed","template":"templates\/template-pagina_menu_vertical.php","meta":{"footnotes":""},"categories":[],"tags":[],"class_list":["post-5474","page","type-page","status-publish","hentry"],"_links":{"self":[{"href":"https:\/\/portal.unisepe.com.br\/saolourenco\/wp-json\/wp\/v2\/pages\/5474","targetHints":{"allow":["GET"]}}],"collection":[{"href":"https:\/\/portal.unisepe.com.br\/saolourenco\/wp-json\/wp\/v2\/pages"}],"about":[{"href":"https:\/\/portal.unisepe.com.br\/saolourenco\/wp-json\/wp\/v2\/types\/page"}],"author":[{"embeddable":true,"href":"https:\/\/portal.unisepe.com.br\/saolourenco\/wp-json\/wp\/v2\/users\/4"}],"replies":[{"embeddable":true,"href":"https:\/\/portal.unisepe.com.br\/saolourenco\/wp-json\/wp\/v2\/comments?post=5474"}],"version-history":[{"count":5,"href":"https:\/\/portal.unisepe.com.br\/saolourenco\/wp-json\/wp\/v2\/pages\/5474\/revisions"}],"predecessor-version":[{"id":5499,"href":"https:\/\/portal.unisepe.com.br\/saolourenco\/wp-json\/wp\/v2\/pages\/5474\/revisions\/5499"}],"up":[{"embeddable":true,"href":"https:\/\/portal.unisepe.com.br\/saolourenco\/wp-json\/wp\/v2\/pages\/5472"}],"wp:attachment":[{"href":"https:\/\/portal.unisepe.com.br\/saolourenco\/wp-json\/wp\/v2\/media?parent=5474"}],"wp:term":[{"taxonomy":"category","embeddable":true,"href":"https:\/\/portal.unisepe.com.br\/saolourenco\/wp-json\/wp\/v2\/categories?post=5474"},{"taxonomy":"post_tag","embeddable":true,"href":"https:\/\/portal.unisepe.com.br\/saolourenco\/wp-json\/wp\/v2\/tags?post=5474"}],"curies":[{"name":"wp","href":"https:\/\/api.w.org\/{rel}","templated":true}]}}