{"id":5502,"date":"2022-05-10T23:09:06","date_gmt":"2022-05-11T02:09:06","guid":{"rendered":"https:\/\/portal.unisepe.com.br\/saolourenco\/?page_id=5502"},"modified":"2023-03-31T14:40:59","modified_gmt":"2023-03-31T17:40:59","slug":"2020-2","status":"publish","type":"page","link":"https:\/\/portal.unisepe.com.br\/saolourenco\/biblioteca\/repositorio-2\/direito\/2020-2\/","title":{"rendered":"2020"},"content":{"rendered":"<p><a href=\"https:\/\/portal.unisepe.com.br\/saolourenco\/wp-content\/uploads\/sites\/10005\/2022\/05\/ADO\u00c7\u00c3O-UNILATERAL-A-PRIVA\u00c7\u00c3O-DO-CONV\u00cdVIO-DO-ADOTADO-ALCINA-MARIA.pdf\">ADO\u00c7\u00c3O UNILATERAL A PRIVA\u00c7\u00c3O DO CONV\u00cdVIO DO ADOTADO &#8211; ALCINA MARIA<\/a><\/p>\n<p><a href=\"https:\/\/portal.unisepe.com.br\/saolourenco\/wp-content\/uploads\/sites\/10005\/2022\/05\/OS-PROBLEMAS-NA-APLICA\u00c7\u00c3O-DAS-MEDIDAS-DE-SEGURAN\u00c7A-E-OS-ALEXANDRE-MOTA.pdf\">OS PROBLEMAS NA APLICA\u00c7\u00c3O DAS MEDIDAS DE SEGURAN\u00c7A E OS &#8211; ALEXANDRE MOTA<\/a><\/p>\n<p><a href=\"https:\/\/portal.unisepe.com.br\/saolourenco\/wp-content\/uploads\/sites\/10005\/2022\/05\/DIREITO-SUCESS\u00d3RIO-A-ORDEM-DE-VOCA\u00c7\u00c3O-HEREDIT\u00c1RIA-E-AMABILE-CARVALHO-COLI.pdf\">DIREITO SUCESS\u00d3RIO A ORDEM DE VOCA\u00c7\u00c3O HEREDIT\u00c1RIA E &#8211; AMABILE CARVALHO COLI<\/a><\/p>\n<p><a href=\"https:\/\/portal.unisepe.com.br\/saolourenco\/wp-content\/uploads\/sites\/10005\/2022\/05\/DA-DESCONSIDERA\u00c7\u00c3O-DA-PERSONALIDADE-JUR\u00cdDICA-NO-BIANCA-ANDRADE.pdf\">DA DESCONSIDERA\u00c7\u00c3O DA PERSONALIDADE JUR\u00cdDICA NO &#8211; BIANCA ANDRADE<\/a><\/p>\n<p><a href=\"https:\/\/portal.unisepe.com.br\/saolourenco\/wp-content\/uploads\/sites\/10005\/2022\/05\/AN\u00c1LISE-DAS-IMPLICA\u00c7\u00d5ES-TRIBUT\u00c1RIAS-DAS-TRANSA\u00c7\u00d5ES-REALIZADAS-CARLOS-HENRIQUE-DA-SILVA.pdf\">AN\u00c1LISE DAS IMPLICA\u00c7\u00d5ES TRIBUT\u00c1RIAS DAS TRANSA\u00c7\u00d5ES REALIZADAS &#8211; CARLOS HENRIQUE DA SILVA<\/a><\/p>\n<p><a href=\"https:\/\/portal.unisepe.com.br\/saolourenco\/wp-content\/uploads\/sites\/10005\/2022\/05\/A-RESPONSABILIDADE-CIVIL-DO-ESTADO-NA-HIP\u00d3TESE-DE-DEISY-ARAUJO.pdf\">A RESPONSABILIDADE CIVIL DO ESTADO NA HIP\u00d3TESE DE -DEISY ARAUJO<\/a><\/p>\n<p><a href=\"https:\/\/portal.unisepe.com.br\/saolourenco\/wp-content\/uploads\/sites\/10005\/2022\/05\/IN-CONSTITUCIONALIDADE-DA-INSTAURA\u00c7\u00c3O-DE-INQU\u00c9RITO-Douglas-de-Paiva-Rom\u00e3o.pdf\">(IN) CONSTITUCIONALIDADE DA INSTAURA\u00c7\u00c3O DE INQU\u00c9RITO- DOUGLAS DE PAIVA ROM\u00c3O<\/a><\/p>\n<p><a href=\"https:\/\/portal.unisepe.com.br\/saolourenco\/wp-content\/uploads\/sites\/10005\/2022\/05\/TRABALHO-INFANTIL-COMO-FEN\u00d4MENO-DE-POBREZA-EVALDO-DE-LIMA.pdf\">TRABALHO INFANTIL COMO FEN\u00d4MENO DE POBREZA &#8211; EVALDO DE LIMA<\/a><\/p>\n<p><a href=\"https:\/\/portal.unisepe.com.br\/saolourenco\/wp-content\/uploads\/sites\/10005\/2022\/05\/JUDICIALIZA\u00c7\u00c3O-DA-SA\u00daDE-P\u00daBLICA-NO-STJ-O-FERNANDA-BONJORNI.pdf\">JUDICIALIZA\u00c7\u00c3O DA SA\u00daDE P\u00daBLICA NO STJ O &#8211; FERNANDA BONJORNI<\/a><\/p>\n<p><a href=\"https:\/\/portal.unisepe.com.br\/saolourenco\/wp-content\/uploads\/sites\/10005\/2022\/05\/RESSOCIALIZA\u00c7\u00c3O-NO-SISTEMA-PRISIONAL-GABRIEL-LUCAS-LA-TERZA.pdf\">RESSOCIALIZA\u00c7\u00c3O NO SISTEMA PRISIONAL &#8211; GABRIEL LUCAS LA TERZA<\/a><\/p>\n<p><a href=\"https:\/\/portal.unisepe.com.br\/saolourenco\/wp-content\/uploads\/sites\/10005\/2022\/05\/A-EFIC\u00c1CIA-DA-APLICABILIDADE-DO-ACORDO-DE-N\u00c3O-GABRIELLA-VARELA.pdf\">A EFIC\u00c1CIA DA APLICABILIDADE DO ACORDO DE N\u00c3O &#8211; GABRIELLA VARELA<\/a><\/p>\n<p><a href=\"https:\/\/portal.unisepe.com.br\/saolourenco\/wp-content\/uploads\/sites\/10005\/2022\/05\/CONFISCO-ALARGADO-DE-BENS-E-GILBERTO-ROCHA.pdf\">CONFISCO ALARGADO DE BENS E &#8211; GILBERTO ROCHA<\/a><\/p>\n<p><a href=\"https:\/\/portal.unisepe.com.br\/saolourenco\/wp-content\/uploads\/sites\/10005\/2022\/05\/DE-NUREMBERG-AO-TRIBUNAL-PENAL-INTERNACIONAL-AFINAL-GUILHERME-LEITE.pdf\">DE NUREMBERG AO TRIBUNAL PENAL INTERNACIONAL AFINAL &#8211; GUILHERME LEITE<\/a><\/p>\n<p><a href=\"https:\/\/portal.unisepe.com.br\/saolourenco\/wp-content\/uploads\/sites\/10005\/2022\/05\/CONCILIA\u00c7\u00c3O-E-MEDIA\u00c7\u00c3O-COMO-EFETIVADORAS-DE-IGOR-DIAS.pdf\">CONCILIA\u00c7\u00c3O E MEDIA\u00c7\u00c3O COMO EFETIVADORAS DE &#8211; IGOR DIAS<\/a><\/p>\n<p><a href=\"https:\/\/portal.unisepe.com.br\/saolourenco\/wp-content\/uploads\/sites\/10005\/2022\/05\/DIREITO-DE-REPRESENTA\u00c7\u00c3O-A-DESCONSIDERA\u00c7\u00c3O-DAS-RELA\u00c7\u00d5ES-KALEB-HENRIQUE.pdf\">DIREITO DE REPRESENTA\u00c7\u00c3O A DESCONSIDERA\u00c7\u00c3O DAS RELA\u00c7\u00d5ES &#8211; KALEB HENRIQUE<\/a><\/p>\n<p><a href=\"https:\/\/portal.unisepe.com.br\/saolourenco\/wp-content\/uploads\/sites\/10005\/2022\/05\/O-PRINC\u00cdPIO-DA-EFETIVIDADE-COMO-DIREITO-FUNDAMENTAL-NOS-PAULA-RENATA-RIBEIRO.pdf\">O PRINC\u00cdPIO DA EFETIVIDADE COMO DIREITO FUNDAMENTAL NOS &#8211; PAULA RENATA RIBEIRO<\/a><\/p>\n","protected":false},"excerpt":{"rendered":"<p>ADO\u00c7\u00c3O UNILATERAL A PRIVA\u00c7\u00c3O DO CONV\u00cdVIO DO ADOTADO &#8211; ALCINA MARIA OS PROBLEMAS NA APLICA\u00c7\u00c3O DAS MEDIDAS DE SEGURAN\u00c7A E OS &#8211; ALEXANDRE MOTA DIREITO SUCESS\u00d3RIO A ORDEM DE VOCA\u00c7\u00c3O HEREDIT\u00c1RIA E &#8211; AMABILE CARVALHO COLI DA DESCONSIDERA\u00c7\u00c3O DA PERSONALIDADE JUR\u00cdDICA NO &#8211; BIANCA ANDRADE AN\u00c1LISE DAS IMPLICA\u00c7\u00d5ES TRIBUT\u00c1RIAS DAS<\/p>\n","protected":false},"author":4,"featured_media":0,"parent":5472,"menu_order":0,"comment_status":"closed","ping_status":"closed","template":"templates\/template-pagina_menu_vertical.php","meta":{"footnotes":""},"categories":[],"tags":[],"class_list":["post-5502","page","type-page","status-publish","hentry"],"_links":{"self":[{"href":"https:\/\/portal.unisepe.com.br\/saolourenco\/wp-json\/wp\/v2\/pages\/5502","targetHints":{"allow":["GET"]}}],"collection":[{"href":"https:\/\/portal.unisepe.com.br\/saolourenco\/wp-json\/wp\/v2\/pages"}],"about":[{"href":"https:\/\/portal.unisepe.com.br\/saolourenco\/wp-json\/wp\/v2\/types\/page"}],"author":[{"embeddable":true,"href":"https:\/\/portal.unisepe.com.br\/saolourenco\/wp-json\/wp\/v2\/users\/4"}],"replies":[{"embeddable":true,"href":"https:\/\/portal.unisepe.com.br\/saolourenco\/wp-json\/wp\/v2\/comments?post=5502"}],"version-history":[{"count":3,"href":"https:\/\/portal.unisepe.com.br\/saolourenco\/wp-json\/wp\/v2\/pages\/5502\/revisions"}],"predecessor-version":[{"id":5524,"href":"https:\/\/portal.unisepe.com.br\/saolourenco\/wp-json\/wp\/v2\/pages\/5502\/revisions\/5524"}],"up":[{"embeddable":true,"href":"https:\/\/portal.unisepe.com.br\/saolourenco\/wp-json\/wp\/v2\/pages\/5472"}],"wp:attachment":[{"href":"https:\/\/portal.unisepe.com.br\/saolourenco\/wp-json\/wp\/v2\/media?parent=5502"}],"wp:term":[{"taxonomy":"category","embeddable":true,"href":"https:\/\/portal.unisepe.com.br\/saolourenco\/wp-json\/wp\/v2\/categories?post=5502"},{"taxonomy":"post_tag","embeddable":true,"href":"https:\/\/portal.unisepe.com.br\/saolourenco\/wp-json\/wp\/v2\/tags?post=5502"}],"curies":[{"name":"wp","href":"https:\/\/api.w.org\/{rel}","templated":true}]}}