{"id":5602,"date":"2022-06-08T16:50:49","date_gmt":"2022-06-08T19:50:49","guid":{"rendered":"https:\/\/portal.unisepe.com.br\/saolourenco\/?page_id=5602"},"modified":"2023-05-18T13:17:01","modified_gmt":"2023-05-18T16:17:01","slug":"2022-2","status":"publish","type":"page","link":"https:\/\/portal.unisepe.com.br\/saolourenco\/biblioteca\/repositorio-2\/psicologia\/2022-2\/","title":{"rendered":"2021"},"content":{"rendered":"<p style=\"text-align: center\"><strong><a href=\"https:\/\/portal.unisepe.com.br\/saolourenco\/wp-content\/uploads\/sites\/10005\/2022\/06\/Ana-Carolina-Silva.pdf\" target=\"_blank\" rel=\"noopener noreferrer\">O AUTISMO E AS RELA\u00c7\u00d5ES FAMILIARES: A ATEN\u00c7\u00c3O PSICOL\u00d3GICA DIANTE DO DIAGN\u00d3STICO<br \/>\nANA CAROLINA GALHARDO DA SILVA<\/a><\/strong><\/p>\n<hr \/>\n<p style=\"text-align: center\"><strong> <a href=\"https:\/\/portal.unisepe.com.br\/saolourenco\/wp-content\/uploads\/sites\/10005\/2022\/06\/Ca\u00edque-Oliveira.pdf\" target=\"_blank\" rel=\"noopener noreferrer\">REVIS\u00c3O BIBLIOGR\u00c1FICA SOBRE O PROCEDIMENTO DE DEPOIMENTO ESPECIAL: PERSPECTIVA HIST\u00d3RICA E DESAFIOS ATUAIS<br \/>\nCA\u00cdQUE DOS SANTOS OLIVEIRA<\/a><\/strong><\/p>\n<hr \/>\n<p style=\"text-align: center\"><strong><a href=\"https:\/\/portal.unisepe.com.br\/saolourenco\/wp-content\/uploads\/sites\/10005\/2022\/06\/Camila-Oliveira-REPRESENTA\u00c7\u00d5ES-SOCIAIS-DO-FEMINISMO.pdf\" target=\"_blank\" rel=\"noopener noreferrer\">REPRESENTA\u00c7\u00d5ES SOCIAIS DO FEMINISMO:<br \/>\nAS PERSPECTIVAS DE MULHERES ESTUDANTES DE PSICOLOGIA<br \/>\nCAMILA DE OLIVEIRA COSTA<\/a><\/strong><\/p>\n<hr \/>\n<p style=\"text-align: center\"><strong><a href=\"https:\/\/portal.unisepe.com.br\/saolourenco\/wp-content\/uploads\/sites\/10005\/2022\/06\/Cassio-Guimar\u00e3es-MINDFULNESS-E-ANSIEDADE.pdf\" target=\"_blank\" rel=\"noopener noreferrer\">MINDFULNESS E ANSIEDADE:<br \/>\nUMA REVIS\u00c3O NARRATIVA<br \/>\nCASSIO HENRIQUE SOUZA GUIMAR\u00c3ES<\/a><\/strong><\/p>\n<hr \/>\n<p style=\"text-align: center\"><strong><a href=\"https:\/\/portal.unisepe.com.br\/saolourenco\/wp-content\/uploads\/sites\/10005\/2022\/06\/Joceli-Chaves-FATORES-QUE-INFLUENCIAM-NO-SURGIMENTO-DE-SINTOMAS-DEPRESSVOS-NA-ADOLESC\u00caNCIA-UMA-REVIS\u00c3O-SISTEM\u00c1TICA-DA-LITERATURA.pdf\" target=\"_blank\" rel=\"noopener noreferrer\">FATORES QUE INFLUENCIAM NO SURGIMENTO DE SINTOMAS DEPRESSVOS NA ADOLESC\u00caNCIA: UMA REVIS\u00c3O SISTEM\u00c1TICA DA LITERATURA<br \/>\nJOCELI CORREA CHAVES<\/a><\/strong><\/p>\n<hr \/>\n<p style=\"text-align: center\"><strong><a href=\"https:\/\/portal.unisepe.com.br\/saolourenco\/wp-content\/uploads\/sites\/10005\/2022\/06\/Leonardo-Teixeira-PREJU\u00cdZOS-ASSOCIADOS-AO-USO-DE-M\u00cdDIAS-INTERATIVAS-NA-INF\u00c2NCIA-UMA-REVIS\u00c3O-SISTEM\u00c1TICA-DA-LITERATURA.pdf\" target=\"_blank\" rel=\"noopener noreferrer\">PREJU\u00cdZOS ASSOCIADOS AO USO DE M\u00cdDIAS INTERATIVAS NA INF\u00c2NCIA:<br \/>\nUMA REVIS\u00c3O SISTEM\u00c1TICA DA LITERATURA<br \/>\nLEONARDO HENRIQUE DE OLIVEIRA TEIXEIRA<\/a><\/strong><\/p>\n<hr \/>\n<p style=\"text-align: center\"><strong><a href=\"https:\/\/portal.unisepe.com.br\/saolourenco\/wp-content\/uploads\/sites\/10005\/2022\/06\/Matheus-Nascimento-IMPLICA\u00c7\u00d5ES-DO-DIAGN\u00d3STICO-TARDIO-DO-TRANSTORNO-DO-ESPECTRO-AUTISTA-TEA.pdf\" target=\"_blank\" rel=\"noopener noreferrer\">IMPLICA\u00c7\u00d5ES DO DIAGN\u00d3STICO TARDIO DO TRANSTORNO DO ESPECTRO AUTISTA (TEA): UMA AN\u00c1LISE QUALITATIVA DO DOCUMENT\u00c1RIO \u2018STIMADOS AUTISTAS\u2019<br \/>\nMATHEUS HAMILTON NASCIMENTO<\/a><\/strong><\/p>\n<hr \/>\n<p style=\"text-align: center\"><strong><a href=\"https:\/\/portal.unisepe.com.br\/saolourenco\/wp-content\/uploads\/sites\/10005\/2022\/06\/Patr\u00edcia-Santos-REPRESENTA\u00c7\u00d5ES-SOCIAIS-DAS-INSTITUI\u00c7\u00d5ES-DE-LONGA-PERMAN\u00caNCIA.pdf\" target=\"_blank\" rel=\"noopener noreferrer\">REPRESENTA\u00c7\u00d5ES SOCIAIS DAS INSTITUI\u00c7\u00d5ES DE LONGA PERMAN\u00caNCIA PARA FAMILIARES DE IDOSOS INSTITUCIONALIZADOS<br \/>\nPATR\u00cdCIA HELENA LINO SANTOS<\/a><\/strong><\/p>\n<hr \/>\n<p style=\"text-align: center\"><strong><a href=\"https:\/\/portal.unisepe.com.br\/saolourenco\/wp-content\/uploads\/sites\/10005\/2022\/06\/Rafael-Lopes-MINDFULNESS-NO-CONTEXTO-BRASILEIRO.pdf\" target=\"_blank\" rel=\"noopener noreferrer\">MINDFULNESS NO CONTEXTO BRASILEIRO: UMA REVIS\u00c3O SISTEM\u00c1TICA DA LITERATURA<br \/>\nRAFAEL LOPES BARBOSA<\/a><\/strong><\/p>\n<hr \/>\n<p style=\"text-align: center\"><strong><a href=\"https:\/\/portal.unisepe.com.br\/saolourenco\/wp-content\/uploads\/sites\/10005\/2022\/06\/Rafael-Silva-AS-CONTRIBUI\u00c7\u00d5ES-DA-PSICOLOGIA-HOSPITALAR-EM-CUIDADOS-PALIATIVOS..pdf\" target=\"_blank\" rel=\"noopener noreferrer\">AS CONTRIBUI\u00c7\u00d5ES DA PSICOLOGIA HOSPITALAR EM CUIDADOS PALIATIVOS<br \/>\nRAFAEL GON\u00c7ALVES DA SILVA<\/a><\/strong><\/p>\n<hr \/>\n<p style=\"text-align: center\"><strong><a href=\"https:\/\/portal.unisepe.com.br\/saolourenco\/wp-content\/uploads\/sites\/10005\/2022\/06\/Rhayssa-Esp\u00edrito-Santo-ATUA\u00c7\u00c3O-DOS-PSIC\u00d3LOGOS-NA-SA\u00daDE-P\u00daBLICA.pdf\" target=\"_blank\" rel=\"noopener noreferrer\">ATUA\u00c7\u00c3O DOS PSIC\u00d3LOGOS NA SA\u00daDE P\u00daBLICA: UMA AN\u00c1LISE QUALITATIVA<br \/>\nRHAYSSA APARECIDA RIBEIRO DO ESP\u00cdRITO SANTO<\/a><\/strong><\/p>\n<hr \/>\n<p style=\"text-align: center\"><strong><a href=\"https:\/\/portal.unisepe.com.br\/saolourenco\/wp-content\/uploads\/sites\/10005\/2022\/06\/Thayn\u00e1-Silva-O-CONTEXTO-DA-IMPLEMENTA\u00c7\u00c3O-DAS-COMPET\u00caNCIAS-SOCIOEMOCIONAIS-NA-EDUCA\u00c7\u00c3O-INFANTIL.pdf\" target=\"_blank\" rel=\"noopener noreferrer\">O CONTEXTO DA IMPLEMENTA\u00c7\u00c3O DAS COMPET\u00caNCIAS SOCIOEMOCIONAIS NA EDUCA\u00c7\u00c3O INFANTIL: UMA REVIS\u00c3O NARRATIVA<br \/>\nTHAYN\u00c1 ADRIA MARTINS DA SILVA<\/a><\/strong><\/p>\n<hr \/>\n<p style=\"text-align: center\"><strong><a href=\"https:\/\/portal.unisepe.com.br\/saolourenco\/wp-content\/uploads\/sites\/10005\/2022\/06\/Yasmin-Silveira-MIDIAS-SOCIAIS-E-SUA-RELACAO-COM-A-AUTOIMAGEM-ENTRE-AS-MULHERES-BRASILEIRAS-UMA-REVISAO-NARRATIVA.pdf\" target=\"_blank\" rel=\"noopener noreferrer\">M\u00cdDIAS SOCIAIS E SUA RELA\u00c7\u00c3O COM A AUTOIMAGEM ENTRE AS MULHERES BRASILEIRAS: UMA REVIS\u00c3O NARRATIVA<br \/>\nYASMIN ELIZEU SILVEIRA<\/a><\/strong><\/p>\n<hr \/>\n<p style=\"text-align: center\"><a href=\"https:\/\/portal.unisepe.com.br\/saolourenco\/wp-content\/uploads\/sites\/10005\/2022\/06\/Zenilde-Verpa-O-luto-e-feminic\u00eddio-no-document\u00e1rio-Elegia-de-um-crime-uma-an\u00e1lise-f\u00edlmica.pdf\" target=\"_blank\" rel=\"noopener noreferrer\"><strong>O LUTO E FEMINIC\u00cdDIO NO DOCUMENT\u00c1RIO &#8220;ELEGIA DE UM CRIME&#8221;:<br \/>\nUMA AN\u00c1LISE F\u00cdLMICA<br \/>\nZENILDE VERPA<\/strong><\/a><\/p>\n<hr \/>\n<p style=\"text-align: center\"><a href=\"https:\/\/portal.unisepe.com.br\/saolourenco\/wp-content\/uploads\/sites\/10005\/2022\/07\/Edmilson-Gon\u00e7alves-dos-Santos.pdf\" target=\"_blank\" rel=\"noopener noreferrer\"><strong>IMPLICA\u00c7\u00d5ES DO ESTIGMA SOCIAL NA VIDA DE PESSOAS QUE VIVEM COM HIV\/AIDS: UMA REVIS\u00c3O NARRATIVA<br \/>\nEDMILSON GON\u00c7ALVES DOS SANTOS<\/strong><\/a><\/p>\n<hr \/>\n<p style=\"text-align: center\"><strong><a href=\"https:\/\/portal.unisepe.com.br\/saolourenco\/wp-content\/uploads\/sites\/10005\/2023\/05\/IMPLICACOES_DO_ESTIGMA_SOCIAL_NA_VIDA_DE_PESSOAS_QUE_VIVEM_COM.pdf\" target=\"_blank\" rel=\"noopener noreferrer\">IMPLICA\u00c7\u00d5ES DO ESTIGMA SOCIAL NA VIDA DE PESSOAS QUE VIVEM COM HIV\/AIDS: UMA REVIS\u00c3O NARRATIVA<\/a><\/strong><\/p>\n<p>&nbsp;<\/p>\n<hr \/>\n<p style=\"text-align: center\"><strong><a href=\"https:\/\/portal.unisepe.com.br\/saolourenco\/wp-content\/uploads\/sites\/10005\/2023\/05\/MINDFULNESS-E-ANSIEDADE.pdf\" target=\"_blank\" rel=\"noopener noreferrer\">MINDFULNESS E ANSIEDADE<\/a><\/strong><\/p>\n<p>&nbsp;<\/p>\n","protected":false},"excerpt":{"rendered":"<p>O AUTISMO E AS RELA\u00c7\u00d5ES FAMILIARES: A ATEN\u00c7\u00c3O PSICOL\u00d3GICA DIANTE DO DIAGN\u00d3STICO ANA CAROLINA GALHARDO DA SILVA REVIS\u00c3O BIBLIOGR\u00c1FICA SOBRE O PROCEDIMENTO DE DEPOIMENTO ESPECIAL: PERSPECTIVA HIST\u00d3RICA E DESAFIOS ATUAIS CA\u00cdQUE DOS SANTOS OLIVEIRA REPRESENTA\u00c7\u00d5ES SOCIAIS DO FEMINISMO: AS PERSPECTIVAS DE MULHERES ESTUDANTES DE PSICOLOGIA CAMILA DE OLIVEIRA COSTA MINDFULNESS<\/p>\n","protected":false},"author":4,"featured_media":0,"parent":6204,"menu_order":0,"comment_status":"closed","ping_status":"closed","template":"templates\/template-pagina_menu_vertical.php","meta":{"footnotes":""},"categories":[],"tags":[],"class_list":["post-5602","page","type-page","status-publish","hentry"],"_links":{"self":[{"href":"https:\/\/portal.unisepe.com.br\/saolourenco\/wp-json\/wp\/v2\/pages\/5602","targetHints":{"allow":["GET"]}}],"collection":[{"href":"https:\/\/portal.unisepe.com.br\/saolourenco\/wp-json\/wp\/v2\/pages"}],"about":[{"href":"https:\/\/portal.unisepe.com.br\/saolourenco\/wp-json\/wp\/v2\/types\/page"}],"author":[{"embeddable":true,"href":"https:\/\/portal.unisepe.com.br\/saolourenco\/wp-json\/wp\/v2\/users\/4"}],"replies":[{"embeddable":true,"href":"https:\/\/portal.unisepe.com.br\/saolourenco\/wp-json\/wp\/v2\/comments?post=5602"}],"version-history":[{"count":20,"href":"https:\/\/portal.unisepe.com.br\/saolourenco\/wp-json\/wp\/v2\/pages\/5602\/revisions"}],"predecessor-version":[{"id":6329,"href":"https:\/\/portal.unisepe.com.br\/saolourenco\/wp-json\/wp\/v2\/pages\/5602\/revisions\/6329"}],"up":[{"embeddable":true,"href":"https:\/\/portal.unisepe.com.br\/saolourenco\/wp-json\/wp\/v2\/pages\/6204"}],"wp:attachment":[{"href":"https:\/\/portal.unisepe.com.br\/saolourenco\/wp-json\/wp\/v2\/media?parent=5602"}],"wp:term":[{"taxonomy":"category","embeddable":true,"href":"https:\/\/portal.unisepe.com.br\/saolourenco\/wp-json\/wp\/v2\/categories?post=5602"},{"taxonomy":"post_tag","embeddable":true,"href":"https:\/\/portal.unisepe.com.br\/saolourenco\/wp-json\/wp\/v2\/tags?post=5602"}],"curies":[{"name":"wp","href":"https:\/\/api.w.org\/{rel}","templated":true}]}}