{"id":5702,"date":"2022-08-26T17:21:03","date_gmt":"2022-08-26T20:21:03","guid":{"rendered":"https:\/\/portal.unisepe.com.br\/saolourenco\/?page_id=5702"},"modified":"2022-08-26T21:21:23","modified_gmt":"2022-08-27T00:21:23","slug":"documentos","status":"publish","type":"page","link":"https:\/\/portal.unisepe.com.br\/saolourenco\/cep\/documentos\/","title":{"rendered":"Documentos"},"content":{"rendered":"<ul>\n<li><strong><a href=\"https:\/\/portal.unisepe.com.br\/saolourenco\/wp-content\/uploads\/sites\/10005\/2022\/08\/Resolu\u00e7\u00e3o-CNS-510-16.pdf\" target=\"_blank\" rel=\"noopener noreferrer\">Resolu\u00e7\u00e3o CNS 510-16<\/a><\/strong><\/li>\n<li><a href=\"https:\/\/portal.unisepe.com.br\/saolourenco\/wp-content\/uploads\/sites\/10005\/2022\/08\/Resolucao_CNS-_466-12-1.pdf\" target=\"_blank\" rel=\"noopener noreferrer\"><strong>Resolu\u00e7\u00e3o CNS 466-12<\/strong><\/a><\/li>\n<li><a href=\"https:\/\/portal.unisepe.com.br\/saolourenco\/wp-content\/uploads\/sites\/10005\/2022\/08\/Resolucao_CNS_19696.pdf\" target=\"_blank\" rel=\"noopener noreferrer\"><strong>Resolu\u00e7\u00e3o CNS 19696<\/strong><\/a><\/li>\n<li><a href=\"https:\/\/portal.unisepe.com.br\/saolourenco\/wp-content\/uploads\/sites\/10005\/2022\/08\/Resolucao_CNS_24097.pdf\" target=\"_blank\" rel=\"noopener noreferrer\"><strong>Resolu\u00e7\u00e3o CNS 24097<\/strong><\/a><\/li>\n<li><strong><a href=\"https:\/\/portal.unisepe.com.br\/saolourenco\/wp-content\/uploads\/sites\/10005\/2022\/08\/Resolucao_CNS_25197.pdf\" target=\"_blank\" rel=\"noopener noreferrer\">Resolu\u00e7\u00e3o CNS 25197<\/a><\/strong><\/li>\n<li><strong><a href=\"https:\/\/portal.unisepe.com.br\/saolourenco\/wp-content\/uploads\/sites\/10005\/2022\/08\/Resolucao_CNS_29299.pdf\" target=\"_blank\" rel=\"noopener noreferrer\">Resolu\u00e7\u00e3o CNS 29299<\/a><\/strong><\/li>\n<li><strong><a href=\"https:\/\/portal.unisepe.com.br\/saolourenco\/wp-content\/uploads\/sites\/10005\/2022\/08\/Resolucao_CNS_30300.pdf\" target=\"_blank\" rel=\"noopener noreferrer\">Resolu\u00e7\u00e3o CNS 30300<\/a><\/strong><\/li>\n<li><a href=\"https:\/\/portal.unisepe.com.br\/saolourenco\/wp-content\/uploads\/sites\/10005\/2022\/08\/Resolucao_CNS_30400.pdf\" target=\"_blank\" rel=\"noopener noreferrer\"><strong>Resolu\u00e7\u00e3o CNS 30400<\/strong><\/a><\/li>\n<li><strong><a href=\"https:\/\/portal.unisepe.com.br\/saolourenco\/wp-content\/uploads\/sites\/10005\/2022\/08\/Resolucao_CNS_34004.pdf\" target=\"_blank\" rel=\"noopener noreferrer\">Resolu\u00e7\u00e3o CNS 34004<\/a><\/strong><\/li>\n<li><strong><a href=\"https:\/\/portal.unisepe.com.br\/saolourenco\/wp-content\/uploads\/sites\/10005\/2022\/08\/Resolucao_CNS_34605.pdf\" target=\"_blank\" rel=\"noopener noreferrer\">Resolu\u00e7\u00e3o CNS 34605<\/a><\/strong><\/li>\n<li><a href=\"https:\/\/portal.unisepe.com.br\/saolourenco\/wp-content\/uploads\/sites\/10005\/2022\/08\/Resolucao_CNS_34705.pdf\" target=\"_blank\" rel=\"noopener noreferrer\"><strong>Resolu\u00e7\u00e3o CNS 34705<\/strong><\/a><\/li>\n<li><a href=\"https:\/\/portal.unisepe.com.br\/saolourenco\/wp-content\/uploads\/sites\/10005\/2022\/08\/Resolucao_CNS_37007.pdf\" target=\"_blank\" rel=\"noopener noreferrer\"><strong>Resolu\u00e7\u00e3o CNS 37007<\/strong><\/a><\/li>\n<li><a href=\"https:\/\/portal.unisepe.com.br\/saolourenco\/wp-content\/uploads\/sites\/10005\/2022\/08\/Resoluc\u0327a\u0303o-580-2018.pdf\" target=\"_blank\" rel=\"noopener noreferrer\"><strong>Resolu\u00e7\u00e3o CNS 580-2018<\/strong><\/a><\/li>\n<li><strong><a href=\"https:\/\/portal.unisepe.com.br\/saolourenco\/wp-content\/uploads\/sites\/10005\/2022\/08\/Norma_Operacional_001-2013.pdf\" target=\"_blank\" rel=\"noopener noreferrer\">Norma Operacional 001\/13<\/a><\/strong><\/li>\n<li><strong><a href=\"https:\/\/portal.unisepe.com.br\/saolourenco\/wp-content\/uploads\/sites\/10005\/2022\/08\/Cartilha_Direitos_Participantes-de-Pesquisa_2020-C.pdf\" target=\"_blank\" rel=\"noopener noreferrer\">Direitos dos Participantes de Pesquisa<\/a><\/strong><a href=\"https:\/\/portal.unisepe.com.br\/saolourenco\/wp-content\/uploads\/sites\/10005\/2022\/08\/Resoluc\u0327a\u0303o-580-2018.pdf\"><\/a><\/li>\n<\/ul>\n<p>&nbsp;<\/p>\n","protected":false},"excerpt":{"rendered":"<p>Resolu\u00e7\u00e3o CNS 510-16 Resolu\u00e7\u00e3o CNS 466-12 Resolu\u00e7\u00e3o CNS 19696 Resolu\u00e7\u00e3o CNS 24097 Resolu\u00e7\u00e3o CNS 25197 Resolu\u00e7\u00e3o CNS 29299 Resolu\u00e7\u00e3o CNS 30300 Resolu\u00e7\u00e3o CNS 30400 Resolu\u00e7\u00e3o CNS 34004 Resolu\u00e7\u00e3o CNS 34605 Resolu\u00e7\u00e3o CNS 34705 Resolu\u00e7\u00e3o CNS 37007 Resolu\u00e7\u00e3o CNS 580-2018 Norma Operacional 001\/13 Direitos dos Participantes de Pesquisa &nbsp;<\/p>\n","protected":false},"author":4,"featured_media":0,"parent":5693,"menu_order":0,"comment_status":"closed","ping_status":"closed","template":"templates\/template-pagina_menu_vertical.php","meta":{"footnotes":""},"categories":[],"tags":[],"class_list":["post-5702","page","type-page","status-publish","hentry"],"_links":{"self":[{"href":"https:\/\/portal.unisepe.com.br\/saolourenco\/wp-json\/wp\/v2\/pages\/5702","targetHints":{"allow":["GET"]}}],"collection":[{"href":"https:\/\/portal.unisepe.com.br\/saolourenco\/wp-json\/wp\/v2\/pages"}],"about":[{"href":"https:\/\/portal.unisepe.com.br\/saolourenco\/wp-json\/wp\/v2\/types\/page"}],"author":[{"embeddable":true,"href":"https:\/\/portal.unisepe.com.br\/saolourenco\/wp-json\/wp\/v2\/users\/4"}],"replies":[{"embeddable":true,"href":"https:\/\/portal.unisepe.com.br\/saolourenco\/wp-json\/wp\/v2\/comments?post=5702"}],"version-history":[{"count":5,"href":"https:\/\/portal.unisepe.com.br\/saolourenco\/wp-json\/wp\/v2\/pages\/5702\/revisions"}],"predecessor-version":[{"id":5739,"href":"https:\/\/portal.unisepe.com.br\/saolourenco\/wp-json\/wp\/v2\/pages\/5702\/revisions\/5739"}],"up":[{"embeddable":true,"href":"https:\/\/portal.unisepe.com.br\/saolourenco\/wp-json\/wp\/v2\/pages\/5693"}],"wp:attachment":[{"href":"https:\/\/portal.unisepe.com.br\/saolourenco\/wp-json\/wp\/v2\/media?parent=5702"}],"wp:term":[{"taxonomy":"category","embeddable":true,"href":"https:\/\/portal.unisepe.com.br\/saolourenco\/wp-json\/wp\/v2\/categories?post=5702"},{"taxonomy":"post_tag","embeddable":true,"href":"https:\/\/portal.unisepe.com.br\/saolourenco\/wp-json\/wp\/v2\/tags?post=5702"}],"curies":[{"name":"wp","href":"https:\/\/api.w.org\/{rel}","templated":true}]}}