{"id":5956,"date":"2023-02-28T19:49:24","date_gmt":"2023-02-28T22:49:24","guid":{"rendered":"https:\/\/portal.unisepe.com.br\/saolourenco\/?page_id=5956"},"modified":"2025-10-23T17:34:42","modified_gmt":"2025-10-23T20:34:42","slug":"concessao-de-auxilios","status":"publish","type":"page","link":"https:\/\/portal.unisepe.com.br\/saolourenco\/instituto-superior-de-educacao\/projeto-nupe-2\/concessao-de-auxilios\/","title":{"rendered":"Concess\u00e3o de Aux\u00edlios"},"content":{"rendered":"<p><strong>Condi\u00e7\u00f5es e crit\u00e9rios para concess\u00e3o de aux\u00edlio viagem:<\/strong><\/p>\n<ul>\n<li>Receber\u00e3o ajuda de custo para pagamento de taxa de inscri\u00e7\u00e3o, di\u00e1rias e passagens ou outro tipo de despesa as participa\u00e7\u00f5es em eventos cient\u00edficos promovidos ou organizados por institui\u00e7\u00e3o acad\u00eamica nacional ou internacional de reconhecido renome nacional ou internacional ou por entidade cient\u00edfica devidamente credenciada.<\/li>\n<li>N\u00e3o ser\u00e1 concedida ajuda de custo, inclusive para custeio de taxa de inscri\u00e7\u00e3o, di\u00e1rias e passagens, para participa\u00e7\u00f5es em eventos organizados por empresas de presta\u00e7\u00e3o de servi\u00e7os na \u00e1rea educacional ou similar.<\/li>\n<li>Alunos e professores do\u00a0<span data-teams=\"true\">Centro Universit\u00e1rio<\/span> S\u00e3o Louren\u00e7o t\u00eam direito ao pedido de financiamento de 2 (dois) eventos (congresso, escola, curso), com apresenta\u00e7\u00e3o de trabalho.<\/li>\n<li>Somente ser\u00e3o processados pela CPEx os pedidos feitos em formul\u00e1rio pr\u00f3prio, com os campos devidamente preenchidos, e os seguintes documentos anexados ao mesmo: c\u00f3pia do(s) trabalho(s) completo(s) (quando for o caso) ou resumo(s) e carta de aceita\u00e7\u00e3o do(s) trabalho(s) a ser(em) apresentado(s).<\/li>\n<li>Os pedidos de aux\u00edlio dever\u00e3o ser entregues ao CPEx com anteced\u00eancia m\u00ednima de duas semanas do per\u00edodo da viagem e estar\u00e3o condicionados \u00e0 disponibilidade de verbas da Institui\u00e7\u00e3o.<\/li>\n<li>Caso os custos totais com viagem superem os recursos dispon\u00edveis, o Centro Universit\u00e1rio Vale do Ribeira se reserva o direito de selecionar os candidatos que receber\u00e3o ajuda, em fun\u00e7\u00e3o do hist\u00f3rico escolar (caso de alunos), produtividade e m\u00e9rito do trabalho a ser apresentado pelo solicitante.<\/li>\n<li>Os itens financi\u00e1veis correspondem a inscri\u00e7\u00f5es, alimenta\u00e7\u00e3o, di\u00e1rias e passagens.<\/li>\n<li>Ap\u00f3s a apresenta\u00e7\u00e3o do(s) trabalho(s) os autores dever\u00e3o entregar tesouraria da Institui\u00e7\u00e3o os comprovantes de gastos e no CPEx c\u00f3pia do certificado de apresenta\u00e7\u00e3o e resumos, artigos, etc.<\/li>\n<\/ul>\n","protected":false},"excerpt":{"rendered":"<p>Condi\u00e7\u00f5es e crit\u00e9rios para concess\u00e3o de aux\u00edlio viagem: Receber\u00e3o ajuda de custo para pagamento de taxa de inscri\u00e7\u00e3o, di\u00e1rias e passagens ou outro tipo de despesa as participa\u00e7\u00f5es em eventos cient\u00edficos promovidos ou organizados por institui\u00e7\u00e3o acad\u00eamica nacional ou internacional de reconhecido renome nacional ou internacional ou por entidade cient\u00edfica<\/p>\n","protected":false},"author":4,"featured_media":0,"parent":5948,"menu_order":0,"comment_status":"closed","ping_status":"closed","template":"templates\/template-pagina_menu_vertical.php","meta":{"footnotes":""},"categories":[],"tags":[],"class_list":["post-5956","page","type-page","status-publish","hentry"],"_links":{"self":[{"href":"https:\/\/portal.unisepe.com.br\/saolourenco\/wp-json\/wp\/v2\/pages\/5956","targetHints":{"allow":["GET"]}}],"collection":[{"href":"https:\/\/portal.unisepe.com.br\/saolourenco\/wp-json\/wp\/v2\/pages"}],"about":[{"href":"https:\/\/portal.unisepe.com.br\/saolourenco\/wp-json\/wp\/v2\/types\/page"}],"author":[{"embeddable":true,"href":"https:\/\/portal.unisepe.com.br\/saolourenco\/wp-json\/wp\/v2\/users\/4"}],"replies":[{"embeddable":true,"href":"https:\/\/portal.unisepe.com.br\/saolourenco\/wp-json\/wp\/v2\/comments?post=5956"}],"version-history":[{"count":3,"href":"https:\/\/portal.unisepe.com.br\/saolourenco\/wp-json\/wp\/v2\/pages\/5956\/revisions"}],"predecessor-version":[{"id":6823,"href":"https:\/\/portal.unisepe.com.br\/saolourenco\/wp-json\/wp\/v2\/pages\/5956\/revisions\/6823"}],"up":[{"embeddable":true,"href":"https:\/\/portal.unisepe.com.br\/saolourenco\/wp-json\/wp\/v2\/pages\/5948"}],"wp:attachment":[{"href":"https:\/\/portal.unisepe.com.br\/saolourenco\/wp-json\/wp\/v2\/media?parent=5956"}],"wp:term":[{"taxonomy":"category","embeddable":true,"href":"https:\/\/portal.unisepe.com.br\/saolourenco\/wp-json\/wp\/v2\/categories?post=5956"},{"taxonomy":"post_tag","embeddable":true,"href":"https:\/\/portal.unisepe.com.br\/saolourenco\/wp-json\/wp\/v2\/tags?post=5956"}],"curies":[{"name":"wp","href":"https:\/\/api.w.org\/{rel}","templated":true}]}}