{"id":5959,"date":"2023-02-28T19:51:45","date_gmt":"2023-02-28T22:51:45","guid":{"rendered":"https:\/\/portal.unisepe.com.br\/saolourenco\/?page_id=5959"},"modified":"2023-02-28T19:51:52","modified_gmt":"2023-02-28T22:51:52","slug":"solicitacao-de-auxilios","status":"publish","type":"page","link":"https:\/\/portal.unisepe.com.br\/saolourenco\/instituto-superior-de-educacao\/projeto-nupe-2\/solicitacao-de-auxilios\/","title":{"rendered":"Solicita\u00e7\u00e3o de Aux\u00edlios"},"content":{"rendered":"<p style=\"text-align: center\"><strong><a href=\"https:\/\/portal.unisepe.com.br\/saolourenco\/wp-content\/uploads\/sites\/10005\/2023\/02\/Modelo_solicitacao_de_recursos.doc\">MODELO DE SOLICITA\u00c7\u00c3O DE AUXILIOS\u00a0<\/a><\/strong><\/p>\n","protected":false},"excerpt":{"rendered":"<p>MODELO DE SOLICITA\u00c7\u00c3O DE AUXILIOS\u00a0<\/p>\n","protected":false},"author":4,"featured_media":0,"parent":5948,"menu_order":0,"comment_status":"closed","ping_status":"closed","template":"templates\/template-pagina_menu_vertical.php","meta":{"footnotes":""},"categories":[],"tags":[],"class_list":["post-5959","page","type-page","status-publish","hentry"],"_links":{"self":[{"href":"https:\/\/portal.unisepe.com.br\/saolourenco\/wp-json\/wp\/v2\/pages\/5959","targetHints":{"allow":["GET"]}}],"collection":[{"href":"https:\/\/portal.unisepe.com.br\/saolourenco\/wp-json\/wp\/v2\/pages"}],"about":[{"href":"https:\/\/portal.unisepe.com.br\/saolourenco\/wp-json\/wp\/v2\/types\/page"}],"author":[{"embeddable":true,"href":"https:\/\/portal.unisepe.com.br\/saolourenco\/wp-json\/wp\/v2\/users\/4"}],"replies":[{"embeddable":true,"href":"https:\/\/portal.unisepe.com.br\/saolourenco\/wp-json\/wp\/v2\/comments?post=5959"}],"version-history":[{"count":1,"href":"https:\/\/portal.unisepe.com.br\/saolourenco\/wp-json\/wp\/v2\/pages\/5959\/revisions"}],"predecessor-version":[{"id":5960,"href":"https:\/\/portal.unisepe.com.br\/saolourenco\/wp-json\/wp\/v2\/pages\/5959\/revisions\/5960"}],"up":[{"embeddable":true,"href":"https:\/\/portal.unisepe.com.br\/saolourenco\/wp-json\/wp\/v2\/pages\/5948"}],"wp:attachment":[{"href":"https:\/\/portal.unisepe.com.br\/saolourenco\/wp-json\/wp\/v2\/media?parent=5959"}],"wp:term":[{"taxonomy":"category","embeddable":true,"href":"https:\/\/portal.unisepe.com.br\/saolourenco\/wp-json\/wp\/v2\/categories?post=5959"},{"taxonomy":"post_tag","embeddable":true,"href":"https:\/\/portal.unisepe.com.br\/saolourenco\/wp-json\/wp\/v2\/tags?post=5959"}],"curies":[{"name":"wp","href":"https:\/\/api.w.org\/{rel}","templated":true}]}}