{"id":5996,"date":"2023-03-06T21:09:49","date_gmt":"2023-03-07T00:09:49","guid":{"rendered":"https:\/\/portal.unisepe.com.br\/saolourenco\/?page_id=5996"},"modified":"2025-10-23T16:21:03","modified_gmt":"2025-10-23T19:21:03","slug":"cep-2","status":"publish","type":"page","link":"https:\/\/portal.unisepe.com.br\/saolourenco\/cep-2\/","title":{"rendered":"CEP"},"content":{"rendered":"<p><strong>Comit\u00ea De \u00c9tica Em Pesquisa<\/strong><\/p>\n<p>De acordo com Of\u00edcio 2861\/CONEP\/CNS\/MS de 22 de setembro de 2010, e carta 0164\/CONEP\/CNS da mesma data, o Comit\u00ea de \u00c9tica em Pesquisa da Uni\u00e3o das Institui\u00e7\u00f5es de Servi\u00e7os, Ensino e Pesquisa Ltda \u2013 UNISEPE \u2013 CEP-UNISEPE, \u00e9 \u00f3rg\u00e3o com sede no Centro Universit\u00e1rio Amparense \u2013 UNIFIA, atendendo a Associa\u00e7\u00e3o Sul Mineira de Educa\u00e7\u00e3o e Cultura \u2013 ASMEC, o Instituto Superior de Educa\u00e7\u00e3o de Iguape \u2013 FISA, a Faculdade de Peru\u00edbe \u2013 FPbe, as Faculdades Integradas do Vale do Ribeira \u2013 FIVR e o <span data-teams=\"true\">Centro Universit\u00e1rio <\/span>de S\u00e3o Louren\u00e7o, respons\u00e1veis pelo cumprimento da Resolu\u00e7\u00e3o 196\/96 do Conselho Nacional de Sa\u00fade \u2013 CNS, publicada no Di\u00e1rio Oficial da Uni\u00e3o de 16\/10\/1996, que define as diretrizes e normas regulamentadoras das pesquisas envolvendo seres humanos.<\/p>\n<p>O CEP-UNISEPE \u00e9 um colegiado interdisciplinar e independente, com<span>\u00a0<\/span><em>munus<\/em><span>\u00a0<\/span>p\u00fablico de car\u00e1ter consultivo, deliberativo e educativo, criado para defender os interesses dos sujeitos de pesquisa em sua integridade e dignidade e para contribuir para o desenvolvimento da pesquisa dentro de padr\u00f5es \u00e9ticos.<\/p>\n<p><strong>O CEP-UNISEPE tem por finalidades:<\/strong><\/p>\n<p>\u00a7 1\u00ba Incentivar o desenvolvimento da cultura \u00e9tica e human\u00edstica, por meio de atividades educativas voltadas \u00e0 institui\u00e7\u00e3o e comunidade externa, e do fomento da doc\u00eancia desta disciplina nos cursos de gradua\u00e7\u00e3o e p\u00f3s-gradua\u00e7\u00e3o da Uni\u00e3o das Institui\u00e7\u00f5es de Servi\u00e7os, Ensino e Pesquisa \u2013 UNISEPE.<br \/>\n\u00a7 2\u00ba Assessorar como \u00f3rg\u00e3o consultivo qualquer profissional ou aluno da institui\u00e7\u00e3o que tenha, no exercer de suas atividades dentro da Uni\u00e3o das Institui\u00e7\u00f5es de Servi\u00e7o, Ensino e Pesquisa Ltda \u2013 UNISEPE, dilemas ou d\u00favidas relativas \u00e0 \u00e9tica.<br \/>\n\u00a7 3\u00ba Avaliar e acompanhar os protocolos de pesquisa que envolvam seres humanos na Uni\u00e3o das Institui\u00e7\u00f5es de Servi\u00e7o, Ensino e Pesquisa \u2013 UNISEPE, nos seguintes aspectos:<\/p>\n<ol>\n<li>t\u00e9cnico-cient\u00edfico, principalmente quanto \u00e0 adequa\u00e7\u00e3o aos princ\u00edpios cient\u00edficos e observa\u00e7\u00e3o de metodologia adequada \u00e0s quest\u00f5es \u00e9ticas na pesquisa;<\/li>\n<li>\u00e9tico, visando resguardar e garantir a integridade e os direitos dos sujeitos de pesquisa participantes;<\/li>\n<li>s\u00f3cio humanit\u00e1rio, visando preservar a relev\u00e2ncia social da pesquisa e igual considera\u00e7\u00e3o dos interesses envolvidos;<\/li>\n<li>adequa\u00e7\u00e3o \u00e0 legisla\u00e7\u00e3o vigente, especialmente \u00e0 Resolu\u00e7\u00e3o 196\/96 do CNS e \u00e0s diretrizes e \u00e0 miss\u00e3o da Uni\u00e3o das Institui\u00e7\u00f5es de Servi\u00e7os, Ensino e Pesquisa Ltda \u2013 UNISEPE; e<\/li>\n<li>integra\u00e7\u00e3o com as demais a\u00e7\u00f5es setoriais.<\/li>\n<\/ol>\n","protected":false},"excerpt":{"rendered":"<p>Comit\u00ea De \u00c9tica Em Pesquisa De acordo com Of\u00edcio 2861\/CONEP\/CNS\/MS de 22 de setembro de 2010, e carta 0164\/CONEP\/CNS da mesma data, o Comit\u00ea de \u00c9tica em Pesquisa da Uni\u00e3o das Institui\u00e7\u00f5es de Servi\u00e7os, Ensino e Pesquisa Ltda \u2013 UNISEPE \u2013 CEP-UNISEPE, \u00e9 \u00f3rg\u00e3o com sede no Centro Universit\u00e1rio Amparense<\/p>\n","protected":false},"author":4,"featured_media":0,"parent":0,"menu_order":0,"comment_status":"closed","ping_status":"closed","template":"","meta":{"footnotes":""},"categories":[],"tags":[],"class_list":["post-5996","page","type-page","status-publish","hentry"],"_links":{"self":[{"href":"https:\/\/portal.unisepe.com.br\/saolourenco\/wp-json\/wp\/v2\/pages\/5996","targetHints":{"allow":["GET"]}}],"collection":[{"href":"https:\/\/portal.unisepe.com.br\/saolourenco\/wp-json\/wp\/v2\/pages"}],"about":[{"href":"https:\/\/portal.unisepe.com.br\/saolourenco\/wp-json\/wp\/v2\/types\/page"}],"author":[{"embeddable":true,"href":"https:\/\/portal.unisepe.com.br\/saolourenco\/wp-json\/wp\/v2\/users\/4"}],"replies":[{"embeddable":true,"href":"https:\/\/portal.unisepe.com.br\/saolourenco\/wp-json\/wp\/v2\/comments?post=5996"}],"version-history":[{"count":2,"href":"https:\/\/portal.unisepe.com.br\/saolourenco\/wp-json\/wp\/v2\/pages\/5996\/revisions"}],"predecessor-version":[{"id":6796,"href":"https:\/\/portal.unisepe.com.br\/saolourenco\/wp-json\/wp\/v2\/pages\/5996\/revisions\/6796"}],"wp:attachment":[{"href":"https:\/\/portal.unisepe.com.br\/saolourenco\/wp-json\/wp\/v2\/media?parent=5996"}],"wp:term":[{"taxonomy":"category","embeddable":true,"href":"https:\/\/portal.unisepe.com.br\/saolourenco\/wp-json\/wp\/v2\/categories?post=5996"},{"taxonomy":"post_tag","embeddable":true,"href":"https:\/\/portal.unisepe.com.br\/saolourenco\/wp-json\/wp\/v2\/tags?post=5996"}],"curies":[{"name":"wp","href":"https:\/\/api.w.org\/{rel}","templated":true}]}}