{"id":6006,"date":"2023-03-06T21:20:44","date_gmt":"2023-03-07T00:20:44","guid":{"rendered":"https:\/\/portal.unisepe.com.br\/saolourenco\/?page_id=6006"},"modified":"2025-10-23T16:37:57","modified_gmt":"2025-10-23T19:37:57","slug":"coordenacao-e-atribuicoes","status":"publish","type":"page","link":"https:\/\/portal.unisepe.com.br\/saolourenco\/cpex\/coordenacao-e-atribuicoes\/","title":{"rendered":"Coordena\u00e7\u00e3o e atribui\u00e7\u00f5es"},"content":{"rendered":"<p><strong>Coordenador de Produ\u00e7\u00e3o e Extens\u00e3o:<\/strong><span> Rafaela Ferreira Fran\u00e7a<\/span><\/p>\n<p><strong>\u00a0<\/strong><\/p>\n<p><strong>S\u00e3o atribui\u00e7\u00f5es da Coordenadoria:<\/strong><\/p>\n<ol>\n<li>Estimular, sugerir, coordenar, propor normas gerais, utilizar as atividades de produ\u00e7\u00e3o e extens\u00e3o, conforme e as pol\u00edticas da UniSL, dando \u00eanfase a problemas regionais;<\/li>\n<li>Promover as atividades de produ\u00e7\u00e3o cient\u00edfica e extens\u00e3o;<\/li>\n<li>Estabelecer crit\u00e9rios para a participa\u00e7\u00e3o de docentes e discentes em eventos t\u00e9cnicos-cient\u00edficos;<\/li>\n<li>Promover encontros das comunidades voltadas \u00e0 integra\u00e7\u00e3o e a conviv\u00eancia acad\u00eamica.<\/li>\n<\/ol>\n<p><strong>Contato<\/strong><\/p>\n<p>Tel: (35) 3332-2002<\/p>\n<p>e-mail:<span> iniciacao@faculdadesaolourenco.com.br<\/span><\/p>\n","protected":false},"excerpt":{"rendered":"<p>Coordenador de Produ\u00e7\u00e3o e Extens\u00e3o: Rafaela Ferreira Fran\u00e7a \u00a0 S\u00e3o atribui\u00e7\u00f5es da Coordenadoria: Estimular, sugerir, coordenar, propor normas gerais, utilizar as atividades de produ\u00e7\u00e3o e extens\u00e3o, conforme e as pol\u00edticas da UniSL, dando \u00eanfase a problemas regionais; Promover as atividades de produ\u00e7\u00e3o cient\u00edfica e extens\u00e3o; Estabelecer crit\u00e9rios para a participa\u00e7\u00e3o<\/p>\n","protected":false},"author":4,"featured_media":0,"parent":6002,"menu_order":0,"comment_status":"closed","ping_status":"closed","template":"templates\/template-pagina_menu_vertical.php","meta":{"footnotes":""},"categories":[],"tags":[],"class_list":["post-6006","page","type-page","status-publish","hentry"],"_links":{"self":[{"href":"https:\/\/portal.unisepe.com.br\/saolourenco\/wp-json\/wp\/v2\/pages\/6006","targetHints":{"allow":["GET"]}}],"collection":[{"href":"https:\/\/portal.unisepe.com.br\/saolourenco\/wp-json\/wp\/v2\/pages"}],"about":[{"href":"https:\/\/portal.unisepe.com.br\/saolourenco\/wp-json\/wp\/v2\/types\/page"}],"author":[{"embeddable":true,"href":"https:\/\/portal.unisepe.com.br\/saolourenco\/wp-json\/wp\/v2\/users\/4"}],"replies":[{"embeddable":true,"href":"https:\/\/portal.unisepe.com.br\/saolourenco\/wp-json\/wp\/v2\/comments?post=6006"}],"version-history":[{"count":7,"href":"https:\/\/portal.unisepe.com.br\/saolourenco\/wp-json\/wp\/v2\/pages\/6006\/revisions"}],"predecessor-version":[{"id":6807,"href":"https:\/\/portal.unisepe.com.br\/saolourenco\/wp-json\/wp\/v2\/pages\/6006\/revisions\/6807"}],"up":[{"embeddable":true,"href":"https:\/\/portal.unisepe.com.br\/saolourenco\/wp-json\/wp\/v2\/pages\/6002"}],"wp:attachment":[{"href":"https:\/\/portal.unisepe.com.br\/saolourenco\/wp-json\/wp\/v2\/media?parent=6006"}],"wp:term":[{"taxonomy":"category","embeddable":true,"href":"https:\/\/portal.unisepe.com.br\/saolourenco\/wp-json\/wp\/v2\/categories?post=6006"},{"taxonomy":"post_tag","embeddable":true,"href":"https:\/\/portal.unisepe.com.br\/saolourenco\/wp-json\/wp\/v2\/tags?post=6006"}],"curies":[{"name":"wp","href":"https:\/\/api.w.org\/{rel}","templated":true}]}}