{"id":6025,"date":"2023-03-07T21:07:34","date_gmt":"2023-03-08T00:07:34","guid":{"rendered":"https:\/\/portal.unisepe.com.br\/saolourenco\/?page_id=6025"},"modified":"2023-03-07T21:12:26","modified_gmt":"2023-03-08T00:12:26","slug":"pad","status":"publish","type":"page","link":"https:\/\/portal.unisepe.com.br\/saolourenco\/pad\/","title":{"rendered":"PAD"},"content":{"rendered":"<p style=\"text-align: left\"><a href=\"http:\/\/portal.unisepe.com.br\/saolourenco\/wp-content\/uploads\/sites\/10005\/2020\/01\/banheiro_adaptado.jpg\"><\/a><span style=\"text-decoration: underline;color: #000000\"><strong>RAMPAS DE ACESSO<\/strong><\/span><\/p>\n<p style=\"text-align: center\"><a href=\"http:\/\/portal.unisepe.com.br\/saolourenco\/wp-content\/uploads\/sites\/10005\/2020\/01\/rampa.jpg\"><img loading=\"lazy\" decoding=\"async\" src=\"http:\/\/portal.unisepe.com.br\/saolourenco\/wp-content\/uploads\/sites\/10005\/2020\/01\/rampa.jpg\" alt=\"\" width=\"167\" height=\"252\" class=\"wp-image-4599 alignleft\" srcset=\"https:\/\/portal.unisepe.com.br\/saolourenco\/wp-content\/uploads\/sites\/10005\/2020\/01\/rampa.jpg 1181w, https:\/\/portal.unisepe.com.br\/saolourenco\/wp-content\/uploads\/sites\/10005\/2020\/01\/rampa-199x300.jpg 199w, https:\/\/portal.unisepe.com.br\/saolourenco\/wp-content\/uploads\/sites\/10005\/2020\/01\/rampa-768x1156.jpg 768w, https:\/\/portal.unisepe.com.br\/saolourenco\/wp-content\/uploads\/sites\/10005\/2020\/01\/rampa-680x1024.jpg 680w\" sizes=\"auto, (max-width: 167px) 100vw, 167px\" \/><span style=\"text-decoration: underline\"><span style=\"color: #000000\"><strong><\/strong><\/span><\/span><\/a><\/p>\n<p>&nbsp;<\/p>\n<p>&nbsp;<\/p>\n<p>&nbsp;<\/p>\n<p>&nbsp;<\/p>\n<p>&nbsp;<\/p>\n<p>&nbsp;<\/p>\n<p>&nbsp;<\/p>\n<p>&nbsp;<\/p>\n<p>&nbsp;<\/p>\n<p style=\"text-align: left\"><span style=\"text-decoration: underline\"><span style=\"color: #000000\"><strong>BANHEIROS ADAPTADOS<\/strong><\/span><\/span><\/p>\n<p style=\"text-align: left\"><img loading=\"lazy\" decoding=\"async\" src=\"http:\/\/portal.unisepe.com.br\/saolourenco\/wp-content\/uploads\/sites\/10005\/2020\/01\/banheiro_adaptado.jpg\" alt=\"\" width=\"257\" height=\"167\" class=\"wp-image-4595 alignleft\" srcset=\"https:\/\/portal.unisepe.com.br\/saolourenco\/wp-content\/uploads\/sites\/10005\/2020\/01\/banheiro_adaptado.jpg 1818w, https:\/\/portal.unisepe.com.br\/saolourenco\/wp-content\/uploads\/sites\/10005\/2020\/01\/banheiro_adaptado-300x195.jpg 300w, https:\/\/portal.unisepe.com.br\/saolourenco\/wp-content\/uploads\/sites\/10005\/2020\/01\/banheiro_adaptado-768x499.jpg 768w, https:\/\/portal.unisepe.com.br\/saolourenco\/wp-content\/uploads\/sites\/10005\/2020\/01\/banheiro_adaptado-1024x665.jpg 1024w\" sizes=\"auto, (max-width: 257px) 100vw, 257px\" \/><a href=\"http:\/\/portal.unisepe.com.br\/saolourenco\/wp-content\/uploads\/sites\/10005\/2020\/01\/banheiro_adptado2.jpg\"><img loading=\"lazy\" decoding=\"async\" src=\"http:\/\/portal.unisepe.com.br\/saolourenco\/wp-content\/uploads\/sites\/10005\/2020\/01\/banheiro_adptado2.jpg\" alt=\"\" width=\"248\" height=\"170\" class=\"wp-image-4596 alignleft\" srcset=\"https:\/\/portal.unisepe.com.br\/saolourenco\/wp-content\/uploads\/sites\/10005\/2020\/01\/banheiro_adptado2.jpg 1726w, https:\/\/portal.unisepe.com.br\/saolourenco\/wp-content\/uploads\/sites\/10005\/2020\/01\/banheiro_adptado2-300x205.jpg 300w, https:\/\/portal.unisepe.com.br\/saolourenco\/wp-content\/uploads\/sites\/10005\/2020\/01\/banheiro_adptado2-768x525.jpg 768w, https:\/\/portal.unisepe.com.br\/saolourenco\/wp-content\/uploads\/sites\/10005\/2020\/01\/banheiro_adptado2-1024x701.jpg 1024w\" sizes=\"auto, (max-width: 248px) 100vw, 248px\" \/><\/a><a href=\"http:\/\/portal.unisepe.com.br\/saolourenco\/wp-content\/uploads\/sites\/10005\/2020\/01\/banheiro_adaptado.jpg\"><\/a><\/p>\n<p>&nbsp;<\/p>\n<p>&nbsp;<\/p>\n<p>&nbsp;<\/p>\n<p>&nbsp;<\/p>\n<p>&nbsp;<\/p>\n<p>&nbsp;<\/p>\n<p style=\"text-align: left\"><span style=\"text-decoration: underline;color: #000000\"><strong>ELEVADOR ESPECIAL<\/strong><\/span><\/p>\n<p style=\"text-align: center\"><a href=\"http:\/\/portal.unisepe.com.br\/saolourenco\/wp-content\/uploads\/sites\/10005\/2020\/01\/elevador.jpg\"><img loading=\"lazy\" decoding=\"async\" src=\"http:\/\/portal.unisepe.com.br\/saolourenco\/wp-content\/uploads\/sites\/10005\/2020\/01\/elevador.jpg\" alt=\"\" width=\"170\" height=\"256\" class=\"wp-image-4597 alignleft\" srcset=\"https:\/\/portal.unisepe.com.br\/saolourenco\/wp-content\/uploads\/sites\/10005\/2020\/01\/elevador.jpg 1181w, https:\/\/portal.unisepe.com.br\/saolourenco\/wp-content\/uploads\/sites\/10005\/2020\/01\/elevador-199x300.jpg 199w, https:\/\/portal.unisepe.com.br\/saolourenco\/wp-content\/uploads\/sites\/10005\/2020\/01\/elevador-768x1156.jpg 768w, https:\/\/portal.unisepe.com.br\/saolourenco\/wp-content\/uploads\/sites\/10005\/2020\/01\/elevador-680x1024.jpg 680w\" sizes=\"auto, (max-width: 170px) 100vw, 170px\" \/><\/a><\/p>\n<p>&nbsp;<\/p>\n<p>&nbsp;<\/p>\n<p>&nbsp;<\/p>\n<p>&nbsp;<\/p>\n<p>&nbsp;<\/p>\n<p>&nbsp;<\/p>\n<p>&nbsp;<\/p>\n<p>&nbsp;<\/p>\n<p>&nbsp;<\/p>\n<p><span style=\"text-decoration: underline;color: #000000\"><strong>PISO T\u00c1TIL E PLACAS DE SINALIZA\u00c7\u00c3O\/BRAILLE<\/strong><\/span><\/p>\n<p style=\"text-align: center\"><a href=\"http:\/\/portal.unisepe.com.br\/saolourenco\/wp-content\/uploads\/sites\/10005\/2020\/01\/entrada_acessibilidade.jpg\"><\/a><a href=\"http:\/\/portal.unisepe.com.br\/saolourenco\/wp-content\/uploads\/sites\/10005\/2020\/01\/entrada_acessibilidade.jpg\"><img loading=\"lazy\" decoding=\"async\" src=\"http:\/\/portal.unisepe.com.br\/saolourenco\/wp-content\/uploads\/sites\/10005\/2020\/01\/entrada_acessibilidade.jpg\" alt=\"\" width=\"306\" height=\"203\" class=\"wp-image-4598 alignleft\" srcset=\"https:\/\/portal.unisepe.com.br\/saolourenco\/wp-content\/uploads\/sites\/10005\/2020\/01\/entrada_acessibilidade.jpg 1778w, https:\/\/portal.unisepe.com.br\/saolourenco\/wp-content\/uploads\/sites\/10005\/2020\/01\/entrada_acessibilidade-300x199.jpg 300w, https:\/\/portal.unisepe.com.br\/saolourenco\/wp-content\/uploads\/sites\/10005\/2020\/01\/entrada_acessibilidade-768x510.jpg 768w, https:\/\/portal.unisepe.com.br\/saolourenco\/wp-content\/uploads\/sites\/10005\/2020\/01\/entrada_acessibilidade-1024x680.jpg 1024w\" sizes=\"auto, (max-width: 306px) 100vw, 306px\" \/><\/a><a href=\"http:\/\/portal.unisepe.com.br\/saolourenco\/wp-content\/uploads\/sites\/10005\/2020\/01\/DSC0016.jpg\"><img loading=\"lazy\" decoding=\"async\" src=\"http:\/\/portal.unisepe.com.br\/saolourenco\/wp-content\/uploads\/sites\/10005\/2020\/01\/DSC0016.jpg\" alt=\"\" width=\"307\" height=\"206\" class=\"wp-image-4594 alignleft\" srcset=\"https:\/\/portal.unisepe.com.br\/saolourenco\/wp-content\/uploads\/sites\/10005\/2020\/01\/DSC0016.jpg 1760w, https:\/\/portal.unisepe.com.br\/saolourenco\/wp-content\/uploads\/sites\/10005\/2020\/01\/DSC0016-300x201.jpg 300w, https:\/\/portal.unisepe.com.br\/saolourenco\/wp-content\/uploads\/sites\/10005\/2020\/01\/DSC0016-768x515.jpg 768w, https:\/\/portal.unisepe.com.br\/saolourenco\/wp-content\/uploads\/sites\/10005\/2020\/01\/DSC0016-1024x687.jpg 1024w\" sizes=\"auto, (max-width: 307px) 100vw, 307px\" \/><\/a><\/p>\n","protected":false},"excerpt":{"rendered":"<p>RAMPAS DE ACESSO &nbsp; &nbsp; &nbsp; &nbsp; &nbsp; &nbsp; &nbsp; &nbsp; &nbsp; BANHEIROS ADAPTADOS &nbsp; &nbsp; &nbsp; &nbsp; &nbsp; &nbsp; ELEVADOR ESPECIAL &nbsp; &nbsp; &nbsp; &nbsp; &nbsp; &nbsp; &nbsp; &nbsp; &nbsp; PISO T\u00c1TIL E PLACAS DE SINALIZA\u00c7\u00c3O\/BRAILLE<\/p>\n","protected":false},"author":4,"featured_media":0,"parent":0,"menu_order":0,"comment_status":"closed","ping_status":"closed","template":"templates\/template-pagina_menu_vertical.php","meta":{"footnotes":""},"categories":[],"tags":[],"class_list":["post-6025","page","type-page","status-publish","hentry"],"_links":{"self":[{"href":"https:\/\/portal.unisepe.com.br\/saolourenco\/wp-json\/wp\/v2\/pages\/6025","targetHints":{"allow":["GET"]}}],"collection":[{"href":"https:\/\/portal.unisepe.com.br\/saolourenco\/wp-json\/wp\/v2\/pages"}],"about":[{"href":"https:\/\/portal.unisepe.com.br\/saolourenco\/wp-json\/wp\/v2\/types\/page"}],"author":[{"embeddable":true,"href":"https:\/\/portal.unisepe.com.br\/saolourenco\/wp-json\/wp\/v2\/users\/4"}],"replies":[{"embeddable":true,"href":"https:\/\/portal.unisepe.com.br\/saolourenco\/wp-json\/wp\/v2\/comments?post=6025"}],"version-history":[{"count":2,"href":"https:\/\/portal.unisepe.com.br\/saolourenco\/wp-json\/wp\/v2\/pages\/6025\/revisions"}],"predecessor-version":[{"id":6027,"href":"https:\/\/portal.unisepe.com.br\/saolourenco\/wp-json\/wp\/v2\/pages\/6025\/revisions\/6027"}],"wp:attachment":[{"href":"https:\/\/portal.unisepe.com.br\/saolourenco\/wp-json\/wp\/v2\/media?parent=6025"}],"wp:term":[{"taxonomy":"category","embeddable":true,"href":"https:\/\/portal.unisepe.com.br\/saolourenco\/wp-json\/wp\/v2\/categories?post=6025"},{"taxonomy":"post_tag","embeddable":true,"href":"https:\/\/portal.unisepe.com.br\/saolourenco\/wp-json\/wp\/v2\/tags?post=6025"}],"curies":[{"name":"wp","href":"https:\/\/api.w.org\/{rel}","templated":true}]}}