{"id":6065,"date":"2023-03-08T20:30:18","date_gmt":"2023-03-08T23:30:18","guid":{"rendered":"https:\/\/portal.unisepe.com.br\/saolourenco\/?page_id=6065"},"modified":"2023-03-08T20:51:39","modified_gmt":"2023-03-08T23:51:39","slug":"formularios-cpex","status":"publish","type":"page","link":"https:\/\/portal.unisepe.com.br\/saolourenco\/cpex\/formularios-cpex\/","title":{"rendered":"Formul\u00e1rios"},"content":{"rendered":"<h4 style=\"text-align: center\"><em><strong>FORMUL\u00c1RIOS<\/strong><\/em><\/h4>\n<ul>\n<li><strong><a href=\"https:\/\/portal.unisepe.com.br\/saolourenco\/wp-content\/uploads\/sites\/10005\/2023\/03\/formul\u00e1rio-de-solicita\u00e7\u00e3o-de-apoio.pdf\" target=\"_blank\" rel=\"noopener noreferrer\">Formul\u00e1rio de Solicita\u00e7\u00e3o de Apoio<\/a><\/strong><\/li>\n<li><strong><a href=\"https:\/\/portal.unisepe.com.br\/saolourenco\/wp-content\/uploads\/sites\/10005\/2023\/03\/carta-de-aprova\u00e7\u00e3o.pdf\" target=\"_blank\" rel=\"noopener noreferrer\">Carta de Aprova\u00e7\u00e3o<\/a><\/strong><\/li>\n<li><strong><a href=\"https:\/\/portal.unisepe.com.br\/saolourenco\/wp-content\/uploads\/sites\/10005\/2023\/03\/carta-de-aceite-orienta\u00e7\u00e3o-IC.pdf\" target=\"_blank\" rel=\"noopener noreferrer\">Carta de Aceite Orienta\u00e7\u00e3o IC<\/a><\/strong><\/li>\n<\/ul>\n<hr \/>\n<h4 style=\"text-align: center\"><em><strong>MODELOS<\/strong><\/em><\/h4>\n<ul>\n<li><strong><a href=\"https:\/\/portal.unisepe.com.br\/saolourenco\/wp-content\/uploads\/sites\/10005\/2023\/03\/modelo-de-ficha-de-controle-de-atividades-di\u00e1rias.pdf\" target=\"_blank\" rel=\"noopener noreferrer\">Modelo de Ficha de Controle de Atividades Di\u00e1rias<\/a><\/strong><\/li>\n<li><strong><a href=\"https:\/\/portal.unisepe.com.br\/saolourenco\/wp-content\/uploads\/sites\/10005\/2023\/03\/modelo-de-projeto-de-pesquisa-2023.pdf\" target=\"_blank\" rel=\"noopener noreferrer\">Modelo de Projeto de Pesquisa 2023<\/a><\/strong><\/li>\n<li><a href=\"https:\/\/portal.unisepe.com.br\/saolourenco\/wp-content\/uploads\/sites\/10005\/2023\/03\/modelo-relat\u00f3rio-bolsista-iesep.pdf\" target=\"_blank\" rel=\"noopener noreferrer\"><strong>Modelo Relat\u00f3rio Bolsista iesep<\/strong><\/a><\/li>\n<\/ul>\n","protected":false},"excerpt":{"rendered":"<p>FORMUL\u00c1RIOS Formul\u00e1rio de Solicita\u00e7\u00e3o de Apoio Carta de Aprova\u00e7\u00e3o Carta de Aceite Orienta\u00e7\u00e3o IC MODELOS Modelo de Ficha de Controle de Atividades Di\u00e1rias Modelo de Projeto de Pesquisa 2023 Modelo Relat\u00f3rio Bolsista iesep<\/p>\n","protected":false},"author":4,"featured_media":0,"parent":6002,"menu_order":0,"comment_status":"closed","ping_status":"closed","template":"templates\/template-pagina_menu_vertical.php","meta":{"footnotes":""},"categories":[],"tags":[],"class_list":["post-6065","page","type-page","status-publish","hentry"],"_links":{"self":[{"href":"https:\/\/portal.unisepe.com.br\/saolourenco\/wp-json\/wp\/v2\/pages\/6065","targetHints":{"allow":["GET"]}}],"collection":[{"href":"https:\/\/portal.unisepe.com.br\/saolourenco\/wp-json\/wp\/v2\/pages"}],"about":[{"href":"https:\/\/portal.unisepe.com.br\/saolourenco\/wp-json\/wp\/v2\/types\/page"}],"author":[{"embeddable":true,"href":"https:\/\/portal.unisepe.com.br\/saolourenco\/wp-json\/wp\/v2\/users\/4"}],"replies":[{"embeddable":true,"href":"https:\/\/portal.unisepe.com.br\/saolourenco\/wp-json\/wp\/v2\/comments?post=6065"}],"version-history":[{"count":4,"href":"https:\/\/portal.unisepe.com.br\/saolourenco\/wp-json\/wp\/v2\/pages\/6065\/revisions"}],"predecessor-version":[{"id":6075,"href":"https:\/\/portal.unisepe.com.br\/saolourenco\/wp-json\/wp\/v2\/pages\/6065\/revisions\/6075"}],"up":[{"embeddable":true,"href":"https:\/\/portal.unisepe.com.br\/saolourenco\/wp-json\/wp\/v2\/pages\/6002"}],"wp:attachment":[{"href":"https:\/\/portal.unisepe.com.br\/saolourenco\/wp-json\/wp\/v2\/media?parent=6065"}],"wp:term":[{"taxonomy":"category","embeddable":true,"href":"https:\/\/portal.unisepe.com.br\/saolourenco\/wp-json\/wp\/v2\/categories?post=6065"},{"taxonomy":"post_tag","embeddable":true,"href":"https:\/\/portal.unisepe.com.br\/saolourenco\/wp-json\/wp\/v2\/tags?post=6065"}],"curies":[{"name":"wp","href":"https:\/\/api.w.org\/{rel}","templated":true}]}}