{"id":6092,"date":"2023-03-09T20:52:02","date_gmt":"2023-03-09T23:52:02","guid":{"rendered":"https:\/\/portal.unisepe.com.br\/saolourenco\/?page_id=6092"},"modified":"2025-10-23T16:36:28","modified_gmt":"2025-10-23T19:36:28","slug":"convenios-internacionais","status":"publish","type":"page","link":"https:\/\/portal.unisepe.com.br\/saolourenco\/convenios-internacionais\/","title":{"rendered":"Conv\u00eanios Internacionais"},"content":{"rendered":"<h4 style=\"text-align: center;\">CONV\u00caNIO DE COOPERA\u00c7\u00c3O COM A MUST UNIVERSITY \u2013 FL\u00d3RIDA (EUA)<\/h4>\n<p style=\"text-align: justify;\"><span data-teams=\"true\">O Centro Universit\u00e1rio <\/span>S\u00e3o Louren\u00e7o desenvolve a\u00e7\u00f5es e iniciativas de internacionaliza\u00e7\u00e3o como uma oportunidade para trocar experi\u00eancias, gerar novas ideias, discutir problemas e identificar solu\u00e7\u00f5es comuns, al\u00e9m de estabelecer pontes com outras IES. Para tanto, a FPBE possibilita a oportunidade de viver essas experi\u00eancias por meio do conv\u00eanio com a MUST UNIVERSITY, com sede em\u00a0 Miami \u2013 Fl\u00f3rida\/EUA.<\/p>\n<p style=\"text-align: justify;\">O conv\u00eanio possibilita \u00e0 qualifica\u00e7\u00e3o de funcion\u00e1rios, professores e seus dependentes com vistas ao seu crescimento pessoal e profissional, por meio de acesso a todos os programas de mestrado da MUST.<\/p>\n<p style=\"text-align: justify;\">Ainda, possibilita a oferta de cursos livres para alunos, professores e funcion\u00e1rios t\u00e9cnico-administrativos, a fim de incentivar e proporcionar o desenvolvimento cient\u00edfico do egresso.<\/p>\n<p style=\"text-align: justify;\">Para mais informa\u00e7\u00f5es sobre os programas de mestrado da MUST UNIVERSITY, clique aqui:<\/p>\n<p style=\"text-align: justify;\"><em><strong><a href=\"https:\/\/conteudo.mustedu.com\/cadastro-unisepe\" target=\"_blank\" rel=\"noopener noreferrer\">https:\/\/conteudo.mustedu.com\/cadastro-unisepe<\/a><\/strong><\/em><\/p>\n","protected":false},"excerpt":{"rendered":"<p>CONV\u00caNIO DE COOPERA\u00c7\u00c3O COM A MUST UNIVERSITY \u2013 FL\u00d3RIDA (EUA) O Centro Universit\u00e1rio S\u00e3o Louren\u00e7o desenvolve a\u00e7\u00f5es e iniciativas de internacionaliza\u00e7\u00e3o como uma oportunidade para trocar experi\u00eancias, gerar novas ideias, discutir problemas e identificar solu\u00e7\u00f5es comuns, al\u00e9m de estabelecer pontes com outras IES. Para tanto, a FPBE possibilita a oportunidade<\/p>\n","protected":false},"author":4,"featured_media":0,"parent":0,"menu_order":0,"comment_status":"closed","ping_status":"closed","template":"","meta":{"footnotes":""},"categories":[],"tags":[],"class_list":["post-6092","page","type-page","status-publish","hentry"],"_links":{"self":[{"href":"https:\/\/portal.unisepe.com.br\/saolourenco\/wp-json\/wp\/v2\/pages\/6092","targetHints":{"allow":["GET"]}}],"collection":[{"href":"https:\/\/portal.unisepe.com.br\/saolourenco\/wp-json\/wp\/v2\/pages"}],"about":[{"href":"https:\/\/portal.unisepe.com.br\/saolourenco\/wp-json\/wp\/v2\/types\/page"}],"author":[{"embeddable":true,"href":"https:\/\/portal.unisepe.com.br\/saolourenco\/wp-json\/wp\/v2\/users\/4"}],"replies":[{"embeddable":true,"href":"https:\/\/portal.unisepe.com.br\/saolourenco\/wp-json\/wp\/v2\/comments?post=6092"}],"version-history":[{"count":3,"href":"https:\/\/portal.unisepe.com.br\/saolourenco\/wp-json\/wp\/v2\/pages\/6092\/revisions"}],"predecessor-version":[{"id":6805,"href":"https:\/\/portal.unisepe.com.br\/saolourenco\/wp-json\/wp\/v2\/pages\/6092\/revisions\/6805"}],"wp:attachment":[{"href":"https:\/\/portal.unisepe.com.br\/saolourenco\/wp-json\/wp\/v2\/media?parent=6092"}],"wp:term":[{"taxonomy":"category","embeddable":true,"href":"https:\/\/portal.unisepe.com.br\/saolourenco\/wp-json\/wp\/v2\/categories?post=6092"},{"taxonomy":"post_tag","embeddable":true,"href":"https:\/\/portal.unisepe.com.br\/saolourenco\/wp-json\/wp\/v2\/tags?post=6092"}],"curies":[{"name":"wp","href":"https:\/\/api.w.org\/{rel}","templated":true}]}}