{"id":6106,"date":"2023-03-14T20:08:35","date_gmt":"2023-03-14T23:08:35","guid":{"rendered":"https:\/\/portal.unisepe.com.br\/saolourenco\/?page_id=6106"},"modified":"2023-03-31T14:35:37","modified_gmt":"2023-03-31T17:35:37","slug":"2022-2","status":"publish","type":"page","link":"https:\/\/portal.unisepe.com.br\/saolourenco\/biblioteca\/repositorio-2\/direito\/2022-2\/","title":{"rendered":"2022"},"content":{"rendered":"<h2 style=\"text-align: center\"><strong>TCC 2022<\/strong><\/h2>\n<p>&nbsp;<\/p>\n<ol>\n<li><em><strong><a href=\"https:\/\/portal.unisepe.com.br\/saolourenco\/biblioteca\/repositorio-2\/direito\/2022-2\/alexandre-kelvin-de-assis-mota-2\/\" rel=\"attachment wp-att-6112\">O USO DE C\u00c2MERAS CORPORAIS EM ABORDAGENS POLICIAIS COMO INSTRUMENTO GARANTIDOR DE DIREITOS FUNDAMENTAIS<\/a><\/strong><\/em><\/li>\n<li><em><strong><a href=\"https:\/\/portal.unisepe.com.br\/saolourenco\/biblioteca\/repositorio-2\/direito\/2022-2\/tcc-alexia-a-g-silva-2\/\" rel=\"attachment wp-att-6113\">O CONFISCO A LUZ DA LEI 13.964\/2019<\/a><\/strong><\/em><\/li>\n<li><em><strong><a href=\"https:\/\/portal.unisepe.com.br\/saolourenco\/biblioteca\/repositorio-2\/direito\/2022-2\/tcc-alexssandra-amaral-word\/\" rel=\"attachment wp-att-6114\">ACORDO DE N\u00c3O PERSECU\u00c7\u00c3O PENAL: uma an\u00e1lise jur\u00eddica em rela\u00e7\u00e3o aos princ\u00edpios constitucionais.<\/a><\/strong><\/em><\/li>\n<li><em><strong><a href=\"https:\/\/portal.unisepe.com.br\/saolourenco\/biblioteca\/repositorio-2\/direito\/2022-2\/tcc-amanda-mendes-dos-santos-2022-1\/\" rel=\"attachment wp-att-6115\">CRIME DE VIOL\u00caNCIA INSTITUCIONAL Modifica\u00e7\u00f5es na Lei de Abuso de Autoridade trazidas pela Lei n\u00ba 14.231\/22<\/a><\/strong><\/em><\/li>\n<li><em><strong><a href=\"https:\/\/portal.unisepe.com.br\/saolourenco\/biblioteca\/repositorio-2\/direito\/2022-2\/ana-carolina-arruda-pereira-tcc\/\" rel=\"attachment wp-att-6116\">O DIREITO SIST\u00caMICO NO COMBATE \u00c0 VIOL\u00caNCIA DOM\u00c9STICA E FAMILIAR<\/a><\/strong><\/em><\/li>\n<li><em><strong><a href=\"https:\/\/portal.unisepe.com.br\/saolourenco\/biblioteca\/repositorio-2\/direito\/2022-2\/tcc-ana-carolina-ribeiro\/\" rel=\"attachment wp-att-6117\">TRANSEXUALIDADE E LEI MARIA DA PENHA POSSIBILIDADE DE APLICA\u00c7\u00c3O DA LEI 11.340\/<\/a><\/strong><\/em><\/li>\n<li><em><strong><a href=\"https:\/\/portal.unisepe.com.br\/saolourenco\/biblioteca\/repositorio-2\/direito\/2022-2\/copia-de-copia-de-aquila-silva-alves\/\" rel=\"attachment wp-att-6118\">A LEI DE DROGAS E SUA CONTRIBUI\u00c7\u00c3O PARA O ENCARCEIRAMENTO EM GRANDE ESCALA NO SISTEMA PENITENCI\u00c1RIO DO BRASIL<\/a><\/strong><\/em><\/li>\n<li><em><strong><a href=\"https:\/\/portal.unisepe.com.br\/saolourenco\/biblioteca\/repositorio-2\/direito\/2022-2\/tcc-celina\/\" rel=\"attachment wp-att-6119\">DISSOLU\u00c7\u00c3O DA UNI\u00c3O EST\u00c1VEL E SEUS EFEITOS PATRIMONIAIS NO DIREITO DE FAM\u00cdLIA<\/a><\/strong><\/em><\/li>\n<li><em><strong><a href=\"https:\/\/portal.unisepe.com.br\/saolourenco\/biblioteca\/repositorio-2\/direito\/2022-2\/hdr22349-cristiane-final-corrigido\/\" rel=\"attachment wp-att-6120\">GUARDA COMPARTILHADA: SUA APLICABILIDADE LEGAL DESEJADA, E SUAS RESTRI\u00c7\u00d5ES DIANTE DOS CASOS CONCRETOS<\/a><\/strong><\/em><\/li>\n<li><em><strong><a href=\"https:\/\/portal.unisepe.com.br\/saolourenco\/biblioteca\/repositorio-2\/direito\/2022-2\/tcc_daniel-noronha\/\" rel=\"attachment wp-att-6121\">AN\u00c1LISE CONSTITUCIONAL DA EXIGIBILIDADE DE CAPACITA\u00c7\u00c3O T\u00c9CNICA EM LICITA\u00c7\u00d5ES P\u00daBLICAS<\/a><\/strong><\/em><\/li>\n<li><em><strong><a href=\"https:\/\/portal.unisepe.com.br\/saolourenco\/biblioteca\/repositorio-2\/direito\/2022-2\/daniela-silva-de-souza-nascimento-final-docx\/\" rel=\"attachment wp-att-6123\">A EFETIVIDADE DAS PUNI\u00c7\u00d5ES AO PSICOPATA NO DIREITO PENAL BRASILEIRO<\/a><\/strong><\/em><\/li>\n<li><em><strong><a href=\"https:\/\/portal.unisepe.com.br\/saolourenco\/biblioteca\/repositorio-2\/direito\/2022-2\/tcc-dayra-fernandes-10op-direito-com-ficha-catalografica\/\" rel=\"attachment wp-att-6124\">CAPITALISMO DE VIGIL\u00c2NCIA, PROFILING E DISCRIMINA\u00c7\u00c3O ALGOR\u00cdTMICA: a necess\u00e1ria adequa\u00e7\u00e3o legislativa como efetiva\u00e7\u00e3o da prote\u00e7\u00e3o dos ciberconsumidores na era digital atual<\/a><\/strong><\/em><\/li>\n<li><strong><em><a href=\"https:\/\/portal.unisepe.com.br\/saolourenco\/biblioteca\/repositorio-2\/direito\/2022-2\/tcc-elida-05-05-2022\/\" rel=\"attachment wp-att-6125\">A RESPONSABILIDADE CIVIL EM CASOS DE INFEC\u00c7\u00c3O HOSPITALAR<\/a><\/em><\/strong><\/li>\n<li><em><strong><a href=\"https:\/\/portal.unisepe.com.br\/saolourenco\/biblioteca\/repositorio-2\/direito\/2022-2\/tcc_fabiana\/\" rel=\"attachment wp-att-6126\">OS \u201c7 PRISIONEIROS\u201d E A ESCRAVID\u00c3O MODERNA<\/a><\/strong><\/em><\/li>\n<li><em><strong><a href=\"https:\/\/portal.unisepe.com.br\/saolourenco\/biblioteca\/repositorio-2\/direito\/2022-2\/tcc-fabio-1\/\" rel=\"attachment wp-att-6127\">O SURGIMENTO DA CORRUP\u00c7\u00c3O NO BRASIL E SUAS PRINCIPAIS ESP\u00c9CIES An\u00e1lise sobre o surgimento hist\u00f3rico da corrup\u00e7\u00e3o no Brasil e suas principais esp\u00e9cies.<\/a><\/strong><\/em><\/li>\n<li><em><strong><a href=\"https:\/\/portal.unisepe.com.br\/saolourenco\/biblioteca\/repositorio-2\/direito\/2022-2\/tcc-felipe\/\" rel=\"attachment wp-att-6128\">O Dever de Mitigar o Pr\u00f3prio Preju\u00edzo (Duty To Mitigate The Loss): Uma Perspectiva Brasileira<\/a><\/strong><\/em><\/li>\n<li><em><strong><a href=\"https:\/\/portal.unisepe.com.br\/saolourenco\/biblioteca\/repositorio-2\/direito\/2022-2\/tcc-felipe-1-dez-2022\/\" rel=\"attachment wp-att-6130\">A NECROPSIA M\u00c9DICO LEGAL NO \u00c2MBITO DO PROCESSO PENAL<\/a><\/strong><\/em><\/li>\n<li><em><strong><a href=\"https:\/\/portal.unisepe.com.br\/saolourenco\/biblioteca\/repositorio-2\/direito\/2022-2\/tcc-francisco-p-de-paiva-neto\/\" rel=\"attachment wp-att-6131\">A COCULPABILIDADE E SUA APLICA\u00c7\u00c3O COMO ATENUANTE GEN\u00c9RICA PREVISTA NO ARTIGO 66 DO C\u00d3DIGO PENAL<\/a><\/strong><\/em><\/li>\n<li><em><strong><a href=\"https:\/\/portal.unisepe.com.br\/saolourenco\/biblioteca\/repositorio-2\/direito\/2022-2\/garantismo-penal-gabriel-de-souza-maciel-9790-1-2\/\" rel=\"attachment wp-att-6133\">GARANTISMO PENAL An\u00e1lise da aplica\u00e7\u00e3o do Garantismo Penal pelos operadores do Direito no Brasil<\/a><\/strong><\/em><\/li>\n<li><strong><em><a href=\"https:\/\/portal.unisepe.com.br\/saolourenco\/biblioteca\/repositorio-2\/direito\/2022-2\/tcc-com-ficha-catalografica\/\" rel=\"attachment wp-att-6134\">ATIVISMO JUDICIAL E O ORDENAMENTO JUR\u00cdDICO BRASILEIRO: OS LIMITES DE ATUA\u00c7\u00c3O DO PODER JUDICI\u00c1RIO<\/a><\/em><\/strong><\/li>\n<li><strong><em><a href=\"https:\/\/portal.unisepe.com.br\/saolourenco\/biblioteca\/repositorio-2\/direito\/2022-2\/tcc-16\/\" rel=\"attachment wp-att-6135\">MULHERES TRABALHADORAS RURAIS: DIFICULDADE NA OBTEN\u00c7\u00c3O DE BENEF\u00cdCIOS PREVIDENCI\u00c1RIOS QUANDO O C\u00d4NJUGE \u00c9 TRABALHADOR URBANO<\/a><\/em><\/strong><\/li>\n<li><strong><em><a href=\"https:\/\/portal.unisepe.com.br\/saolourenco\/biblioteca\/repositorio-2\/direito\/2022-2\/tcc-giovana-15\/\" rel=\"attachment wp-att-6136\">MEDIDAS PROTETIVAS: UMA AN\u00c1LISE DA (IN) EFIC\u00c1CIA DA LEI N\u00ba 11.340\/06 COMO FORMA DE INIBIR A VIOL\u00caNCIA DOM\u00c9STICA<\/a><\/em><\/strong><\/li>\n<li><em><strong><a href=\"https:\/\/portal.unisepe.com.br\/saolourenco\/biblioteca\/repositorio-2\/direito\/2022-2\/tcc-pronto-hugo-oliveira-da-rosa-ra-9938\/\" rel=\"attachment wp-att-6137\">RELACIONAMENTOS POLIAFETIVOS \u00c0 LUZ DO ORDENAMENTO JUR\u00cdDICO BRASILEIRO An\u00e1lise do Pedido de Provid\u00eancias n\u00ba 0001459-08.2016.2.00.0000 do Conselho Nacional de Justi\u00e7a<\/a><\/strong><\/em><\/li>\n<li><em><strong><a href=\"https:\/\/portal.unisepe.com.br\/saolourenco\/biblioteca\/repositorio-2\/direito\/2022-2\/tcc-iasmine-milene-porto-carneiro\/\" rel=\"attachment wp-att-6138\">CASO CHICO PICADINHO: O direito de liberdade do interditado versus a seguran\u00e7a social<\/a><\/strong><\/em><\/li>\n<li><em><strong><a href=\"https:\/\/portal.unisepe.com.br\/saolourenco\/biblioteca\/repositorio-2\/direito\/2022-2\/tcc-6\/\" rel=\"attachment wp-att-6139\">A (IM)POSSIBILIDADE DA PRIS\u00c3O EM FLAGRANTE PREPARADA POR EQUIPE JORNAL\u00cdSTICA<\/a><\/strong><\/em><\/li>\n<li><em><strong><a href=\"https:\/\/portal.unisepe.com.br\/saolourenco\/biblioteca\/repositorio-2\/direito\/2022-2\/tcc-isaias-de-lima-junior-ra-9581\/\" rel=\"attachment wp-att-6140\">CONFLITOS NO DIV\u00d3RCIO: A EFETIVIDADE DA GUARDA COMPARTILHADA COMO FATOR DE REDU\u00c7\u00c3O<\/a><\/strong><\/em><\/li>\n<li><em><strong><a href=\"https:\/\/portal.unisepe.com.br\/saolourenco\/biblioteca\/repositorio-2\/direito\/2022-2\/tcc-joao-marcelo-finalizado11-1\/\" rel=\"attachment wp-att-6141\">VIOLA\u00c7\u00c3O DOS DIREITOS DE IMAGEM EM GAMES VIRTUAIS: UMA AN\u00c1LISE DO ROMPIMENTO DOS DIREITOS FUNDAMENTAIS DE PERSONALIDADE E IMAGEM DOS ATLETAS DE FUTEBOL<\/a><\/strong><\/em><\/li>\n<li><em><strong><a href=\"https:\/\/portal.unisepe.com.br\/saolourenco\/biblioteca\/repositorio-2\/direito\/2022-2\/tcc-joyce\/\" rel=\"attachment wp-att-6142\">CASO FAVELA NOVA BRAS\u00cdLIA: Viola\u00e7\u00f5es de Direitos Humanos e suas consequ\u00eancias<\/a><\/strong><\/em><\/li>\n<li><em><strong><a href=\"https:\/\/portal.unisepe.com.br\/saolourenco\/biblioteca\/repositorio-2\/direito\/2022-2\/do-adimplemento-da-pena-de-multa-como-requisito-para-progressa%cc%83o-de-regime-1\/\" rel=\"attachment wp-att-6143\">DO ADIMPLEMENTO DA PENA DE MULTA COMO REQUISITO PARA PROGRESS\u00c3O DE REGIME PRISIONAL<\/a><\/strong><\/em><\/li>\n<li><em><strong><a href=\"https:\/\/portal.unisepe.com.br\/saolourenco\/biblioteca\/repositorio-2\/direito\/2022-2\/julia-ribeiro-costa-pinto-tcc\/\" rel=\"attachment wp-att-6144\">RESPONSABILIDADE DO EMPREGADOR DECORRENTE DE ACIDENTE DE TRABALHO<\/a><\/strong><\/em><\/li>\n<li><em><strong><a href=\"https:\/\/portal.unisepe.com.br\/saolourenco\/biblioteca\/repositorio-2\/direito\/2022-2\/tcc-kamilla-1-1\/\" rel=\"attachment wp-att-6145\">A PSICOPATIA E O JUS PUNIENDI NO DIREITO PENAL BRASILEIRO<\/a><\/strong><\/em><\/li>\n<li><em><strong><a href=\"https:\/\/portal.unisepe.com.br\/saolourenco\/biblioteca\/repositorio-2\/direito\/2022-2\/tcc-larissa-caso-da-fazenda-3-pinheiros\/\" rel=\"attachment wp-att-6146\">O CASO DA FAZENDA TR\u00caS PINHEIROS: Resgate hist\u00f3rico e an\u00e1lise do crime ocorrido em Baependi em 1948<\/a><\/strong><\/em><\/li>\n<li><em><strong><a href=\"https:\/\/portal.unisepe.com.br\/saolourenco\/biblioteca\/repositorio-2\/direito\/2022-2\/tcc-laura-ribeiro-matuck-1\/\" rel=\"attachment wp-att-6147\">MAUS-TRATOS INFANTIS E ENVOLVIMENTO CRIMINAL DE ADULTOS: Uma an\u00e1lise criminol\u00f3gica da rela\u00e7\u00e3o entre o abuso na inf\u00e2ncia e a rela\u00e7\u00e3o com a perpetra\u00e7\u00e3o de viol\u00eancia e crimes na idade adulta<\/a><\/strong><\/em><\/li>\n<li><strong><em><a href=\"https:\/\/portal.unisepe.com.br\/saolourenco\/biblioteca\/repositorio-2\/direito\/2022-2\/da-reparticao-de-competencias-constitucionais-em-tempos-de-pandemia-a-luz-da-jurisprudencia-do-stf-2\/\" rel=\"attachment wp-att-6148\">DA REPARTI\u00c7\u00c3O DE COMPET\u00caNCIAS CONSTITUCIONAIS EM TEMPOS DE PANDEMIA \u00c0 LUZ DA JURISPRUD\u00caNCIA DO STF<\/a><\/em><\/strong><\/li>\n<li><em><strong><a href=\"https:\/\/portal.unisepe.com.br\/saolourenco\/biblioteca\/repositorio-2\/direito\/2022-2\/projeto-tcc-lia-emanuelle-1\/\" rel=\"attachment wp-att-6149\">PROGRAMA BOLSA FAM\u00cdLIA: UMA AN\u00c1LISE DO ENFRENTAMENTO \u00c0 VULNERABILIDADE ECON\u00d4MICA E SOCIAL NO BRASIL SOB O OLHAR DOS DIREITOS HUMANOS<\/a><\/strong><\/em><\/li>\n<li><em><strong><a href=\"https:\/\/portal.unisepe.com.br\/saolourenco\/biblioteca\/repositorio-2\/direito\/2022-2\/tcc-lucas-trani-1\/\" rel=\"attachment wp-att-6150\">A SUSPENS\u00c3O DA CNH DO EXECUTADO COMO MEDIDA EXECUTIVA<\/a><\/strong><\/em><\/li>\n<li><em><strong><a href=\"https:\/\/portal.unisepe.com.br\/saolourenco\/biblioteca\/repositorio-2\/direito\/2022-2\/cyber-espaco-e-os-desafios-do-anonimato\/\" rel=\"attachment wp-att-6151\">CYBER ESPA\u00c7O E OS DESAFIOS DO ANONIMATO<\/a><\/strong><\/em><\/li>\n<li><em><strong><a href=\"https:\/\/portal.unisepe.com.br\/saolourenco\/biblioteca\/repositorio-2\/direito\/2022-2\/tcc-lucrecia-elias-pereira-da-silva-finalizado\/\" rel=\"attachment wp-att-6152\">ALIENA\u00c7\u00c3O PARENTAL NO DIREITO DE FAM\u00cdLIA E A ATUA\u00c7\u00c3O DO PODER JUDICI\u00c1RIO<\/a><\/strong><\/em><\/li>\n<li><em><strong><a href=\"https:\/\/portal.unisepe.com.br\/saolourenco\/biblioteca\/repositorio-2\/direito\/2022-2\/tcc-luma-de-mattos\/\" rel=\"attachment wp-att-6154\">A INEFICI\u00caNCIA DA LEI 11.343\/06 (LEI DE DROGAS)<\/a><\/strong><\/em><\/li>\n<li><strong><em><a href=\"https:\/\/portal.unisepe.com.br\/saolourenco\/biblioteca\/repositorio-2\/direito\/2022-2\/artigo-inventario-extrajudicial\/\" rel=\"attachment wp-att-6155\">A IMPOSSIBILIDADE DE REALIZA\u00c7\u00c3O DE INVENT\u00c1RIO EXTRAJUDICIAL QUANDO DA EXIST\u00caNCIA DE TESTAMENTO<\/a><\/em><\/strong><\/li>\n<li><em><strong><a href=\"https:\/\/portal.unisepe.com.br\/saolourenco\/biblioteca\/repositorio-2\/direito\/2022-2\/trab-cc\/\" rel=\"attachment wp-att-6156\">NEOCONSTITUCIONALISMO: UMA ANALISE DO ATIVISMO JUDICIAL<\/a><\/strong><\/em><\/li>\n<li><em><strong><a href=\"https:\/\/portal.unisepe.com.br\/saolourenco\/biblioteca\/repositorio-2\/direito\/2022-2\/tcc-matheus-completo\/\" rel=\"attachment wp-att-6157\">INVALIDADE DA PROVA OBTIDA POR MEIO DO ESPELHAMENTO DO WHATSAPP WEB An\u00e1lise do RHC N\u00b0 99.735\/SC<\/a><\/strong><\/em><\/li>\n<li><em><strong><a href=\"https:\/\/portal.unisepe.com.br\/saolourenco\/biblioteca\/repositorio-2\/direito\/2022-2\/tcc-natalia-23-nov-2022-versao-final\/\" rel=\"attachment wp-att-6158\">HOMOAFETIVIDADE E DIREITOS LGBTQIAP+ A jurisprud\u00eancia como grande art\u00edfice do direito homoafetivo no ordenamento jur\u00eddico brasileiro<\/a><\/strong><\/em><\/li>\n<li><em><strong><a href=\"https:\/\/portal.unisepe.com.br\/saolourenco\/biblioteca\/repositorio-2\/direito\/2022-2\/tcc-execucao-contra-a-fazenda-publica-entrega-final\/\" rel=\"attachment wp-att-6159\">EXECUCAO CONTRA A FAZENDA PUBLICA <\/a><\/strong><\/em><\/li>\n<\/ol>\n","protected":false},"excerpt":{"rendered":"<p>TCC 2022 &nbsp; O USO DE C\u00c2MERAS CORPORAIS EM ABORDAGENS POLICIAIS COMO INSTRUMENTO GARANTIDOR DE DIREITOS FUNDAMENTAIS O CONFISCO A LUZ DA LEI 13.964\/2019 ACORDO DE N\u00c3O PERSECU\u00c7\u00c3O PENAL: uma an\u00e1lise jur\u00eddica em rela\u00e7\u00e3o aos princ\u00edpios constitucionais. CRIME DE VIOL\u00caNCIA INSTITUCIONAL Modifica\u00e7\u00f5es na Lei de Abuso de Autoridade trazidas pela<\/p>\n","protected":false},"author":4,"featured_media":0,"parent":5472,"menu_order":0,"comment_status":"closed","ping_status":"closed","template":"templates\/template-pagina_menu_vertical.php","meta":{"footnotes":""},"categories":[],"tags":[],"class_list":["post-6106","page","type-page","status-publish","hentry"],"_links":{"self":[{"href":"https:\/\/portal.unisepe.com.br\/saolourenco\/wp-json\/wp\/v2\/pages\/6106","targetHints":{"allow":["GET"]}}],"collection":[{"href":"https:\/\/portal.unisepe.com.br\/saolourenco\/wp-json\/wp\/v2\/pages"}],"about":[{"href":"https:\/\/portal.unisepe.com.br\/saolourenco\/wp-json\/wp\/v2\/types\/page"}],"author":[{"embeddable":true,"href":"https:\/\/portal.unisepe.com.br\/saolourenco\/wp-json\/wp\/v2\/users\/4"}],"replies":[{"embeddable":true,"href":"https:\/\/portal.unisepe.com.br\/saolourenco\/wp-json\/wp\/v2\/comments?post=6106"}],"version-history":[{"count":5,"href":"https:\/\/portal.unisepe.com.br\/saolourenco\/wp-json\/wp\/v2\/pages\/6106\/revisions"}],"predecessor-version":[{"id":6160,"href":"https:\/\/portal.unisepe.com.br\/saolourenco\/wp-json\/wp\/v2\/pages\/6106\/revisions\/6160"}],"up":[{"embeddable":true,"href":"https:\/\/portal.unisepe.com.br\/saolourenco\/wp-json\/wp\/v2\/pages\/5472"}],"wp:attachment":[{"href":"https:\/\/portal.unisepe.com.br\/saolourenco\/wp-json\/wp\/v2\/media?parent=6106"}],"wp:term":[{"taxonomy":"category","embeddable":true,"href":"https:\/\/portal.unisepe.com.br\/saolourenco\/wp-json\/wp\/v2\/categories?post=6106"},{"taxonomy":"post_tag","embeddable":true,"href":"https:\/\/portal.unisepe.com.br\/saolourenco\/wp-json\/wp\/v2\/tags?post=6106"}],"curies":[{"name":"wp","href":"https:\/\/api.w.org\/{rel}","templated":true}]}}