{"id":6225,"date":"2023-04-11T13:14:15","date_gmt":"2023-04-11T16:14:15","guid":{"rendered":"https:\/\/portal.unisepe.com.br\/saolourenco\/?page_id=6225"},"modified":"2023-05-18T13:18:30","modified_gmt":"2023-05-18T16:18:30","slug":"2022-2psi","status":"publish","type":"page","link":"https:\/\/portal.unisepe.com.br\/saolourenco\/biblioteca\/repositorio-2\/psicologia\/2022-2psi\/","title":{"rendered":"2022"},"content":{"rendered":"<h2 style=\"text-align: center\"><span style=\"color: #3366ff\"><strong>2022<\/strong><\/span><\/h2>\n<hr \/>\n<p style=\"text-align: center\"><strong><a href=\"https:\/\/portal.unisepe.com.br\/saolourenco\/wp-content\/uploads\/sites\/10005\/2023\/03\/REFLEX\u00d5ES-ACERCA-DA-SUPRESS\u00c3O-DOS-RITUAIS-DE-DESPEDIDA.pdf\" target=\"_blank\" rel=\"noopener noreferrer\"><span>ASPECTOS PSICOSSOCIAIS NA PERCEP\u00c7\u00c3O DOS PROFISSIONAIS DE SA\u00daDE A RESPEITO DA FINITUDE DA VIDA E SEU IMPACTO NOS CUIDADOS PALIATIVOS<\/span><\/a><\/strong><\/p>\n<p style=\"text-align: center\"><strong><a href=\"https:\/\/portal.unisepe.com.br\/saolourenco\/wp-content\/uploads\/sites\/10005\/2023\/03\/DIAGN\u00d3STICO-PRECOCE-DO-AUTISMO-E-O-PAPEL-DA-PSICOLOGIA-UMA-REVIS\u00c3O-NARRATIVA.pdf\" target=\"_blank\" rel=\"noopener noreferrer\"><\/a><\/strong><\/p>\n<hr \/>\n<p style=\"text-align: center\"><a href=\"https:\/\/portal.unisepe.com.br\/saolourenco\/wp-content\/uploads\/sites\/10005\/2023\/03\/REFLEX\u00c3O-ACERCA-DA-SUPRESSAO-DOS-RITUAIS-DE-DESPEDIDA-IMPOSTA-PELAS-REGRAS-SANIT\u00c1RIAS-DE-CONTEN\u00c7\u00c3O-DA-PANDEMIA-DE-COVID-19.pdf\" target=\"_blank\" rel=\"noopener noreferrer\"><strong>REFLEX\u00c3O ACERCA DA SUPRESSAO DOS RITUAIS DE DESPEDIDA IMPOSTA PELAS REGRAS SANIT\u00c1RIAS DE CONTEN\u00c7\u00c3O DA PANDEMIA DE COVID 19<\/strong><\/a><\/p>\n<hr \/>\n<p style=\"text-align: center\"><strong><a href=\"https:\/\/portal.unisepe.com.br\/saolourenco\/wp-content\/uploads\/sites\/10005\/2023\/03\/PRIVA\u00c7\u00c3O-DO-SONO-E-PREJU\u00cdZOS-ASSOCIADOS-AO-PROCESSO-DE-APRENDIZAGEM-UMA-REVIS\u00c3O-NARRATIVA-DA-LITERATURA.pdf\" target=\"_blank\" rel=\"noopener noreferrer\">PRIVA\u00c7\u00c3O DO SONO E PREJU\u00cdZOS ASSOCIADOS AO PROCESSO DE APRENDIZAGEM UMA REVIS\u00c3O NARRATIVA DA LITERATURA<\/a><\/strong><\/p>\n<hr \/>\n<p style=\"text-align: center\"><strong><a href=\"https:\/\/portal.unisepe.com.br\/saolourenco\/wp-content\/uploads\/sites\/10005\/2023\/03\/OS-BENEF\u00cdCIOS-DO-TREINO-DE-HABILIDADE-SOCIAIS-PARA-CRIAN\u00c7AS-COM-USO-EXCESSIVO-DE-TELAS-UMA-REVIS\u00c3O-NARRATIVA.pdf\" target=\"_blank\" rel=\"noopener noreferrer\">OS BENEF\u00cdCIOS DO TREINO DE HABILIDADE SOCIAIS PARA CRIAN\u00c7AS COM USO EXCESSIVO DE TELAS UMA REVIS\u00c3O NARRATIVA<\/a><\/strong><\/p>\n<hr \/>\n<p style=\"text-align: center\"><a href=\"https:\/\/portal.unisepe.com.br\/saolourenco\/wp-content\/uploads\/sites\/10005\/2023\/05\/PRIVA\u00c7\u00c3O-DO-SONO-E-PREJU\u00cdZOS-ASSOCIADOS-AO-PROCESSO-DE-3.pdf\" target=\"_blank\" rel=\"noopener noreferrer\"><strong>PRIVA\u00c7\u00c3O DO SONO E PREJU\u00cdZOS ASSOCIADOS AO PROCESSO DE APRENDIZAGEM: UMA REVIS\u00c3O NARRATIVA DA LITERATURA<\/strong><\/a><\/p>\n<hr \/>\n<p style=\"text-align: center\"><a href=\"https:\/\/portal.unisepe.com.br\/saolourenco\/wp-content\/uploads\/sites\/10005\/2023\/03\/O-BRINCAR-NA-PSICAN\u00c1LISE-WINNICOTTIANA.pdf\" target=\"_blank\" rel=\"noopener noreferrer\"><strong>O BRINCAR NA PSICAN\u00c1LISE WINNICOTTIANA<\/strong><\/a><\/p>\n<hr \/>\n<p style=\"text-align: center\"><strong><a href=\"https:\/\/portal.unisepe.com.br\/saolourenco\/wp-content\/uploads\/sites\/10005\/2023\/03\/MUDAN\u00c7AS-NA-DINAMICA-FAMILIAR-AP\u00d3S-O-DIAGN\u00d3STICO-DE-TEA-UMA-REVIS\u00c3O-NARRATIVA.pdf\" target=\"_blank\" rel=\"noopener noreferrer\">MUDAN\u00c7AS NA DINAMICA FAMILIAR AP\u00d3S O DIAGN\u00d3STICO DE TEA UMA REVIS\u00c3O NARRATIVA<\/a><\/strong><\/p>\n<hr \/>\n<p style=\"text-align: center\"><strong><a href=\"https:\/\/portal.unisepe.com.br\/saolourenco\/wp-content\/uploads\/sites\/10005\/2023\/03\/ASPECTOS-PSICOL\u00d3GICOS-DE-M\u00c3ES-ENLUTADAS-POR-PERDAS-GESTACIONAIS.pdf\" target=\"_blank\" rel=\"noopener noreferrer\">ASPECTOS PSICOL\u00d3GICOS DE M\u00c3ES ENLUTADAS POR PERDAS GESTACIONAIS<\/a><\/strong><\/p>\n<hr \/>\n<p style=\"text-align: center\"><strong><a href=\"https:\/\/portal.unisepe.com.br\/saolourenco\/wp-content\/uploads\/sites\/10005\/2023\/03\/DIAGN\u00d3STICO-PRECOCE-DO-AUTISMO-E-O-PAPEL-DA-PSICOLOGIA-UMA-REVIS\u00c3O-NARRATIVA.pdf\" target=\"_blank\" rel=\"noopener noreferrer\">DIAGN\u00d3STICO PRECOCE DO AUTISMO E O PAPEL DA PSICOLOGIA UMA REVIS\u00c3O NARRATIVA<\/a><\/strong><\/p>\n<p>&nbsp;<\/p>\n<hr \/>\n<p style=\"text-align: center\"><strong><a href=\"https:\/\/portal.unisepe.com.br\/saolourenco\/wp-content\/uploads\/sites\/10005\/2023\/05\/PRIVA\u00c7\u00c3O-DO-SONO-E-PREJU\u00cdZOS-ASSOCIADOS-AO-PROCESSO-DE-APRENDIZAGEM.pdf\" target=\"_blank\" rel=\"noopener noreferrer\">PRIVA\u00c7\u00c3O DO SONO E PREJU\u00cdZOS ASSOCIADOS AO PROCESSO DE APRENDIZAGEM<\/a><\/strong><\/p>\n<p>&nbsp;<\/p>\n","protected":false},"excerpt":{"rendered":"<p>2022 ASPECTOS PSICOSSOCIAIS NA PERCEP\u00c7\u00c3O DOS PROFISSIONAIS DE SA\u00daDE A RESPEITO DA FINITUDE DA VIDA E SEU IMPACTO NOS CUIDADOS PALIATIVOS REFLEX\u00c3O ACERCA DA SUPRESSAO DOS RITUAIS DE DESPEDIDA IMPOSTA PELAS REGRAS SANIT\u00c1RIAS DE CONTEN\u00c7\u00c3O DA PANDEMIA DE COVID 19 PRIVA\u00c7\u00c3O DO SONO E PREJU\u00cdZOS ASSOCIADOS AO PROCESSO DE APRENDIZAGEM<\/p>\n","protected":false},"author":4,"featured_media":0,"parent":6204,"menu_order":0,"comment_status":"closed","ping_status":"closed","template":"templates\/template-pagina_menu_vertical.php","meta":{"footnotes":""},"categories":[],"tags":[],"class_list":["post-6225","page","type-page","status-publish","hentry"],"_links":{"self":[{"href":"https:\/\/portal.unisepe.com.br\/saolourenco\/wp-json\/wp\/v2\/pages\/6225","targetHints":{"allow":["GET"]}}],"collection":[{"href":"https:\/\/portal.unisepe.com.br\/saolourenco\/wp-json\/wp\/v2\/pages"}],"about":[{"href":"https:\/\/portal.unisepe.com.br\/saolourenco\/wp-json\/wp\/v2\/types\/page"}],"author":[{"embeddable":true,"href":"https:\/\/portal.unisepe.com.br\/saolourenco\/wp-json\/wp\/v2\/users\/4"}],"replies":[{"embeddable":true,"href":"https:\/\/portal.unisepe.com.br\/saolourenco\/wp-json\/wp\/v2\/comments?post=6225"}],"version-history":[{"count":8,"href":"https:\/\/portal.unisepe.com.br\/saolourenco\/wp-json\/wp\/v2\/pages\/6225\/revisions"}],"predecessor-version":[{"id":6277,"href":"https:\/\/portal.unisepe.com.br\/saolourenco\/wp-json\/wp\/v2\/pages\/6225\/revisions\/6277"}],"up":[{"embeddable":true,"href":"https:\/\/portal.unisepe.com.br\/saolourenco\/wp-json\/wp\/v2\/pages\/6204"}],"wp:attachment":[{"href":"https:\/\/portal.unisepe.com.br\/saolourenco\/wp-json\/wp\/v2\/media?parent=6225"}],"wp:term":[{"taxonomy":"category","embeddable":true,"href":"https:\/\/portal.unisepe.com.br\/saolourenco\/wp-json\/wp\/v2\/categories?post=6225"},{"taxonomy":"post_tag","embeddable":true,"href":"https:\/\/portal.unisepe.com.br\/saolourenco\/wp-json\/wp\/v2\/tags?post=6225"}],"curies":[{"name":"wp","href":"https:\/\/api.w.org\/{rel}","templated":true}]}}