{"id":6292,"date":"2023-05-17T14:09:14","date_gmt":"2023-05-17T17:09:14","guid":{"rendered":"https:\/\/portal.unisepe.com.br\/saolourenco\/?page_id=6292"},"modified":"2023-05-17T18:28:42","modified_gmt":"2023-05-17T21:28:42","slug":"2020-2","status":"publish","type":"page","link":"https:\/\/portal.unisepe.com.br\/saolourenco\/biblioteca\/repositorio-2\/nutricao\/2020-2\/","title":{"rendered":"2020"},"content":{"rendered":"<p>&nbsp;<\/p>\n<h1 style=\"text-align: center\"><span style=\"text-decoration: underline\"><strong>TCC 2020<\/strong><\/span><\/h1>\n<p>&nbsp;<\/p>\n<ol>\n<li><a href=\"https:\/\/portal.unisepe.com.br\/saolourenco\/wp-content\/uploads\/sites\/10005\/2023\/05\/TCC-PDF-pronto-nATH\u00c3.pdf\"><span style=\"color: #3366ff\"><em><strong>SUPLEMENTOS PROTEICOS E HIPERTROFIA: UMA VIS\u00c3O<\/strong><\/em><\/span><br \/>\n<span style=\"color: #3366ff\"><em><strong>SOBRE O CONSUMO<\/strong><\/em><\/span><br \/>\n<\/a><\/li>\n<li><a href=\"https:\/\/portal.unisepe.com.br\/saolourenco\/wp-content\/uploads\/sites\/10005\/2023\/05\/TCC_Beatriz-Vers\u00e3o-final.pdf\"><em><strong><span style=\"color: #3366ff\">REVIS\u00c3O BIBLIOGR\u00c1FICA SOBRE ALEITAMENTO MATERNO E INTRODU\u00c7\u00c3O ALIMENTAR PARA CRIAN\u00c7AS DOS SEIS MESES AOS DOIS ANOS<\/span><\/strong><\/em><\/a><\/li>\n<li><em><strong><span style=\"color: #3366ff\"><a href=\"https:\/\/portal.unisepe.com.br\/saolourenco\/wp-content\/uploads\/sites\/10005\/2023\/05\/TCC_Ana-Carolina-01-04.pdf\" style=\"color: #3366ff\">INFLU\u00caNCIA DA M\u00cdDIA NO CONSUMO ALIMENTAR DE CRIAN\u00c7AS E ADOLESCENTES EM UMA ESCOLA DO MUNIC\u00cdPIO DE ALAGOA-MG<\/a><\/span><\/strong><\/em><\/li>\n<\/ol>\n","protected":false},"excerpt":{"rendered":"<p>&nbsp; TCC 2020 &nbsp; SUPLEMENTOS PROTEICOS E HIPERTROFIA: UMA VIS\u00c3O SOBRE O CONSUMO REVIS\u00c3O BIBLIOGR\u00c1FICA SOBRE ALEITAMENTO MATERNO E INTRODU\u00c7\u00c3O ALIMENTAR PARA CRIAN\u00c7AS DOS SEIS MESES AOS DOIS ANOS INFLU\u00caNCIA DA M\u00cdDIA NO CONSUMO ALIMENTAR DE CRIAN\u00c7AS E ADOLESCENTES EM UMA ESCOLA DO MUNIC\u00cdPIO DE ALAGOA-MG<\/p>\n","protected":false},"author":4,"featured_media":0,"parent":6288,"menu_order":0,"comment_status":"closed","ping_status":"closed","template":"templates\/template-pagina_menu_vertical.php","meta":{"footnotes":""},"categories":[],"tags":[],"class_list":["post-6292","page","type-page","status-publish","hentry"],"_links":{"self":[{"href":"https:\/\/portal.unisepe.com.br\/saolourenco\/wp-json\/wp\/v2\/pages\/6292","targetHints":{"allow":["GET"]}}],"collection":[{"href":"https:\/\/portal.unisepe.com.br\/saolourenco\/wp-json\/wp\/v2\/pages"}],"about":[{"href":"https:\/\/portal.unisepe.com.br\/saolourenco\/wp-json\/wp\/v2\/types\/page"}],"author":[{"embeddable":true,"href":"https:\/\/portal.unisepe.com.br\/saolourenco\/wp-json\/wp\/v2\/users\/4"}],"replies":[{"embeddable":true,"href":"https:\/\/portal.unisepe.com.br\/saolourenco\/wp-json\/wp\/v2\/comments?post=6292"}],"version-history":[{"count":3,"href":"https:\/\/portal.unisepe.com.br\/saolourenco\/wp-json\/wp\/v2\/pages\/6292\/revisions"}],"predecessor-version":[{"id":6295,"href":"https:\/\/portal.unisepe.com.br\/saolourenco\/wp-json\/wp\/v2\/pages\/6292\/revisions\/6295"}],"up":[{"embeddable":true,"href":"https:\/\/portal.unisepe.com.br\/saolourenco\/wp-json\/wp\/v2\/pages\/6288"}],"wp:attachment":[{"href":"https:\/\/portal.unisepe.com.br\/saolourenco\/wp-json\/wp\/v2\/media?parent=6292"}],"wp:term":[{"taxonomy":"category","embeddable":true,"href":"https:\/\/portal.unisepe.com.br\/saolourenco\/wp-json\/wp\/v2\/categories?post=6292"},{"taxonomy":"post_tag","embeddable":true,"href":"https:\/\/portal.unisepe.com.br\/saolourenco\/wp-json\/wp\/v2\/tags?post=6292"}],"curies":[{"name":"wp","href":"https:\/\/api.w.org\/{rel}","templated":true}]}}