{"id":6318,"date":"2023-05-17T18:46:23","date_gmt":"2023-05-17T21:46:23","guid":{"rendered":"https:\/\/portal.unisepe.com.br\/saolourenco\/?page_id=6318"},"modified":"2023-05-17T18:46:42","modified_gmt":"2023-05-17T21:46:42","slug":"2022-2","status":"publish","type":"page","link":"https:\/\/portal.unisepe.com.br\/saolourenco\/biblioteca\/repositorio-2\/nutricao\/2022-2\/","title":{"rendered":"2022"},"content":{"rendered":"<h1 style=\"text-align: center\"><strong>TCC 2022<\/strong><\/h1>\n<p>&nbsp;<\/p>\n<p>&nbsp;<\/p>\n<ol>\n<li><span style=\"color: #3366ff\"><em><strong><a href=\"https:\/\/portal.unisepe.com.br\/saolourenco\/wp-content\/uploads\/sites\/10005\/2023\/05\/A-IMPORT\u00c2NCIA-DA-NUTRI\u00c7\u00c3O-NAS-DOEN\u00c7AS-AUTOIMUNES-E.pdf\" style=\"color: #3366ff\">A IMPORT\u00c2NCIA DA NUTRI\u00c7\u00c3O NAS DOEN\u00c7AS AUTOIMUNES E EM ESPECIAL NO L\u00daPUS ERITEMATOSO SIST\u00caMICO\u00a0<\/a> <\/strong><\/em><\/span><\/li>\n<li><span style=\"color: #3366ff\"><em><strong><a href=\"https:\/\/portal.unisepe.com.br\/saolourenco\/wp-content\/uploads\/sites\/10005\/2023\/05\/ASPECTOS-NUTRICIONAIS-E-A-RELA\u00c7\u00c3O-COM-A-OCORR\u00caNCIA-DE-ACNE-NA-MULHER-ADULTA.pdf\" style=\"color: #3366ff\">ASPECTOS NUTRICIONAIS E A RELA\u00c7\u00c3O COM A OCORR\u00caNCIA DE ACNE NA MULHER ADULTA<\/a> <\/strong><\/em><\/span><\/li>\n<li><span style=\"color: #3366ff\"><em><strong><a href=\"https:\/\/portal.unisepe.com.br\/saolourenco\/wp-content\/uploads\/sites\/10005\/2023\/05\/ASSOCIA\u00c7\u00c3O-ENTRE-COMER-EMOCIONAL-E-ANSIEDADE-USO-DE-MINDFUL-EATING-E-COMER-INTUITIVO-PARA-TRAT\u00c1-LAS-E-AUXILIAR-NA-PERDA-DE-PESO.pdf\" style=\"color: #3366ff\">ASSOCIA\u00c7\u00c3O ENTRE COMER EMOCIONAL E ANSIEDADE USO DE MINDFUL EATING E COMER INTUITIVO PARA TRAT\u00c1-LAS E AUXILIAR NA PERDA DE PESO<\/a> <\/strong><\/em><\/span><\/li>\n<li><span style=\"color: #3366ff\"><em><strong><a href=\"https:\/\/portal.unisepe.com.br\/saolourenco\/wp-content\/uploads\/sites\/10005\/2023\/05\/ESTADO-NUTRICIONAL-E-TERAPIA-NUTRICIONAL-ENTERAL-EM-PACIENTES-ONCOL\u00d3GICOS-DE-S\u00c3O-LOUREN\u00c7O-MG.pdf\" style=\"color: #3366ff\">ESTADO NUTRICIONAL E TERAPIA NUTRICIONAL ENTERAL EM PACIENTES ONCOL\u00d3GICOS DE S\u00c3O LOUREN\u00c7O-MG<\/a> <\/strong><\/em><\/span><\/li>\n<li><span style=\"color: #3366ff\"><em><strong><a href=\"https:\/\/portal.unisepe.com.br\/saolourenco\/wp-content\/uploads\/sites\/10005\/2023\/05\/INTERVEN\u00c7\u00c3O-NUTRICIONAL-EM-PACIENTES-ONCOL\u00d3GICOS-COM-CAQUEXIA.pdf\" style=\"color: #3366ff\">INTERVEN\u00c7\u00c3O NUTRICIONAL EM PACIENTES ONCOL\u00d3GICOS COM CAQUEXIA<\/a><\/strong><\/em><\/span><\/li>\n<\/ol>\n","protected":false},"excerpt":{"rendered":"<p>TCC 2022 &nbsp; &nbsp; A IMPORT\u00c2NCIA DA NUTRI\u00c7\u00c3O NAS DOEN\u00c7AS AUTOIMUNES E EM ESPECIAL NO L\u00daPUS ERITEMATOSO SIST\u00caMICO\u00a0 ASPECTOS NUTRICIONAIS E A RELA\u00c7\u00c3O COM A OCORR\u00caNCIA DE ACNE NA MULHER ADULTA ASSOCIA\u00c7\u00c3O ENTRE COMER EMOCIONAL E ANSIEDADE USO DE MINDFUL EATING E COMER INTUITIVO PARA TRAT\u00c1-LAS E AUXILIAR NA PERDA<\/p>\n","protected":false},"author":4,"featured_media":0,"parent":6288,"menu_order":0,"comment_status":"closed","ping_status":"closed","template":"templates\/template-pagina_menu_vertical.php","meta":{"footnotes":""},"categories":[],"tags":[],"class_list":["post-6318","page","type-page","status-publish","hentry"],"_links":{"self":[{"href":"https:\/\/portal.unisepe.com.br\/saolourenco\/wp-json\/wp\/v2\/pages\/6318","targetHints":{"allow":["GET"]}}],"collection":[{"href":"https:\/\/portal.unisepe.com.br\/saolourenco\/wp-json\/wp\/v2\/pages"}],"about":[{"href":"https:\/\/portal.unisepe.com.br\/saolourenco\/wp-json\/wp\/v2\/types\/page"}],"author":[{"embeddable":true,"href":"https:\/\/portal.unisepe.com.br\/saolourenco\/wp-json\/wp\/v2\/users\/4"}],"replies":[{"embeddable":true,"href":"https:\/\/portal.unisepe.com.br\/saolourenco\/wp-json\/wp\/v2\/comments?post=6318"}],"version-history":[{"count":2,"href":"https:\/\/portal.unisepe.com.br\/saolourenco\/wp-json\/wp\/v2\/pages\/6318\/revisions"}],"predecessor-version":[{"id":6325,"href":"https:\/\/portal.unisepe.com.br\/saolourenco\/wp-json\/wp\/v2\/pages\/6318\/revisions\/6325"}],"up":[{"embeddable":true,"href":"https:\/\/portal.unisepe.com.br\/saolourenco\/wp-json\/wp\/v2\/pages\/6288"}],"wp:attachment":[{"href":"https:\/\/portal.unisepe.com.br\/saolourenco\/wp-json\/wp\/v2\/media?parent=6318"}],"wp:term":[{"taxonomy":"category","embeddable":true,"href":"https:\/\/portal.unisepe.com.br\/saolourenco\/wp-json\/wp\/v2\/categories?post=6318"},{"taxonomy":"post_tag","embeddable":true,"href":"https:\/\/portal.unisepe.com.br\/saolourenco\/wp-json\/wp\/v2\/tags?post=6318"}],"curies":[{"name":"wp","href":"https:\/\/api.w.org\/{rel}","templated":true}]}}