{"id":647,"date":"2016-07-14T00:41:26","date_gmt":"2016-07-14T00:41:26","guid":{"rendered":"http:\/\/www.fvr.edu.br\/fvr\/site\/?page_id=647"},"modified":"2018-09-06T15:25:15","modified_gmt":"2018-09-06T18:25:15","slug":"bolsas-e-financiamento","status":"publish","type":"page","link":"https:\/\/portal.unisepe.com.br\/saolourenco\/bolsas-e-financiamento\/","title":{"rendered":"Bolsas e Financiamento"},"content":{"rendered":"<div id=\"wrap\" class=\"container-fluid template-fullwidth\">\n<section id=\"content\" class=\"fullwidth\" role=\"main\">\n<div class=\"post-647 page type-page status-publish hentry\">\n<h2 class=\"page-title\">Bolsas e Financiamento<\/h2>\n<div class=\"entry clearfix\">\n<p style=\"text-align: justify\">A Unisepe \u2013 Uni\u00e3o das Institui\u00e7\u00f5es de Servi\u00e7os, Ensino e Pesquisa, mantenedora da Faculdade de S\u00e3o Louren\u00e7o, cria oportunidades reais para as pessoas que querem evoluir e conquistar seu espa\u00e7o no mercado de trabalho, porque entende que formar pessoas \u00e9 transform\u00e1-las profunda e decisivamente, criando pontes para que o conhecimento possa resultar em conquistas profissionais e pessoais, oferecendo um conjunto de oportunidades para que o conhecimento esteja ao alcance de todos.<\/p>\n<p style=\"text-align: justify\">Com esse prop\u00f3sito, torna realidade o ensino superior viabilizando uma forma\u00e7\u00e3o de qualidade buscando atingir cada vez mais pessoas, por meio de programas de bolsas e financiamento estudantil. Dessa forma, possibilita o ingresso de quem busca estudar na FSL e a perman\u00eancia dos alunos na institui\u00e7\u00e3o.<\/p>\n<p style=\"text-align: justify\">Conhe\u00e7a todas as propostas de bolsas e financiamentos que a UNISEPE oferece e escolha a que melhor se encaixa a voc\u00ea!<\/p>\n<p><a href=\"bolsas-institucionais\/\"><img loading=\"lazy\" decoding=\"async\" class=\"scale-bounce aligncenter\" src=\"http:\/\/portal.unisepe.com.br\/saolourenco\/wp-content\/uploads\/sites\/10005\/2018\/08\/Bolsas_link_1.png\" alt=\"Bolsas_link_1\" width=\"860\" height=\"201\" \/><\/a><\/p>\n<p><a href=\"fies\/\"><img loading=\"lazy\" decoding=\"async\" class=\"scale-bounce alignleft\" src=\"http:\/\/portal.unisepe.com.br\/saolourenco\/wp-content\/uploads\/sites\/10005\/2018\/08\/Bolsas_link_2.png\" alt=\"Bolsas_link_2\" width=\"400\" height=\"190\" \/><\/a><\/p>\n<p>&nbsp;<\/p>\n<p><a href=\"prouni\/\"><img loading=\"lazy\" decoding=\"async\" class=\"scale-bounce alignleft\" src=\"http:\/\/portal.unisepe.com.br\/saolourenco\/wp-content\/uploads\/sites\/10005\/2018\/08\/Bolsas_link_3.png\" alt=\"Bolsas_link_4\" width=\"400\" height=\"190\" \/><\/a><\/p>\n<p><a href=\"ppd\/\">\u00a0<\/a><\/p>\n<\/div>\n<\/div>\n<\/section>\n<\/div>\n","protected":false},"excerpt":{"rendered":"<p>Bolsas e Financiamento A Unisepe \u2013 Uni\u00e3o das Institui\u00e7\u00f5es de Servi\u00e7os, Ensino e Pesquisa, mantenedora da Faculdade de S\u00e3o Louren\u00e7o, cria oportunidades reais para as pessoas que querem evoluir e conquistar seu espa\u00e7o no mercado de trabalho, porque entende que formar pessoas \u00e9 transform\u00e1-las profunda e decisivamente, criando pontes para<\/p>\n","protected":false},"author":1,"featured_media":0,"parent":0,"menu_order":0,"comment_status":"closed","ping_status":"closed","template":"templates\/template-fullwidth.php","meta":{"footnotes":""},"categories":[],"tags":[],"class_list":["post-647","page","type-page","status-publish","hentry"],"_links":{"self":[{"href":"https:\/\/portal.unisepe.com.br\/saolourenco\/wp-json\/wp\/v2\/pages\/647","targetHints":{"allow":["GET"]}}],"collection":[{"href":"https:\/\/portal.unisepe.com.br\/saolourenco\/wp-json\/wp\/v2\/pages"}],"about":[{"href":"https:\/\/portal.unisepe.com.br\/saolourenco\/wp-json\/wp\/v2\/types\/page"}],"author":[{"embeddable":true,"href":"https:\/\/portal.unisepe.com.br\/saolourenco\/wp-json\/wp\/v2\/users\/1"}],"replies":[{"embeddable":true,"href":"https:\/\/portal.unisepe.com.br\/saolourenco\/wp-json\/wp\/v2\/comments?post=647"}],"version-history":[{"count":23,"href":"https:\/\/portal.unisepe.com.br\/saolourenco\/wp-json\/wp\/v2\/pages\/647\/revisions"}],"predecessor-version":[{"id":2543,"href":"https:\/\/portal.unisepe.com.br\/saolourenco\/wp-json\/wp\/v2\/pages\/647\/revisions\/2543"}],"wp:attachment":[{"href":"https:\/\/portal.unisepe.com.br\/saolourenco\/wp-json\/wp\/v2\/media?parent=647"}],"wp:term":[{"taxonomy":"category","embeddable":true,"href":"https:\/\/portal.unisepe.com.br\/saolourenco\/wp-json\/wp\/v2\/categories?post=647"},{"taxonomy":"post_tag","embeddable":true,"href":"https:\/\/portal.unisepe.com.br\/saolourenco\/wp-json\/wp\/v2\/tags?post=647"}],"curies":[{"name":"wp","href":"https:\/\/api.w.org\/{rel}","templated":true}]}}