{"id":6491,"date":"2024-01-24T15:41:08","date_gmt":"2024-01-24T18:41:08","guid":{"rendered":"https:\/\/portal.unisepe.com.br\/saolourenco\/?page_id=6491"},"modified":"2024-01-24T16:34:46","modified_gmt":"2024-01-24T19:34:46","slug":"2023-2","status":"publish","type":"page","link":"https:\/\/portal.unisepe.com.br\/saolourenco\/biblioteca\/repositorio-2\/direito\/2023-2\/","title":{"rendered":"2023"},"content":{"rendered":"<h2 style=\"text-align: center\"><strong>TCC 2023<\/strong><\/h2>\n<p>&nbsp;<\/p>\n<p style=\"text-align: left\"><em><a href=\"https:\/\/portal.unisepe.com.br\/saolourenco\/wp-content\/uploads\/sites\/10005\/2024\/01\/sem-marcacoes-WILLIAN-TCC-FSL-2023-ATUAL_orientacoes_V-1.pdf\" target=\"_blank\" rel=\"noopener noreferrer\"><strong>01.<\/strong> A COISA JULGADA E A POSSIBILIDADE DA SUA RELATIVIZA\u00c7\u00c3O<\/a><\/em><\/p>\n<p style=\"text-align: left\"><em><a href=\"https:\/\/portal.unisepe.com.br\/saolourenco\/wp-content\/uploads\/sites\/10005\/2024\/01\/ASPECTOS-LEGAIS-DA-ABORDAGEM-POLICIAL.pdf\" target=\"_blank\" rel=\"noopener noreferrer\"><strong>02.<\/strong> ASPECTOS LEGAIS DA ABORDAGEM POLICIAL<\/a><\/em><\/p>\n<p style=\"text-align: left\"><em><a href=\"https:\/\/portal.unisepe.com.br\/saolourenco\/wp-content\/uploads\/sites\/10005\/2024\/01\/COLABORACAO-PREMIADA-Bryan-Ambrosio.pdf\" target=\"_blank\" rel=\"noopener noreferrer\"><strong>03.<\/strong> COLABORA\u00c7\u00c3O PREMIADA: O INSTRUMENTO NA PERSECU\u00c7\u00c3O E DESMANTELAMENTO DAS ORGANIZA\u00c7\u00d5ES CRIMINOSAS<\/a><\/em><\/p>\n<p style=\"text-align: left\"><em><a href=\"https:\/\/portal.unisepe.com.br\/saolourenco\/wp-content\/uploads\/sites\/10005\/2024\/01\/TCC-Amanda-ORIENTACOES-V-1.pdf\" target=\"_blank\" rel=\"noopener noreferrer\"><strong>04.<\/strong> RESPONSABILIDADE CIVIL DO ESTADO NO SISTEMA CARCER\u00c1RIO BRASILEIRO<\/a><\/em><\/p>\n<p style=\"text-align: left\"><em><a href=\"https:\/\/portal.unisepe.com.br\/saolourenco\/wp-content\/uploads\/sites\/10005\/2024\/01\/TCC-Bruna-Maciel-SISTEMA-PRISIONAL-BRASILEIRO-E-A-VIOLA\u00c3\u251cO-DOS-DIREITOS-HUMANOS-DURANTE-O-ENCARCERAMENTO-DE-MULHERES-TRANSEXUAIS-.docx-Documentos-Google.pdf\" target=\"_blank\" rel=\"noopener noreferrer\"><strong>05.<\/strong> SISTEMA PRISIONAL BRASILEIRO E A VIOLA\u00c7\u00c3O DOS DIREITOS HUMANOS DURANTE O ENCARCERAMENTO DE MULHERES TRANSEXUAIS<\/a><\/em><\/p>\n<p style=\"text-align: left\"><em><a href=\"https:\/\/portal.unisepe.com.br\/saolourenco\/wp-content\/uploads\/sites\/10005\/2024\/01\/TCC-Carlos-Maur\u00ddcio-Paes-Camacho-Jr-10-Per\u00dddo-Direito.pdf\" target=\"_blank\" rel=\"noopener noreferrer\"><strong>06.<\/strong> TRIBUTA\u00c7\u00c3O DE LUCROS E DIVIDENDOS NO BRASIL: UMA AN\u00c1LISE DE SEUS IMPACTOS SOCIAIS E DISCUSS\u00d5ES SOBRE A DISTRIBUI\u00c7\u00c3O DE RENDA.<\/a><\/em><\/p>\n<p style=\"text-align: left\"><em><a href=\"https:\/\/portal.unisepe.com.br\/saolourenco\/wp-content\/uploads\/sites\/10005\/2024\/01\/TCC-Rafael.pdf\" target=\"_blank\" rel=\"noopener noreferrer\"><strong>07.<\/strong> A APLICA\u00c7\u00c3O DO PRINC\u00cdPIO DA INSIGNIFIC\u00c2NCIA NOS CRIMES DE FURTO NO ORDENAMENTO JUR\u00cdDICO BRASILEIRO<\/a><\/em><\/p>\n<p style=\"text-align: left\"><em><a href=\"https:\/\/portal.unisepe.com.br\/saolourenco\/wp-content\/uploads\/sites\/10005\/2024\/01\/TCC-VINICIUS.pdf\" target=\"_blank\" rel=\"noopener noreferrer\"><strong>08.<\/strong> O ACORDO DE N\u00c3O PERSECU\u00c7\u00c3O PENAL NA RESOLU\u00c7\u00c3O DOS CONFLITOS PENAIS<\/a><\/em><\/p>\n<p style=\"text-align: left\"><em><a href=\"https:\/\/portal.unisepe.com.br\/saolourenco\/wp-content\/uploads\/sites\/10005\/2024\/01\/TCC-Bruna-Geovanna-Rufino-Mariano.pdf\" target=\"_blank\" rel=\"noopener noreferrer\"><strong>09.<\/strong> O TRABALHO AN\u00c1LOGO \u00c0 ESCRAVID\u00c3O NO BRASIL CONTEMPOR\u00c2NEO E SEUS DESAFIOS<\/a><\/em><\/p>\n<p style=\"text-align: left\"><em><a href=\"https:\/\/portal.unisepe.com.br\/saolourenco\/wp-content\/uploads\/sites\/10005\/2024\/01\/TCC-BRUNO-PINTA.pdf\" target=\"_blank\" rel=\"noopener noreferrer\"><strong>10.<\/strong> AS ESPECIFICIDADES DO CONTRATO DO ATLETA PROFISSIONAL DE FUTEBOL QUE O DIFERENCIAM DE UM CONTRATO ORDIN\u00c1RIO REGIDO PELA CLT<\/a><\/em><\/p>\n<p style=\"text-align: left\"><em><a href=\"https:\/\/portal.unisepe.com.br\/saolourenco\/wp-content\/uploads\/sites\/10005\/2024\/01\/TCC-NATHALIA-1.pdf\" target=\"_blank\" rel=\"noopener noreferrer\"><strong>11.<\/strong> A EFIC\u00c1CIA DOS M\u00c9TODOS AUTOCOMPOSITIVOS NO SETOR PR\u00c9PROCESSUAL NOS CENTROS JUDICI\u00c1RIOS DE SOLU\u00c7\u00c3O DE CONFLITOS E CIDADANIA (CEJUSC&#8217;s)<\/a><\/em><\/p>\n<p style=\"text-align: left\"><em><a href=\"https:\/\/portal.unisepe.com.br\/saolourenco\/wp-content\/uploads\/sites\/10005\/2024\/01\/Tcc-Paulo-Roberto-Ribeiro-Dias-1.pdf\" target=\"_blank\" rel=\"noopener noreferrer\"><strong>12.<\/strong> SISTEMA PRISIONAL BRASILEIRO: OS IMPACTOS DA SUPERLOTA\u00c7\u00c3O E A IMPORT\u00c2NCIA DA RESSOCIALIZA\u00c7\u00c3O DOS PRESOS NA SOCIEDADE<\/a><\/em><\/p>\n<p style=\"text-align: left\"><em><a href=\"https:\/\/portal.unisepe.com.br\/saolourenco\/wp-content\/uploads\/sites\/10005\/2024\/01\/TCC-RA-10199.pdf\" target=\"_blank\" rel=\"noopener noreferrer\"><strong>13.<\/strong> A APLICABILIDADE DO DIREITO SUCESS\u00d3RIO SOBRE O PATRIM\u00d4NIO DIGITAL<\/a><\/em><\/p>\n<p style=\"text-align: left\"><em><a href=\"https:\/\/portal.unisepe.com.br\/saolourenco\/wp-content\/uploads\/sites\/10005\/2024\/01\/TCC.-M\u2534RCIO-ANT\u00c8NIO-PALMA-FREITAS.pdf\" target=\"_blank\" rel=\"noopener noreferrer\"><strong>14.<\/strong> INFLU\u00caNCIA DA M\u00cdDIA NA APLICA\u00c7\u00c3O DO DIREITO PENAL NOS CASOS DE GRANDE COMO\u00c7\u00c3O SOCIAL NO BRASIL<\/a><\/em><\/p>\n<p style=\"text-align: left\"><em><a href=\"https:\/\/portal.unisepe.com.br\/saolourenco\/wp-content\/uploads\/sites\/10005\/2024\/01\/TCC-Rayssa-Pronto-10-11-23.pdf\" target=\"_blank\" rel=\"noopener noreferrer\"><strong>15.<\/strong> UMA AN\u00c1LISE DO DOLO EVENTUAL E CULPA CONSCIENTE NO CASO BOATE KISS<\/a><\/em><\/p>\n","protected":false},"excerpt":{"rendered":"<p>TCC 2023 &nbsp; 01. A COISA JULGADA E A POSSIBILIDADE DA SUA RELATIVIZA\u00c7\u00c3O 02. ASPECTOS LEGAIS DA ABORDAGEM POLICIAL 03. COLABORA\u00c7\u00c3O PREMIADA: O INSTRUMENTO NA PERSECU\u00c7\u00c3O E DESMANTELAMENTO DAS ORGANIZA\u00c7\u00d5ES CRIMINOSAS 04. RESPONSABILIDADE CIVIL DO ESTADO NO SISTEMA CARCER\u00c1RIO BRASILEIRO 05. SISTEMA PRISIONAL BRASILEIRO E A VIOLA\u00c7\u00c3O DOS DIREITOS HUMANOS<\/p>\n","protected":false},"author":4,"featured_media":0,"parent":5472,"menu_order":0,"comment_status":"closed","ping_status":"closed","template":"templates\/template-pagina_menu_vertical.php","meta":{"footnotes":""},"categories":[],"tags":[],"class_list":["post-6491","page","type-page","status-publish","hentry"],"_links":{"self":[{"href":"https:\/\/portal.unisepe.com.br\/saolourenco\/wp-json\/wp\/v2\/pages\/6491","targetHints":{"allow":["GET"]}}],"collection":[{"href":"https:\/\/portal.unisepe.com.br\/saolourenco\/wp-json\/wp\/v2\/pages"}],"about":[{"href":"https:\/\/portal.unisepe.com.br\/saolourenco\/wp-json\/wp\/v2\/types\/page"}],"author":[{"embeddable":true,"href":"https:\/\/portal.unisepe.com.br\/saolourenco\/wp-json\/wp\/v2\/users\/4"}],"replies":[{"embeddable":true,"href":"https:\/\/portal.unisepe.com.br\/saolourenco\/wp-json\/wp\/v2\/comments?post=6491"}],"version-history":[{"count":6,"href":"https:\/\/portal.unisepe.com.br\/saolourenco\/wp-json\/wp\/v2\/pages\/6491\/revisions"}],"predecessor-version":[{"id":6514,"href":"https:\/\/portal.unisepe.com.br\/saolourenco\/wp-json\/wp\/v2\/pages\/6491\/revisions\/6514"}],"up":[{"embeddable":true,"href":"https:\/\/portal.unisepe.com.br\/saolourenco\/wp-json\/wp\/v2\/pages\/5472"}],"wp:attachment":[{"href":"https:\/\/portal.unisepe.com.br\/saolourenco\/wp-json\/wp\/v2\/media?parent=6491"}],"wp:term":[{"taxonomy":"category","embeddable":true,"href":"https:\/\/portal.unisepe.com.br\/saolourenco\/wp-json\/wp\/v2\/categories?post=6491"},{"taxonomy":"post_tag","embeddable":true,"href":"https:\/\/portal.unisepe.com.br\/saolourenco\/wp-json\/wp\/v2\/tags?post=6491"}],"curies":[{"name":"wp","href":"https:\/\/api.w.org\/{rel}","templated":true}]}}