{"id":6573,"date":"2024-04-11T18:28:27","date_gmt":"2024-04-11T21:28:27","guid":{"rendered":"https:\/\/portal.unisepe.com.br\/saolourenco\/?page_id=6573"},"modified":"2024-04-11T20:05:16","modified_gmt":"2024-04-11T23:05:16","slug":"2023-2","status":"publish","type":"page","link":"https:\/\/portal.unisepe.com.br\/saolourenco\/biblioteca\/repositorio-2\/psicologia\/2023-2\/","title":{"rendered":"2023"},"content":{"rendered":"<h2 style=\"text-align: center\"><strong><em>2023<\/em><\/strong><\/h2>\n<hr \/>\n<p style=\"text-align: center\"><strong><a href=\"https:\/\/portal.unisepe.com.br\/saolourenco\/wp-content\/uploads\/sites\/10005\/2024\/04\/Trabalho-de-Conclus\u00e3o-de-Curso-Andressa-Rodrigues-Lopes.pdf\" target=\"_blank\" rel=\"noopener noreferrer\">CONSTRU\u00c7\u00c3O DE PAP\u00c9IS DE G\u00caNERO NA INF\u00c2NCIA DE CRIAN\u00c7AS BRASILEIRAS<\/a><\/strong><\/p>\n<p style=\"text-align: center\"><strong><a href=\"https:\/\/portal.unisepe.com.br\/saolourenco\/wp-content\/uploads\/sites\/10005\/2024\/04\/Trabalho-de-Conclus\u00e3o-de-Curso-Andressa-Rodrigues-Lopes.pdf\" target=\"_blank\" rel=\"noopener noreferrer\">ANDRESSA RODRIGUES LOPES<\/a><\/strong><strong><\/strong><\/p>\n<hr \/>\n<p style=\"text-align: center\"><strong><a href=\"https:\/\/portal.unisepe.com.br\/saolourenco\/wp-content\/uploads\/sites\/10005\/2024\/04\/TCC-Karen-Diniz-vers\u00e3o-final.pdf\" target=\"_blank\" rel=\"noopener noreferrer\">AS CONTRIBUI\u00c7\u00d5ES DAS TERAPIAS COGNITIVO-COMPORTAMENTAIS PARA O TRATAMENTO DA FIBROMIALGIA:<br \/>\numa revis\u00e3o sistem\u00e1tica da literatura <\/a><\/strong><\/p>\n<p style=\"text-align: center\"><strong><a href=\"https:\/\/portal.unisepe.com.br\/saolourenco\/wp-content\/uploads\/sites\/10005\/2024\/04\/TCC-Karen-Diniz-vers\u00e3o-final.pdf\">KAREN DINIZ DOS SANTOS<\/a><\/strong><\/p>\n<hr \/>\n<p style=\"text-align: center\"><a href=\"https:\/\/portal.unisepe.com.br\/saolourenco\/wp-content\/uploads\/sites\/10005\/2024\/04\/A-pervers\u00e3o-no-filme-Ninfoman\u00edaca-final-pdf-.pdf\"><strong>A PERVERS\u00c3O NO FILME NINFOMAN\u00cdACA DE LARS VON TRIER <\/strong><\/a><\/p>\n<p style=\"text-align: center\"><strong><a href=\"https:\/\/portal.unisepe.com.br\/saolourenco\/wp-content\/uploads\/sites\/10005\/2024\/04\/A-pervers\u00e3o-no-filme-Ninfoman\u00edaca-final-pdf-.pdf\" target=\"_blank\" rel=\"noopener noreferrer\">JO\u00c3O LUCAS RORIZ DE SOUZA A<\/a><\/strong><\/p>\n<hr \/>\n<p style=\"text-align: center\"><strong><a href=\"https:\/\/portal.unisepe.com.br\/saolourenco\/wp-content\/uploads\/sites\/10005\/2024\/04\/Sindrome-de-Burnout-na-PM.pdf\" target=\"_blank\" rel=\"noopener noreferrer\">A viol\u00eancia policial militar como produto da s\u00edndrome de Burnout entre os policiais militares S\u00e3o Louren\u00e7o &#8211; MG 2023 <\/a><\/strong><\/p>\n<p style=\"text-align: center\"><strong><a href=\"https:\/\/portal.unisepe.com.br\/saolourenco\/wp-content\/uploads\/sites\/10005\/2024\/04\/Sindrome-de-Burnout-na-PM.pdf\">RONER SEBASTI\u00c3O MANGIA<\/a><\/strong><\/p>\n<hr \/>\n<p style=\"text-align: center\"><strong><a href=\"https:\/\/portal.unisepe.com.br\/saolourenco\/wp-content\/uploads\/sites\/10005\/2024\/04\/TCC-PEDRO-DALCY-CARVALHO-VILLAS-BOAS.pdf\" target=\"_blank\" rel=\"noopener noreferrer\">A PR\u00c1TICA DE ATIVIDADES F\u00cdSICAS NO COMBATE \u00c0 DEPRESS\u00c3O EM ADOLESCENTES PEDRO DALCY CARVALHO VILLAS BOAS<\/a><\/strong><\/p>\n<hr \/>\n<p style=\"text-align: center\"><a href=\"https:\/\/portal.unisepe.com.br\/saolourenco\/wp-content\/uploads\/sites\/10005\/2024\/04\/TCC-ANGELO.pdf\" target=\"_blank\" rel=\"noopener noreferrer\"><strong>O desenvolvimento dos valores de atitude da Logoterapia de Viktor Frankl como uma alternativa para o trabalho do psic\u00f3logo com pacientes terminais. <\/strong><\/a><\/p>\n<p style=\"text-align: center\"><strong><a href=\"https:\/\/portal.unisepe.com.br\/saolourenco\/wp-content\/uploads\/sites\/10005\/2024\/04\/TCC-ANGELO.pdf\">\u00c2ngelo Ant\u00f4nio Guedes de Carvalho<\/a><\/strong><\/p>\n<hr \/>\n<p style=\"text-align: center\"><strong><a href=\"https:\/\/portal.unisepe.com.br\/saolourenco\/wp-content\/uploads\/sites\/10005\/2024\/04\/TCC-COMPLEXO-EDIPO-FINAL-2.pdf\" target=\"_blank\" rel=\"noopener noreferrer\">CONSIDERA\u00c7\u00d5ES SOBRE O COMPLEXO DE \u00c9DIPO NO FILME NO LIMITE DO SIL\u00caNCIO FERNANDA APARECIDA C. JACOB<\/a><\/strong><\/p>\n<hr \/>\n<p style=\"text-align: center\"><strong><a href=\"https:\/\/portal.unisepe.com.br\/saolourenco\/wp-content\/uploads\/sites\/10005\/2024\/04\/TCC-Daniele-Fran\u00e7a.pdf\" target=\"_blank\" rel=\"noopener noreferrer\">AS CONTRIBUI\u00c7\u00d5ES DO PSIC\u00d3LOGO NA INCLUS\u00c3O DE CRIAN\u00c7AS SURDAS NO AMBIENTE ESCOLAR. <\/a><\/strong><\/p>\n<p style=\"text-align: center\"><strong><a href=\"https:\/\/portal.unisepe.com.br\/saolourenco\/wp-content\/uploads\/sites\/10005\/2024\/04\/TCC-Daniele-Fran\u00e7a.pdf\">DANIELE FRAN\u00c7A COIMBRA ALVES<\/a><\/strong><\/p>\n<hr \/>\n<p style=\"text-align: center\"><a href=\"https:\/\/portal.unisepe.com.br\/saolourenco\/wp-content\/uploads\/sites\/10005\/2024\/04\/TCC-PRONTO-Ianne.pdf\" target=\"_blank\" rel=\"noopener noreferrer\"><strong>O LUGAR DO FEMININO E A DEPEND\u00caNCIA EMOCIONAL NOS RELACIONAMENTOS CONJUGAIS <\/strong><\/a><\/p>\n<p style=\"text-align: center\"><strong><a href=\"https:\/\/portal.unisepe.com.br\/saolourenco\/wp-content\/uploads\/sites\/10005\/2024\/04\/TCC-PRONTO-Ianne.pdf\">IANNE DE OLIVEIRA HON\u00d3RIO<\/a><\/strong><\/p>\n","protected":false},"excerpt":{"rendered":"<p>2023 CONSTRU\u00c7\u00c3O DE PAP\u00c9IS DE G\u00caNERO NA INF\u00c2NCIA DE CRIAN\u00c7AS BRASILEIRAS ANDRESSA RODRIGUES LOPES AS CONTRIBUI\u00c7\u00d5ES DAS TERAPIAS COGNITIVO-COMPORTAMENTAIS PARA O TRATAMENTO DA FIBROMIALGIA: uma revis\u00e3o sistem\u00e1tica da literatura KAREN DINIZ DOS SANTOS A PERVERS\u00c3O NO FILME NINFOMAN\u00cdACA DE LARS VON TRIER JO\u00c3O LUCAS RORIZ DE SOUZA A A viol\u00eancia<\/p>\n","protected":false},"author":4,"featured_media":0,"parent":6204,"menu_order":0,"comment_status":"closed","ping_status":"closed","template":"templates\/template-curso_menu_vertical.php","meta":{"footnotes":""},"categories":[],"tags":[],"class_list":["post-6573","page","type-page","status-publish","hentry"],"_links":{"self":[{"href":"https:\/\/portal.unisepe.com.br\/saolourenco\/wp-json\/wp\/v2\/pages\/6573","targetHints":{"allow":["GET"]}}],"collection":[{"href":"https:\/\/portal.unisepe.com.br\/saolourenco\/wp-json\/wp\/v2\/pages"}],"about":[{"href":"https:\/\/portal.unisepe.com.br\/saolourenco\/wp-json\/wp\/v2\/types\/page"}],"author":[{"embeddable":true,"href":"https:\/\/portal.unisepe.com.br\/saolourenco\/wp-json\/wp\/v2\/users\/4"}],"replies":[{"embeddable":true,"href":"https:\/\/portal.unisepe.com.br\/saolourenco\/wp-json\/wp\/v2\/comments?post=6573"}],"version-history":[{"count":17,"href":"https:\/\/portal.unisepe.com.br\/saolourenco\/wp-json\/wp\/v2\/pages\/6573\/revisions"}],"predecessor-version":[{"id":6610,"href":"https:\/\/portal.unisepe.com.br\/saolourenco\/wp-json\/wp\/v2\/pages\/6573\/revisions\/6610"}],"up":[{"embeddable":true,"href":"https:\/\/portal.unisepe.com.br\/saolourenco\/wp-json\/wp\/v2\/pages\/6204"}],"wp:attachment":[{"href":"https:\/\/portal.unisepe.com.br\/saolourenco\/wp-json\/wp\/v2\/media?parent=6573"}],"wp:term":[{"taxonomy":"category","embeddable":true,"href":"https:\/\/portal.unisepe.com.br\/saolourenco\/wp-json\/wp\/v2\/categories?post=6573"},{"taxonomy":"post_tag","embeddable":true,"href":"https:\/\/portal.unisepe.com.br\/saolourenco\/wp-json\/wp\/v2\/tags?post=6573"}],"curies":[{"name":"wp","href":"https:\/\/api.w.org\/{rel}","templated":true}]}}