{"id":661,"date":"2016-07-14T00:53:28","date_gmt":"2016-07-14T00:53:28","guid":{"rendered":"http:\/\/www.fvr.edu.br\/fvr\/site\/?page_id=661"},"modified":"2019-09-05T17:23:30","modified_gmt":"2019-09-05T20:23:30","slug":"bolsas-institucionais","status":"publish","type":"page","link":"https:\/\/portal.unisepe.com.br\/saolourenco\/bolsas-e-financiamento\/bolsas-institucionais\/","title":{"rendered":"Bolsas institucionais"},"content":{"rendered":"<blockquote><p>&nbsp;<\/p>\n<p style=\"text-align: justify\">\u00a0\u00a0O objetivo principal do Programa de Bolsas do Grupo UNISEPE \u00e9 o de contribuir para a expans\u00e3o do acesso ao ensino superior pelo financiamento da educa\u00e7\u00e3o \u00e0s pessoas que dificilmente teriam acesso ao ensino superior.<br \/>\nEste programa \u00e9 de \u00e2mbito institucional.<\/p>\n<div class=\"texto_destacado\"><b><br \/>\nBOM FILHO A CASA RETORNA<\/b><\/div>\n<p><strong><br \/>\nO que \u00e9 a bolsa Bom Filho a Casa Retorna?<br \/>\n<\/strong><\/p>\n<p style=\"text-align: justify\">\u00c9 uma bolsa concedida aos ex-alunos que tenham conclu\u00eddo curso superior.<br \/>\nA bolsa \u00e9 exclusiva para os cursos de gradua\u00e7\u00e3o.<br \/>\nOs descontos s\u00e3o concedidos na mensalidade integral dos cursos escolhidos e sempre s\u00e3o divulgados semestralmente.<\/p>\n<p>&nbsp;<\/p>\n<div><\/div>\n<div class=\"texto_destacado\">\n<b>CONV\u00caNIO EMPRESA<\/b><\/div>\n<p style=\"text-align: justify\">S\u00e3o bolsas de estudos, exclusivas para cursos de gradua\u00e7\u00e3o, concedidas para alunos de empresas, institui\u00e7\u00f5es p\u00fablicas ou privadas previamente conveniadas.<br \/>\nConsiste em descontos em percentuais (%) sobre o valor integral da mensalidade.<br \/>\nEntende-se por Empresas Conveniadas aquelas que formalizar\u00e3o sua ades\u00e3o por meio de conv\u00eanio.<\/p>\n<div><\/div>\n<div class=\"texto_destacado\">\n<b>PROERS<\/b><\/div>\n<p style=\"text-align: justify\">S\u00e3o descontos concedidos aos alunos que desenvolvam atividades junto aos projetos de extens\u00e3o.<br \/>\nObjetivo possibilitar a realiza\u00e7\u00e3o de curso superior de gradua\u00e7\u00e3o, a alunos que, tendo comprovada situa\u00e7\u00e3o de vulnerabilidade venha \u00e0 participar de Projeto Acad\u00eamico vinculado ao Curso de Gradua\u00e7\u00e3o pretendido aliados \u00e0s Linhas de Extens\u00e3o preconizadas pela IES.<\/p>\n<div><\/div>\n<div class=\"texto_destacado\">\n<b>PEDAGOGIA EM NOVOS RUMOS<\/b><\/div>\n<p style=\"text-align: justify\">S\u00e3o bolsas de estudos, exclusiva para cursos de gradua\u00e7\u00e3o em PEDAGOGIA, concedidas para os alunos. Consiste em descontos em percentuais (%) sobre o valor integral da mensalidade.<\/p>\n<p>&nbsp;<\/p><\/blockquote>\n","protected":false},"excerpt":{"rendered":"<p>&nbsp; \u00a0\u00a0O objetivo principal do Programa de Bolsas do Grupo UNISEPE \u00e9 o de contribuir para a expans\u00e3o do acesso ao ensino superior pelo financiamento da educa\u00e7\u00e3o \u00e0s pessoas que dificilmente teriam acesso ao ensino superior. Este programa \u00e9 de \u00e2mbito institucional. BOM FILHO A CASA RETORNA O que \u00e9<\/p>\n","protected":false},"author":1,"featured_media":0,"parent":647,"menu_order":0,"comment_status":"closed","ping_status":"closed","template":"templates\/template-pagina_menu_vertical.php","meta":{"footnotes":""},"categories":[],"tags":[],"class_list":["post-661","page","type-page","status-publish","hentry"],"_links":{"self":[{"href":"https:\/\/portal.unisepe.com.br\/saolourenco\/wp-json\/wp\/v2\/pages\/661","targetHints":{"allow":["GET"]}}],"collection":[{"href":"https:\/\/portal.unisepe.com.br\/saolourenco\/wp-json\/wp\/v2\/pages"}],"about":[{"href":"https:\/\/portal.unisepe.com.br\/saolourenco\/wp-json\/wp\/v2\/types\/page"}],"author":[{"embeddable":true,"href":"https:\/\/portal.unisepe.com.br\/saolourenco\/wp-json\/wp\/v2\/users\/1"}],"replies":[{"embeddable":true,"href":"https:\/\/portal.unisepe.com.br\/saolourenco\/wp-json\/wp\/v2\/comments?post=661"}],"version-history":[{"count":27,"href":"https:\/\/portal.unisepe.com.br\/saolourenco\/wp-json\/wp\/v2\/pages\/661\/revisions"}],"predecessor-version":[{"id":4273,"href":"https:\/\/portal.unisepe.com.br\/saolourenco\/wp-json\/wp\/v2\/pages\/661\/revisions\/4273"}],"up":[{"embeddable":true,"href":"https:\/\/portal.unisepe.com.br\/saolourenco\/wp-json\/wp\/v2\/pages\/647"}],"wp:attachment":[{"href":"https:\/\/portal.unisepe.com.br\/saolourenco\/wp-json\/wp\/v2\/media?parent=661"}],"wp:term":[{"taxonomy":"category","embeddable":true,"href":"https:\/\/portal.unisepe.com.br\/saolourenco\/wp-json\/wp\/v2\/categories?post=661"},{"taxonomy":"post_tag","embeddable":true,"href":"https:\/\/portal.unisepe.com.br\/saolourenco\/wp-json\/wp\/v2\/tags?post=661"}],"curies":[{"name":"wp","href":"https:\/\/api.w.org\/{rel}","templated":true}]}}