{"id":6650,"date":"2024-08-20T12:41:28","date_gmt":"2024-08-20T15:41:28","guid":{"rendered":"https:\/\/portal.unisepe.com.br\/saolourenco\/?page_id=6650"},"modified":"2025-10-23T15:39:31","modified_gmt":"2025-10-23T18:39:31","slug":"corpo-docente","status":"publish","type":"page","link":"https:\/\/portal.unisepe.com.br\/saolourenco\/a-instituicao\/corpo-docente\/","title":{"rendered":"Corpo Docente"},"content":{"rendered":"<p><strong>Da IES:<\/strong><\/p>\n<p>O corpo docente da <span data-teams=\"true\">Centro Universit\u00e1rio<\/span> S\u00e3o Louren\u00e7o sempre \u00e9 composto por no m\u00ednimo de 20% de contratados em regime de tempo integral e o m\u00ednimo de 1\/3 (um ter\u00e7o) do corpo docente com titula\u00e7\u00e3o acad\u00eamica de mestrado ou doutorado.<\/p>\n<p><strong>Do Curso:<\/strong><\/p>\n<p style=\"text-align: justify;\">A rela\u00e7\u00e3o dos professores que integram o corpo docente do curso, com a respectiva forma\u00e7\u00e3o, titula\u00e7\u00e3o e regime de trabalho, est\u00e3o afixadas em local vis\u00edvel na secretaria acad\u00eamica.<\/p>\n","protected":false},"excerpt":{"rendered":"<p>Da IES: O corpo docente da Centro Universit\u00e1rio S\u00e3o Louren\u00e7o sempre \u00e9 composto por no m\u00ednimo de 20% de contratados em regime de tempo integral e o m\u00ednimo de 1\/3 (um ter\u00e7o) do corpo docente com titula\u00e7\u00e3o acad\u00eamica de mestrado ou doutorado. Do Curso: A rela\u00e7\u00e3o dos professores que integram<\/p>\n","protected":false},"author":1,"featured_media":0,"parent":81,"menu_order":0,"comment_status":"closed","ping_status":"closed","template":"templates\/template-pagina_menu_vertical.php","meta":{"footnotes":""},"categories":[],"tags":[],"class_list":["post-6650","page","type-page","status-publish","hentry"],"_links":{"self":[{"href":"https:\/\/portal.unisepe.com.br\/saolourenco\/wp-json\/wp\/v2\/pages\/6650","targetHints":{"allow":["GET"]}}],"collection":[{"href":"https:\/\/portal.unisepe.com.br\/saolourenco\/wp-json\/wp\/v2\/pages"}],"about":[{"href":"https:\/\/portal.unisepe.com.br\/saolourenco\/wp-json\/wp\/v2\/types\/page"}],"author":[{"embeddable":true,"href":"https:\/\/portal.unisepe.com.br\/saolourenco\/wp-json\/wp\/v2\/users\/1"}],"replies":[{"embeddable":true,"href":"https:\/\/portal.unisepe.com.br\/saolourenco\/wp-json\/wp\/v2\/comments?post=6650"}],"version-history":[{"count":2,"href":"https:\/\/portal.unisepe.com.br\/saolourenco\/wp-json\/wp\/v2\/pages\/6650\/revisions"}],"predecessor-version":[{"id":6785,"href":"https:\/\/portal.unisepe.com.br\/saolourenco\/wp-json\/wp\/v2\/pages\/6650\/revisions\/6785"}],"up":[{"embeddable":true,"href":"https:\/\/portal.unisepe.com.br\/saolourenco\/wp-json\/wp\/v2\/pages\/81"}],"wp:attachment":[{"href":"https:\/\/portal.unisepe.com.br\/saolourenco\/wp-json\/wp\/v2\/media?parent=6650"}],"wp:term":[{"taxonomy":"category","embeddable":true,"href":"https:\/\/portal.unisepe.com.br\/saolourenco\/wp-json\/wp\/v2\/categories?post=6650"},{"taxonomy":"post_tag","embeddable":true,"href":"https:\/\/portal.unisepe.com.br\/saolourenco\/wp-json\/wp\/v2\/tags?post=6650"}],"curies":[{"name":"wp","href":"https:\/\/api.w.org\/{rel}","templated":true}]}}