{"id":715,"date":"2016-07-14T21:10:33","date_gmt":"2016-07-14T21:10:33","guid":{"rendered":"http:\/\/www.fvr.edu.br\/fvr\/site\/?page_id=715"},"modified":"2025-10-23T18:10:02","modified_gmt":"2025-10-23T21:10:02","slug":"repositorio","status":"publish","type":"page","link":"https:\/\/portal.unisepe.com.br\/saolourenco\/biblioteca\/repositorio\/","title":{"rendered":"Espa\u00e7o Cultural"},"content":{"rendered":"<p style=\"text-align: center;\"><strong>BIBLIOTECA S\u00c3O LOUREN\u00c7O<\/strong><\/p>\n<p style=\"text-align: justify;\">A Biblioteca do\u00a0<span data-teams=\"true\">Centro Universit\u00e1rio<\/span> S\u00e3o Louren\u00e7o localizada no primeiro andar junto com uma sala multimeios (audit\u00f3rios) com capacidade para 300 pessoas, adaptado para palestras, apresenta\u00e7\u00f5es, proje\u00e7\u00f5es de v\u00eddeos e eventos culturais, a biblioteca conta com um espa\u00e7o f\u00edsico amplo, claro e arejado, com \u00e1reas reservadas para o acervo bibliogr\u00e1ficos, videoteca, pesquisas e restaura\u00e7\u00e3o dos livros \u00e9 informatizada de acordo com as normas de cataloga\u00e7\u00e3o AACR2 e a Classifica\u00e7\u00e3o Decimal de Dewey.<\/p>\n<p style=\"text-align: justify;\">Possui um acervo de 12.136 t\u00edtulos e 27.112 exemplares, mais de 2.000 peri\u00f3dicos. A videoteca possui 1005 fitas, a cedeteca com 768 CD\u2019S rom, al\u00e9m de 135 disquetes e 47 DVD\u2019S.<\/p>\n<p style=\"text-align: justify;\">A \u00e1rea destinada \u00e0 pesquisa est\u00e3o instalados, al\u00e9m das mesas, 20 computadores com acesso \u00e0 internet e 2 computadores para atendimento, salas de \u00e1udio e v\u00eddeo, cabines individuais de estudo, uma sala de apoio para reuni\u00f5es e trabalhos em grupos. Totalizando o espa\u00e7o f\u00edsico da biblioteca em:<\/p>\n<ul>\n<li>\u00c1rea total constru\u00edda: 332,04 m\u00b2<\/li>\n<li>\u00c1rea destinada ao acervo: 151,84 m\u00b2<\/li>\n<li>\u00c1rea para uso individual: 35,20 m\u00b2<\/li>\n<li>\u00c1rea para uso coletivo: 145,00 m\u00b2<\/li>\n<\/ul>\n<p style=\"text-align: justify;\">Al\u00e9m das previs\u00f5es de expans\u00e3o, o espa\u00e7o f\u00edsico do\u00a0<span data-teams=\"true\">Centro Universit\u00e1rio<\/span> S\u00e3o Louren\u00e7o permite a amplia\u00e7\u00e3o da \u00e1rea e dos conte\u00fados da biblioteca, de acordo com a necessidade dos cursos.<\/p>\n<p style=\"text-align: justify;\">A biblioteca funciona com uma bibliotec\u00e1ria, duas auxiliares de biblioteca, sendo a bibliotec\u00e1ria respons\u00e1vel: Fernanda Pereira de Castro &#8211; CRB6-2175.<\/p>\n<p style=\"text-align: justify;\">O hor\u00e1rio de funcionamento \u00e9 de segunda \u00e0 sexta-feira de 13h\u00e0s 22h e aos s\u00e1bados de 9h \u00e0s 13h.<\/p>\n","protected":false},"excerpt":{"rendered":"<p>BIBLIOTECA S\u00c3O LOUREN\u00c7O A Biblioteca do\u00a0Centro Universit\u00e1rio S\u00e3o Louren\u00e7o localizada no primeiro andar junto com uma sala multimeios (audit\u00f3rios) com capacidade para 300 pessoas, adaptado para palestras, apresenta\u00e7\u00f5es, proje\u00e7\u00f5es de v\u00eddeos e eventos culturais, a biblioteca conta com um espa\u00e7o f\u00edsico amplo, claro e arejado, com \u00e1reas reservadas para o<\/p>\n","protected":false},"author":1,"featured_media":0,"parent":285,"menu_order":0,"comment_status":"closed","ping_status":"closed","template":"templates\/template-pagina_menu_vertical.php","meta":{"footnotes":""},"categories":[],"tags":[],"class_list":["post-715","page","type-page","status-publish","hentry"],"_links":{"self":[{"href":"https:\/\/portal.unisepe.com.br\/saolourenco\/wp-json\/wp\/v2\/pages\/715","targetHints":{"allow":["GET"]}}],"collection":[{"href":"https:\/\/portal.unisepe.com.br\/saolourenco\/wp-json\/wp\/v2\/pages"}],"about":[{"href":"https:\/\/portal.unisepe.com.br\/saolourenco\/wp-json\/wp\/v2\/types\/page"}],"author":[{"embeddable":true,"href":"https:\/\/portal.unisepe.com.br\/saolourenco\/wp-json\/wp\/v2\/users\/1"}],"replies":[{"embeddable":true,"href":"https:\/\/portal.unisepe.com.br\/saolourenco\/wp-json\/wp\/v2\/comments?post=715"}],"version-history":[{"count":9,"href":"https:\/\/portal.unisepe.com.br\/saolourenco\/wp-json\/wp\/v2\/pages\/715\/revisions"}],"predecessor-version":[{"id":6836,"href":"https:\/\/portal.unisepe.com.br\/saolourenco\/wp-json\/wp\/v2\/pages\/715\/revisions\/6836"}],"up":[{"embeddable":true,"href":"https:\/\/portal.unisepe.com.br\/saolourenco\/wp-json\/wp\/v2\/pages\/285"}],"wp:attachment":[{"href":"https:\/\/portal.unisepe.com.br\/saolourenco\/wp-json\/wp\/v2\/media?parent=715"}],"wp:term":[{"taxonomy":"category","embeddable":true,"href":"https:\/\/portal.unisepe.com.br\/saolourenco\/wp-json\/wp\/v2\/categories?post=715"},{"taxonomy":"post_tag","embeddable":true,"href":"https:\/\/portal.unisepe.com.br\/saolourenco\/wp-json\/wp\/v2\/tags?post=715"}],"curies":[{"name":"wp","href":"https:\/\/api.w.org\/{rel}","templated":true}]}}