{"id":717,"date":"2016-07-14T21:12:25","date_gmt":"2016-07-14T21:12:25","guid":{"rendered":"http:\/\/www.fvr.edu.br\/fvr\/site\/?page_id=717"},"modified":"2019-08-07T14:17:59","modified_gmt":"2019-08-07T17:17:59","slug":"revistas","status":"publish","type":"page","link":"https:\/\/portal.unisepe.com.br\/saolourenco\/biblioteca\/revistas\/","title":{"rendered":"Revistas e Links"},"content":{"rendered":"<p><strong>Bacharelado<\/strong><br \/>\n<a href=\"http:\/\/portal.unisepe.com.br\/saolourenco\/biblioteca\/revistas\/administracao-links\/\">Administra\u00e7\u00e3o de Empresas<\/a><br \/>\n<a href=\"http:\/\/portal.unisepe.com.br\/saolourenco\/biblioteca\/revistas\/biomedicina\/\">Biomedicina<\/a><br \/>\n<a href=\"http:\/\/portal.unisepe.com.br\/saolourenco\/biblioteca\/revistas\/ciencias-contabeis\/\">Ci\u00eancias Cont\u00e1beis<\/a><br \/>\n<a href=\"http:\/\/portal.unisepe.com.br\/saolourenco\/biblioteca\/revistas\/direito\/\">Direito<\/a><br \/>\n<a href=\"http:\/\/portal.unisepe.com.br\/saolourenco\/biblioteca\/revistas\/educacao-fisica\/\">Educa\u00e7\u00e3o F\u00edsica<\/a><br \/>\n<a href=\"http:\/\/portal.unisepe.com.br\/saolourenco\/biblioteca\/revistas\/enfermagem\/\">Enfermagem<\/a><br \/>\n<a href=\"http:\/\/portal.unisepe.com.br\/saolourenco\/biblioteca\/revistas\/nutricao-2\/\">Nutri\u00e7\u00e3o<\/a><br \/>\n<a href=\"http:\/\/portal.unisepe.com.br\/saolourenco\/biblioteca\/revistas\/psicologia\/\">Psicologia<\/a><br \/>\n<a href=\"http:\/\/portal.unisepe.com.br\/saolourenco\/biblioteca\/revistas\/servico-social\/\">Servi\u00e7o Social<\/a><\/p>\n<p><strong>Licenciatura<\/strong><br \/>\n<a href=\"http:\/\/portal.unisepe.com.br\/saolourenco\/biblioteca\/revistas\/ciencias-biologicas\/\">Ci\u00eancias Biol\u00f3gicas<\/a><br \/>\n<a href=\"http:\/\/portal.unisepe.com.br\/saolourenco\/biblioteca\/revistas\/educacao-fisica\/\">Educa\u00e7\u00e3o F\u00edsica<\/a><br \/>\n<a href=\"http:\/\/portal.unisepe.com.br\/saolourenco\/biblioteca\/revistas\/pedagogia-2\/\">Pedagogia<\/a><\/p>\n<p><strong>Forma\u00e7\u00e3o Tecnol\u00f3gica<\/strong><br \/>\n<a href=\"http:\/\/portal.unisepe.com.br\/saolourenco\/biblioteca\/revistas\/ads\/\">An\u00e1lise e Desenvolvimento de Sistemas<\/a><br \/>\n<a href=\"http:\/\/portal.unisepe.com.br\/saolourenco\/biblioteca\/revistas\/estetica-e-cosmetica\/\">Est\u00e9tica e Cosm\u00e9tica<\/a><br \/>\n<a href=\"http:\/\/portal.unisepe.com.br\/saolourenco\/biblioteca\/revistas\/gestao-de-rh\/\">Gest\u00e3o de Recursos Humanos<\/a><\/p>\n<p>&nbsp;<\/p>\n","protected":false},"excerpt":{"rendered":"<p>Bacharelado Administra\u00e7\u00e3o de Empresas Biomedicina Ci\u00eancias Cont\u00e1beis Direito Educa\u00e7\u00e3o F\u00edsica Enfermagem Nutri\u00e7\u00e3o Psicologia Servi\u00e7o Social Licenciatura Ci\u00eancias Biol\u00f3gicas Educa\u00e7\u00e3o F\u00edsica Pedagogia Forma\u00e7\u00e3o Tecnol\u00f3gica An\u00e1lise e Desenvolvimento de Sistemas Est\u00e9tica e Cosm\u00e9tica Gest\u00e3o de Recursos Humanos &nbsp;<\/p>\n","protected":false},"author":1,"featured_media":0,"parent":285,"menu_order":0,"comment_status":"closed","ping_status":"closed","template":"templates\/template-pagina_menu_vertical.php","meta":{"footnotes":""},"categories":[],"tags":[],"class_list":["post-717","page","type-page","status-publish","hentry"],"_links":{"self":[{"href":"https:\/\/portal.unisepe.com.br\/saolourenco\/wp-json\/wp\/v2\/pages\/717","targetHints":{"allow":["GET"]}}],"collection":[{"href":"https:\/\/portal.unisepe.com.br\/saolourenco\/wp-json\/wp\/v2\/pages"}],"about":[{"href":"https:\/\/portal.unisepe.com.br\/saolourenco\/wp-json\/wp\/v2\/types\/page"}],"author":[{"embeddable":true,"href":"https:\/\/portal.unisepe.com.br\/saolourenco\/wp-json\/wp\/v2\/users\/1"}],"replies":[{"embeddable":true,"href":"https:\/\/portal.unisepe.com.br\/saolourenco\/wp-json\/wp\/v2\/comments?post=717"}],"version-history":[{"count":23,"href":"https:\/\/portal.unisepe.com.br\/saolourenco\/wp-json\/wp\/v2\/pages\/717\/revisions"}],"predecessor-version":[{"id":4207,"href":"https:\/\/portal.unisepe.com.br\/saolourenco\/wp-json\/wp\/v2\/pages\/717\/revisions\/4207"}],"up":[{"embeddable":true,"href":"https:\/\/portal.unisepe.com.br\/saolourenco\/wp-json\/wp\/v2\/pages\/285"}],"wp:attachment":[{"href":"https:\/\/portal.unisepe.com.br\/saolourenco\/wp-json\/wp\/v2\/media?parent=717"}],"wp:term":[{"taxonomy":"category","embeddable":true,"href":"https:\/\/portal.unisepe.com.br\/saolourenco\/wp-json\/wp\/v2\/categories?post=717"},{"taxonomy":"post_tag","embeddable":true,"href":"https:\/\/portal.unisepe.com.br\/saolourenco\/wp-json\/wp\/v2\/tags?post=717"}],"curies":[{"name":"wp","href":"https:\/\/api.w.org\/{rel}","templated":true}]}}