{"id":745,"date":"2016-07-14T21:50:53","date_gmt":"2016-07-14T21:50:53","guid":{"rendered":"http:\/\/www.fvr.edu.br\/fvr\/site\/?page_id=745"},"modified":"2023-03-08T13:51:32","modified_gmt":"2023-03-08T16:51:32","slug":"portarias","status":"publish","type":"page","link":"https:\/\/portal.unisepe.com.br\/saolourenco\/comissao-propria-de-avaliacao\/portarias\/","title":{"rendered":"Portarias"},"content":{"rendered":"<ul>\n<li><strong><a href=\"http:\/\/www.faculdadesaolourenco.com.br\/cpa\/DM\/Portaria_300_de_30.pdf\" target=\"_blank\" rel=\"noopener noreferrer\">Portaria 300 de 30 de janeiro de 2006 Instrumento de Avalia\u00e7\u00e3o Externa da IES<\/a><\/strong><\/li>\n<li><strong><a href=\"http:\/\/www.faculdadesaolourenco.com.br\/cpa\/DM\/Portaria_1081_de_2008.pdf\" target=\"_blank\" rel=\"noopener noreferrer\">Portaria 1081 de 2008 SINAES Instrumento de Avalia\u00e7\u00e3o de Cursos de Gradua\u00e7\u00e3o<\/a><\/strong><\/li>\n<li><strong> <a href=\"http:\/\/portal.unisepe.com.br\/saolourenco\/wp-content\/uploads\/sites\/10005\/2018\/09\/Portaria_1264_de_2008.pdf\" target=\"_blank\" rel=\"noopener noreferrer\">Portaria 1264 de 2008 SINAES Instrumento de Avalia\u00e7\u00e3o Externa de IES<\/a><\/strong><\/li>\n<li><strong><a href=\"http:\/\/www.faculdadesaolourenco.com.br\/cpa\/DM\/portaria_821_2009.pdf\" target=\"_blank\" rel=\"noopener noreferrer\">Portaria 821 de 2009 Prazo para postagem Relat\u00f3rio de Auto-Avalia\u00e7\u00e3o<\/a><\/strong><\/li>\n<li><strong><a href=\"http:\/\/portal.unisepe.com.br\/saolourenco\/wp-content\/uploads\/sites\/10005\/2018\/09\/Portaria_CPA.pdf\" target=\"_blank\" rel=\"noopener noreferrer\">Portaria 01 de 2015 Designa Membros da CPA: Comiss\u00e3o pr\u00f3pria de Avalia\u00e7\u00e3o<\/a><\/strong><\/li>\n<li><strong><a href=\"http:\/\/www.faculdadesaolourenco.com.br\/cpa\/DM\/Portaria20161.pdf\" target=\"_blank\" rel=\"noopener noreferrer\">Portaria 02 de 2016 Designa membros da CPA<\/a><\/strong><\/li>\n<li><strong><a href=\"https:\/\/portal.unisepe.com.br\/saolourenco\/wp-content\/uploads\/sites\/10005\/2023\/03\/Portaria-CPA-2021.pdf\">Portaria CPA 2021<\/a><\/strong><\/li>\n<li><strong><a href=\"https:\/\/portal.unisepe.com.br\/saolourenco\/wp-content\/uploads\/sites\/10005\/2023\/03\/PORTARIA-01A-2023-CPA.pdf\">PORTARIA 01A-2023 CPA<\/a><\/strong><\/li>\n<\/ul>\n","protected":false},"excerpt":{"rendered":"<p>Portaria 300 de 30 de janeiro de 2006 Instrumento de Avalia\u00e7\u00e3o Externa da IES Portaria 1081 de 2008 SINAES Instrumento de Avalia\u00e7\u00e3o de Cursos de Gradua\u00e7\u00e3o Portaria 1264 de 2008 SINAES Instrumento de Avalia\u00e7\u00e3o Externa de IES Portaria 821 de 2009 Prazo para postagem Relat\u00f3rio de Auto-Avalia\u00e7\u00e3o Portaria 01 de<\/p>\n","protected":false},"author":1,"featured_media":0,"parent":732,"menu_order":0,"comment_status":"closed","ping_status":"closed","template":"templates\/template-pagina_menu_vertical.php","meta":{"footnotes":""},"categories":[],"tags":[],"class_list":["post-745","page","type-page","status-publish","hentry"],"_links":{"self":[{"href":"https:\/\/portal.unisepe.com.br\/saolourenco\/wp-json\/wp\/v2\/pages\/745","targetHints":{"allow":["GET"]}}],"collection":[{"href":"https:\/\/portal.unisepe.com.br\/saolourenco\/wp-json\/wp\/v2\/pages"}],"about":[{"href":"https:\/\/portal.unisepe.com.br\/saolourenco\/wp-json\/wp\/v2\/types\/page"}],"author":[{"embeddable":true,"href":"https:\/\/portal.unisepe.com.br\/saolourenco\/wp-json\/wp\/v2\/users\/1"}],"replies":[{"embeddable":true,"href":"https:\/\/portal.unisepe.com.br\/saolourenco\/wp-json\/wp\/v2\/comments?post=745"}],"version-history":[{"count":11,"href":"https:\/\/portal.unisepe.com.br\/saolourenco\/wp-json\/wp\/v2\/pages\/745\/revisions"}],"predecessor-version":[{"id":6041,"href":"https:\/\/portal.unisepe.com.br\/saolourenco\/wp-json\/wp\/v2\/pages\/745\/revisions\/6041"}],"up":[{"embeddable":true,"href":"https:\/\/portal.unisepe.com.br\/saolourenco\/wp-json\/wp\/v2\/pages\/732"}],"wp:attachment":[{"href":"https:\/\/portal.unisepe.com.br\/saolourenco\/wp-json\/wp\/v2\/media?parent=745"}],"wp:term":[{"taxonomy":"category","embeddable":true,"href":"https:\/\/portal.unisepe.com.br\/saolourenco\/wp-json\/wp\/v2\/categories?post=745"},{"taxonomy":"post_tag","embeddable":true,"href":"https:\/\/portal.unisepe.com.br\/saolourenco\/wp-json\/wp\/v2\/tags?post=745"}],"curies":[{"name":"wp","href":"https:\/\/api.w.org\/{rel}","templated":true}]}}