{"id":754,"date":"2016-07-14T21:52:32","date_gmt":"2016-07-14T21:52:32","guid":{"rendered":"http:\/\/www.fvr.edu.br\/fvr\/site\/?page_id=754"},"modified":"2024-03-20T15:02:43","modified_gmt":"2024-03-20T18:02:43","slug":"constituicao-cpa","status":"publish","type":"page","link":"https:\/\/portal.unisepe.com.br\/saolourenco\/comissao-propria-de-avaliacao\/constituicao-cpa\/","title":{"rendered":"Constitui\u00e7\u00e3o CPA"},"content":{"rendered":"<p>&nbsp;<\/p>\n<p>&nbsp;<\/p>\n<table border=\"1\">\n<tbody>\n<tr>\n<th>\n<p align=\"center\">Nomes<\/p>\n<\/th>\n<th>\n<p align=\"center\"><strong>Representa\u00e7\u00e3o<\/strong><\/p>\n<\/th>\n<\/tr>\n<tr>\n<td>Rafaela Ferreira Fran\u00e7a<\/td>\n<td>\n<p align=\"center\">Coordenador CPA<\/p>\n<\/td>\n<\/tr>\n<tr>\n<td>Juliano Lopes Ven\u00e2ncio<\/td>\n<td>\n<p align=\"center\">Corpo Docente<\/p>\n<\/td>\n<\/tr>\n<tr>\n<td>Juliano Lopes Ven\u00e2ncio<\/td>\n<td>\n<p align=\"center\">Coordena\u00e7\u00e3o de TI<\/p>\n<\/td>\n<\/tr>\n<tr>\n<td>Fernanda Pereira de Castro<\/td>\n<td>\n<p align=\"center\">Corpo T\u00e9cnico Administrativo<\/p>\n<\/td>\n<\/tr>\n<tr>\n<td>Renan Silva de Paula<\/td>\n<td>\n<p align=\"center\">Corpo Discente<\/p>\n<\/td>\n<\/tr>\n<tr>\n<td>Pedro Augusto da Rocha Fragoso<\/td>\n<td>\n<p align=\"center\">Sociedade Civil Organizada<\/p>\n<\/td>\n<\/tr>\n<tr>\n<td>Diego Xavier Bernardes<\/td>\n<td>\n<p align=\"center\">Representante dos Egressos<\/p>\n<\/td>\n<\/tr>\n<\/tbody>\n<\/table>\n<p>&nbsp;<\/p>\n","protected":false},"excerpt":{"rendered":"<p>&nbsp; &nbsp; Nomes Representa\u00e7\u00e3o Rafaela Ferreira Fran\u00e7a Coordenador CPA Juliano Lopes Ven\u00e2ncio Corpo Docente Juliano Lopes Ven\u00e2ncio Coordena\u00e7\u00e3o de TI Fernanda Pereira de Castro Corpo T\u00e9cnico Administrativo Renan Silva de Paula Corpo Discente Pedro Augusto da Rocha Fragoso Sociedade Civil Organizada Diego Xavier Bernardes Representante dos Egressos &nbsp;<\/p>\n","protected":false},"author":1,"featured_media":0,"parent":732,"menu_order":0,"comment_status":"closed","ping_status":"closed","template":"templates\/template-pagina_menu_vertical.php","meta":{"footnotes":""},"categories":[],"tags":[],"class_list":["post-754","page","type-page","status-publish","hentry"],"_links":{"self":[{"href":"https:\/\/portal.unisepe.com.br\/saolourenco\/wp-json\/wp\/v2\/pages\/754","targetHints":{"allow":["GET"]}}],"collection":[{"href":"https:\/\/portal.unisepe.com.br\/saolourenco\/wp-json\/wp\/v2\/pages"}],"about":[{"href":"https:\/\/portal.unisepe.com.br\/saolourenco\/wp-json\/wp\/v2\/types\/page"}],"author":[{"embeddable":true,"href":"https:\/\/portal.unisepe.com.br\/saolourenco\/wp-json\/wp\/v2\/users\/1"}],"replies":[{"embeddable":true,"href":"https:\/\/portal.unisepe.com.br\/saolourenco\/wp-json\/wp\/v2\/comments?post=754"}],"version-history":[{"count":9,"href":"https:\/\/portal.unisepe.com.br\/saolourenco\/wp-json\/wp\/v2\/pages\/754\/revisions"}],"predecessor-version":[{"id":6564,"href":"https:\/\/portal.unisepe.com.br\/saolourenco\/wp-json\/wp\/v2\/pages\/754\/revisions\/6564"}],"up":[{"embeddable":true,"href":"https:\/\/portal.unisepe.com.br\/saolourenco\/wp-json\/wp\/v2\/pages\/732"}],"wp:attachment":[{"href":"https:\/\/portal.unisepe.com.br\/saolourenco\/wp-json\/wp\/v2\/media?parent=754"}],"wp:term":[{"taxonomy":"category","embeddable":true,"href":"https:\/\/portal.unisepe.com.br\/saolourenco\/wp-json\/wp\/v2\/categories?post=754"},{"taxonomy":"post_tag","embeddable":true,"href":"https:\/\/portal.unisepe.com.br\/saolourenco\/wp-json\/wp\/v2\/tags?post=754"}],"curies":[{"name":"wp","href":"https:\/\/api.w.org\/{rel}","templated":true}]}}