{"id":793,"date":"2016-07-14T22:21:32","date_gmt":"2016-07-14T22:21:32","guid":{"rendered":"http:\/\/www.fvr.edu.br\/fvr\/site\/?page_id=793"},"modified":"2025-01-13T15:27:09","modified_gmt":"2025-01-13T18:27:09","slug":"portarias","status":"publish","type":"page","link":"https:\/\/portal.unisepe.com.br\/saolourenco\/manuais-editais-e-regulamentos\/portarias\/","title":{"rendered":"Portarias"},"content":{"rendered":"<ul>\n<li style=\"list-style-type: none\">\n<ul>\n<li><a href=\"https:\/\/portal.unisepe.com.br\/saolourenco\/wp-content\/uploads\/sites\/10005\/2025\/01\/Portaria-CESU-2025-1.pdf\" target=\"_blank\" rel=\"noopener\">PORTARIA 01\/2025 &#8211; <strong>PROGRAMA CESU 2025<\/strong><\/a><\/li>\n<li><a href=\"https:\/\/portal.unisepe.com.br\/saolourenco\/wp-content\/uploads\/sites\/10005\/2024\/02\/PORTARIA-N\u00b0-02-2024-Bolsa-Transporte.pdf\" target=\"_blank\" rel=\"noopener noreferrer\">PORTARIA 02\/2024 &#8211; <strong>PROGRAMA BOLSA TRANSPORTE<\/strong><\/a><\/li>\n<li><a href=\"https:\/\/portal.unisepe.com.br\/saolourenco\/wp-content\/uploads\/sites\/10005\/2024\/01\/Portaria-n\u00b0-05-2024-IESEP.pdf\" target=\"_blank\" rel=\"noopener noreferrer\">PORTARIA 05\/2024 &#8211; <strong>PROGRAMA BOLSA IESEP<\/strong><\/a><\/li>\n<li><a href=\"https:\/\/portal.unisepe.com.br\/saolourenco\/wp-content\/uploads\/sites\/10005\/2024\/01\/Portaria-n\u00b0-06-2024-IESEP.pdf\" target=\"_blank\" rel=\"noopener noreferrer\">PORTARIA 06\/2024 &#8211; <strong>PROGRAMA BOLSA IESEP<\/strong><\/a><\/li>\n<li><a href=\"https:\/\/portal.unisepe.com.br\/saolourenco\/wp-content\/uploads\/sites\/10005\/2024\/03\/Portaria-N\u00b0-09-2024.pdf\" target=\"_blank\" rel=\"noopener noreferrer\">PORTARIA 09\/2024 &#8211; <strong>REGULAMENTA\u00c7\u00c3O E APRESENTA\u00c7\u00c3O DE ATESTADOS M\u00c9DICOS E ODONTOL\u00d3GICOS<\/strong><\/a><\/li>\n<li><a href=\"https:\/\/portal.unisepe.com.br\/saolourenco\/wp-content\/uploads\/sites\/10005\/2023\/01\/Potaria-Direito.pdf\" target=\"_blank\" rel=\"noopener noreferrer\">PORTARIA 02\/2023 &#8211; <strong>PROGRAMA BOLSA IESEP DIREITO<\/strong><\/a><\/li>\n<li><a href=\"https:\/\/portal.unisepe.com.br\/saolourenco\/wp-content\/uploads\/sites\/10005\/2023\/02\/portaria-ENFERMAGEM.pdf\" target=\"_blank\" rel=\"noopener noreferrer\">PORTARIA 03\/2023 &#8211; <strong>PROGRAMA BOLSA IESEP ENFERMAGEM<\/strong><\/a><\/li>\n<li><a href=\"https:\/\/portal.unisepe.com.br\/saolourenco\/wp-content\/uploads\/sites\/10005\/2023\/02\/Portaria-ESTETICA-E-FISIOTERAPIA.pdf\" target=\"_blank\" rel=\"noopener noreferrer\">PORTARIA 04\/2023 &#8211; <strong>PROGRAMA BOLSA IESEP EST\u00c9TICA E FISIOTERAPIA<\/strong><\/a><\/li>\n<li><a href=\"https:\/\/portal.unisepe.com.br\/saolourenco\/wp-content\/uploads\/sites\/10005\/2022\/10\/IESEP.pdf\" target=\"_blank\" rel=\"noopener noreferrer\">PORTARIA 03\/2022 &#8211; <strong>PROGRAMA BOLSA IESEP<\/strong><\/a><\/li>\n<li><a href=\"https:\/\/portal.unisepe.com.br\/saolourenco\/wp-content\/uploads\/sites\/10005\/2023\/01\/Portaria-Nutri\u00e7ao.pdf\" target=\"_blank\" rel=\"noopener noreferrer\">PORTARIA 11\/2022 &#8211; <strong>PROGRAMA BOLSA IESEP NUTRI\u00c7\u00c3O<\/strong><\/a><\/li>\n<li><a href=\"https:\/\/portal.unisepe.com.br\/saolourenco\/wp-content\/uploads\/sites\/10005\/2023\/01\/Portaria-Nutri\u00e7ao000.pdf\" target=\"_blank\" rel=\"noopener noreferrer\">PORTARIA 11\/2022 &#8211; <strong>PROGRAMA BOLSA IESEP NUTRI\u00c7\u00c3O<\/strong><\/a><\/li>\n<li><a href=\"https:\/\/portal.unisepe.com.br\/saolourenco\/wp-content\/uploads\/sites\/10005\/2021\/02\/Bolsa-Transferencia.pdf\" target=\"_blank\" rel=\"noopener noreferrer\">PORTARIA 02\/2021 &#8211; <strong>PROGRAMA BOLSA TRANSPORTE\/TRANSFER\u00caNCIA<\/strong><\/a><\/li>\n<li><a href=\"https:\/\/portal.unisepe.com.br\/saolourenco\/wp-content\/uploads\/sites\/10005\/2021\/02\/Programa-Bolsa-Transporte.pdf\" target=\"_blank\" rel=\"noopener noreferrer\">PORTARIA 03\/2021 &#8211; <strong>PROGRAMA BOLSA TRANSPORTE<\/strong><\/a><\/li>\n<li><a href=\"http:\/\/portal.unisepe.com.br\/saolourenco\/wp-content\/uploads\/sites\/10005\/2020\/02\/03-Calouro-Amigo.pdf\" target=\"_blank\" rel=\"noopener noreferrer\">PORTARIA 03\/2020 &#8211; <strong>Calouro Amigo<\/strong><\/a><\/li>\n<li><a href=\"http:\/\/portal.unisepe.com.br\/saolourenco\/wp-content\/uploads\/sites\/10005\/2020\/02\/02-Programa-ENEM.pdf\" target=\"_blank\" rel=\"noopener noreferrer\">PORTARIA 02\/2020 &#8211;\u00a0<strong>PROGRAMA BOLSA PROERS &#8211; ENEM<\/strong><\/a><strong><\/strong><\/li>\n<li><a href=\"http:\/\/portal.unisepe.com.br\/saolourenco\/wp-content\/uploads\/sites\/10005\/2020\/04\/Portaria_07-Faculdade-de-S\u00e3o-Louren\u00e7o.pdf\" target=\"_blank\" rel=\"noopener noreferrer\">PORTARIA 07\/2020 &#8211;\u00a0<strong>Programa de Aux\u00edlio aos Alunos durante a pandemia COVID-19<\/strong><\/a><\/li>\n<li><a href=\"http:\/\/portal.unisepe.com.br\/saolourenco\/wp-content\/uploads\/sites\/10005\/2020\/07\/PORTARIA_11.pdf\" target=\"_blank\" rel=\"noopener noreferrer\">PORTARIA 11\/2020 &#8211;\u00a0<strong>Estende o Programa de Aux\u00edlio aos Alunos durante a pandemia COVID-19<\/strong><\/a><\/li>\n<li><a href=\"http:\/\/portal.unisepe.com.br\/saolourenco\/wp-content\/uploads\/sites\/10005\/2020\/07\/12-CESU.pdf\" target=\"_blank\" rel=\"noopener noreferrer\">PORTARIA 12\/2020 &#8211;<strong>\u00a0INSTITUI O PROGRAMA DE CR\u00c9DITO EDUCATIVO SOLID\u00c1RIO UNISEPE &#8211; CESU<\/strong><\/a><\/li>\n<li><a href=\"http:\/\/portal.unisepe.com.br\/saolourenco\/wp-content\/uploads\/sites\/10005\/2020\/01\/02-Programa_Transferencia.pdf\" target=\"_blank\" rel=\"noopener noreferrer\">PORTARIA 02\/2019 &#8211; <strong>Programa de Transfer\u00eancia Interna<\/strong><\/a><\/li>\n<\/ul>\n<\/li>\n<\/ul>\n","protected":false},"excerpt":{"rendered":"<p>PORTARIA 01\/2025 &#8211; PROGRAMA CESU 2025 PORTARIA 02\/2024 &#8211; PROGRAMA BOLSA TRANSPORTE PORTARIA 05\/2024 &#8211; PROGRAMA BOLSA IESEP PORTARIA 06\/2024 &#8211; PROGRAMA BOLSA IESEP PORTARIA 09\/2024 &#8211; REGULAMENTA\u00c7\u00c3O E APRESENTA\u00c7\u00c3O DE ATESTADOS M\u00c9DICOS E ODONTOL\u00d3GICOS PORTARIA 02\/2023 &#8211; PROGRAMA BOLSA IESEP DIREITO PORTARIA 03\/2023 &#8211; PROGRAMA BOLSA IESEP ENFERMAGEM PORTARIA<\/p>\n","protected":false},"author":1,"featured_media":0,"parent":788,"menu_order":0,"comment_status":"closed","ping_status":"closed","template":"templates\/template-pagina_menu_vertical.php","meta":{"footnotes":""},"categories":[],"tags":[],"class_list":["post-793","page","type-page","status-publish","hentry"],"_links":{"self":[{"href":"https:\/\/portal.unisepe.com.br\/saolourenco\/wp-json\/wp\/v2\/pages\/793","targetHints":{"allow":["GET"]}}],"collection":[{"href":"https:\/\/portal.unisepe.com.br\/saolourenco\/wp-json\/wp\/v2\/pages"}],"about":[{"href":"https:\/\/portal.unisepe.com.br\/saolourenco\/wp-json\/wp\/v2\/types\/page"}],"author":[{"embeddable":true,"href":"https:\/\/portal.unisepe.com.br\/saolourenco\/wp-json\/wp\/v2\/users\/1"}],"replies":[{"embeddable":true,"href":"https:\/\/portal.unisepe.com.br\/saolourenco\/wp-json\/wp\/v2\/comments?post=793"}],"version-history":[{"count":31,"href":"https:\/\/portal.unisepe.com.br\/saolourenco\/wp-json\/wp\/v2\/pages\/793\/revisions"}],"predecessor-version":[{"id":6697,"href":"https:\/\/portal.unisepe.com.br\/saolourenco\/wp-json\/wp\/v2\/pages\/793\/revisions\/6697"}],"up":[{"embeddable":true,"href":"https:\/\/portal.unisepe.com.br\/saolourenco\/wp-json\/wp\/v2\/pages\/788"}],"wp:attachment":[{"href":"https:\/\/portal.unisepe.com.br\/saolourenco\/wp-json\/wp\/v2\/media?parent=793"}],"wp:term":[{"taxonomy":"category","embeddable":true,"href":"https:\/\/portal.unisepe.com.br\/saolourenco\/wp-json\/wp\/v2\/categories?post=793"},{"taxonomy":"post_tag","embeddable":true,"href":"https:\/\/portal.unisepe.com.br\/saolourenco\/wp-json\/wp\/v2\/tags?post=793"}],"curies":[{"name":"wp","href":"https:\/\/api.w.org\/{rel}","templated":true}]}}