{"id":81,"date":"2015-07-28T12:24:00","date_gmt":"2015-07-28T12:24:00","guid":{"rendered":"http:\/\/www.fasupi.com.br\/site\/?page_id=81"},"modified":"2025-11-10T15:36:40","modified_gmt":"2025-11-10T18:36:40","slug":"a-instituicao","status":"publish","type":"page","link":"https:\/\/portal.unisepe.com.br\/saolourenco\/a-instituicao\/","title":{"rendered":"A Institui\u00e7\u00e3o"},"content":{"rendered":"<p style=\"text-align: center\"><strong>Hist\u00f3rico Institucional <\/strong><\/p>\n<p><em><strong><span data-teams=\"true\">Centro Universit\u00e1rio <\/span>S\u00e3o Louren\u00e7o &#8211; Unis\u00e3olouren\u00e7o<\/strong><\/em><\/p>\n<p style=\"text-align: justify\">De janeiro de 1992 a janeiro de 2007 a hist\u00f3ria da Faculdade de S\u00e3o Louren\u00e7o foi escrita tendo como autora a Faculdade Santa Marta. Atrav\u00e9s da Portaria n\u00ba 75 de 24 de janeiro de 2007, publicada no D.O.U de 25 de janeiro de 2007, o MEC\/SEsu tornou oficial a transforma\u00e7\u00e3o da Faculdade Santa Marta em Faculdade de S\u00e3o Louren\u00e7o, denomina\u00e7\u00e3o atual da Institui\u00e7\u00e3o. Em 27 de Junho de 2017, foi publicado pela Portaria n\u00famero 781 o Recredenciamento da Institui\u00e7\u00e3o.<\/p>\n<p style=\"text-align: justify\">As efetivas atividades de ensino da Faculdade de S\u00e3o Louren\u00e7o se iniciaram em 1992 com a implanta\u00e7\u00e3o do curso de Administra\u00e7\u00e3o, o primeiro curso superior a ser ministrado na cidade de S\u00e3o Louren\u00e7o, atendendo dessa maneira um grande anseio da comunidade local. Este fato ocorreu atrav\u00e9s da publica\u00e7\u00e3o do Decreto s\/n de 28 de janeiro de 1992, publicado no Di\u00e1rio Oficial da Uni\u00e3o em 29 de janeiro de 1992. No segundo semestre de 1992 foi, ent\u00e3o, realizado o primeiro vestibular para ingresso no Curso de Administra\u00e7\u00e3o da Faculdade de S\u00e3o Louren\u00e7o.<\/p>\n<p style=\"text-align: justify\">O segundo passo foi dado em 1994 com a autoriza\u00e7\u00e3o para funcionamento do curso de Pedagogia, o que se deu atrav\u00e9s do Decreto s\/n, de 14 de dezembro de 1993 e publicado no Di\u00e1rio Oficial da Uni\u00e3o em 15 de dezembro de 1993, consolidando, com este ato, a implanta\u00e7\u00e3o da Faculdade de S\u00e3o Louren\u00e7o como institui\u00e7\u00e3o de educa\u00e7\u00e3o superior no sul das Minas Gerais. Neste mesmo ano de 1994 a Mantenedora entrega um moderno pr\u00e9dio destinado ao funcionamento da Faculdade de S\u00e3o Louren\u00e7o. Este pr\u00e9dio, com 3.690 m\u00b2 de \u00e1rea constru\u00edda, foi erguido uma \u00e1rea nobre da cidade e com instala\u00e7\u00f5es capazes de atender de modo confort\u00e1vel e funcional todos os usu\u00e1rios do pr\u00e9dio, inclusive deficientes f\u00edsicos, j\u00e1 que conta com acessos especiais e sanit\u00e1rios exclusivos.<\/p>\n<p style=\"text-align: justify\">Os cinco anos seguintes foram de estrutura\u00e7\u00e3o e consolida\u00e7\u00e3o dos dois cursos autorizados. O reconhecimento dos cursos ocorreu no ano de 1996 sendo o de Administra\u00e7\u00e3o reconhecido pela Portaria MEC 1009, de 02 de outubro de 1996 devidamente publicadas no Di\u00e1rio Oficial da Uni\u00e3o em 04 de outubro de 1996 e o de Pedagogia reconhecido pela Portaria MEC 1119, de 01 de novembro de 1996 e publicada no Di\u00e1rio Oficial da Uni\u00e3o em 04 de novembro de 1996.<\/p>\n<p style=\"text-align: justify\">Em 1999 um antigo sonho da comunidade regional se concretizou com a implanta\u00e7\u00e3o do curso de Direito da Faculdade de S\u00e3o Louren\u00e7o. O m\u00e9rito da iniciativa foi ratificado pela Comiss\u00e3o de Ensino Jur\u00eddico do Conselho Federal da Ordem dos Advogados do Brasil que emitiu ju\u00edzo favor\u00e1vel \u00e0 autoriza\u00e7\u00e3o do curso &#8211; fato extremamente raro de acontecer, atrav\u00e9s do Parecer 583\/98, publicado no Di\u00e1rio Oficial da Justi\u00e7a em 01 de dezembro de 1998. Ap\u00f3s a decis\u00e3o da OAB o processo voltou para o Minist\u00e9rio da Educa\u00e7\u00e3o e atrav\u00e9s da Portaria MEC n\u00ba. 932 de 22 de junho de 1999, publicada no Di\u00e1rio Oficial de Uni\u00e3o de 24 de junho de 1999 o curso de Direito teve sua autoriza\u00e7\u00e3o de funcionamento concedida.<\/p>\n<p style=\"text-align: justify\">No ano de 2000 foi a vez da Faculdade de S\u00e3o Louren\u00e7o oferecer para a micro regi\u00e3o onde est\u00e1 inserida um curso voltado para a realidade econ\u00f4mica desta com a oferta do curso de Turismo e Hotelaria. Nada mais l\u00f3gico do que dar para esta regi\u00e3o a forma\u00e7\u00e3o necess\u00e1ria para a melhoria e qualifica\u00e7\u00e3o da m\u00e3o-de-obra do setor econ\u00f4mico que sempre a caracterizou: o turismo e a hospedagem. Assim, atrav\u00e9s da Portaria MEC 700 de 26 de maio de 2000, publicada no Di\u00e1rio Oficial da Uni\u00e3o em 30 de maio de 2000 foi autorizado o funcionamento do curso de Turismo e Hotelaria, um dos poucos no Brasil e oferecer dois bacharelados em um \u00fanico curso.<\/p>\n<p style=\"text-align: justify\">Em 2001, a primeira etapa de ofertas de cursos superiores, dentro do projeto de expans\u00e3o da Faculdade de S\u00e3o Louren\u00e7o, \u00e9 coroada com a autoriza\u00e7\u00e3o para funcionamento do curso de Sistemas de Informa\u00e7\u00e3o, que se deu atrav\u00e9s da Portaria MEC 290, de 15 de fevereiro de 2001, publicada no Di\u00e1rio Oficial da Uni\u00e3o de 19 de fevereiro de 2001. A implanta\u00e7\u00e3o efetiva do curso ocorreu somente no ano de 2002, pois foram necess\u00e1rias adequa\u00e7\u00f5es nas instala\u00e7\u00f5es f\u00edsicas para o in\u00edcio do funcionamento do curso.<\/p>\n<p style=\"text-align: justify\">O crescimento da Faculdade de S\u00e3o Louren\u00e7o, na oferta de seus cursos superiores, gerou a necessidade de amplia\u00e7\u00e3o do espa\u00e7o f\u00edsico obrigando a Sociedade Educacional Santa Marta iniciar no ano de 2001 a constru\u00e7\u00e3o de mais um pr\u00e9dio. Este novo pr\u00e9dio foi totalmente conclu\u00eddo no final do ano de 2002 e conta com 3.296 m\u00b2 de \u00e1rea constru\u00edda.<\/p>\n<p style=\"text-align: justify\">Em 2005, a antiga Faculdade Santa Marta foi incorporada aos atuais mantenedores e em 2007, ocorreu a troca do nome para Faculdade de S\u00e3o Louren\u00e7o, bem como a troca da raz\u00e3o social de sua Mantenedora, a antiga Sociedade Acad\u00eamica Amparense.<\/p>\n<p style=\"text-align: justify\">Em 2008, novamente surge \u00e0 necessidade de amplia\u00e7\u00e3o de salas de aulas devido ao crescimento continuo da Faculdade de S\u00e3o Louren\u00e7o e mais dez salas de aulas s\u00e3o constru\u00eddas para atender esta demanda.<\/p>\n<p style=\"text-align: justify\">Em 2010 foram autorizados os cursos de Enfermagem, Ci\u00eancias Biol\u00f3gicas, Educa\u00e7\u00e3o F\u00edsica, Nutri\u00e7\u00e3o, Ci\u00eancias Cont\u00e1beis, Servi\u00e7o Social e, posteriormente, em 2011 os de Biomedicina e Gest\u00e3o de Recursos Humanos.<\/p>\n<p style=\"text-align: justify\">No ano de 2015 foram autorizados os Cursos de Psicologia, Est\u00e9tica e Cosm\u00e9tica, Gest\u00e3o Hospitalar e Marketing.<\/p>\n<p style=\"text-align: justify\">No ano de 2016 foi autorizado o Cursos Superior de Tecnologia em Agroind\u00fastria e no ano seguinte, o Curso de An\u00e1lise e Desenvolvimento de Sistema.<\/p>\n<p style=\"text-align: justify\">Em 2018 foi autorizado o Curso de Educa\u00e7\u00e3o F\u00edsica na modalidade Bacharelado.<\/p>\n<p style=\"text-align: justify\">A Faculdade de S\u00e3o Louren\u00e7o assume posi\u00e7\u00e3o construtiva em uma sociedade democr\u00e1tica, servindo de instrumento propulsor de transforma\u00e7\u00e3o social.<\/p>\n<p style=\"text-align: justify\">Nesse sentido, tem como finalidade responder aos anseios e \u00e0s necessidades da comunidade onde se situa. Tem o compromisso de colocar o produto de suas atividades de ensino, aliadas \u00e0 pesquisa e \u00e0 extens\u00e3o ao alcance e servi\u00e7o da comunidade, para dela merecer o respeito e reconhecimento. Busca, ainda, garantir a qualidade desse produto, al\u00e9m de proporcionar uma ampla participa\u00e7\u00e3o dos alunos nos diversos aspectos da vida acad\u00eamica.<\/p>\n<p>Em 2025, a Faculdade pleiteou junto ao MEC sua transforma\u00e7\u00e3o em Centro Universit\u00e1rio S\u00e3o Louren\u00e7o, conquistando autonomia para criar novos cursos e ampliar a oferta de vagas.<\/p>\n<p>O Grupo UNISEPE, com mais de 55 anos de hist\u00f3ria, contribui para o desenvolvimento educacional e social por meio da forma\u00e7\u00e3o de profissionais, extens\u00e3o universit\u00e1ria, pesquisa e assist\u00eancia em sa\u00fade e educa\u00e7\u00e3o.<\/p>\n<p>O Centro Universit\u00e1rio S\u00e3o Louren\u00e7o oferece cursos de Bacharelado, Licenciatura, Tecn\u00f3logos e P\u00f3s-Gradua\u00e7\u00e3o Lato Sensu, al\u00e9m de programas de incentivo como PROUNI, FIES, conv\u00eanios institucionais e o PROERS (Programa Extensionista de Responsabilidade Social).<\/p>\n<p>Assim, o Centro Universit\u00e1rio S\u00e3o Louren\u00e7o reafirma sua tradi\u00e7\u00e3o no ensino superior, sendo o primeiro passo para o seu sucesso profissional.<\/p>\n","protected":false},"excerpt":{"rendered":"<p>Hist\u00f3rico Institucional Centro Universit\u00e1rio S\u00e3o Louren\u00e7o &#8211; Unis\u00e3olouren\u00e7o De janeiro de 1992 a janeiro de 2007 a hist\u00f3ria da Faculdade de S\u00e3o Louren\u00e7o foi escrita tendo como autora a Faculdade Santa Marta. Atrav\u00e9s da Portaria n\u00ba 75 de 24 de janeiro de 2007, publicada no D.O.U de 25 de janeiro<\/p>\n","protected":false},"author":1,"featured_media":0,"parent":0,"menu_order":0,"comment_status":"open","ping_status":"open","template":"templates\/template-pagina_menu_vertical.php","meta":{"footnotes":""},"categories":[],"tags":[],"class_list":["post-81","page","type-page","status-publish","hentry"],"_links":{"self":[{"href":"https:\/\/portal.unisepe.com.br\/saolourenco\/wp-json\/wp\/v2\/pages\/81","targetHints":{"allow":["GET"]}}],"collection":[{"href":"https:\/\/portal.unisepe.com.br\/saolourenco\/wp-json\/wp\/v2\/pages"}],"about":[{"href":"https:\/\/portal.unisepe.com.br\/saolourenco\/wp-json\/wp\/v2\/types\/page"}],"author":[{"embeddable":true,"href":"https:\/\/portal.unisepe.com.br\/saolourenco\/wp-json\/wp\/v2\/users\/1"}],"replies":[{"embeddable":true,"href":"https:\/\/portal.unisepe.com.br\/saolourenco\/wp-json\/wp\/v2\/comments?post=81"}],"version-history":[{"count":9,"href":"https:\/\/portal.unisepe.com.br\/saolourenco\/wp-json\/wp\/v2\/pages\/81\/revisions"}],"predecessor-version":[{"id":6852,"href":"https:\/\/portal.unisepe.com.br\/saolourenco\/wp-json\/wp\/v2\/pages\/81\/revisions\/6852"}],"wp:attachment":[{"href":"https:\/\/portal.unisepe.com.br\/saolourenco\/wp-json\/wp\/v2\/media?parent=81"}],"wp:term":[{"taxonomy":"category","embeddable":true,"href":"https:\/\/portal.unisepe.com.br\/saolourenco\/wp-json\/wp\/v2\/categories?post=81"},{"taxonomy":"post_tag","embeddable":true,"href":"https:\/\/portal.unisepe.com.br\/saolourenco\/wp-json\/wp\/v2\/tags?post=81"}],"curies":[{"name":"wp","href":"https:\/\/api.w.org\/{rel}","templated":true}]}}