{"id":10450,"date":"2024-11-26T17:14:44","date_gmt":"2024-11-26T20:14:44","guid":{"rendered":"https:\/\/portal.unisepe.com.br\/unifia\/?page_id=10450"},"modified":"2024-11-26T17:14:44","modified_gmt":"2024-11-26T20:14:44","slug":"como-renovar-seu-beneficio","status":"publish","type":"page","link":"https:\/\/portal.unisepe.com.br\/unifia\/como-renovar-seu-beneficio\/","title":{"rendered":"Como Renovar seu Benef\u00edcio"},"content":{"rendered":"<p style=\"text-align: center\"><strong>Relat\u00f3rios Finais dos Benef\u00edcios<\/strong><\/p>\n<p>&nbsp;<\/p>\n<ol>\n<li><strong> Com Louvor se Educa mais<\/strong>(120 horas) &#8211;\u00a0O aluno, atrav\u00e9s de orienta\u00e7\u00e3o da\u00a0<strong>Institui\u00e7\u00e3o<\/strong>ou do\u00a0<strong>religioso respons\u00e1vel<\/strong>, realizar\u00e1 atividades\u00a0<strong>relacionadas \u00e0 gest\u00e3o institucional<\/strong>. Essa a\u00e7\u00e3o pode ser presencial (na institui\u00e7\u00e3o) ou remota. Est\u00e3o vedadas a\u00e7\u00f5es sociais sem v\u00ednculo com a gest\u00e3o.<\/li>\n<\/ol>\n<p>&nbsp;<\/p>\n<ol start=\"2\">\n<li><strong> Monitoria<\/strong>(40 horas) &#8211; O aluno monitor dever\u00e1 realizar tarefas como o apoio ao ensino e demais atividades de instru\u00e7\u00e3o geral\/b\u00e1sica aos alunos (p.ex. aulas de inform\u00e1tica, matem\u00e1tica, pacote office, ferramentas do Google Drive, acesso \u00e0s atividades do AVA, e outras). O aluno, como monitor, tamb\u00e9m oferece assist\u00eancia aos alunos nas aulas pr\u00e1ticas e atendendo em plant\u00f5es de d\u00favidas aos demais alunos.<\/li>\n<\/ol>\n<p><strong>\u00a0<\/strong><\/p>\n<ol start=\"3\">\n<li><strong> PROERS<\/strong>(120 horas) &#8211;\u00a0O universit\u00e1rio, atrav\u00e9s de orienta\u00e7\u00e3o da\u00a0<strong>Institui\u00e7\u00e3o Sem Fins Lucrativos<\/strong>ou do respons\u00e1vel pelo departamento\/setor, realizar\u00e1 atividades volunt\u00e1rias.<\/li>\n<\/ol>\n<p>&nbsp;<\/p>\n<p><strong>4.CONECTADO\u00a0<\/strong> &#8211; O aluno do curso 100% EAD que participa da Bolsa Conectado deve:<\/p>\n<ol>\n<li>Indicar 05 (cinco) pessoas por semestre que v\u00e3o curtir\/seguir as redes sociais da UNIFIA\/UNISEPE, e<\/li>\n<li>Curtir e compartilhar 20 publica\u00e7\u00f5es do conte\u00fado das m\u00eddias sociais da UNIFIA\/UNISEPE.<\/li>\n<\/ol>\n<ul>\n<li>Compartilhamentos no Facebook: o aluno dever\u00e1 compartilhar em modo p\u00fablico;<\/li>\n<li>Compartilhamentos no Instagram: o aluno dever\u00e1 mencionar ou marcar a p\u00e1gina do UNIFIA (@unifia_amparo).<\/li>\n<\/ul>\n<p>&nbsp;<\/p>\n<p>No relat\u00f3rio o aluno deve:<\/p>\n<ol>\n<li>Preencher os campos corretamente;<\/li>\n<li>Colocar o nome e o endere\u00e7o virtual dos seguidores colocar o seu pr\u00f3prio nome e inserir o link do compartilhamento e\/ou inserir o print de tela das publica\u00e7\u00f5es compartilhadas do UNIFIA como forma de comprova\u00e7\u00e3o.<\/li>\n<\/ol>\n<p><strong>Orienta\u00e7\u00f5es gerais para todos os benef\u00edcios listados acima:<\/strong><\/p>\n<ol>\n<li>O aluno deve realizar, ao longo do semestre, as atividades poss\u00edveis para a comprova\u00e7\u00e3o do benef\u00edcio.<\/li>\n<li>Preencher o <em>Relat\u00f3rio Final do Benef\u00edcio<\/em>.<\/li>\n<li>Descrever detalhadamente as atividades realizadas, comprovando o cumprimento da carga hor\u00e1ria por meio de fotos ou declara\u00e7\u00f5es.<\/li>\n<li>Recolher as assinaturas e o carimbo do local onde as atividades foram realizadas, bem como a valida\u00e7\u00e3o do coordenador do curso no relat\u00f3rio final (exceto Benef\u00edcio Conectado).<\/li>\n<li>Digitalizar o <em>Relat\u00f3rio Final do Benef\u00edcio<\/em> em formato PDF e fazer o upload no <em>Portal Acad\u00eamico<\/em>, seguindo o caminho:<\/li>\n<\/ol>\n<p><strong>SECRETARIA VIRTUAL<\/strong> &gt;&gt; <strong>SOLICITAR SERVI\u00c7O<\/strong> &gt;&gt; <strong>RENOVA\u00c7\u00c3O DO BENEF\u00cdCIO<\/strong> &gt;&gt; <strong>ATUALIZAR O PORTAL<\/strong> &gt;&gt; <strong>ENVIAR O DOCUMENTO<\/strong>.<\/p>\n<ol>\n<li>Para renovar o benef\u00edcio, o aluno dever\u00e1 preencher o requerimento de renova\u00e7\u00e3o, assin\u00e1-lo e envi\u00e1-lo novamente pelo portal.<\/li>\n<li>Fique atento aos prazos para solicita\u00e7\u00e3o de renova\u00e7\u00e3o do benef\u00edcio, conforme o calend\u00e1rio acad\u00eamico.<\/li>\n<li>O <em>Relat\u00f3rio Final do Benef\u00edcio<\/em> deve ser entregue ao final de cada semestre para garantir a renova\u00e7\u00e3o e a continuidade do benef\u00edcio.<\/li>\n<\/ol>\n<p><strong>Obs<\/strong>.: Os demais benef\u00edcios seguem as orienta\u00e7\u00f5es do <span style=\"text-decoration: underline\">Edital<\/span>.<\/p>\n<p><strong>Link dos documentos:<\/strong><\/p>\n<ol>\n<li><u><a href=\"https:\/\/portal.unisepe.com.br\/unifia\/wp-content\/uploads\/sites\/10001\/2024\/11\/edital-032024-benef\u00edcios.pdf\">Edital do Benef\u00edcio<\/a><\/u><\/li>\n<li><u><a href=\"https:\/\/portal.unisepe.com.br\/unifia\/wp-content\/uploads\/sites\/10001\/2024\/11\/UNIFIA-Renova\u00e7\u00e3o-de-Benef\u00edcio.pdf\">Como renovar o seu Benef\u00edcio<\/a><\/u><\/li>\n<li><u><a href=\"https:\/\/portal.unisepe.com.br\/unifia\/wp-content\/uploads\/sites\/10001\/2024\/11\/PROERS_RELATORIO-FINAL.docx\">Relat\u00f3rio Final \u2013 Benef\u00edcio Proers\/ Novo Proers (120 horas)<\/a><\/u><\/li>\n<li><u><a href=\"https:\/\/portal.unisepe.com.br\/unifia\/wp-content\/uploads\/sites\/10001\/2024\/11\/BENEFICIO-MONITORIA_RELATORIO-FINAL.docx\">Relat\u00f3rio Final \u2013 Benef\u00edcio Monitoria (40 horas)<\/a><\/u><\/li>\n<li><u><a href=\"https:\/\/portal.unisepe.com.br\/unifia\/wp-content\/uploads\/sites\/10001\/2024\/11\/RELATORIO-COM-LOUVOR.docx\">Relat\u00f3rio Final \u2013 Benef\u00edcio Com Louvor se Educa Mais (120 horas)<\/a><\/u><\/li>\n<li><u><a href=\"https:\/\/portal.unisepe.com.br\/unifia\/wp-content\/uploads\/sites\/10001\/2024\/11\/RELATORIO-DA-BOLSA-CONECTADO-AMPARO.docx\">Relat\u00f3rio Final \u2013 Benef\u00edcio Conectado (EaD 100%)<\/a><\/u><\/li>\n<\/ol>\n","protected":false},"excerpt":{"rendered":"<p>Relat\u00f3rios Finais dos Benef\u00edcios &nbsp; Com Louvor se Educa mais(120 horas) &#8211;\u00a0O aluno, atrav\u00e9s de orienta\u00e7\u00e3o da\u00a0Institui\u00e7\u00e3oou do\u00a0religioso respons\u00e1vel, realizar\u00e1 atividades\u00a0relacionadas \u00e0 gest\u00e3o institucional. Essa a\u00e7\u00e3o pode ser presencial (na institui\u00e7\u00e3o) ou remota. Est\u00e3o vedadas a\u00e7\u00f5es sociais sem v\u00ednculo com a gest\u00e3o. &nbsp; Monitoria(40 horas) &#8211; O aluno monitor dever\u00e1<\/p>\n","protected":false},"author":2,"featured_media":0,"parent":0,"menu_order":0,"comment_status":"closed","ping_status":"closed","template":"","meta":{"footnotes":""},"categories":[],"tags":[],"class_list":["post-10450","page","type-page","status-publish","hentry"],"_links":{"self":[{"href":"https:\/\/portal.unisepe.com.br\/unifia\/wp-json\/wp\/v2\/pages\/10450","targetHints":{"allow":["GET"]}}],"collection":[{"href":"https:\/\/portal.unisepe.com.br\/unifia\/wp-json\/wp\/v2\/pages"}],"about":[{"href":"https:\/\/portal.unisepe.com.br\/unifia\/wp-json\/wp\/v2\/types\/page"}],"author":[{"embeddable":true,"href":"https:\/\/portal.unisepe.com.br\/unifia\/wp-json\/wp\/v2\/users\/2"}],"replies":[{"embeddable":true,"href":"https:\/\/portal.unisepe.com.br\/unifia\/wp-json\/wp\/v2\/comments?post=10450"}],"version-history":[{"count":1,"href":"https:\/\/portal.unisepe.com.br\/unifia\/wp-json\/wp\/v2\/pages\/10450\/revisions"}],"predecessor-version":[{"id":10457,"href":"https:\/\/portal.unisepe.com.br\/unifia\/wp-json\/wp\/v2\/pages\/10450\/revisions\/10457"}],"wp:attachment":[{"href":"https:\/\/portal.unisepe.com.br\/unifia\/wp-json\/wp\/v2\/media?parent=10450"}],"wp:term":[{"taxonomy":"category","embeddable":true,"href":"https:\/\/portal.unisepe.com.br\/unifia\/wp-json\/wp\/v2\/categories?post=10450"},{"taxonomy":"post_tag","embeddable":true,"href":"https:\/\/portal.unisepe.com.br\/unifia\/wp-json\/wp\/v2\/tags?post=10450"}],"curies":[{"name":"wp","href":"https:\/\/api.w.org\/{rel}","templated":true}]}}