{"id":10458,"date":"2024-11-28T13:57:56","date_gmt":"2024-11-28T16:57:56","guid":{"rendered":"https:\/\/portal.unisepe.com.br\/unifia\/?page_id=10458"},"modified":"2024-11-28T13:57:56","modified_gmt":"2024-11-28T16:57:56","slug":"direito-2024","status":"publish","type":"page","link":"https:\/\/portal.unisepe.com.br\/unifia\/biblioteca\/repositorios\/direito\/direito-2024\/","title":{"rendered":"DIREITO &#8211; 2024"},"content":{"rendered":"<h2 style=\"text-align: center\"><strong>TCC<\/strong><\/h2>\n<p>&nbsp;<\/p>\n<ul>\n<li><em><strong><a href=\"https:\/\/portal.unisepe.com.br\/unifia\/wp-content\/uploads\/sites\/10001\/2024\/11\/GUARDA-COMPARTILHADA-NA-ATUALIDADE.pdf\" rel=\"attachment wp-att-6112\">GUARDA COMPARTILHADA NA ATUALIDADE<\/a><\/strong><\/em><\/li>\n<\/ul>\n<hr \/>\n<ul>\n<li><em><strong><a href=\"https:\/\/portal.unisepe.com.br\/unifia\/wp-content\/uploads\/sites\/10001\/2024\/11\/NOVAS-FORMAS-DE-VIOL\u00caNCIA-CONTRA-A-MULHER-NA-ERA-DIGITAL-ASPECTOS-JUR\u00cdDICO-PENAIS-DA-REVENGE-PORN.pdf\" rel=\"attachment wp-att-6112\">NOVAS FORMAS DE VIOL\u00caNCIA CONTRA A MULHER NA ERA DIGITAL: ASPECTOS JUR\u00cdDICO-PENAIS DA REVENGE PORN<\/a><\/strong><\/em><\/li>\n<\/ul>\n<hr \/>\n<ul>\n<li><em><strong><a href=\"https:\/\/portal.unisepe.com.br\/unifia\/wp-content\/uploads\/sites\/10001\/2024\/11\/APOSENTADORIA-\u201cPOR-INVALIDEZ\u201d-UMA-AN\u00c1LISE-DOS-CRIT\u00c9RIOS-DE-CONCESS\u00c3O-E-SEUS-REFLEXOS-NO-DIREITO-DO-TRABALHO.pdf\" rel=\"attachment wp-att-6112\">APOSENTADORIA \u201cPOR INVALIDEZ\u201d: UMA AN\u00c1LISE DOS CRIT\u00c9RIOS DE CONCESS\u00c3O E SEUS REFLEXOS NO DIREITO DO TRABALHO<\/a><\/strong><\/em><\/li>\n<\/ul>\n<hr \/>\n<ul>\n<li><em><strong><a href=\"https:\/\/portal.unisepe.com.br\/unifia\/wp-content\/uploads\/sites\/10001\/2024\/11\/APLICABILIDADE-DA-RESOLU\u00c7\u00c3O-125-DO-CNJ-AO-PROCEDIMENTO-DOS-JUIZADOS-ESPECIAIS-C\u00cdVEIS.pdf\" rel=\"attachment wp-att-6112\">APLICABILIDADE DA RESOLU\u00c7\u00c3O 125 DO CNJ AO PROCEDIMENTO DOS JUIZADOS ESPECIAIS C\u00cdVEIS<\/a><\/strong><\/em><\/li>\n<\/ul>\n<hr \/>\n<ul>\n<li><em><strong><a href=\"https:\/\/portal.unisepe.com.br\/unifia\/wp-content\/uploads\/sites\/10001\/2024\/11\/O-PROCESSO-LICITAT\u00d3RIO-NO-BRASIL-AN\u00c1LISE-DAS-LICITA\u00c7\u00d5ES-INTERNACIONAIS-E-SEUS-IMPACTOS.pdf\" rel=\"attachment wp-att-6112\">O PROCESSO LICITAT\u00d3RIO NO BRASIL: AN\u00c1LISE DAS LICITA\u00c7\u00d5ES INTERNACIONAIS E SEUS IMPACTOS<\/a><\/strong><\/em><\/li>\n<\/ul>\n<hr \/>\n<ul>\n<li><em><strong><a href=\"https:\/\/portal.unisepe.com.br\/unifia\/wp-content\/uploads\/sites\/10001\/2024\/11\/VIOL\u00caNCIA-DOM\u00c9STICA-E-SEU-OLHAR-PARA-O-AGRESSOR.pdf\" rel=\"attachment wp-att-6112\">VIOL\u00caNCIA DOM\u00c9STICA E SEU OLHAR PARA O AGRESSOR<\/a><\/strong><\/em><\/li>\n<\/ul>\n<hr \/>\n","protected":false},"excerpt":{"rendered":"<p>TCC &nbsp; GUARDA COMPARTILHADA NA ATUALIDADE NOVAS FORMAS DE VIOL\u00caNCIA CONTRA A MULHER NA ERA DIGITAL: ASPECTOS JUR\u00cdDICO-PENAIS DA REVENGE PORN APOSENTADORIA \u201cPOR INVALIDEZ\u201d: UMA AN\u00c1LISE DOS CRIT\u00c9RIOS DE CONCESS\u00c3O E SEUS REFLEXOS NO DIREITO DO TRABALHO APLICABILIDADE DA RESOLU\u00c7\u00c3O 125 DO CNJ AO PROCEDIMENTO DOS JUIZADOS ESPECIAIS C\u00cdVEIS O<\/p>\n","protected":false},"author":2,"featured_media":0,"parent":9823,"menu_order":0,"comment_status":"closed","ping_status":"closed","template":"templates\/template-pagina_menu_vertical.php","meta":{"footnotes":""},"categories":[],"tags":[],"class_list":["post-10458","page","type-page","status-publish","hentry"],"_links":{"self":[{"href":"https:\/\/portal.unisepe.com.br\/unifia\/wp-json\/wp\/v2\/pages\/10458","targetHints":{"allow":["GET"]}}],"collection":[{"href":"https:\/\/portal.unisepe.com.br\/unifia\/wp-json\/wp\/v2\/pages"}],"about":[{"href":"https:\/\/portal.unisepe.com.br\/unifia\/wp-json\/wp\/v2\/types\/page"}],"author":[{"embeddable":true,"href":"https:\/\/portal.unisepe.com.br\/unifia\/wp-json\/wp\/v2\/users\/2"}],"replies":[{"embeddable":true,"href":"https:\/\/portal.unisepe.com.br\/unifia\/wp-json\/wp\/v2\/comments?post=10458"}],"version-history":[{"count":1,"href":"https:\/\/portal.unisepe.com.br\/unifia\/wp-json\/wp\/v2\/pages\/10458\/revisions"}],"predecessor-version":[{"id":10465,"href":"https:\/\/portal.unisepe.com.br\/unifia\/wp-json\/wp\/v2\/pages\/10458\/revisions\/10465"}],"up":[{"embeddable":true,"href":"https:\/\/portal.unisepe.com.br\/unifia\/wp-json\/wp\/v2\/pages\/9823"}],"wp:attachment":[{"href":"https:\/\/portal.unisepe.com.br\/unifia\/wp-json\/wp\/v2\/media?parent=10458"}],"wp:term":[{"taxonomy":"category","embeddable":true,"href":"https:\/\/portal.unisepe.com.br\/unifia\/wp-json\/wp\/v2\/categories?post=10458"},{"taxonomy":"post_tag","embeddable":true,"href":"https:\/\/portal.unisepe.com.br\/unifia\/wp-json\/wp\/v2\/tags?post=10458"}],"curies":[{"name":"wp","href":"https:\/\/api.w.org\/{rel}","templated":true}]}}