{"id":10527,"date":"2025-01-16T19:34:54","date_gmt":"2025-01-16T22:34:54","guid":{"rendered":"https:\/\/portal.unisepe.com.br\/unifia\/?page_id=10527"},"modified":"2025-12-30T13:37:22","modified_gmt":"2025-12-30T16:37:22","slug":"ano-2025","status":"publish","type":"page","link":"https:\/\/portal.unisepe.com.br\/unifia\/direito-em-foco\/ano-2025\/","title":{"rendered":"Ano 2025"},"content":{"rendered":"<h6>Artigos<\/h6>\n<p>&nbsp;<\/p>\n<ul>\n<li><a href=\"https:\/\/portal.unisepe.com.br\/unifia\/wp-content\/uploads\/sites\/10001\/2025\/01\/Artigo-Revista-Direito-em-Foco-2025.1-01-a-08.pdf\" target=\"_blank\" rel=\"noopener noreferrer\">APLICABILIDADE DA LEI N\u00ba 9.459\/1997: UM ESTUDO SOBRE A INTOLER\u00c2NCIA RELIGIOSA CONTRA PRATICANTES DE RELIGI\u00c3O DE MATRIZ AFRICANA &#8211; p\u00e1g 01 \u00e0 18<\/a><br \/>\n<em>Fl\u00e1vio Penteado de Souza<br \/>\nLet\u00edcia Adrielly da Silva<br \/>\n<\/em><\/li>\n<\/ul>\n<hr \/>\n<ul>\n<li><a href=\"https:\/\/portal.unisepe.com.br\/unifia\/wp-content\/uploads\/sites\/10001\/2025\/01\/O-PRINCIPIO-DA-NEUTRALIDADE-OS-IMPACTOS-NA-RELACAO-DE-CONSUMO-E-SUA-INTERRRELACAO-COM-A-PROGRESSIVIDADE-TRIBUTARIA-Renaldo-Rodrigues-Junior-Direito-em-Foco-2025.1-19-a-27-.pdf\" target=\"_blank\" rel=\"noopener noreferrer\"><\/a><a href=\"https:\/\/portal.unisepe.com.br\/unifia\/wp-content\/uploads\/sites\/10001\/2025\/01\/O-PRINCIPIO-DA-NEUTRALIDADE-OS-IMPACTOS-NA-RELACAO-DE-CONSUMO-E-SUA-INTERRRELACAO-COM-A-PROGRESSIVIDADE-TRIBUTARIA-Renaldo-Rodrigues-Junior-Direito-em-Foco-2025.1-19-a-27-.pdf\" target=\"_blank\" rel=\"noopener noreferrer\">O PRINC\u00cdPIO DA NEUTRALIDADE, OS IMPACTOS NA RELA\u00c7\u00c3O DE CONSUMO E SUA INTERRRELA\u00c7\u00c3O COM A PROGRESSIVIDADE TRIBUT\u00c1RIA<\/a><a href=\"https:\/\/portal.unisepe.com.br\/unifia\/wp-content\/uploads\/sites\/10001\/2025\/01\/O-PRINCIPIO-DA-NEUTRALIDADE-OS-IMPACTOS-NA-RELACAO-DE-CONSUMO-E-SUA-INTERRRELACAO-COM-A-PROGRESSIVIDADE-TRIBUTARIA-Renaldo-Rodrigues-Junior-Direito-em-Foco-2025.1-19-a-27-.pdf\" target=\"_blank\" rel=\"noopener noreferrer\"> &#8211; p\u00e1g 19 \u00e0 27<\/a><br \/>\n<em>R. Junior<br \/>\nRenaldo<\/em><\/li>\n<\/ul>\n<hr \/>\n<ul>\n<li><a href=\"https:\/\/portal.unisepe.com.br\/unifia\/wp-content\/uploads\/sites\/10001\/2025\/03\/RACISMO-NA-SOCIEDADE-BRASILEIRA-pag-28-a-35.pdf\" target=\"_blank\" rel=\"noopener noreferrer\">RACISMO NA SOCIEDADE BRASILEIRA &#8211; p\u00e1g 28 \u00e0 35<\/a><br \/>\n<em>Rafael Martins<br \/>\nJose A S Castro<br \/>\nRoberta Carmona<\/em><\/li>\n<\/ul>\n<hr \/>\n<ul>\n<li><a href=\"https:\/\/portal.unisepe.com.br\/unifia\/wp-content\/uploads\/sites\/10001\/2025\/04\/O-JUIZ-DAS-GARANTIAS-E-A-IMPARCIALIDADE-NO-PROCESSO-PENAL-pag-36-a-52.pdf\" target=\"_blank\" rel=\"noopener noreferrer\">O JUIZ DAS GARANTIAS E A IMPARCIALIDADE NO PROCESSO PENAL &#8211; <\/a><a href=\"https:\/\/portal.unisepe.com.br\/unifia\/wp-content\/uploads\/sites\/10001\/2025\/04\/O-JUIZ-DAS-GARANTIAS-E-A-IMPARCIALIDADE-NO-PROCESSO-PENAL-pag-36-a-52.pdf\" target=\"_blank\" rel=\"noopener noreferrer\">p\u00e1g 36 \u00e0 52<\/a><br \/>\n<em>Angelo Antonio<br \/>\nDepieri<\/em><\/li>\n<\/ul>\n<hr \/>\n<ul>\n<li><a href=\"https:\/\/portal.unisepe.com.br\/unifia\/wp-content\/uploads\/sites\/10001\/2025\/04\/Artigo-Revista-Juridica-Julia-Balbino-pag-53-a-65.pdf\" target=\"_blank\" rel=\"noopener noreferrer\">A (IN) EFIC\u00c1CIA DA PRIS\u00c3O CIVIL DO DEVEDOR DE ALIMENTOS COMO M\u00c9TODO COERCITIVO NO CUMPRIMENTO DE SENTEN\u00c7A &#8211; p\u00e1g 53 \u00e0 65<\/a><br \/>\n<em>J\u00falia Balbino Pereira<br \/>\nGeraldo Luiz Vianna<\/em><\/li>\n<\/ul>\n<hr \/>\n<ul>\n<li><a href=\"https:\/\/portal.unisepe.com.br\/unifia\/wp-content\/uploads\/sites\/10001\/2025\/04\/ELEMENTOS-EXTERNOS-DE-CORROBORACAO-E-A-FE-PUBLICA-DO-SERVIDOR-LIMITES-E-POSSIBILIDADES-NO-ORDENAMENTO-JURIDICO-BRASILEIRO-pag-66-a-79-1.pdf\" target=\"_blank\" rel=\"noopener noreferrer\">ELEMENTOS EXTERNOS DE CORROBORA\u00c7\u00c3O E A F\u00c9 P\u00daBLICA DO SERVIDOR: LIMITES E POSSIBILIDADES NO ORDENAMENTO JUR\u00cdDICO BRASILEIRO &#8211; p\u00e1g 66 \u00e0 77<\/a><br \/>\n<em>R. Junior<br \/>\nRenaldo<\/em><\/li>\n<\/ul>\n<hr \/>\n<ul>\n<li><a href=\"https:\/\/portal.unisepe.com.br\/unifia\/wp-content\/uploads\/sites\/10001\/2025\/04\/A-PRINCIPIOLOGIA-CONTRATUAL-NO-CODIGO-CIVIL-DE-2002-ANALISE-EVOLUCAO-E-FUNDAMENTOS-pag-78-a-95.pdf\" target=\"_blank\" rel=\"noopener noreferrer\">A PRINCIPIOLOGIA CONTRATUAL NO C\u00d3DIGO CIVIL DE 2002: AN\u00c1LISE, EVOLU\u00c7\u00c3O E FUNDAMENTOS &#8211; p\u00e1g 78 \u00e0 95<\/a><br \/>\n<em>Renato Passos Ornelas<br \/>\nRichard Bassan<\/em><\/li>\n<\/ul>\n<hr \/>\n<ul>\n<li><a href=\"https:\/\/portal.unisepe.com.br\/unifia\/wp-content\/uploads\/sites\/10001\/2025\/05\/DESJUDICIALIZACAO-PELA-ESCRITURA-PUBLICA-ELETRONICA-A-TRANSFORMACAO-DOS-SERVICOS-NOTARIAIS-NO-BRASIL-pag-96-a-105.pdf\" target=\"_blank\" rel=\"noopener noreferrer\">DESJUDICIALIZA\u00c7\u00c3O PELA ESCRITURA P\u00daBLICA ELETR\u00d4NICA: A TRANSFORMA\u00c7\u00c3O DOS SERVI\u00c7OS NOTARIAIS NO BRASIL &#8211; p\u00e1g 96 \u00e0 105<\/a><br \/>\n<em>Lu\u00eds Ramon Alvares<\/em><\/li>\n<\/ul>\n<hr \/>\n<ul>\n<li><a href=\"https:\/\/portal.unisepe.com.br\/unifia\/wp-content\/uploads\/sites\/10001\/2025\/05\/A-PROTECAO-DO-CONSUMIDOR-NA-SAUDE-SUPLEMENTAR-PRATICAS-ABUSIVAS-LIMITES-DA-REGULACAO-E-O-PAPEL-DO-JUDICIARIO-pag-106-a-114.pdf\" target=\"_blank\" rel=\"noopener noreferrer\">A PROTE\u00c7\u00c3O DO CONSUMIDOR NA SA\u00daDE SUPLEMENTAR: PR\u00c1TICAS ABUSIVAS, LIMITES DA REGULA\u00c7\u00c3O E O PAPEL DO JUDICI\u00c1RIO &#8211; p\u00e1g 106 \u00e0 114<\/a><br \/>\n<em>Geslaine Frimaio<br \/>\nMatheus de Paula Braz<br \/>\nTamires Baganha Maciel<br \/>\nSilvana Prado de Sousa<\/em><\/li>\n<\/ul>\n<hr \/>\n<ul>\n<li><a href=\"https:\/\/portal.unisepe.com.br\/unifia\/wp-content\/uploads\/sites\/10001\/2025\/05\/O-IMPACTO-DAS-NOVAS-TECNOLOGIAS-NA-INVESTIGACAO-CRIMINAL-DESAFIOS-E-LIMITES-pag-115-a-126.pdf\" target=\"_blank\" rel=\"noopener noreferrer\">O IMPACTO DAS NOVAS TECNOLOGIAS NA INVESTIGA\u00c7\u00c3O CRIMINAL: DESAFIOS E LIMITES &#8211; p\u00e1g 115 \u00e0 126<\/a><br \/>\n<em>Geslaine Frimaio<br \/>\nMark Pereira dos Anjos<br \/>\nOct\u00e1vio Miranda Junqueira<br \/>\nWanderson Gomes de Oliveira<\/em><\/li>\n<\/ul>\n<hr \/>\n<ul>\n<li><a href=\"https:\/\/portal.unisepe.com.br\/unifia\/wp-content\/uploads\/sites\/10001\/2025\/06\/ANALISE-DO-CONCEITO-ANALITICO-DE-CRIME-ATRAVES-DA-OBRA-O-MEDICO-E-O-MONSTRO-DE-ROBERT-LOUIS-STEVENSON-pag-127-a-140.pdf\" target=\"_blank\" rel=\"noopener noreferrer\">AN\u00c1LISE DO CONCEITO ANAL\u00cdTICO DE CRIME ATRAV\u00c9S DA OBRA O M\u00c9DICO E O MONSTRO DE ROBERT LOUIS STEVENSON &#8211; p\u00e1g 127 \u00e0 140<\/a><br \/>\n<em>Lu\u00eds Felipe de Freitas Silv\u00e9rio<\/em><\/li>\n<\/ul>\n<hr \/>\n<ul>\n<li><a href=\"https:\/\/portal.unisepe.com.br\/unifia\/wp-content\/uploads\/sites\/10001\/2025\/08\/O-INQUERITO-POLICIAL-NO-BRASIL-UMA-REVISAO-DE-LITERATURA-pag-141-a-160.pdf\" target=\"_blank\" rel=\"noopener noreferrer\">O INQU\u00c9RITO POLICIAL NO BRASIL: UMA REVIS\u00c3O DE LITERATURA &#8211; p\u00e1g 141 \u00e0 160<\/a><br \/>\n<em>Jonatas Calefi dos Santos<br \/>\nJefferson Patrik Germinari<br \/>\nRichard Bassan<br \/>\nRenato Passos Ornelas<br \/>\n<\/em><\/li>\n<\/ul>\n<hr \/>\n<ul>\n<li><a href=\"https:\/\/portal.unisepe.com.br\/unifia\/wp-content\/uploads\/sites\/10001\/2025\/08\/A-PERSONALIDADE-JURIDICA-DO-NASCITURO-ANALISE-TEORICA-JURIDICA-E-SUAS-IMPLICACOES-NO-DIREITO-BRASILEIRO-E-COMPARADO-161-a-188.pdf\" target=\"_blank\" rel=\"noopener noreferrer\">A PERSONALIDADE JUR\u00cdDICA DO NASCITURO: AN\u00c1LISE TE\u00d3RICA, JUR\u00cdDICA E SUAS IMPLICA\u00c7\u00d5ES NO DIREITO BRASILEIRO E COMPARADO &#8211; p\u00e1g 161 \u00e0 188<\/a><br \/>\n<em>Jonatas Calefi dos Santos<br \/>\nJefferson Patrik Germinari<br \/>\nRichard Bassan<br \/>\nRenato Passos Ornelas<br \/>\n<\/em><\/li>\n<\/ul>\n<hr \/>\n<ul>\n<li><a href=\"https:\/\/portal.unisepe.com.br\/unifia\/wp-content\/uploads\/sites\/10001\/2025\/08\/A-LITERATURA-EM-PERIGO-REFLEXOES-A-PARTIR-DE-TODOROV-pag-189-a-197.pdf\" target=\"_blank\" rel=\"noopener noreferrer\">A LITERATURA EM PERIGO? REFLEX\u00d5ES A PARTIR DE TODOROV &#8211; p\u00e1g 189 \u00e0 197<\/a><br \/>\n<em>Salom\u00e3o Campina Pinto Ramos<br \/>\n<\/em><\/li>\n<\/ul>\n<hr \/>\n<ul>\n<li><a href=\"https:\/\/portal.unisepe.com.br\/unifia\/wp-content\/uploads\/sites\/10001\/2025\/09\/ASPECTOS-ETICOS-E-LEGAIS-DO-ATENDIMENTO-PRE-HOSPITALAR-POR-POLICIAIS-MILITARES-DO-ESTADO-DE-MINAS-GERAIS-pag-198-a-204.pdf\" target=\"_blank\" rel=\"noopener noreferrer\">ASPECTOS \u00c9TICOS E LEGAIS DO ATENDIMENTO PR\u00c9-HOSPITALAR POR POLICIAIS MILITARES DO ESTADO DE MINAS GERAIS &#8211; p\u00e1g 198 \u00e0 204<\/a><br \/>\n<em>Marcos Ruan Rodrigues Carvalho,<br \/>\nJosilene Cavalcante Pereira,<br \/>\nThiago Ant\u00f4nio Pereira Batista<br \/>\n<\/em><\/li>\n<\/ul>\n<hr \/>\n<ul>\n<li><a href=\"https:\/\/portal.unisepe.com.br\/unifia\/wp-content\/uploads\/sites\/10001\/2025\/10\/ANALISE-CRITICA-DA-REFORMA-TRIBUTARIA-BRASILEIRA-DESAFIOS-ESTRUTURAIS-E-IMPACTOS-MUNICIPAIS-pag-205-a-217.pdf\" target=\"_blank\" rel=\"noopener noreferrer\">AN\u00c1LISE CR\u00cdTICA DA REFORMA TRIBUT\u00c1RIA BRASILEIRA: DESAFIOS ESTRUTURAIS E IMPACTOS MUNICIPAIS &#8211; p\u00e1g 205 \u00e0 217<\/a><br \/>\n<em>R. Junior,<br \/>\nRenaldo<br \/>\n<\/em><\/li>\n<\/ul>\n<hr \/>\n<ul>\n<li><a href=\"https:\/\/portal.unisepe.com.br\/unifia\/wp-content\/uploads\/sites\/10001\/2025\/11\/Artigo-Cientifico-A-Triade-do-Seculo-XXI-pag-218-a-232.pdf\" target=\"_blank\" rel=\"noopener noreferrer\">A TR\u00cdADE DO S\u00c9CULO XXI, ECONOMIA DIGITAL, PROTE\u00c7\u00c3O DE DADOS E COMPETITIVIDADE &#8211; p\u00e1g 218 \u00e0 232<\/a><br \/>\n<em>Richard Bassan<br \/>\nRenato Passos Ornelas<br \/>\n<\/em><\/li>\n<\/ul>\n<hr \/>\n<ul>\n<li><a href=\"https:\/\/portal.unisepe.com.br\/unifia\/wp-content\/uploads\/sites\/10001\/2025\/11\/Artigo-Cientifico-Impacto-do-Regime-Diferenciado-pag-233-a-246.pdf\" target=\"_blank\" rel=\"noopener noreferrer\">ENTREPRENEURSHIP LAW E O IMPACTO DO REGIME ESPECIAL DIFERENCIADO DO INOVA SIMPLES NAS STARTUPS (2021-2023) &#8211; p\u00e1g 233 \u00e0 246<\/a><br \/>\n<em>Richard Bassan<br \/>\nRenato Passos Ornelas<br \/>\n<\/em><\/li>\n<\/ul>\n<hr \/>\n<ul>\n<li><a href=\"https:\/\/portal.unisepe.com.br\/unifia\/wp-content\/uploads\/sites\/10001\/2025\/11\/Template-Revista-Direito-em-Foco-1-pag-247-a-249.pdf\" target=\"_blank\" rel=\"noopener noreferrer\">RESENHA SOBRE A OBRA \u201cDIREITO COMUNIT\u00c1RIO E DA INTEGRA\u00c7\u00c3O\u201d, DE ROBERTO LUIZ SILVA &#8211; p\u00e1g 247 \u00e0 249<\/a><br \/>\n<em>Rog\u00e9rio Duarte Fernandes dos Passos<br \/>\n<\/em><\/li>\n<\/ul>\n<hr \/>\n<ul>\n<li><a href=\"https:\/\/portal.unisepe.com.br\/unifia\/wp-content\/uploads\/sites\/10001\/2025\/11\/Artigo-corrigido-O-FEMINICIDIO-COMO-VIOLACAO-CONSTITUCIONAL-E-DE-DIREITOS-HUMANOS-UMA-ANALISE-JURIDICO-CRIMINOLOGICA-pag-250-a-263.pdf\" target=\"_blank\" rel=\"noopener noreferrer\">O FEMINIC\u00cdDIO COMO VIOLA\u00c7\u00c3O CONSTITUCIONAL E DE DIREITOS HUMANOS: UMA AN\u00c1LISE JUR\u00cdDICO-CRIMINOL\u00d3GICA &#8211; p\u00e1g 250 \u00e0 263<\/a><br \/>\n<em>Eduardo Annetta Dainezi<br \/>\nMatheus de Paula Braz<br \/>\nGeslaine Frimaio da Silva<br \/>\nTamires Baganha Maciel<br \/>\nOct\u00e1vio Miranda Junqueira <\/em><\/li>\n<\/ul>\n<hr \/>\n<ul>\n<li><a href=\"https:\/\/portal.unisepe.com.br\/unifia\/wp-content\/uploads\/sites\/10001\/2025\/11\/Template-Revista-Direito-em-Foco-1-pag-264-a-267.pdf\" target=\"_blank\" rel=\"noopener noreferrer\">O RESGATE DE UM CL\u00c1SSICO: \u201cINTRODU\u00c7\u00c3O AO DIREITO INTERNACIONAL P\u00daBLICO\u201d, DE NELSON FERREIRA DA LUZ (1915-1977) &#8211; p\u00e1g 264 \u00e0 267<\/a><br \/>\n<em>Rog\u00e9rio Duarte Fernandes dos Passos<\/em><\/li>\n<\/ul>\n<hr \/>\n<ul>\n<li><a href=\"https:\/\/portal.unisepe.com.br\/unifia\/wp-content\/uploads\/sites\/10001\/2025\/12\/LEGITIMIDADE-DO-BRASIL-A-INDENIZACAO-FRENTE-AOS-PREJUIZOS-ECONOMICOS-SOCIAIS-268-a-285.pdf\" target=\"_blank\" rel=\"noopener noreferrer\">LEGITIMIDADE DO BRASIL \u00c0 INDENIZA\u00c7\u00c3O, FRENTE AOS PREJU\u00cdZOS ECON\u00d4MICOS, SOCIAIS E CULTURAIS ADVINDOS DA COLONIZA\u00c7\u00c3O PORTUGUESA &#8211; p\u00e1g 268 \u00e0 285<\/a><br \/>\n<em>Davi Diniz da Costa<br \/>\nGustavo Chaves Vilas Boas<br \/>\n<\/em><\/li>\n<\/ul>\n<hr \/>\n<ul>\n<li><a href=\"https:\/\/portal.unisepe.com.br\/unifia\/wp-content\/uploads\/sites\/10001\/2025\/12\/A-INERCIA-DO-PODER-LEGISLATIVO-E-A-INTERFERENCIA-DO-STF-pag-286-a-300.pdf\" target=\"_blank\" rel=\"noopener noreferrer\">A IN\u00c9RCIA DO PODER LEGISLATIVO E A INTERFER\u00caNCIA DO STF: AN\u00c1LISE DOS LIMITES DA SEPARA\u00c7\u00c3O DE PODERES &#8211; p\u00e1g 286 \u00e0 300<\/a><br \/>\n<em>Andressa Nogueira Rodrigues<br \/>\nGeraldo Luiz Vianna<br \/>\n<\/em><\/li>\n<\/ul>\n","protected":false},"excerpt":{"rendered":"<p>Artigos &nbsp; APLICABILIDADE DA LEI N\u00ba 9.459\/1997: UM ESTUDO SOBRE A INTOLER\u00c2NCIA RELIGIOSA CONTRA PRATICANTES DE RELIGI\u00c3O DE MATRIZ AFRICANA &#8211; p\u00e1g 01 \u00e0 18 Fl\u00e1vio Penteado de Souza Let\u00edcia Adrielly da Silva O PRINC\u00cdPIO DA NEUTRALIDADE, OS IMPACTOS NA RELA\u00c7\u00c3O DE CONSUMO E SUA INTERRRELA\u00c7\u00c3O COM A PROGRESSIVIDADE TRIBUT\u00c1RIA<\/p>\n","protected":false},"author":2,"featured_media":0,"parent":2722,"menu_order":0,"comment_status":"closed","ping_status":"closed","template":"templates\/template-pagina_menu_vertical.php","meta":{"footnotes":""},"categories":[],"tags":[],"class_list":["post-10527","page","type-page","status-publish","hentry"],"_links":{"self":[{"href":"https:\/\/portal.unisepe.com.br\/unifia\/wp-json\/wp\/v2\/pages\/10527","targetHints":{"allow":["GET"]}}],"collection":[{"href":"https:\/\/portal.unisepe.com.br\/unifia\/wp-json\/wp\/v2\/pages"}],"about":[{"href":"https:\/\/portal.unisepe.com.br\/unifia\/wp-json\/wp\/v2\/types\/page"}],"author":[{"embeddable":true,"href":"https:\/\/portal.unisepe.com.br\/unifia\/wp-json\/wp\/v2\/users\/2"}],"replies":[{"embeddable":true,"href":"https:\/\/portal.unisepe.com.br\/unifia\/wp-json\/wp\/v2\/comments?post=10527"}],"version-history":[{"count":30,"href":"https:\/\/portal.unisepe.com.br\/unifia\/wp-json\/wp\/v2\/pages\/10527\/revisions"}],"predecessor-version":[{"id":11359,"href":"https:\/\/portal.unisepe.com.br\/unifia\/wp-json\/wp\/v2\/pages\/10527\/revisions\/11359"}],"up":[{"embeddable":true,"href":"https:\/\/portal.unisepe.com.br\/unifia\/wp-json\/wp\/v2\/pages\/2722"}],"wp:attachment":[{"href":"https:\/\/portal.unisepe.com.br\/unifia\/wp-json\/wp\/v2\/media?parent=10527"}],"wp:term":[{"taxonomy":"category","embeddable":true,"href":"https:\/\/portal.unisepe.com.br\/unifia\/wp-json\/wp\/v2\/categories?post=10527"},{"taxonomy":"post_tag","embeddable":true,"href":"https:\/\/portal.unisepe.com.br\/unifia\/wp-json\/wp\/v2\/tags?post=10527"}],"curies":[{"name":"wp","href":"https:\/\/api.w.org\/{rel}","templated":true}]}}