{"id":10639,"date":"2025-02-19T16:39:57","date_gmt":"2025-02-19T19:39:57","guid":{"rendered":"https:\/\/portal.unisepe.com.br\/unifia\/?page_id=10639"},"modified":"2025-12-18T13:18:30","modified_gmt":"2025-12-18T16:18:30","slug":"ano-2025","status":"publish","type":"page","link":"https:\/\/portal.unisepe.com.br\/unifia\/educacao-em-foco\/ano-2025\/","title":{"rendered":"Ano 2025"},"content":{"rendered":"<h6>Artigos<\/h6>\n<p>&nbsp;<\/p>\n<ul>\n<li><a href=\"https:\/\/portal.unisepe.com.br\/unifia\/wp-content\/uploads\/sites\/10001\/2025\/03\/O-DESENVOLVIMENTO-DA-COMPETENCIA-LEITORA-DOS-ALUNOS-A-LUZ-DOS-ESTUDOS-DE-KATIA-LOMBA-BRAKLING-pag-12-a-15.pdf\" target=\"_blank\" rel=\"noopener noreferrer\">O DESENVOLVIMENTO DA COMPET\u00caNCIA LEITORA DOS ALUNOS \u00c0 LUZ DOS ESTUDOS DE K\u00c1TIA LOMBA BR\u00c4KLING &#8211; p\u00e1g 12 \u00e0 15<\/a><br \/>\n<em>Brenda Monteiro de Souza<br \/>\nProf. Me. Jacob Elias M\u00e2ncio<br \/>\n<\/em><\/li>\n<\/ul>\n<hr \/>\n<ul>\n<li><a href=\"https:\/\/portal.unisepe.com.br\/unifia\/wp-content\/uploads\/sites\/10001\/2025\/03\/PROFESSOR-DO-EJA-E-SUAS-DIFICULDADES-EM-SALA-DE-AULA-pag-16-a-18.pdf\" target=\"_blank\" rel=\"noopener noreferrer\">PROFESSOR DO EJA E SUAS DIFICULDADES EM SALA DE AULA &#8211; p\u00e1g 16 \u00e0 18<\/a><br \/>\n<em>Carla Ferreira Maciel<br \/>\nProf. Me. Jacob Elias M\u00e2ncio<br \/>\n<\/em><\/li>\n<\/ul>\n<hr \/>\n<ul>\n<li><a href=\"https:\/\/portal.unisepe.com.br\/unifia\/wp-content\/uploads\/sites\/10001\/2025\/03\/O-ENSINO-E-A-APRENDIZAGEM-SEGUNDO-TELMA-WEISZ-pag-19-a-21.pdf\" target=\"_blank\" rel=\"noopener noreferrer\">O ENSINO E A APRENDIZAGEM SEGUNDO TELMA WEISZ &#8211; p\u00e1g 19 \u00e0 21<\/a><br \/>\n<em>J\u00e9ssica Telles de Almeida Antonacci<br \/>\nProf. Me. Jacob Elias M\u00e2ncio<br \/>\n<\/em><\/li>\n<\/ul>\n<hr \/>\n<ul>\n<li><a href=\"https:\/\/portal.unisepe.com.br\/unifia\/wp-content\/uploads\/sites\/10001\/2025\/03\/ANALISE-DO-CURRICULO-MULTIDISCIPLINAR-DA-EJA-NO-BRASIL-pag-22-a-25.pdf\" target=\"_blank\" rel=\"noopener noreferrer\">AN\u00c1LISE DO CURR\u00cdCULO MULTIDISCIPLINAR DA EJA NO BRASIL &#8211; p\u00e1g 22 \u00e0 25<\/a><br \/>\n<em>Joyce Karoline Ramos e Silva<br \/>\nProf. Me. Jacob Elias M\u00e2ncio<br \/>\n<\/em><\/li>\n<\/ul>\n<hr \/>\n<ul>\n<li><a href=\"https:\/\/portal.unisepe.com.br\/unifia\/wp-content\/uploads\/sites\/10001\/2025\/05\/AS-BARREIRAS-DA-EDUCACAO-INCLUSIVA-UM-OLHAR-SOBRE-A-REALIDADE-ESCOLAR-pag-26-a-39.pdf\" target=\"_blank\" rel=\"noopener noreferrer\">AS BARREIRAS DA EDUCA\u00c7\u00c3O INCLUSIVA: UM OLHAR SOBRE A REALIDADE ESCOLAR &#8211; p\u00e1g 26 \u00e0 39<\/a><br \/>\n<em>Alan Marcel de Barros<br \/>\nAlice Gritti<br \/>\nMaria Elisa Amaral Piva<br \/>\nMaria Isabel Amaral Piva Baroni<br \/>\n<\/em><\/li>\n<\/ul>\n<hr \/>\n<ul>\n<li><a href=\"https:\/\/portal.unisepe.com.br\/unifia\/wp-content\/uploads\/sites\/10001\/2025\/05\/O-TRANSTORNO-DA-APRENDIZAGEM-A-DISLEXIA-UM-OLHAR-CRITICO-DO-PEDAGOGO-ARTIGO-DE-REVISAO-pag-40-a-44.pdf\" target=\"_blank\" rel=\"noopener noreferrer\">O TRANSTORNO DA APRENDIZAGEM, A DISLEXIA &#8211; UM OLHAR CR\u00cdTICO DO PEDAGOGO: ARTIGO DE REVIS\u00c3O &#8211; p\u00e1g 40 \u00e0 44<\/a><br \/>\n<em>Alan Marcel de Barros<br \/>\nAlice Gritti<br \/>\nCl\u00e1udia Aparecida Manzoli de Oliveira<br \/>\nMaria Elisa Amaral Piva<br \/>\nMar\u00edlia Fernanda Galli<br \/>\n<\/em><\/li>\n<\/ul>\n<hr \/>\n<ul>\n<li><a href=\"https:\/\/portal.unisepe.com.br\/unifia\/wp-content\/uploads\/sites\/10001\/2025\/08\/A-RELACAO-DA-AFETIVIDADE-COM-O-PROCESSO-DE-ENSINO-E-APRENDIZAGEM-pag-45-a-49.pdf\" target=\"_blank\" rel=\"noopener noreferrer\">A RELA\u00c7\u00c3O DA AFETIVIDADE COM O PROCESSO DE ENSINO E APRENDIZAGEM COGNITIVA: ARTIGO DE REVIS\u00c3O &#8211; p\u00e1g 45 \u00e0 49<\/a><br \/>\n<em>Alan Marcel de Barros<br \/>\nAlice Gritti, Maria Elisa Amaral Piva<br \/>\nMaria Isabel Amaral Piva Baroni<br \/>\nMar\u00edlia Fernanda Galli<br \/>\n<\/em><\/li>\n<\/ul>\n<hr \/>\n<ul>\n<li><a href=\"https:\/\/portal.unisepe.com.br\/unifia\/wp-content\/uploads\/sites\/10001\/2025\/09\/A-CORRELACAO-DA-HUMANIDADE-DAS-CRIANCAS-COM-A-DIDATICA-DA-EDUCACAO-INFANTIL-pag-50-a-55.pdf\" target=\"_blank\" rel=\"noopener noreferrer\">A CORRELA\u00c7\u00c3O DA HUMANIDADE DAS CRIAN\u00c7AS COM A DID\u00c1TICA DA EDUCA\u00c7\u00c3O INFANTIL &#8211; p\u00e1g 50 \u00e0 55<\/a><br \/>\n<em>Alan Marcel de Barros<br \/>\nAlice Gritti, Cl\u00e1udia Aparecida Manzoli de Oliveira<br \/>\nMaria Elisa Amaral Piva<br \/>\nMar\u00edlia Fernanda Galli<br \/>\n<\/em><\/li>\n<\/ul>\n<hr \/>\n<ul>\n<li><a href=\"https:\/\/portal.unisepe.com.br\/unifia\/wp-content\/uploads\/sites\/10001\/2025\/10\/O-PROCESSO-DE-APRENDIZAGEM-CORPORATIVA-NA-SOCIEDADE-DO-CANSACO-pag-56-a-60.pdf\" target=\"_blank\" rel=\"noopener noreferrer\">O PROCESSO DE APRENDIZAGEM CORPORATIVA NA SOCIEDADE DO CANSA\u00c7O &#8211; p\u00e1g 56 \u00e0 60<\/a><br \/>\n<em>Aline Cristina<br \/>\nTavares Teixeira<br \/>\n<\/em><\/li>\n<\/ul>\n<hr \/>\n<ul>\n<li><a href=\"https:\/\/portal.unisepe.com.br\/unifia\/wp-content\/uploads\/sites\/10001\/2025\/11\/Para-Ler-o-mundo-Revista-Educacao-em-Foco-pag-61-a-70.pdf\" target=\"_blank\" rel=\"noopener noreferrer\">PARA LER O MUNDO: A EXPERI\u00caNCIA DE GRUPOS DE LEITURA COM ESTUDANTES DO CURSO DE PSICOLOGIA &#8211; p\u00e1g 61 \u00e0 70<\/a><br \/>\n<em>Fernando A. Figueira do Nascimento<br \/>\nDenise Maria Almada de Oliveira Pinto<br \/>\n<\/em><\/li>\n<\/ul>\n<hr \/>\n<ul>\n<li><a href=\"https:\/\/portal.unisepe.com.br\/unifia\/wp-content\/uploads\/sites\/10001\/2025\/12\/ENTRE-PASSADO-E-PRESENTE-AVALIACAO-HISTORIOGRAFICA-E-DIDATICA-DO-LIVRO-CONEXOES-COM-A-HISTORIA-pag-71-a-74.pdf\" target=\"_blank\" rel=\"noopener noreferrer\">ENTRE PASSADO E PRESENTE: AVALIA\u00c7\u00c3O HISTORIOGR\u00c1FICA E DID\u00c1TICA DO LIVRO \u201cCONEX\u00d5ES COM A HIST\u00d3RIA &#8211; p\u00e1g 71 \u00e0 74<\/a><br \/>\n<em>Rog\u00e9rio Duarte Fernandes dos Passos<br \/>\n<\/em><\/li>\n<\/ul>\n<hr \/>\n<ul>\n<li><a href=\"https:\/\/portal.unisepe.com.br\/unifia\/wp-content\/uploads\/sites\/10001\/2025\/12\/NOTAS-SOBRE-O-FOGO-GREGO-A-MISTERIOSA-ARMA-INCENDIARIA-DE-GUERRA-NA-HISTORIA-pag-75-a-85.pdf\" target=\"_blank\" rel=\"noopener noreferrer\">NOTAS SOBRE O FOGO GREGO: A MISTERIOSA ARMA INCENDI\u00c1RIA DE GUERRA NA HIST\u00d3RIA &#8211; p\u00e1g 75 \u00e0 85<\/a><br \/>\n<em>Rog\u00e9rio Duarte Fernandes dos Passos<br \/>\n<\/em><\/li>\n<\/ul>\n<hr \/>\n<ul>\n<li><a href=\"https:\/\/portal.unisepe.com.br\/unifia\/wp-content\/uploads\/sites\/10001\/2025\/12\/ANALISE-DOS-IMPACTOS-DO-DECRETO-12.686-2025-NA-ATUACAO-pag-86-a-90.pdf\" target=\"_blank\" rel=\"noopener noreferrer\">AN\u00c1LISE DOS IMPACTOS DO DECRETO 12.686\/2025 NA ATUA\u00c7\u00c3O<br \/>\nDAS APAEs E NA EDUCA\u00c7\u00c3O ESPECIAL INCLUSIVA NO BRASIL &#8211; p\u00e1g 86 \u00e0 90<\/a><br \/>\n<em>Alinne Barroso Costa<br \/>\nM\u00e1rcia Aparecida Andrade da Concei\u00e7\u00e3o<br \/>\nProf. Dr. Sergio Luiz de Souza Vieira<br \/>\n<\/em><\/li>\n<\/ul>\n<hr \/>\n<ul>\n<li><a href=\"https:\/\/portal.unisepe.com.br\/unifia\/wp-content\/uploads\/sites\/10001\/2025\/12\/ASPECTOS-EDUCACIONAIS-INTERDISCIPLINARES-DO-JOGO-DA-CAPOEIRA-E-SEUS-REAPROVEITAMENTOS-ESCOLARES-COM-BASE-NA-BNCC-pag-91-a-98.pdf\" target=\"_blank\" rel=\"noopener noreferrer\">ASPECTOS EDUCACIONAIS INTERDISCIPLINARES DO JOGO DA CAPOEIRA<br \/>\nE SEUS REAPROVEITAMENTOS ESCOLARES COM BASE NA BNCC &#8211; p\u00e1g 91 \u00e0 98<\/a><br \/>\n<em>Prof. Dr. Sergio Luiz de Souza Vieira<br \/>\n<\/em><\/li>\n<\/ul>\n","protected":false},"excerpt":{"rendered":"<p>Artigos &nbsp; O DESENVOLVIMENTO DA COMPET\u00caNCIA LEITORA DOS ALUNOS \u00c0 LUZ DOS ESTUDOS DE K\u00c1TIA LOMBA BR\u00c4KLING &#8211; p\u00e1g 12 \u00e0 15 Brenda Monteiro de Souza Prof. Me. Jacob Elias M\u00e2ncio PROFESSOR DO EJA E SUAS DIFICULDADES EM SALA DE AULA &#8211; p\u00e1g 16 \u00e0 18 Carla Ferreira Maciel Prof.<\/p>\n","protected":false},"author":2,"featured_media":0,"parent":2819,"menu_order":0,"comment_status":"closed","ping_status":"closed","template":"templates\/template-pagina_menu_vertical.php","meta":{"footnotes":""},"categories":[],"tags":[],"class_list":["post-10639","page","type-page","status-publish","hentry"],"_links":{"self":[{"href":"https:\/\/portal.unisepe.com.br\/unifia\/wp-json\/wp\/v2\/pages\/10639","targetHints":{"allow":["GET"]}}],"collection":[{"href":"https:\/\/portal.unisepe.com.br\/unifia\/wp-json\/wp\/v2\/pages"}],"about":[{"href":"https:\/\/portal.unisepe.com.br\/unifia\/wp-json\/wp\/v2\/types\/page"}],"author":[{"embeddable":true,"href":"https:\/\/portal.unisepe.com.br\/unifia\/wp-json\/wp\/v2\/users\/2"}],"replies":[{"embeddable":true,"href":"https:\/\/portal.unisepe.com.br\/unifia\/wp-json\/wp\/v2\/comments?post=10639"}],"version-history":[{"count":17,"href":"https:\/\/portal.unisepe.com.br\/unifia\/wp-json\/wp\/v2\/pages\/10639\/revisions"}],"predecessor-version":[{"id":11330,"href":"https:\/\/portal.unisepe.com.br\/unifia\/wp-json\/wp\/v2\/pages\/10639\/revisions\/11330"}],"up":[{"embeddable":true,"href":"https:\/\/portal.unisepe.com.br\/unifia\/wp-json\/wp\/v2\/pages\/2819"}],"wp:attachment":[{"href":"https:\/\/portal.unisepe.com.br\/unifia\/wp-json\/wp\/v2\/media?parent=10639"}],"wp:term":[{"taxonomy":"category","embeddable":true,"href":"https:\/\/portal.unisepe.com.br\/unifia\/wp-json\/wp\/v2\/categories?post=10639"},{"taxonomy":"post_tag","embeddable":true,"href":"https:\/\/portal.unisepe.com.br\/unifia\/wp-json\/wp\/v2\/tags?post=10639"}],"curies":[{"name":"wp","href":"https:\/\/api.w.org\/{rel}","templated":true}]}}