{"id":10656,"date":"2025-03-06T13:23:33","date_gmt":"2025-03-06T16:23:33","guid":{"rendered":"https:\/\/portal.unisepe.com.br\/unifia\/?page_id=10656"},"modified":"2025-12-05T15:00:07","modified_gmt":"2025-12-05T18:00:07","slug":"ano-2025","status":"publish","type":"page","link":"https:\/\/portal.unisepe.com.br\/unifia\/gestao-em-foco\/ano-2025\/","title":{"rendered":"Ano 2025"},"content":{"rendered":"<p><strong>Artigos<\/strong><\/p>\n<ul>\n<li><a href=\"https:\/\/portal.unisepe.com.br\/unifia\/wp-content\/uploads\/sites\/10001\/2025\/03\/000AAAAA-Template-Revista-Gestao-em-Foco-pag-01-a-17.pdf\" target=\"_blank\" rel=\"noopener noreferrer\">BREVE AN\u00c1LISE CONJUNTURAL DA ECONOMIA BRASILEIRA MAIO DE 2024 &#8211; p\u00e1g 1 \u00e0 17<\/a><br \/>\n<em>Siqueira da Silva<br \/>\nAdriano Jose<br \/>\n<\/em><\/li>\n<\/ul>\n<hr \/>\n<ul>\n<li><a href=\"https:\/\/portal.unisepe.com.br\/unifia\/wp-content\/uploads\/sites\/10001\/2025\/05\/GESTAO-DA-TECNOLOGIA-E-INOVACAO-ESTUDOS-EXPLORATORIOS-DO-RAMO-FARMACETICO-pag-18-A-30.pdf\" target=\"_blank\" rel=\"noopener noreferrer\">GEST\u00c3O DA TECNOLOGIA E INOVA\u00c7\u00c3O: ESTUDOS EXPLORAT\u00d3RIOS DO RAMO FARMAC\u00caTICO &#8211; p\u00e1g 18 \u00e0 30<\/a><br \/>\n<em>Antonio Costa Gomes Filho<br \/>\nYuri Fellipe Barbosa da Silva<br \/>\nIzadorah Estrela de Paula<br \/>\n<\/em><\/li>\n<\/ul>\n<hr \/>\n<ul>\n<li><a href=\"https:\/\/portal.unisepe.com.br\/unifia\/wp-content\/uploads\/sites\/10001\/2025\/05\/CONTRIBUICAO-DA-ANALISE-CUSTO-VOLUME-LUCRO-NA-GESTAO-DOS-CUSTOS-DE-UMA-INDUSTRIA-ALIMENTICIA-pag-31-a-51.pdf\" target=\"_blank\" rel=\"noopener noreferrer\">CONTRIBUI\u00c7\u00c3O DA AN\u00c1LISE CUSTO-VOLUME-LUCRO NA GEST\u00c3O DOS CUSTOS DE UMA IND\u00daSTRIA ALIMENT\u00cdCIA &#8211; p\u00e1g 31 \u00e0 51<\/a><br \/>\n<em>Cristina Schwingel<br \/>\nDiones Kleinibing Bugalho<br \/>\n<\/em><\/li>\n<\/ul>\n<hr \/>\n<ul>\n<li><a href=\"https:\/\/portal.unisepe.com.br\/unifia\/wp-content\/uploads\/sites\/10001\/2025\/05\/DEMONSTRATIVO-DO-VALOR-ADICIONADO-COMO-AS-COOPERATIVAS-DE-CREDITO-DISTRIBUEM-SUAS-RIQUEZAS-pag-52-a-73.pdf\" target=\"_blank\" rel=\"noopener noreferrer\">DEMONSTRATIVO DO VALOR ADICIONADO: COMO AS COOPERATIVAS DE CR\u00c9DITO DISTRIBUEM SUAS RIQUEZAS? &#8211; p\u00e1g 52 \u00e0 73<\/a><br \/>\n<em>D\u00e9bora Presotto<br \/>\nDiones Kleinibing Bugalho<br \/>\n<\/em><\/li>\n<\/ul>\n<hr \/>\n<ul>\n<li><a href=\"https:\/\/portal.unisepe.com.br\/unifia\/wp-content\/uploads\/sites\/10001\/2025\/05\/ESTUDO-DA-VIABILIDADE-FINANCEIRA-PARA-IMPLANTACAO-DE-UMA-USINA-FOTOVOLTAICA-EM-UMA-PROPRIEDADE-RURAL-pag-74-a-94.pdf\" target=\"_blank\" rel=\"noopener noreferrer\">ESTUDO DA VIABILIDADE FINANCEIRA PARA IMPLANTA\u00c7\u00c3O DE UMA USINA FOTOVOLTAICA EM UMA PROPRIEDADE RURAL &#8211; p\u00e1g 74 \u00e0 94<\/a><br \/>\n<em>Elcio Rodrigo Bombana<br \/>\nDiones Kleinibing Bugalho<br \/>\n<\/em><\/li>\n<\/ul>\n<hr \/>\n<ul>\n<li><a href=\"https:\/\/portal.unisepe.com.br\/unifia\/wp-content\/uploads\/sites\/10001\/2025\/05\/EVIDENCIACAO-CONTABIL-UMA-ANALISE-DO-NIVEL-DE-TRANSPARENCIA-INFORMACIONAL-DAS-ENTIDADES-DO-TERCEIRO-SETOR-pag-95-a-114.pdf\" target=\"_blank\" rel=\"noopener noreferrer\">EVIDENCIA\u00c7\u00c3O CONT\u00c1BIL: UMA AN\u00c1LISE DO N\u00cdVEL DE TRANSPAR\u00caNCIA INFORMACIONAL DAS ENTIDADES DO TERCEIRO SETOR &#8211; p\u00e1g 95 \u00e0 114<\/a><br \/>\n<em>Maria Izabel de Lima<br \/>\nDiones Kleinibing Bugalho<br \/>\n<\/em><\/li>\n<\/ul>\n<hr \/>\n<ul>\n<li><a href=\"https:\/\/portal.unisepe.com.br\/unifia\/wp-content\/uploads\/sites\/10001\/2025\/09\/FATORES-DE-DECISAO-DE-COMPRA-EM-DIFERENTES-FORMATOS-DE-VAREJO-ALIMENTAR-EVIDENCIAS-DE-UM-ESTUDO-REGIONAL-pag-115-a-131.pdf\" target=\"_blank\" rel=\"noopener noreferrer\">FATORES DE DECIS\u00c3O DE COMPRA EM DIFERENTES FORMATOS DE VAREJO ALIMENTAR: EVID\u00caNCIAS DE UM ESTUDO REGIONAL &#8211; p\u00e1g 115 \u00e0 131<\/a><br \/>\n<em>Igor Lemos Macedo<br \/>\nGustavo Clemente Valadares<br \/>\nAlyce Cardoso Campos<br \/>\nWashington Moreira Cavalcanti<br \/>\nJo\u00e3o Francisco Sarno Carvalho<br \/>\n<\/em><\/li>\n<\/ul>\n<hr \/>\n<ul>\n<li><a href=\"https:\/\/portal.unisepe.com.br\/unifia\/wp-content\/uploads\/sites\/10001\/2025\/10\/O-IMPACTO-DOS-ATAQUES-DE-ENGENHARIA-SOCIAL-NA-SEGURANCA-DIGITAL-NO-BRASIL-Ajustado-pag-132-a-143.pdf\" target=\"_blank\" rel=\"noopener noreferrer\">O IMPACTO DOS ATAQUES DE ENGENHARIA SOCIAL NA SEGURAN\u00c7A DIGITAL NO BRASIL &#8211; p\u00e1g 132 \u00e0 143<\/a><br \/>\n<em>Guilherme Henrique Morais da Silva<br \/>\nFernando Bartholomeu Reis da Silva<br \/>\n<\/em><\/li>\n<\/ul>\n<hr \/>\n<ul>\n<li><a href=\"https:\/\/portal.unisepe.com.br\/unifia\/wp-content\/uploads\/sites\/10001\/2025\/10\/Revista-Gestao-em-Foco_IA-Novo-Processo-de-Importacao_Final-pag-144-a-169.pdf\" target=\"_blank\" rel=\"noopener noreferrer\">A INTELIG\u00caNCIA ARTIFICIAL (IA) APLICADA NO NOVO PROCESSO DE IMPORTA\u00c7\u00c3O E A SUA CONTRIBUI\u00c7\u00c3O PARA A EFICI\u00caNCIA OPERACIONAL DOS DESPACHANTES ADUANEIROS &#8211; p\u00e1g 144 \u00e0 169<\/a><br \/>\n<em>Jhennifer Coqueiro Lopes<br \/>\nJulia Gomes Nascimento<br \/>\nNathalia Fagundes da Silva<br \/>\nGivan Aparecido Fortuoso da Silva<br \/>\n<\/em><\/li>\n<\/ul>\n<hr \/>\n<ul>\n<li><a href=\"https:\/\/portal.unisepe.com.br\/unifia\/wp-content\/uploads\/sites\/10001\/2025\/12\/PROPOSTA-DE-METODO-FEEDBACK-PARA-UMA-CONVERSA-DE-REORIENTACAO-pag-170-a-175.pdf\" target=\"_blank\" rel=\"noopener noreferrer\">PROPOSTA DE M\u00c9TODO FEEDBACK PARA UMA CONVERSA DE REORIENTA\u00c7\u00c3O &#8211; p\u00e1g 170 \u00e0 175<\/a><br \/>\n<em>Aline Cristina Tavares Teixeira<br \/>\n<\/em><\/li>\n<\/ul>\n<hr \/>\n<ul>\n<li><a href=\"https:\/\/portal.unisepe.com.br\/unifia\/wp-content\/uploads\/sites\/10001\/2025\/12\/ARTIGO-PRESSUPOSTOS-GERAIS-ACERCA-DA-GESTAO-NAS-ORGANIZACOES-pag-176-a-186.pdf\" target=\"_blank\" rel=\"noopener noreferrer\">PRESSUPOSTOS GERAIS ACERCA DA GEST\u00c3O NAS ORGANIZA\u00c7\u00d5ES &#8211; p\u00e1g 176 \u00e0 186<\/a><br \/>\n<em>DOMINGOS<br \/>\nAna<br \/>\nFONTANELLA<br \/>\nCaroline Mendes<br \/>\nDA SILVA<br \/>\nEllen Rodrigues<br \/>\nALVES<br \/>\nMaria Clara Pereira<br \/>\nLIMA<br \/>\nIgor Gabriel<br \/>\n<\/em><\/li>\n<\/ul>\n<hr \/>\n<ul>\n<li><a href=\"https:\/\/portal.unisepe.com.br\/unifia\/wp-content\/uploads\/sites\/10001\/2025\/12\/GESTAO-DE-PESSOAS-O-NOVO-PAPEL-DOS-RECURSOS-HUMANOS-NAS-ORGANIZACOES-pag-187-a-196.pdf\" target=\"_blank\" rel=\"noopener noreferrer\">GEST\u00c3O DE PESSOAS O NOVO PAPEL DOS RECURSOS HUMANOS NAS ORGANIZA\u00c7\u00d5ES &#8211; p\u00e1g 187 \u00e0 196<\/a><br \/>\n<em>Mila Almeida de Assis<br \/>\nIgor Gabriel Lima<br \/>\n<\/em><\/li>\n<\/ul>\n","protected":false},"excerpt":{"rendered":"<p>Artigos BREVE AN\u00c1LISE CONJUNTURAL DA ECONOMIA BRASILEIRA MAIO DE 2024 &#8211; p\u00e1g 1 \u00e0 17 Siqueira da Silva Adriano Jose GEST\u00c3O DA TECNOLOGIA E INOVA\u00c7\u00c3O: ESTUDOS EXPLORAT\u00d3RIOS DO RAMO FARMAC\u00caTICO &#8211; p\u00e1g 18 \u00e0 30 Antonio Costa Gomes Filho Yuri Fellipe Barbosa da Silva Izadorah Estrela de Paula CONTRIBUI\u00c7\u00c3O DA<\/p>\n","protected":false},"author":2,"featured_media":0,"parent":2940,"menu_order":0,"comment_status":"closed","ping_status":"closed","template":"templates\/template-pagina_menu_vertical.php","meta":{"footnotes":""},"categories":[],"tags":[],"class_list":["post-10656","page","type-page","status-publish","hentry"],"_links":{"self":[{"href":"https:\/\/portal.unisepe.com.br\/unifia\/wp-json\/wp\/v2\/pages\/10656","targetHints":{"allow":["GET"]}}],"collection":[{"href":"https:\/\/portal.unisepe.com.br\/unifia\/wp-json\/wp\/v2\/pages"}],"about":[{"href":"https:\/\/portal.unisepe.com.br\/unifia\/wp-json\/wp\/v2\/types\/page"}],"author":[{"embeddable":true,"href":"https:\/\/portal.unisepe.com.br\/unifia\/wp-json\/wp\/v2\/users\/2"}],"replies":[{"embeddable":true,"href":"https:\/\/portal.unisepe.com.br\/unifia\/wp-json\/wp\/v2\/comments?post=10656"}],"version-history":[{"count":11,"href":"https:\/\/portal.unisepe.com.br\/unifia\/wp-json\/wp\/v2\/pages\/10656\/revisions"}],"predecessor-version":[{"id":11225,"href":"https:\/\/portal.unisepe.com.br\/unifia\/wp-json\/wp\/v2\/pages\/10656\/revisions\/11225"}],"up":[{"embeddable":true,"href":"https:\/\/portal.unisepe.com.br\/unifia\/wp-json\/wp\/v2\/pages\/2940"}],"wp:attachment":[{"href":"https:\/\/portal.unisepe.com.br\/unifia\/wp-json\/wp\/v2\/media?parent=10656"}],"wp:term":[{"taxonomy":"category","embeddable":true,"href":"https:\/\/portal.unisepe.com.br\/unifia\/wp-json\/wp\/v2\/categories?post=10656"},{"taxonomy":"post_tag","embeddable":true,"href":"https:\/\/portal.unisepe.com.br\/unifia\/wp-json\/wp\/v2\/tags?post=10656"}],"curies":[{"name":"wp","href":"https:\/\/api.w.org\/{rel}","templated":true}]}}