{"id":10713,"date":"2025-04-03T20:19:27","date_gmt":"2025-04-03T23:19:27","guid":{"rendered":"https:\/\/portal.unisepe.com.br\/unifia\/?page_id=10713"},"modified":"2025-04-11T19:48:45","modified_gmt":"2025-04-11T22:48:45","slug":"regulamentos-dos-laboratorios","status":"publish","type":"page","link":"https:\/\/portal.unisepe.com.br\/unifia\/manuais-editais-e-regulamentos\/regulamentos-dos-laboratorios\/","title":{"rendered":"Regulamentos dos Laborat\u00f3rios"},"content":{"rendered":"<ul>\n<li style=\"list-style-type: none\">\n<ul>\n<li><a href=\"https:\/\/portal.unisepe.com.br\/unifia\/wp-content\/uploads\/sites\/10001\/2025\/04\/Laboratorio-de-automacao-medidas-eletroeletronica-1-via.pdf\" target=\"_blank\" rel=\"noopener noreferrer\">Laborat\u00f3rio de Automa\u00e7\u00e3o Medidas Eletroeletr\u00f4nicas<\/a><\/li>\n<li><a href=\"https:\/\/portal.unisepe.com.br\/unifia\/wp-content\/uploads\/sites\/10001\/2025\/04\/Laboratorio-de-hidraulica-pneumatica-metrologia-1-via.pdf\" target=\"_blank\" rel=\"noopener noreferrer\">Laborat\u00f3rio de Hidr\u00e1ulica, Pneum\u00e1tica e Metrologia<\/a><\/li>\n<li><a href=\"https:\/\/portal.unisepe.com.br\/unifia\/wp-content\/uploads\/sites\/10001\/2025\/04\/Laboratorio-de-informatica-projeto-integrador-robotica-2-vias.pdf\">Laborat\u00f3rio de Inform\u00e1tica Projeto Integrador &#8211; Rob\u00f3tica<\/a><\/li>\n<li><a href=\"https:\/\/portal.unisepe.com.br\/unifia\/wp-content\/uploads\/sites\/10001\/2025\/04\/Laboratorio-de-materiais-mecanica-usinagem-1-via.pdf\" target=\"_blank\" rel=\"noopener noreferrer\">Laborat\u00f3rio de Materiais, Mec\u00e2nica e Usinagem<\/a><\/li>\n<li><a href=\"https:\/\/portal.unisepe.com.br\/unifia\/wp-content\/uploads\/sites\/10001\/2025\/04\/normas-analise-sensorial.pdf\">Normas An\u00e1lise Sensorial<\/a><\/li>\n<li><a href=\"https:\/\/portal.unisepe.com.br\/unifia\/wp-content\/uploads\/sites\/10001\/2025\/04\/normas-Clinica-de-Nutricao-policlinica.pdf\">Normas Cl\u00ednica de Nutri\u00e7\u00e3o &#8211; Policl\u00ednica<\/a><\/li>\n<li><a href=\"https:\/\/portal.unisepe.com.br\/unifia\/wp-content\/uploads\/sites\/10001\/2025\/04\/Normas-de-seguranca-dos-laboratorios-4-vias.pdf\">Normas de Seguran\u00e7a dos Laborat\u00f3rios &#8211; 4 vias<\/a><\/li>\n<li><a href=\"https:\/\/portal.unisepe.com.br\/unifia\/wp-content\/uploads\/sites\/10001\/2025\/04\/normas-de-uso-do-laboratorio-de-ciencias-dos-materiais.pdf\">Normas de Uso do Laborat\u00f3rio de Ci\u00eancias dos Materiais<\/a><\/li>\n<li><a href=\"https:\/\/portal.unisepe.com.br\/unifia\/wp-content\/uploads\/sites\/10001\/2025\/04\/Normas-de-utilizacao-da-Quadra-Poliesportiva.pdf\">Normas de Utiliza\u00e7\u00e3o da Quadra Poliesportiva<\/a><\/li>\n<li><a href=\"https:\/\/portal.unisepe.com.br\/unifia\/wp-content\/uploads\/sites\/10001\/2025\/04\/Normas-do-Laboratorio-de-Desenho-Tecnico.pdf\">Normas do Laborat\u00f3rio de Desenho T\u00e9cnico<\/a><\/li>\n<li><a href=\"https:\/\/portal.unisepe.com.br\/unifia\/wp-content\/uploads\/sites\/10001\/2025\/04\/Normas-do-Laboratorio-de-Hidraulica-Civil-e-Topografia.pdf\">Normas do Laborat\u00f3rio de Hidr\u00e1ulica Civil e Topografia<\/a><\/li>\n<li><a href=\"https:\/\/portal.unisepe.com.br\/unifia\/wp-content\/uploads\/sites\/10001\/2025\/04\/Normas-do-Laboratorio-de-Hidraulica-e-Pneumatica.pdf\">Normas do Laborat\u00f3rio de Hidr\u00e1ulica e Pneum\u00e1tica<\/a><\/li>\n<li><a href=\"http:\/\/portal.unisepe.com.br\/unifia\/wp-content\/uploads\/sites\/10001\/2019\/03\/regulamento-institucional-LABORAT\u00d3RIOS-DE-INFORM\u00c1TICA-presencial_ead.pdf\">Regulamento do Laborat\u00f3rio de Inform\u00e1tica<\/a><\/li>\n<li><a href=\"https:\/\/portal.unisepe.com.br\/unifia\/wp-content\/uploads\/sites\/10001\/2025\/04\/Placas-visuais-laboratorios-5-vias.pdf\">Placas Visuais Laborat\u00f3rios &#8211; 5 vias<\/a><\/li>\n<li><a href=\"https:\/\/portal.unisepe.com.br\/unifia\/wp-content\/uploads\/sites\/10001\/2025\/04\/Placas-visuais-laboratorios-labs-mecatronica.pdf\">Placas Visuais Laborat\u00f3rios Lab. Mecatr\u00f4nica<\/a><\/li>\n<li><a href=\"https:\/\/portal.unisepe.com.br\/unifia\/wp-content\/uploads\/sites\/10001\/2025\/04\/Regras-de-Uso-do-Laboratorio-de-Quimica-e-Fisica.pdf\">Regras de Uso do Laborat\u00f3rio de Qu\u00edmica e F\u00edsica<\/a><\/li>\n<li><a href=\"https:\/\/portal.unisepe.com.br\/unifia\/wp-content\/uploads\/sites\/10001\/2025\/04\/UNIFIA-NORMAS-PARA-USO-LAB.-INOVACOES-TECNOLOGICAS.pdf\">UNIFIA &#8211; NORMAS PARA USO LAB. INOVACOES TECNOLOGICAS<\/a><\/li>\n<li><a href=\"https:\/\/portal.unisepe.com.br\/unifia\/wp-content\/uploads\/sites\/10001\/2025\/04\/UNIFIA-NORMAS-PARA-USO-SALA-DE-VIDEOCONFERENCIA.pdf\">UNIFIA &#8211; NORMAS PARA USO SALA DE VIDEOCONFERENCIA<\/a><\/li>\n<li><a href=\"https:\/\/portal.unisepe.com.br\/unifia\/wp-content\/uploads\/sites\/10001\/2025\/04\/Normas-Estudio-de-Gravacao-20231.pdf\">Normas Est\u00fadio de Grava\u00e7\u00e3o <\/a><\/li>\n<li><a href=\"https:\/\/portal.unisepe.com.br\/unifia\/wp-content\/uploads\/sites\/10001\/2025\/04\/normas-Lab-anatomia-oracao-cadaver.pdf\">Normas Laborat\u00f3rio de Anatomia + Ora\u00e7\u00e3o Cad\u00e1ver<\/a><\/li>\n<li><a href=\"https:\/\/portal.unisepe.com.br\/unifia\/wp-content\/uploads\/sites\/10001\/2025\/04\/Normas-Laborato_rio-Maquetes-e-Projeto-Integrador-2023_1.pdf\">Normas Laborat\u00f3rio Maquetes e Projeto Integrador<\/a><\/li>\n<li><a href=\"https:\/\/portal.unisepe.com.br\/unifia\/wp-content\/uploads\/sites\/10001\/2025\/04\/Normas-Laboratorio-de-Negocios-2023_1.pdf\">Normas Laborat\u00f3rio de Neg\u00f3cios<\/a><\/li>\n<li><a href=\"https:\/\/portal.unisepe.com.br\/unifia\/wp-content\/uploads\/sites\/10001\/2025\/04\/Normas-Metodologias-Ativas-2023_1.pdf\">Normas Sala de Metodologias Ativas<\/a><\/li>\n<li><a href=\"https:\/\/portal.unisepe.com.br\/unifia\/wp-content\/uploads\/sites\/10001\/2025\/04\/Regulamento-do-Lab-de-Recursos-Pedagogicos-UNIFIA.pdf\">Regulamentos do Laborat\u00f3rio de Recursos Pedag\u00f3gicos<\/a><\/li>\n<li><a href=\"https:\/\/portal.unisepe.com.br\/unifia\/wp-content\/uploads\/sites\/10001\/2025\/04\/Regulamento-Laboratorio-Enfermagem-1.pdf\">Regulamentos do Laborat\u00f3rio de Enfermagem<\/a><\/li>\n<li><a href=\"https:\/\/portal.unisepe.com.br\/unifia\/wp-content\/uploads\/sites\/10001\/2025\/04\/Regulamento-Laboratorio-Cito-Histo-Embrio.pdf\">Regulamentos do Laborat\u00f3rio de Citologia, Histologia, Embriologia, Paleontologia e Geologia<\/a><\/li>\n<li><a href=\"https:\/\/portal.unisepe.com.br\/unifia\/wp-content\/uploads\/sites\/10001\/2025\/04\/Regulamentos-Quimica-Analitica_merged-1.pdf\">Regulamentos do Laborat\u00f3rio de Qu\u00edmica Anal\u00edtica<\/a><\/li>\n<li><a href=\"https:\/\/portal.unisepe.com.br\/unifia\/wp-content\/uploads\/sites\/10001\/2025\/04\/Regulamentos-Estetica-e-cosmetica_merged-1.pdf\">Regulamentos do Laborat\u00f3rio de Est\u00e9tica e cosm\u00e9tica<\/a><\/li>\n<li><a href=\"https:\/\/portal.unisepe.com.br\/unifia\/wp-content\/uploads\/sites\/10001\/2025\/04\/Regulamentos-Microbiologia_merged-1.pdf\">Regulamentos do Laborat\u00f3rio de Microbiologia<\/a><\/li>\n<li><a href=\"https:\/\/portal.unisepe.com.br\/unifia\/wp-content\/uploads\/sites\/10001\/2025\/04\/Regulamentos-Analises-Clinicas-1.pdf\">Regulamentos do Laborat\u00f3rio de An\u00e1lises Cl\u00ednicas<\/a><\/li>\n<li><a href=\"https:\/\/portal.unisepe.com.br\/unifia\/wp-content\/uploads\/sites\/10001\/2025\/04\/Regulamentos-do-Laboratorio-CEFAI-UNIFIA.pdf\">Regulamentos do Laborat\u00f3rio CEFAI\/UNIFIA<\/a><\/li>\n<\/ul>\n<\/li>\n<\/ul>\n","protected":false},"excerpt":{"rendered":"<p>Laborat\u00f3rio de Automa\u00e7\u00e3o Medidas Eletroeletr\u00f4nicas Laborat\u00f3rio de Hidr\u00e1ulica, Pneum\u00e1tica e Metrologia Laborat\u00f3rio de Inform\u00e1tica Projeto Integrador &#8211; Rob\u00f3tica Laborat\u00f3rio de Materiais, Mec\u00e2nica e Usinagem Normas An\u00e1lise Sensorial Normas Cl\u00ednica de Nutri\u00e7\u00e3o &#8211; Policl\u00ednica Normas de Seguran\u00e7a dos Laborat\u00f3rios &#8211; 4 vias Normas de Uso do Laborat\u00f3rio de Ci\u00eancias dos Materiais<\/p>\n","protected":false},"author":2,"featured_media":0,"parent":788,"menu_order":0,"comment_status":"closed","ping_status":"closed","template":"templates\/template-pagina_menu_vertical.php","meta":{"footnotes":""},"categories":[],"tags":[],"class_list":["post-10713","page","type-page","status-publish","hentry"],"_links":{"self":[{"href":"https:\/\/portal.unisepe.com.br\/unifia\/wp-json\/wp\/v2\/pages\/10713","targetHints":{"allow":["GET"]}}],"collection":[{"href":"https:\/\/portal.unisepe.com.br\/unifia\/wp-json\/wp\/v2\/pages"}],"about":[{"href":"https:\/\/portal.unisepe.com.br\/unifia\/wp-json\/wp\/v2\/types\/page"}],"author":[{"embeddable":true,"href":"https:\/\/portal.unisepe.com.br\/unifia\/wp-json\/wp\/v2\/users\/2"}],"replies":[{"embeddable":true,"href":"https:\/\/portal.unisepe.com.br\/unifia\/wp-json\/wp\/v2\/comments?post=10713"}],"version-history":[{"count":9,"href":"https:\/\/portal.unisepe.com.br\/unifia\/wp-json\/wp\/v2\/pages\/10713\/revisions"}],"predecessor-version":[{"id":10806,"href":"https:\/\/portal.unisepe.com.br\/unifia\/wp-json\/wp\/v2\/pages\/10713\/revisions\/10806"}],"up":[{"embeddable":true,"href":"https:\/\/portal.unisepe.com.br\/unifia\/wp-json\/wp\/v2\/pages\/788"}],"wp:attachment":[{"href":"https:\/\/portal.unisepe.com.br\/unifia\/wp-json\/wp\/v2\/media?parent=10713"}],"wp:term":[{"taxonomy":"category","embeddable":true,"href":"https:\/\/portal.unisepe.com.br\/unifia\/wp-json\/wp\/v2\/categories?post=10713"},{"taxonomy":"post_tag","embeddable":true,"href":"https:\/\/portal.unisepe.com.br\/unifia\/wp-json\/wp\/v2\/tags?post=10713"}],"curies":[{"name":"wp","href":"https:\/\/api.w.org\/{rel}","templated":true}]}}