{"id":11096,"date":"2025-10-29T16:59:02","date_gmt":"2025-10-29T19:59:02","guid":{"rendered":"https:\/\/portal.unisepe.com.br\/unifia\/?page_id=11096"},"modified":"2025-11-19T19:58:03","modified_gmt":"2025-11-19T22:58:03","slug":"ix-jornada-cientifica-do-unifia-2025","status":"publish","type":"page","link":"https:\/\/portal.unisepe.com.br\/unifia\/jornada-cientifica-unifia\/ix-jornada-cientifica-do-unifia-2025\/","title":{"rendered":"IX Jornada Cient\u00edfica do UNIFIA &#8211; 2025"},"content":{"rendered":"<p><strong><a href=\"https:\/\/portal.unisepe.com.br\/unifia\/wp-content\/uploads\/sites\/10001\/2025\/10\/logo-jornada-reduzido.jpg\"><img loading=\"lazy\" decoding=\"async\" src=\"https:\/\/portal.unisepe.com.br\/unifia\/wp-content\/uploads\/sites\/10001\/2025\/10\/logo-jornada-reduzido.jpg\" alt=\"\" width=\"301\" height=\"301\" class=\" wp-image-11103 alignleft\" srcset=\"https:\/\/portal.unisepe.com.br\/unifia\/wp-content\/uploads\/sites\/10001\/2025\/10\/logo-jornada-reduzido.jpg 390w, https:\/\/portal.unisepe.com.br\/unifia\/wp-content\/uploads\/sites\/10001\/2025\/10\/logo-jornada-reduzido-300x300.jpg 300w, https:\/\/portal.unisepe.com.br\/unifia\/wp-content\/uploads\/sites\/10001\/2025\/10\/logo-jornada-reduzido-150x150.jpg 150w, https:\/\/portal.unisepe.com.br\/unifia\/wp-content\/uploads\/sites\/10001\/2025\/10\/logo-jornada-reduzido-225x225.jpg 225w\" sizes=\"auto, (max-width: 301px) 100vw, 301px\" \/><\/a><span style=\"font-family: arial, helvetica, sans-serif\">IX Jornada Cient\u00edfica do UNIFIA | 2025<\/span><\/strong><\/p>\n<p><span style=\"font-family: arial, helvetica, sans-serif\">O Centro Universit\u00e1rio Amparense \u2013 UNIFIA, por meio da Coordena\u00e7\u00e3o de Pesquisa e Extens\u00e3o (CPEX), realiza tradicionalmente a <strong>Jornada Cient\u00edfica<\/strong>, um evento dedicado \u00e0 <strong>valoriza\u00e7\u00e3o da pesquisa e da produ\u00e7\u00e3o cient\u00edfica no \u00e2mbito acad\u00eamico.<\/strong> A iniciativa tem como prop\u00f3sito estimular o desenvolvimento de projetos cient\u00edficos e tecnol\u00f3gicos, promovendo a integra\u00e7\u00e3o entre discentes, docentes e a comunidade, al\u00e9m de favorecer a socializa\u00e7\u00e3o do conhecimento e o fortalecimento da cultura investigativa na institui\u00e7\u00e3o.<\/span><\/p>\n<p><span style=\"font-family: arial, helvetica, sans-serif\">Em 2025, ser\u00e1 realizada a <strong>nona edi\u00e7\u00e3o da Jornada Cient\u00edfica do UNIFIA<\/strong>, que contar\u00e1 com apresenta\u00e7\u00f5es de trabalhos nos <strong>formatos de Comunica\u00e7\u00e3o Oral e P\u00f4ster<\/strong>, reafirmando o compromisso institucional com o incentivo \u00e0 pesquisa, \u00e0 inova\u00e7\u00e3o e \u00e0 difus\u00e3o do conhecimento cient\u00edfico.<\/span><\/p>\n<p><span style=\"font-family: arial, helvetica, sans-serif\">A <strong>IX Jornada Cient\u00edfica do UNIFIA | 2025<\/strong> ser\u00e1 realizada no campus do Centro Universit\u00e1rio Amparense \u2013 UNIFIA localizado na Rodovia Jo\u00e3o Beira SP95 \u2013 Km 46,5 \u2013 Bairro Modelo \u2013 Amparo\/SP CEP: 13905-529, nos <strong>dias 17 e 18 de novembro de 2025<\/strong> a partir das <strong>19 horas \u00e0s 22 horas<\/strong>.<\/span><\/p>\n<p><span style=\"font-family: arial, helvetica, sans-serif\"><strong>\u00a0<\/strong><\/span><\/p>\n<ol>\n<li><span style=\"font-family: arial, helvetica, sans-serif\"><a href=\"https:\/\/portal.unisepe.com.br\/unifia\/wp-content\/uploads\/sites\/10001\/2025\/10\/REGULAMENTO_JORNADA-CIENTIFICA_2025_VERSAO-OFICIAL.pdf\"><strong>Regulamento da IX Jornada Cient\u00edfica do UNIFIA | 2025\u00a0<\/strong><\/a><\/span><\/li>\n<li><span style=\"font-family: arial, helvetica, sans-serif\"><strong>Link das inscri\u00e7\u00f5es dos Resumos dos Trabalhos: 28 de outubro a 09 de novembro de 2025 &#8211; <span style=\"color: #ff0000\">Inscri\u00e7\u00f5es Encerradas<\/span>.<\/strong><\/span><\/li>\n<li><span style=\"font-family: arial, helvetica, sans-serif\"><a href=\"https:\/\/portal.unisepe.com.br\/unifia\/wp-content\/uploads\/sites\/10001\/2025\/10\/Modelo-de-RESUMO-EXPANDIDO_2025.docx\"><strong>Modelo do Resumo Expandido \u2013 para download\u00a0<\/strong><\/a><\/span><\/li>\n<li><span style=\"font-family: arial, helvetica, sans-serif\"><a href=\"https:\/\/portal.unisepe.com.br\/unifia\/wp-content\/uploads\/sites\/10001\/2025\/10\/MODELO-DE-SLIDE_COMUNICACAO-ORAL_2025.pptx\"><strong>Modelo de Slides da Comunica\u00e7\u00e3o Oral \u2013 para download\u00a0<\/strong><\/a><\/span><\/li>\n<li><span style=\"font-family: arial, helvetica, sans-serif\"><a href=\"https:\/\/portal.unisepe.com.br\/unifia\/wp-content\/uploads\/sites\/10001\/2025\/10\/MODELO-DO-POSTER_JORNADA-CIENTIFICA_2025.pptx\"><strong>Modelo do P\u00f4ster (70 X 90 cm) \u2013 para download<\/strong><\/a><\/span><\/li>\n<li><span style=\"font-family: arial, helvetica, sans-serif\"><strong><strong>Gradeamento das apresenta\u00e7\u00f5es dos trabalhos: <\/strong><\/strong><\/span><br \/>\n<blockquote><p><span style=\"font-family: arial, helvetica, sans-serif\"><strong style=\"text-align: justify;font-size: 0.95em\"><strong style=\"text-align: justify;font-size: 0.95em\">Dia 17 de novembro de 2025 | Segunda-feira | <u>Gradeamento das Comunica\u00e7\u00f5es Orais (slides)\u00a0 &#8211; <a href=\"https:\/\/docs.google.com\/spreadsheets\/d\/1jXebmvgCjaF7droVruMZIhJnvcNkDa0s\/edit?usp=sharing&amp;ouid=100326054284868408511&amp;rtpof=true&amp;sd=true\">Link de acesso<\/a><br \/>\n<\/u><\/strong><\/strong><span style=\"font-size: 10pt\"><strong>\u00a7<\/strong> Credenciamento dos participantes a partir das 18h50 | Bloco 11 | Sala 01 &#8211; In\u00edcio das apresenta\u00e7\u00f5es 19h30.<br \/>\n<\/span><span style=\"font-size: 10pt\"><strong>\u00a7<\/strong> Os participantes devem trazer as apresenta\u00e7\u00f5es salvas em pendrive.<br \/>\n<\/span><span style=\"font-size: 10pt\"><strong>\u00a7<\/strong> Dura\u00e7\u00e3o: cada Comunica\u00e7\u00e3o Oral ter\u00e1 de 10 a 15 minutos, seguida de perguntas da banca.<\/span><\/span><\/p>\n<p>&nbsp;<\/p><\/blockquote>\n<blockquote><p><span style=\"font-family: arial, helvetica, sans-serif\"><strong style=\"font-size: 0.95em\"><strong style=\"font-size: 0.95em\">Dia 18 de novembro de 2025 | Ter\u00e7a-feira| <u>Gradeamento das Apresenta\u00e7\u00e3o de P\u00f4ster &#8211; <a href=\"https:\/\/docs.google.com\/spreadsheets\/d\/1GioqWXso_GEABpqK1UnmNoxBwrrqWtov\/edit?usp=sharing&amp;ouid=100326054284868408511&amp;rtpof=true&amp;sd=true\">Link de acesso<\/a><br \/>\n<\/u><\/strong><\/strong><span style=\"font-size: 10pt\"><strong>\u00a7<\/strong> Credenciamento dos participantes a partir das 18h50 | Biblioteca do UNIFIA &#8211; In\u00edcio das apresenta\u00e7\u00f5es 19h30.<br \/>\n<strong>\u00a7\u00a0<\/strong><\/span><\/span><\/p>\n<p><span style=\"font-size: 10pt;font-family: arial, helvetica, sans-serif\">Os participantes devem trazer o P\u00f4ster.<\/span><\/p>\n<p><span style=\"font-size: 10pt;font-family: arial, helvetica, sans-serif\"><strong><br \/>\n\u00a7\u00a0<\/strong><\/span><\/p>\n<p><span style=\"font-size: 10pt;font-family: arial, helvetica, sans-serif\">Dura\u00e7\u00e3o: cada\u00a0apresenta\u00e7\u00e3o de p\u00f4ster\u00a0ter\u00e1 de 10 a 15 minutos, seguida de perguntas da banca.<\/span><\/p><\/blockquote>\n<\/li>\n<li><span style=\"font-family: arial, helvetica, sans-serif\"><strong>Divulga\u00e7\u00e3o dos Melhores Trabalhos: 24 de novembro de 2025<\/strong><\/span><\/li>\n<li><span style=\"font-family: arial, helvetica, sans-serif\"><strong>Anais da IX Jornada Cient\u00edfica do UNIFIA | 2025: a partir de 12 de dezembro de 2025<br \/>\n<\/strong><\/span>9.<strong style=\"font-family: arial, helvetica, sans-serif;font-size: 0.95em\"><strong> Link dos Certificados dos trabalhos apresentados \u2013 participantes, orientadores e avaliadores.<\/p>\n<p><\/strong><\/strong>Para acessar o certificado do seu trabalho apresentado na IX Jornada Cientifica do UNIFIA, siga as orienta\u00e7\u00f5es abaixo:<\/p>\n<p><strong style=\"font-family: arial, helvetica, sans-serif;font-size: 0.95em\">\u00a7<\/strong><span style=\"font-family: arial, helvetica, sans-serif;font-size: 0.95em\"> Acesse o link correspondente <\/span><strong style=\"font-family: arial, helvetica, sans-serif;font-size: 0.95em\">ao dia da sua apresenta\u00e7\u00e3o<\/strong><span style=\"font-family: arial, helvetica, sans-serif;font-size: 0.95em\">.<\/p>\n<p><\/span><strong style=\"font-family: arial, helvetica, sans-serif;font-size: 0.95em\">\u00a7<\/strong><span style=\"font-family: arial, helvetica, sans-serif;font-size: 0.95em\"> Localize o <\/span><strong style=\"font-family: arial, helvetica, sans-serif;font-size: 0.95em\">n\u00famero do gradeamento<\/strong><span style=\"font-family: arial, helvetica, sans-serif;font-size: 0.95em\"> e o <\/span><strong style=\"font-family: arial, helvetica, sans-serif;font-size: 0.95em\">t\u00edtulo do seu trabalho<\/strong><span style=\"font-family: arial, helvetica, sans-serif;font-size: 0.95em\">.<\/p>\n<p><\/span><strong style=\"font-family: arial, helvetica, sans-serif;font-size: 0.95em\">\u00a7<\/strong><span style=\"font-family: arial, helvetica, sans-serif;font-size: 0.95em\"> Os certificados est\u00e3o dispon\u00edveis em <\/span><strong style=\"font-family: arial, helvetica, sans-serif;font-size: 0.95em\">formato PDF<\/strong><span style=\"font-family: arial, helvetica, sans-serif;font-size: 0.95em\"> para download e podem ser salvos diretamente em seu dispositivo.<\/p>\n<p><\/span>Caso identifique <strong style=\"font-family: arial, helvetica, sans-serif;font-size: 0.95em\">qualquer inconsist\u00eancia<\/strong><span style=\"font-family: arial, helvetica, sans-serif;font-size: 0.95em\"> no documento, solicitamos que entre em contato pelo e-mail: <\/span><strong style=\"font-family: arial, helvetica, sans-serif;font-size: 0.95em\"><a href=\"mailto:coord.academica01.am@unisepe.edu.br\">coord.academica01.am@unisepe.edu.br <\/a><\/p>\n<p><\/strong><strong style=\"font-family: arial, helvetica, sans-serif;font-size: 0.95em\">\u00a7 Certificados do dia 17\/11\/25<\/strong><span style=\"font-family: arial, helvetica, sans-serif;font-size: 0.95em\"> (Discente\/orientadores &#8211;\u00a0 disponibilidade em 19\/11\/25) &#8211;\u00a0<\/span><a href=\"https:\/\/drive.google.com\/drive\/folders\/15lFIgIf4tSpphB2fskkwC9XNDlCakfF-?usp=sharing\" style=\"font-family: arial, helvetica, sans-serif;font-size: 0.95em\"><strong>Link de acesso<\/strong><\/a><\/p>\n<p><strong style=\"font-family: arial, helvetica, sans-serif;font-size: 0.95em\">\u00a7 Certificado do dia 18\/11\/25<\/strong><span style=\"font-family: arial, helvetica, sans-serif;font-size: 0.95em\"> (Discente\/orientadores &#8211; disponibilidade em 19\/11\/25) &#8211;\u00a0<\/span><a href=\"https:\/\/drive.google.com\/drive\/folders\/1B2AdiuqyBQV52dj5SiH_HzkiJDgAo76o?usp=sharing\" style=\"font-family: arial, helvetica, sans-serif;font-size: 0.95em\"><strong>Link de acesso<\/strong><\/a><\/p>\n<p><strong style=\"font-family: arial, helvetica, sans-serif;font-size: 0.95em\">\u00a7 Certificados da banca de avaliadores dos trabalhos: Aguardar divulga\u00e7\u00e3o<\/strong><\/li>\n<\/ol>\n<div style=\"width: 300px;\" class=\"wp-video\"><!--[if lt IE 9]><script>document.createElement('video');<\/script><![endif]-->\n<video class=\"wp-video-shortcode\" id=\"video-11096-1\" width=\"300\" height=\"170\" autoplay preload=\"auto\" controls=\"controls\"><source type=\"video\/mp4\" src=\"https:\/\/portal.unisepe.com.br\/unifia\/wp-content\/uploads\/sites\/10001\/2025\/10\/Video-da-Jornada-Cientifica_INSCRICOES_2025.mp4?_=1\" \/><a href=\"https:\/\/portal.unisepe.com.br\/unifia\/wp-content\/uploads\/sites\/10001\/2025\/10\/Video-da-Jornada-Cientifica_INSCRICOES_2025.mp4\">https:\/\/portal.unisepe.com.br\/unifia\/wp-content\/uploads\/sites\/10001\/2025\/10\/Video-da-Jornada-Cientifica_INSCRICOES_2025.mp4<\/a><\/video><\/div>\n","protected":false},"excerpt":{"rendered":"<p>IX Jornada Cient\u00edfica do UNIFIA | 2025 O Centro Universit\u00e1rio Amparense \u2013 UNIFIA, por meio da Coordena\u00e7\u00e3o de Pesquisa e Extens\u00e3o (CPEX), realiza tradicionalmente a Jornada Cient\u00edfica, um evento dedicado \u00e0 valoriza\u00e7\u00e3o da pesquisa e da produ\u00e7\u00e3o cient\u00edfica no \u00e2mbito acad\u00eamico. A iniciativa tem como prop\u00f3sito estimular o desenvolvimento de<\/p>\n","protected":false},"author":2,"featured_media":11103,"parent":10403,"menu_order":0,"comment_status":"closed","ping_status":"closed","template":"templates\/template-pagina_menu_vertical.php","meta":{"footnotes":""},"categories":[],"tags":[],"class_list":["post-11096","page","type-page","status-publish","has-post-thumbnail","hentry"],"_links":{"self":[{"href":"https:\/\/portal.unisepe.com.br\/unifia\/wp-json\/wp\/v2\/pages\/11096","targetHints":{"allow":["GET"]}}],"collection":[{"href":"https:\/\/portal.unisepe.com.br\/unifia\/wp-json\/wp\/v2\/pages"}],"about":[{"href":"https:\/\/portal.unisepe.com.br\/unifia\/wp-json\/wp\/v2\/types\/page"}],"author":[{"embeddable":true,"href":"https:\/\/portal.unisepe.com.br\/unifia\/wp-json\/wp\/v2\/users\/2"}],"replies":[{"embeddable":true,"href":"https:\/\/portal.unisepe.com.br\/unifia\/wp-json\/wp\/v2\/comments?post=11096"}],"version-history":[{"count":29,"href":"https:\/\/portal.unisepe.com.br\/unifia\/wp-json\/wp\/v2\/pages\/11096\/revisions"}],"predecessor-version":[{"id":11107,"href":"https:\/\/portal.unisepe.com.br\/unifia\/wp-json\/wp\/v2\/pages\/11096\/revisions\/11107"}],"up":[{"embeddable":true,"href":"https:\/\/portal.unisepe.com.br\/unifia\/wp-json\/wp\/v2\/pages\/10403"}],"wp:featuredmedia":[{"embeddable":true,"href":"https:\/\/portal.unisepe.com.br\/unifia\/wp-json\/wp\/v2\/media\/11103"}],"wp:attachment":[{"href":"https:\/\/portal.unisepe.com.br\/unifia\/wp-json\/wp\/v2\/media?parent=11096"}],"wp:term":[{"taxonomy":"category","embeddable":true,"href":"https:\/\/portal.unisepe.com.br\/unifia\/wp-json\/wp\/v2\/categories?post=11096"},{"taxonomy":"post_tag","embeddable":true,"href":"https:\/\/portal.unisepe.com.br\/unifia\/wp-json\/wp\/v2\/tags?post=11096"}],"curies":[{"name":"wp","href":"https:\/\/api.w.org\/{rel}","templated":true}]}}