{"id":1119,"date":"2016-12-02T14:02:41","date_gmt":"2016-12-02T14:02:41","guid":{"rendered":"http:\/\/www.fvr.edu.br\/fvr\/site\/?page_id=1119"},"modified":"2025-04-09T16:45:48","modified_gmt":"2025-04-09T19:45:48","slug":"cadernos","status":"publish","type":"page","link":"https:\/\/portal.unisepe.com.br\/unifia\/biblioteca\/cadernos\/","title":{"rendered":"Cadernos"},"content":{"rendered":"<p><strong>Cadernos de Pedagogia<\/strong><a href=\"http:\/\/portal.mec.gov.br\/par\/195-secretarias-112877938\/seb-educacao-basica-2007048997\/12640-parametros-curriculares-nacionais-1o-a-4o-series\" target=\"_blank\" rel=\"noopener noreferrer\"><\/a><\/p>\n<ul>\n<li><a href=\"http:\/\/portal.mec.gov.br\/seb\/arquivos\/pdf\/livro01.pdf\" target=\"_blank\" rel=\"noopener noreferrer\">PCN \u2013 INTRODU\u00c7\u00c3O AOS PCNS. v. 1<\/a><\/li>\n<li><a href=\"http:\/\/portal.mec.gov.br\/seb\/arquivos\/pdf\/livro02.pdf\" target=\"_blank\" rel=\"noopener noreferrer\">PCN \u2013 L\u00cdNGUA PORTUGUESA. v. 2<\/a><\/li>\n<li><a href=\"http:\/\/portal.mec.gov.br\/seb\/arquivos\/pdf\/livro03.pdf\" target=\"_blank\" rel=\"noopener noreferrer\">PCN \u2013 MATEM\u00c1TICA . v.3<\/a><\/li>\n<li><a href=\"http:\/\/portal.mec.gov.br\/seb\/arquivos\/pdf\/livro04.pdf\" target=\"_blank\" rel=\"noopener noreferrer\">PCN \u2013 CI\u00caNCIAS NATURAIS. V.4<\/a><\/li>\n<li><a href=\"http:\/\/portal.mec.gov.br\/seb\/arquivos\/pdf\/livro051.pdf\" target=\"_blank\" rel=\"noopener noreferrer\">PCN \u2013 HIST\u00d3RIA E GEOGRAFIA v. 5.1<\/a><\/li>\n<li><a href=\"http:\/\/portal.mec.gov.br\/seb\/arquivos\/pdf\/livro052.pdf\" target=\"_blank\" rel=\"noopener noreferrer\">PCN \u2013 HIST\u00d3RIA E GEOGRAFIA v. 5.2<\/a><\/li>\n<li><a href=\"http:\/\/portal.mec.gov.br\/seb\/arquivos\/pdf\/livro06.pdf\" target=\"_blank\" rel=\"noopener noreferrer\">PCN \u2013 ARTE. v.6<\/a><\/li>\n<li><a href=\"http:\/\/portal.mec.gov.br\/seb\/arquivos\/pdf\/livro07.pdf\" target=\"_blank\" rel=\"noopener noreferrer\">PCN \u2013 EDUCA\u00c7\u00c3O F\u00cdSICA. v.7<\/a><\/li>\n<li><a href=\"http:\/\/portal.mec.gov.br\/seb\/arquivos\/pdf\/livro081.pdf\" target=\"_blank\" rel=\"noopener noreferrer\">PCN \u2013 TEMAS TRANSVERSAIS: APRESENTA\u00c7\u00c3O. v.8.1<\/a><\/li>\n<li><a href=\"http:\/\/portal.mec.gov.br\/seb\/arquivos\/pdf\/livro082.pdf\" target=\"_blank\" rel=\"noopener noreferrer\">PCN \u2013 TEMAS TRANSVERSAIS : \u00c9TICA. v.8.2<\/a><\/li>\n<li><a href=\"http:\/\/portal.mec.gov.br\/seb\/arquivos\/pdf\/livro091.pdf\" target=\"_blank\" rel=\"noopener noreferrer\">PCN \u2013 TEMAS TRANSVERSAIS: MEIO AMBIENTE. v.9.1<\/a><\/li>\n<li><a href=\"http:\/\/portal.mec.gov.br\/seb\/arquivos\/pdf\/livro092.pdf\" target=\"_blank\" rel=\"noopener noreferrer\">PCN &#8211; TEMAS TRANSVERSAIS: SA\u00daDE. 9.2<\/a><\/li>\n<li><a href=\"http:\/\/portal.mec.gov.br\/seb\/arquivos\/pdf\/livro101.pdf\" target=\"_blank\" rel=\"noopener noreferrer\">PCN \u2013 TEMAS TRANSVERSAIS: PLURALIDADE CULTURAL. V. 10.1<\/a><\/li>\n<li><a href=\"http:\/\/portal.mec.gov.br\/seb\/arquivos\/pdf\/livro102.pdf\" target=\"_blank\" rel=\"noopener noreferrer\">PCN \u2013 TEMAS TRANSVERSAIS: ORIENTA\u00c7\u00c3O SEXUAL. V.10.2<\/a><\/li>\n<li><a href=\"http:\/\/portal.mec.gov.br\/seb\/arquivos\/pdf\/rcnei_vol1.pdf\" target=\"_blank\" rel=\"noopener noreferrer\">REFERENCIAL CURRICULAR EDUCA\u00c7\u00c3O INFANTIL. V. 1<\/a><\/li>\n<li><a href=\"https:\/\/portal.unisepe.com.br\/unifia\/wp-content\/uploads\/sites\/10001\/2023\/11\/REFERENCIAL-CURRICULAR-EDUCA\u00c7\u00c3O-INFANTIL.-V.-2.pdf\" target=\"_blank\" rel=\"noopener noreferrer\">REFERENCIAL CURRICULAR EDUCA\u00c7\u00c3O INFANTIL. V. 2<\/a><\/li>\n<li><a href=\"http:\/\/portal.mec.gov.br\/seb\/arquivos\/pdf\/volume3.pdf\" target=\"_blank\" rel=\"noopener noreferrer\">REFERENCIAL CURRICULAR EDUCA\u00c7\u00c3O INFANTIL. V. 3<\/a><a href=\"http:\/\/9cndca.sdh.gov.br\/legislacao\/Lei8069.pdf\" target=\"_blank\" rel=\"noopener noreferrer\"><\/a><a href=\"http:\/\/portal.mec.gov.br\/cne\/arquivos\/pdf\/PCB0498.pdf\" target=\"_blank\" rel=\"noopener noreferrer\"><\/a><a href=\"http:\/\/portal.mec.gov.br\/cne\/arquivos\/pdf\/1998\/pceb002_98.pdf\" target=\"_blank\" rel=\"noopener noreferrer\"><\/a><\/li>\n<\/ul>\n<p><strong>Leis, Resolu\u00e7\u00f5es, Pareceres<\/strong><\/p>\n<ul>\n<li><a href=\"https:\/\/www.planalto.gov.br\/ccivil_03\/constituicao\/constituicao.htm\" target=\"_blank\" rel=\"noopener noreferrer\">Constitui\u00e7\u00e3o da Rep\u00fablica Federativa do Brasil de 1988.<\/a><\/li>\n<li><a href=\"https:\/\/www.planalto.gov.br\/ccivil_03\/leis\/l9394.htm\" target=\"_blank\" rel=\"noopener noreferrer\">Lei de Diretrizes e Bases da Educa\u00e7\u00e3o Nacional N\u00ba 9.394 de 1996.<\/a><\/li>\n<li><a href=\"http:\/\/portal.mec.gov.br\/seesp\/arquivos\/pdf\/lei9394_ldbn1.pdf\" target=\"_blank\" rel=\"noopener noreferrer\">Lei de Diretrizes e Bases da Educa\u00e7\u00e3o Nacional 9.394\/96, Bras\u00edlia:Mec, 1996<\/a><\/li>\n<li><a href=\"https:\/\/portal.unisepe.com.br\/unifia\/wp-content\/uploads\/sites\/10001\/2023\/11\/rceb007_10.pdf\" target=\"_blank\" rel=\"noopener noreferrer\">Diretrizes Curriculares Nacionais para o Ensino Fundamental de 9 (nove) anos. Resolu\u00e7\u00f5es do CNE\/CEB n\u00ba. 7, de 14 de dezembro de 2010.<\/a><\/li>\n<\/ul>\n<p><strong>Base Nacional Comum Curricular<br \/>\n<\/strong><\/p>\n<ul>\n<li><a href=\"https:\/\/portal.unisepe.com.br\/unifia\/wp-content\/uploads\/sites\/10001\/2023\/11\/pcp015_17.pdf\" target=\"_blank\" rel=\"noopener noreferrer\">Base Nacional Comum Curricular (BNCC)<\/a><\/li>\n<li><a href=\"https:\/\/portal.unisepe.com.br\/unifia\/wp-content\/uploads\/sites\/10001\/2023\/11\/Base-nacional-curricular-comum.pdf\" target=\"_blank\" rel=\"noopener noreferrer\">Base nacional curricular comum<\/a><\/li>\n<li><a href=\"http:\/\/portal.mec.gov.br\/index.php?option=com_docman&amp;view=download&amp;alias=79631-rcp002-17-pdf&amp;category_slug=dezembro-2017-pdf&amp;Itemid=30192\">Resolu\u00e7\u00e3o CNE\/CP n\u00ba 2, de 22 de dezembro de 2017 <\/a>&#8211; Institui e orienta a implanta\u00e7\u00e3o da Base Nacional Comum Curricular, a ser respeitada obrigatoriamente ao longo das etapas e respectivas modalidades no \u00e2mbito da Educa\u00e7\u00e3o B\u00e1sica.<\/li>\n<li><a href=\"https:\/\/portal.unisepe.com.br\/unifia\/wp-content\/uploads\/sites\/10001\/2023\/11\/pceb002_22.pdf\" target=\"_blank\" rel=\"noopener noreferrer\">Normas sobre Computa\u00e7\u00e3o na Educa\u00e7\u00e3o B\u00e1sica \u2013 Complemento \u00e0 Base Nacional Comum Curricular (BNCC).<\/a><\/li>\n<li><a href=\"https:\/\/portal.unisepe.com.br\/unifia\/wp-content\/uploads\/sites\/10001\/2023\/11\/rceb001_22.pdf\" target=\"_blank\" rel=\"noopener noreferrer\">Normas sobre Computa\u00e7\u00e3o na Educa\u00e7\u00e3o B\u00e1sica \u2013 Complemento \u00e0 BNCC<\/a><\/li>\n<\/ul>\n<p><strong>Educa\u00e7\u00e3o Das Rela\u00e7\u00f5es \u00c9tnico-Raciais E Ensino Da Hist\u00f3ria E Cultura Afro-Brasileira E Africana<\/strong><\/p>\n<ul>\n<li><a href=\"http:\/\/portal.mec.gov.br\/cne\/arquivos\/pdf\/003.pdf\">Parecer CNE\/CP n\u00ba 3, de 10 de mar\u00e7o de 2004<\/a>\u00a0&#8211; Institui Diretrizes Curriculares Nacionais para a Educa\u00e7\u00e3o das Rela\u00e7\u00f5es \u00c9tnico-Raciais e para o Ensino de Hist\u00f3ria e Cultura Afro-Brasileira e Africana.<\/li>\n<li><a href=\"http:\/\/portal.mec.gov.br\/cne\/arquivos\/pdf\/res012004.pdf\">Resolu\u00e7\u00e3o CNE\/CP n\u00ba 1, de 17 de junho de 2004<\/a>\u00a0 Diretrizes Curriculares Nacionais para a Educa\u00e7\u00e3o das Rela\u00e7\u00f5es \u00c9tnico-Raciais e para o Ensino de Hist\u00f3ria e Cultura Afro-Brasileira e Africana.<a href=\"https:\/\/portal.unisepe.com.br\/unifia\/wp-content\/uploads\/sites\/10001\/2023\/11\/res012004.pdf\" target=\"_blank\" rel=\"noopener noreferrer\"><\/a><\/li>\n<li>Referencial Curricular Nacional para as Escolas Ind\u00edgenas<\/li>\n<li><a href=\"https:\/\/portal.unisepe.com.br\/unifia\/wp-content\/uploads\/sites\/10001\/2023\/11\/Resolu\u00e7\u00e3o-CNE-CP-n\u00ba-2-de-20-de-dezembro-de-2019.pdf\" target=\"_blank\" rel=\"noopener noreferrer\">Resolu\u00e7\u00e3o CNE-CP n\u00ba 2 de 20 de dezembro de 2019<\/a><\/li>\n<li><a href=\"https:\/\/portal.unisepe.com.br\/unifia\/wp-content\/uploads\/sites\/10001\/2023\/11\/Resolu\u00e7\u00e3o-n-\u00ba-2-de-20-de-Dezembro-de-2019.pdf\" target=\"_blank\" rel=\"noopener noreferrer\">Resolu\u00e7\u00e3o n \u00ba 2 de 20 de Dezembro de 2019<\/a><a href=\"https:\/\/portal.unisepe.com.br\/unifia\/wp-content\/uploads\/sites\/10001\/2023\/11\/Base-nacional-curricular-comum.pdf\" target=\"_blank\" rel=\"noopener noreferrer\"><\/a><\/li>\n<\/ul>\n<p><strong>Educa\u00e7\u00e3o De Jovens E Adultos<\/strong><\/p>\n<ul>\n<li><a href=\"http:\/\/portal.mec.gov.br\/cne\/arquivos\/pdf\/PCB11_2000.pdf\">Parecer CNE\/CEB n\u00ba 11\/2000, aprovado em 10 de maio de 2000<\/a>\u00a0&#8211; Disp\u00f5e sobre as Diretrizes Curriculares Nacionais para a Educa\u00e7\u00e3o de Jovens e Adultos.<\/li>\n<li><a href=\"http:\/\/portal.mec.gov.br\/index.php?option=com_docman&amp;view=download&amp;alias=158811-rceb001-00&amp;category_slug=setembro-2020-pdf&amp;Itemid=30192\">Resolu\u00e7\u00e3o CNE\/CEB n\u00ba 1, de 5 de julho de 2000<\/a>\u00a0&#8211; Estabelece as Diretrizes Curriculares Nacionais para a Educa\u00e7\u00e3o de Jovens e Adultos.<\/li>\n<li><a href=\"http:\/\/portal.mec.gov.br\/cne\/arquivos\/pdf\/rceb04_05.pdf\">Resolu\u00e7\u00e3o CNE\/CEB n\u00ba 4, de 27 de outubro de 2005<\/a>\u00a0&#8211; Inclui novo dispositivo \u00e0 Resolu\u00e7\u00e3o CNE\/CEB 1\/2005, que atualiza as Diretrizes Curriculares Nacionais definidas pelo Conselho Nacional de Educa\u00e7\u00e3o para o Ensino M\u00e9dio e para a Educa\u00e7\u00e3o Profissional T\u00e9cnica de n\u00edvel m\u00e9dio \u00e0s disposi\u00e7\u00f5es do Decreto n\u00ba 5.154\/2004.<\/li>\n<li><a href=\"http:\/\/portal.mec.gov.br\/index.php?option=com_docman&amp;view=download&amp;alias=191091-rceb001-21&amp;category_slug=junho-2021-pdf&amp;Itemid=30192\">Resolu\u00e7\u00e3o CNE\/CEB n\u00ba 1, de 28 de maio de 2021<\/a>\u00a0&#8211; Institui Diretrizes Operacionais para a Educa\u00e7\u00e3o de Jovens e Adultos nos aspectos relativos ao seu alinhamento \u00e0 Pol\u00edtica Nacional de Alfabetiza\u00e7\u00e3o (PNA) e \u00e0 Base Nacional Comum Curricular (BNCC), e Educa\u00e7\u00e3o de Jovens e Adultos a Dist\u00e2ncia.<\/li>\n<\/ul>\n<p><strong>Educa\u00e7\u00e3o Ind\u00edgena<\/strong><\/p>\n<ul>\n<li><a href=\"http:\/\/portal.mec.gov.br\/index.php?option=com_docman&amp;task=doc_download&amp;gid=11074&amp;Itemid=\">Resolu\u00e7\u00e3o CNE\/CEB n\u00ba 5, de 22 de junho de 2012<\/a>\u00a0&#8211; Define Diretrizes Curriculares Nacionais para a Educa\u00e7\u00e3o Escolar Ind\u00edgena na Educa\u00e7\u00e3o B\u00e1sica.<\/li>\n<li><a href=\"http:\/\/portal.mec.gov.br\/index.php?option=com_docman&amp;task=doc_download&amp;gid=15619&amp;Itemid=\">Parecer CNE\/CP n\u00ba 6\/2014, aprovado em 2 de abril de 2014<\/a>\u00a0&#8211; Diretrizes Curriculares Nacionais para a Forma\u00e7\u00e3o de Professores Ind\u00edgenas.<\/li>\n<li><a href=\"http:\/\/portal.mec.gov.br\/index.php?option=com_docman&amp;task=doc_download&amp;gid=16870&amp;Itemid=\">Resolu\u00e7\u00e3o CNE\/CP n\u00ba 1, de 7 de janeiro de 2015<\/a>\u00a0&#8211; Institui Diretrizes Curriculares Nacionais para a Forma\u00e7\u00e3o de Professores Ind\u00edgenas em cursos de Educa\u00e7\u00e3o Superior e de Ensino M\u00e9dio e d\u00e1 outras provid\u00eancias.<\/li>\n<\/ul>\n<p><strong>Educa\u00e7\u00e3o Especial<\/strong><\/p>\n<ul>\n<li><a href=\"https:\/\/portal.unisepe.com.br\/unifia\/wp-content\/uploads\/sites\/10001\/2023\/11\/CEB017_2001.pdf\" target=\"_blank\" rel=\"noopener noreferrer\">Diretrizes Nacionais para a Educa\u00e7\u00e3o Especial na Educa\u00e7\u00e3o B\u00e1sica.<\/a><\/li>\n<li><a href=\"http:\/\/portal.mec.gov.br\/cne\/arquivos\/pdf\/CEB0201.pdf\">Resolu\u00e7\u00e3o CNE\/CEB n\u00ba 2\/2001, de 11 de setembro de 2001<\/a>\u00a0&#8211; Institui Diretrizes Nacionais para a Educa\u00e7\u00e3o Especial na Educa\u00e7\u00e3o B\u00e1sica.<\/li>\n<li><a href=\"http:\/\/portal.mec.gov.br\/cne\/arquivos\/pdf\/rceb001_04.pdf\">Resolu\u00e7\u00e3o CNE\/CEB n\u00ba 1, de 21 de janeiro de 2004<\/a>\u00a0&#8211; Estabelece Diretrizes Nacionais para a organiza\u00e7\u00e3o e a realiza\u00e7\u00e3o de Est\u00e1gio de alunos da Educa\u00e7\u00e3o Profissional e do Ensino M\u00e9dio, inclusive nas modalidades de Educa\u00e7\u00e3o Especial e de Educa\u00e7\u00e3o de Jovens e Adultos.<\/li>\n<\/ul>\n<p><strong>Educa\u00e7\u00e3o Quilombola<br \/>\n<\/strong><\/p>\n<ul>\n<li><a href=\"http:\/\/portal.mec.gov.br\/index.php?option=com_docman&amp;task=doc_download&amp;gid=11091&amp;Itemid=\">Parecer CNE\/CEB n\u00ba 16\/2012, aprovado em 5 de junho de 2012<\/a>\u00a0&#8211; Diretrizes Curriculares Nacionais para a Educa\u00e7\u00e3o Escolar Quilombola.<\/li>\n<li><a href=\"http:\/\/portal.mec.gov.br\/index.php?option=com_docman&amp;task=doc_download&amp;gid=11963&amp;Itemid=\">Resolu\u00e7\u00e3o CNE\/CEB n\u00ba 8, de 20 de novembro de 2012<\/a> &#8211; Define Diretrizes Curriculares Nacionais para a Educa\u00e7\u00e3o Escolar Quilombola na Educa\u00e7\u00e3o B\u00e1sica.<\/li>\n<\/ul>\n<p><strong>Pedagogia<\/strong><\/p>\n<ul>\n<li>Parecer CNE\/CES n\u00ba 67, 11 de mar\u00e7o de 2003, que \u00a0estabelece um referencial para as Diretrizes Curriculares Nacionais dos Cursos de Gradua\u00e7\u00e3o.<\/li>\n<li><a href=\"http:\/\/portal.mec.gov.br\/cne\/arquivos\/pdf\/pcp05_05.pdf\">Parecer CNE\/CP n\u00ba 5\/2005, aprovado em\u00a013 de dezembro de 2005<\/a>\u00a0&#8211; Diretrizes Curriculares Nacionais para o Curso de Pedagogia.<\/li>\n<li><a href=\"http:\/\/portal.mec.gov.br\/cne\/arquivos\/pdf\/rcp01_06.pdf\">Resolu\u00e7\u00e3o CNE\/CP n\u00ba 1, de 15 de maio de 2006<\/a>\u00a0&#8211; Institui Diretrizes Curriculares Nacionais para o Curso de Gradua\u00e7\u00e3o em Pedagogia, licenciatura<strong>.<\/strong><\/li>\n<li>Resolu\u00e7\u00e3o CNE\/CP n\u00ba 2, de 1\u00ba de julho de 2015. Define as Diretrizes Curriculares Nacionais para a forma\u00e7\u00e3o inicial em n\u00edvel superior (cursos de licenciatura, cursos de forma\u00e7\u00e3o pedag\u00f3gica para graduados e cursos de segunda licenciatura) e para a forma\u00e7\u00e3o continuada.<\/li>\n<li>Resolu\u00e7\u00e3o CNE\/CP n\u00ba 1, de 27 de outubro de 2020. Disp\u00f5e sobre as Diretrizes Curriculares Nacionais para a Forma\u00e7\u00e3o Continuada de Professores da Educa\u00e7\u00e3o B\u00e1sica e institui a Base Nacional Comum para a Forma\u00e7\u00e3o Continuada de Professores da Educa\u00e7\u00e3o B\u00e1sica (BNC-Forma\u00e7\u00e3o Continuada).<\/li>\n<li><a href=\"http:\/\/portal.mec.gov.br\/index.php?option=com_docman&amp;view=download&amp;alias=238051-pces273-22&amp;category_slug=marco-2022-pdf&amp;Itemid=30192\">Parecer CNE\/CES n\u00ba 273\/2022, aprovado em 17 de mar\u00e7o de 2022<\/a>\u00a0&#8211; Consulta para esclarecimentos quanto \u00e0 implanta\u00e7\u00e3o das Diretrizes Curriculares Nacionais (DCNs), que trata de Forma\u00e7\u00e3o de Professores.<\/li>\n<\/ul>\n<ul><\/ul>\n","protected":false},"excerpt":{"rendered":"<p>Cadernos de Pedagogia PCN \u2013 INTRODU\u00c7\u00c3O AOS PCNS. v. 1 PCN \u2013 L\u00cdNGUA PORTUGUESA. v. 2 PCN \u2013 MATEM\u00c1TICA . v.3 PCN \u2013 CI\u00caNCIAS NATURAIS. V.4 PCN \u2013 HIST\u00d3RIA E GEOGRAFIA v. 5.1 PCN \u2013 HIST\u00d3RIA E GEOGRAFIA v. 5.2 PCN \u2013 ARTE. v.6 PCN \u2013 EDUCA\u00c7\u00c3O F\u00cdSICA. v.7 PCN<\/p>\n","protected":false},"author":1,"featured_media":0,"parent":285,"menu_order":0,"comment_status":"closed","ping_status":"closed","template":"templates\/template-pagina_menu_vertical.php","meta":{"footnotes":""},"categories":[],"tags":[],"class_list":["post-1119","page","type-page","status-publish","hentry"],"_links":{"self":[{"href":"https:\/\/portal.unisepe.com.br\/unifia\/wp-json\/wp\/v2\/pages\/1119","targetHints":{"allow":["GET"]}}],"collection":[{"href":"https:\/\/portal.unisepe.com.br\/unifia\/wp-json\/wp\/v2\/pages"}],"about":[{"href":"https:\/\/portal.unisepe.com.br\/unifia\/wp-json\/wp\/v2\/types\/page"}],"author":[{"embeddable":true,"href":"https:\/\/portal.unisepe.com.br\/unifia\/wp-json\/wp\/v2\/users\/1"}],"replies":[{"embeddable":true,"href":"https:\/\/portal.unisepe.com.br\/unifia\/wp-json\/wp\/v2\/comments?post=1119"}],"version-history":[{"count":24,"href":"https:\/\/portal.unisepe.com.br\/unifia\/wp-json\/wp\/v2\/pages\/1119\/revisions"}],"predecessor-version":[{"id":10774,"href":"https:\/\/portal.unisepe.com.br\/unifia\/wp-json\/wp\/v2\/pages\/1119\/revisions\/10774"}],"up":[{"embeddable":true,"href":"https:\/\/portal.unisepe.com.br\/unifia\/wp-json\/wp\/v2\/pages\/285"}],"wp:attachment":[{"href":"https:\/\/portal.unisepe.com.br\/unifia\/wp-json\/wp\/v2\/media?parent=1119"}],"wp:term":[{"taxonomy":"category","embeddable":true,"href":"https:\/\/portal.unisepe.com.br\/unifia\/wp-json\/wp\/v2\/categories?post=1119"},{"taxonomy":"post_tag","embeddable":true,"href":"https:\/\/portal.unisepe.com.br\/unifia\/wp-json\/wp\/v2\/tags?post=1119"}],"curies":[{"name":"wp","href":"https:\/\/api.w.org\/{rel}","templated":true}]}}