{"id":11229,"date":"2025-12-08T15:03:45","date_gmt":"2025-12-08T18:03:45","guid":{"rendered":"https:\/\/portal.unisepe.com.br\/unifia\/?page_id=11229"},"modified":"2025-12-08T15:03:45","modified_gmt":"2025-12-08T18:03:45","slug":"enfermagem-2025","status":"publish","type":"page","link":"https:\/\/portal.unisepe.com.br\/unifia\/biblioteca\/repositorios\/enfermagem\/enfermagem-2025\/","title":{"rendered":"ENFERMAGEM &#8211; 2025"},"content":{"rendered":"<h2 style=\"text-align: center\"><strong>TCC<\/strong><\/h2>\n<p>&nbsp;<\/p>\n<ul>\n<li><a href=\"https:\/\/portal.unisepe.com.br\/unifia\/wp-content\/uploads\/sites\/10001\/2025\/12\/Avaliacao-de-ferida_enf.pdf\"><strong>ATUA\u00c7\u00c3O DO ENFERMEIRO NA ESCOLHA DO INSTRUMENTO DE AVALIA\u00c7\u00c3O DA FERIDA.<\/strong><\/a><br \/>\n<hr \/>\n<\/li>\n<li><a href=\"https:\/\/portal.unisepe.com.br\/unifia\/wp-content\/uploads\/sites\/10001\/2025\/12\/Bacteria-Acinetobacter-em-ambiente-hospitalar_bio.pdf\"><strong>BACT\u00c9RIA ACINETOBACTER EM AMBIENTE HOSPITALAR: PERFIL DE RESIST\u00caNCIAS, MECANISMOS E IMPLICA\u00c7\u00d5ES.<\/strong><\/a><br \/>\n<hr \/>\n<\/li>\n<li><a href=\"https:\/\/portal.unisepe.com.br\/unifia\/wp-content\/uploads\/sites\/10001\/2025\/12\/Carboxeterapia_est.pdf\"><strong>INTERVEN\u00c7\u00c3O MINIMAMENTE INVASIVA: AVALIA\u00c7\u00c3O DOS RESULTADOS DA CARBOXITERAPIA NO TRATAMENTO DA LIPODISTROFIA GIN\u00d3IDE (CELULITE).<\/strong><\/a><br \/>\n<hr \/>\n<\/li>\n<li><a href=\"https:\/\/portal.unisepe.com.br\/unifia\/wp-content\/uploads\/sites\/10001\/2025\/12\/Cartilha-educativa_enf.pdf\"><strong>ELABORA\u00c7\u00c3O DE UMA CARTILHA EDUCATIVA SOBRE O PR\u00c9-NATAL DO PARCEIRO: INCENTIVANDO A PARTICIPA\u00c7\u00c3O MASCULINA NO CUIDADO MATERNO-INFANTIL.<\/strong><\/a><br \/>\n<hr \/>\n<\/li>\n<li><a href=\"https:\/\/portal.unisepe.com.br\/unifia\/wp-content\/uploads\/sites\/10001\/2025\/12\/CRISPR-CAS9_bio.pdf\"><strong>CRISPR\/CAS9 COMO FERRAMENTA TERAP\u00caUTICA CONTRA O C\u00c2NCER.<\/strong><\/a><br \/>\n<hr \/>\n<\/li>\n<li><a href=\"https:\/\/portal.unisepe.com.br\/unifia\/wp-content\/uploads\/sites\/10001\/2025\/12\/Cuidados-paliativos_enf.pdf\"><strong>PERCEP\u00c7\u00c3O DOS ENFERMEIROS SOBRE CUIDADOS PALIATIVOS EM UMA CL\u00cdNICA M\u00c9DICA: UMA AN\u00c1LISE EXPLORAT\u00d3RIA.<\/strong><\/a><br \/>\n<hr \/>\n<\/li>\n<li><a href=\"https:\/\/portal.unisepe.com.br\/unifia\/wp-content\/uploads\/sites\/10001\/2025\/12\/Humanizacao-da-assist-de-enf_enf.pdf\"><strong>HUMANIZA\u00c7\u00c3O DA ASSIST\u00caNCIA DE ENFERMAGEM AO PACIENTE SUBMETIDO A INTUBA\u00c7\u00c3O OROTRAQUEAL (IOT).<\/strong><\/a><br \/>\n<hr \/>\n<\/li>\n<li><a href=\"https:\/\/portal.unisepe.com.br\/unifia\/wp-content\/uploads\/sites\/10001\/2025\/12\/IA-no-resultado-de-analises-clinicas_bio.pdf\"><strong>A INTELIG\u00caNCIA ARTIFICIAL NO RESULTADO DE AN\u00c1LISE CL\u00cdNICAS.<\/strong><\/a><br \/>\n<hr \/>\n<\/li>\n<li><a href=\"https:\/\/portal.unisepe.com.br\/unifia\/wp-content\/uploads\/sites\/10001\/2025\/12\/O-papel-da-vit-C_est.pdf\"><strong>O PAPEL DA VITAMINA C NO COMBATE AO ENVELHECIMENTO CUT\u00c2NEO.<\/strong><\/a><br \/>\n<hr \/>\n<\/li>\n<li><a href=\"https:\/\/portal.unisepe.com.br\/unifia\/wp-content\/uploads\/sites\/10001\/2025\/12\/O-papel-do-enf_enf.pdf\"><strong>O PAPEL DO ENFERMEIRO FRENTE A COMUNICA\u00c7\u00c3O DE MORTE ENCAF\u00c1LICA A FAM\u00cdLIA NA UNIDADE DE TERAPIA INTENSIVA: REVIS\u00c3O DE LITERATURA.<\/strong><\/a><br \/>\n<hr \/>\n<\/li>\n<li><a href=\"https:\/\/portal.unisepe.com.br\/unifia\/wp-content\/uploads\/sites\/10001\/2025\/12\/Radiofrequencia_est.pdf\"><strong>RADIOFREQU\u00caNCIA E SEUS BENEF\u00cdCIOS CONTRA FLACIDEZ DE PELE: REVIS\u00c3O NARRATIVA.<\/strong><\/a><br \/>\n<hr \/>\n<\/li>\n<li><a href=\"https:\/\/portal.unisepe.com.br\/unifia\/wp-content\/uploads\/sites\/10001\/2025\/12\/Sindrome-de-burnout_enf.pdf\"><strong>S\u00cdNDROME DE BURNOUT EM PROFISSIONAIS DE ENFERMAGEM NA UNIDADE DE TERAPIA INTENSIVA (UTI): REVIS\u00c3O DE LITERATURA.<\/strong><\/a><br \/>\n<hr \/>\n<\/li>\n<li><a href=\"https:\/\/portal.unisepe.com.br\/unifia\/wp-content\/uploads\/sites\/10001\/2025\/12\/Uso-irregular-do-PMMA_bio.pdf\"><strong>USO IRREGULAR DO PMMA: COMPLICA\u00c7\u00d5ES CL\u00cdNICAS E DESAFIOS PARA A BIOMEDICINA.<\/strong><\/a><br \/>\n<hr \/>\n<\/li>\n<li><a href=\"https:\/\/portal.unisepe.com.br\/unifia\/wp-content\/uploads\/sites\/10001\/2025\/12\/Vacinas-contra-o-cancer_bio.pdf\"><strong>VACINAS CONTRA O C\u00c2NCER: AVAN\u00c7OS E PERSPECTIVAS DA IMUNOTERAPIA ATIVA.<\/strong><\/a><br \/>\n<hr \/>\n<\/li>\n<\/ul>\n","protected":false},"excerpt":{"rendered":"<p>TCC &nbsp; ATUA\u00c7\u00c3O DO ENFERMEIRO NA ESCOLHA DO INSTRUMENTO DE AVALIA\u00c7\u00c3O DA FERIDA. BACT\u00c9RIA ACINETOBACTER EM AMBIENTE HOSPITALAR: PERFIL DE RESIST\u00caNCIAS, MECANISMOS E IMPLICA\u00c7\u00d5ES. INTERVEN\u00c7\u00c3O MINIMAMENTE INVASIVA: AVALIA\u00c7\u00c3O DOS RESULTADOS DA CARBOXITERAPIA NO TRATAMENTO DA LIPODISTROFIA GIN\u00d3IDE (CELULITE). ELABORA\u00c7\u00c3O DE UMA CARTILHA EDUCATIVA SOBRE O PR\u00c9-NATAL DO PARCEIRO: INCENTIVANDO A<\/p>\n","protected":false},"author":2,"featured_media":0,"parent":8594,"menu_order":0,"comment_status":"closed","ping_status":"closed","template":"templates\/template-pagina_menu_vertical.php","meta":{"footnotes":""},"categories":[],"tags":[],"class_list":["post-11229","page","type-page","status-publish","hentry"],"_links":{"self":[{"href":"https:\/\/portal.unisepe.com.br\/unifia\/wp-json\/wp\/v2\/pages\/11229","targetHints":{"allow":["GET"]}}],"collection":[{"href":"https:\/\/portal.unisepe.com.br\/unifia\/wp-json\/wp\/v2\/pages"}],"about":[{"href":"https:\/\/portal.unisepe.com.br\/unifia\/wp-json\/wp\/v2\/types\/page"}],"author":[{"embeddable":true,"href":"https:\/\/portal.unisepe.com.br\/unifia\/wp-json\/wp\/v2\/users\/2"}],"replies":[{"embeddable":true,"href":"https:\/\/portal.unisepe.com.br\/unifia\/wp-json\/wp\/v2\/comments?post=11229"}],"version-history":[{"count":2,"href":"https:\/\/portal.unisepe.com.br\/unifia\/wp-json\/wp\/v2\/pages\/11229\/revisions"}],"predecessor-version":[{"id":11253,"href":"https:\/\/portal.unisepe.com.br\/unifia\/wp-json\/wp\/v2\/pages\/11229\/revisions\/11253"}],"up":[{"embeddable":true,"href":"https:\/\/portal.unisepe.com.br\/unifia\/wp-json\/wp\/v2\/pages\/8594"}],"wp:attachment":[{"href":"https:\/\/portal.unisepe.com.br\/unifia\/wp-json\/wp\/v2\/media?parent=11229"}],"wp:term":[{"taxonomy":"category","embeddable":true,"href":"https:\/\/portal.unisepe.com.br\/unifia\/wp-json\/wp\/v2\/categories?post=11229"},{"taxonomy":"post_tag","embeddable":true,"href":"https:\/\/portal.unisepe.com.br\/unifia\/wp-json\/wp\/v2\/tags?post=11229"}],"curies":[{"name":"wp","href":"https:\/\/api.w.org\/{rel}","templated":true}]}}