{"id":11275,"date":"2025-12-09T13:53:45","date_gmt":"2025-12-09T16:53:45","guid":{"rendered":"https:\/\/portal.unisepe.com.br\/unifia\/?page_id=11275"},"modified":"2025-12-09T13:55:17","modified_gmt":"2025-12-09T16:55:17","slug":"educacao-fisica-2025","status":"publish","type":"page","link":"https:\/\/portal.unisepe.com.br\/unifia\/biblioteca\/repositorios\/educacao-fisica\/educacao-fisica-2025\/","title":{"rendered":"EDUCA\u00c7\u00c3O F\u00cdSICA &#8211; 2025"},"content":{"rendered":"<h2 style=\"text-align: center\"><strong>TCC<\/strong><\/h2>\n<p>&nbsp;<\/p>\n<ul>\n<li><a href=\"https:\/\/portal.unisepe.com.br\/unifia\/wp-content\/uploads\/sites\/10001\/2025\/12\/Uso-de-esteroides-anabolizantes-androgenicos-na-sociedade-contemporanea-uma-revisao-bibliografica.pdf\"><strong>USO DE ESTEROIDES ANABOLIZANTES ANDROG\u00caNICOS NA SOCIEDADE CONTEMPOR\u00c2NEA: UMA REVIS\u00c3O BIBLIOGR\u00c1FICA.<\/strong><\/a><br \/>\n<hr \/>\n<\/li>\n<li><a href=\"https:\/\/portal.unisepe.com.br\/unifia\/wp-content\/uploads\/sites\/10001\/2025\/12\/PRATICA-DO-BADMINTON-E-PARABADMINTON-E-SAUDE-UMA-BREVE-REVISAO-BIBLIOGRAFICA.pdf\"><strong>PR\u00c1TICA DO BADMINTON E PARABADMINTON E SA\u00daDE: UMA BREVE REVIS\u00c3O BIBLIOGR\u00c1FICA.<\/strong><\/a><br \/>\n<hr \/>\n<\/li>\n<li><a href=\"https:\/\/portal.unisepe.com.br\/unifia\/wp-content\/uploads\/sites\/10001\/2025\/12\/EFEITOS-DO-ALONGAMENTO-E-DO-FORTALECIMENTO-MUSCULAR-EM-PESSOAS-IDOSAS-COM-OSTEOARTRITE-DE-JOELHO-UMA-BREVE-REVISAO-BIBLIOGRAFICA.pdf\"><strong>EFEITOS DO ALONGAMENTO E DO FORTALECIMENTO MUSCULAR EM PESSOAS IDOSAS COM OSTEOARTRITE DE JOELHO: UMA BREVE REVIS\u00c3O BIBLIOGR\u00c1FICA.<\/strong><\/a><br \/>\n<hr \/>\n<\/li>\n<li><a href=\"https:\/\/portal.unisepe.com.br\/unifia\/wp-content\/uploads\/sites\/10001\/2025\/12\/EFEITOS-DO-TREINAMENTO-FISICO-RESISTIDO-E-FUNCIONAL-SOBRE-PARAMETROS-DA-APTIDAO-FISICA-DURANTE-O-PROCESSO-DE-ENVELHECIMENTO-UMA-REVISAO-BIBLIOGRAFICA.pdf\"><strong>EFEITOS DO TREINAMENTO F\u00cdSICO RESISTIDO E FUNCIONAL SOBRE PAR\u00c2METROS DA APTID\u00c3O F\u00cdSICA DURANTE O PROCESSO DE ENVELHECIMENTO: UMA REVIS\u00c3O BIBLIOGR\u00c1FICA.<\/strong><\/a><br \/>\n<hr \/>\n<\/li>\n<li><a href=\"https:\/\/portal.unisepe.com.br\/unifia\/wp-content\/uploads\/sites\/10001\/2025\/12\/EXERCICIO-FISICO-NA-MENOPAUSA-UMA-REVISAO-BIBLIOGRAFICA.pdf\"><strong>EXERC\u00cdCIO F\u00cdSICO NA MENOPAUSA: UMA REVIS\u00c3O BIBLIOGR\u00c1FICA.<\/strong><\/a><br \/>\n<hr \/>\n<\/li>\n<li><a href=\"https:\/\/portal.unisepe.com.br\/unifia\/wp-content\/uploads\/sites\/10001\/2025\/12\/OBESIDADE-INFANTIL-FATORES-DETERMINANTES-E-ESTRATEGIAS-DE-PREVENCAO.pdf\"><strong>OBESIDADE INFANTIL: FATORES DETERMINANTES E ESTRAT\u00c9GIAS DE PREVEN\u00c7\u00c3O.<\/strong><\/a><br \/>\n<hr \/>\n<\/li>\n<\/ul>\n","protected":false},"excerpt":{"rendered":"<p>TCC &nbsp; USO DE ESTEROIDES ANABOLIZANTES ANDROG\u00caNICOS NA SOCIEDADE CONTEMPOR\u00c2NEA: UMA REVIS\u00c3O BIBLIOGR\u00c1FICA. PR\u00c1TICA DO BADMINTON E PARABADMINTON E SA\u00daDE: UMA BREVE REVIS\u00c3O BIBLIOGR\u00c1FICA. EFEITOS DO ALONGAMENTO E DO FORTALECIMENTO MUSCULAR EM PESSOAS IDOSAS COM OSTEOARTRITE DE JOELHO: UMA BREVE REVIS\u00c3O BIBLIOGR\u00c1FICA. EFEITOS DO TREINAMENTO F\u00cdSICO RESISTIDO E FUNCIONAL SOBRE<\/p>\n","protected":false},"author":2,"featured_media":0,"parent":11284,"menu_order":0,"comment_status":"closed","ping_status":"closed","template":"templates\/template-pagina_menu_vertical.php","meta":{"footnotes":""},"categories":[],"tags":[],"class_list":["post-11275","page","type-page","status-publish","hentry"],"_links":{"self":[{"href":"https:\/\/portal.unisepe.com.br\/unifia\/wp-json\/wp\/v2\/pages\/11275","targetHints":{"allow":["GET"]}}],"collection":[{"href":"https:\/\/portal.unisepe.com.br\/unifia\/wp-json\/wp\/v2\/pages"}],"about":[{"href":"https:\/\/portal.unisepe.com.br\/unifia\/wp-json\/wp\/v2\/types\/page"}],"author":[{"embeddable":true,"href":"https:\/\/portal.unisepe.com.br\/unifia\/wp-json\/wp\/v2\/users\/2"}],"replies":[{"embeddable":true,"href":"https:\/\/portal.unisepe.com.br\/unifia\/wp-json\/wp\/v2\/comments?post=11275"}],"version-history":[{"count":1,"href":"https:\/\/portal.unisepe.com.br\/unifia\/wp-json\/wp\/v2\/pages\/11275\/revisions"}],"predecessor-version":[{"id":11287,"href":"https:\/\/portal.unisepe.com.br\/unifia\/wp-json\/wp\/v2\/pages\/11275\/revisions\/11287"}],"up":[{"embeddable":true,"href":"https:\/\/portal.unisepe.com.br\/unifia\/wp-json\/wp\/v2\/pages\/11284"}],"wp:attachment":[{"href":"https:\/\/portal.unisepe.com.br\/unifia\/wp-json\/wp\/v2\/media?parent=11275"}],"wp:term":[{"taxonomy":"category","embeddable":true,"href":"https:\/\/portal.unisepe.com.br\/unifia\/wp-json\/wp\/v2\/categories?post=11275"},{"taxonomy":"post_tag","embeddable":true,"href":"https:\/\/portal.unisepe.com.br\/unifia\/wp-json\/wp\/v2\/tags?post=11275"}],"curies":[{"name":"wp","href":"https:\/\/api.w.org\/{rel}","templated":true}]}}