{"id":11365,"date":"2026-01-02T17:52:04","date_gmt":"2026-01-02T20:52:04","guid":{"rendered":"https:\/\/portal.unisepe.com.br\/unifia\/?page_id=11365"},"modified":"2026-03-06T13:35:50","modified_gmt":"2026-03-06T16:35:50","slug":"ano-2026","status":"publish","type":"page","link":"https:\/\/portal.unisepe.com.br\/unifia\/direito-em-foco\/ano-2026\/","title":{"rendered":"Ano 2026"},"content":{"rendered":"<h6>Artigos<\/h6>\n<p>&nbsp;<\/p>\n<ul>\n<li><a href=\"https:\/\/portal.unisepe.com.br\/unifia\/wp-content\/uploads\/sites\/10001\/2026\/01\/AS-FONTES-DO-DIREITO-ADMINISTRATIVO-ESTRUTURA-HIERARQUIA-E-FUNCAO-DEMOCRATICA-DO-SISTEMA-NORMATIVO-BRASILEIRO-A-LUZ-DA-CONSTITUICAO-DE-1988-pag-01-a-15.pdf\" target=\"_blank\" rel=\"noopener noreferrer\">AS FONTES DO DIREITO ADMINISTRATIVO: ESTRUTURA, HIERARQUIA E FUN\u00c7\u00c3O DEMOCR\u00c1TICA DO SISTEMA NORMATIVO BRASILEIRO \u00c0 LUZ DA CONSTITUI\u00c7\u00c3O DE 1988 &#8211; p\u00e1g 01 \u00e0 15<\/a><br \/>\n<em>Renato Passos Ornelas<br \/>\nRichard Bassan<br \/>\n<\/em><\/li>\n<\/ul>\n<hr \/>\n<ul>\n<li><a href=\"https:\/\/portal.unisepe.com.br\/unifia\/wp-content\/uploads\/sites\/10001\/2026\/02\/JUDICIALIZACAO-DA-SAUDE-E-PRINCIPIO-DA-PONDERACAO-pag-16-a-43.pdf\" target=\"_blank\" rel=\"noopener noreferrer\">JUDICIALIZA\u00c7\u00c3O DA SA\u00daDE E PRINC\u00cdPIO DA PONDERA\u00c7\u00c3O &#8211; p\u00e1g 16 \u00e0 43<\/a><br \/>\n<em>Cristiane Gon\u00e7alves Rodrigues<br \/>\nAna Luiza Bezerra Chagas<br \/>\nAndreza Santana Castro<br \/>\n<\/em><\/li>\n<\/ul>\n<hr \/>\n<ul>\n<li><a href=\"https:\/\/portal.unisepe.com.br\/unifia\/wp-content\/uploads\/sites\/10001\/2026\/03\/A-POSICAO-BRASILEIRA-NA-GUERRA-ENTRE-ISRAEL-E-HAMAS-ANALISE-JURIDICO-FENOMENOLOGICA-pag-44-a-70.pdf\" target=\"_blank\" rel=\"noopener noreferrer\">A POSI\u00c7\u00c3O BRASILEIRA NA GUERRA ENTRE ISRAEL E HAMAS: AN\u00c1LISE JUR\u00cdDICO-FENOMENOL\u00d3GICA &#8211; p\u00e1g 44 \u00e0 70<\/a><br \/>\n<em>Igor Furlaneto Ata\u00edde<br \/>\nAndrea Frizo de Carvalho Barbosa<br \/>\nJefferson Patrik Germinari<br \/>\nRichard Bassan<br \/>\nRenato Passos Ornelas<br \/>\n<\/em><\/li>\n<\/ul>\n<hr \/>\n<ul>\n<li><a href=\"https:\/\/portal.unisepe.com.br\/unifia\/wp-content\/uploads\/sites\/10001\/2026\/03\/PARTICIPACOES-DELIBERATIVAS-COMO-MECANISMOS-DE-FORTALECIMENTO-DA-DEMOCRACIA-pag-71-a-83.pdf\" target=\"_blank\" rel=\"noopener noreferrer\">PARTICIPA\u00c7\u00d5ES DELIBERATIVAS COMO MECANISMOS DE FORTALECIMENTO DA DEMOCRACIA &#8211; p\u00e1g 71 \u00e0 83<\/a><br \/>\n<em>Richard Bassan<br \/>\nRenato Passos Ornelas<br \/>\nDaniel Barile<br \/>\n<\/em><\/li>\n<\/ul>\n<hr \/>\n<ul>\n<li><a href=\"https:\/\/portal.unisepe.com.br\/unifia\/wp-content\/uploads\/sites\/10001\/2026\/03\/A-INCONSTITUCIONALIDADE-DO-ATIVISMO-JUDICIAL-RUPTURA-DO-SISTEMA-DE-FREIOS-E-CONTRAPESOS-E-O-ENFRAQUECIMENTO-DO-ESTADO-DEMOCRATICO-DE-DIREITO-pag-84-a-110.pdf\" target=\"_blank\" rel=\"noopener noreferrer\">A INCONSTITUCIONALIDADE DO ATIVISMO JUDICIAL: RUPTURA DO SISTEMA DE FREIOS E CONTRAPESOS E O ENFRAQUECIMENTO DO ESTADO DEMOCR\u00c1TICO DE DIREITO &#8211; p\u00e1g 84 \u00e0 110<\/a><br \/>\n<em>Vin\u00edcius Belinello Gon\u00e7alves<br \/>\nJefferson Patrik Germinari<br \/>\nRichard Bassan<br \/>\nRenato Passos Ornelas<br \/>\n<\/em><\/li>\n<\/ul>\n<hr \/>\n<ul>\n<li><a href=\"https:\/\/portal.unisepe.com.br\/unifia\/wp-content\/uploads\/sites\/10001\/2026\/03\/A-ASSINATURA-E-DIGITAL-NA-CONSTITUCAO-DAS-CEDULAS-DE-CREDITOS-CARTULARES-ANALISE-SOB-A-LUZ-DO-DIREITO-CAMBIARIO-E-DO-PRINCIPIO-DA-CARTULARIDADE-pag-111-a-130.pdf\" target=\"_blank\" rel=\"noopener noreferrer\">A ASSINATURA E DIGITAL NA CONSTITU\u00c7\u00c3O DAS C\u00c9DULAS DE CR\u00c9DITOS CARTULARES: AN\u00c1LISE SOB \u00c0 LUZ DO DIREITO CAMBI\u00c1RIO E DO PRINC\u00cdPIO DA CARTULARIDADE &#8211; p\u00e1g 111 \u00e0 130<\/a><br \/>\n<em>Lucas Roberto Martins Fonseca<br \/>\nJefferson P. Germinari<br \/>\nRichard Bassan<br \/>\nRenato Passos Ornelas<br \/>\n<\/em><\/li>\n<\/ul>\n<hr \/>\n","protected":false},"excerpt":{"rendered":"<p>Artigos &nbsp; AS FONTES DO DIREITO ADMINISTRATIVO: ESTRUTURA, HIERARQUIA E FUN\u00c7\u00c3O DEMOCR\u00c1TICA DO SISTEMA NORMATIVO BRASILEIRO \u00c0 LUZ DA CONSTITUI\u00c7\u00c3O DE 1988 &#8211; p\u00e1g 01 \u00e0 15 Renato Passos Ornelas Richard Bassan JUDICIALIZA\u00c7\u00c3O DA SA\u00daDE E PRINC\u00cdPIO DA PONDERA\u00c7\u00c3O &#8211; p\u00e1g 16 \u00e0 43 Cristiane Gon\u00e7alves Rodrigues Ana Luiza Bezerra<\/p>\n","protected":false},"author":2,"featured_media":0,"parent":2722,"menu_order":0,"comment_status":"closed","ping_status":"closed","template":"templates\/template-pagina_menu_vertical.php","meta":{"footnotes":""},"categories":[],"tags":[],"class_list":["post-11365","page","type-page","status-publish","hentry"],"_links":{"self":[{"href":"https:\/\/portal.unisepe.com.br\/unifia\/wp-json\/wp\/v2\/pages\/11365","targetHints":{"allow":["GET"]}}],"collection":[{"href":"https:\/\/portal.unisepe.com.br\/unifia\/wp-json\/wp\/v2\/pages"}],"about":[{"href":"https:\/\/portal.unisepe.com.br\/unifia\/wp-json\/wp\/v2\/types\/page"}],"author":[{"embeddable":true,"href":"https:\/\/portal.unisepe.com.br\/unifia\/wp-json\/wp\/v2\/users\/2"}],"replies":[{"embeddable":true,"href":"https:\/\/portal.unisepe.com.br\/unifia\/wp-json\/wp\/v2\/comments?post=11365"}],"version-history":[{"count":7,"href":"https:\/\/portal.unisepe.com.br\/unifia\/wp-json\/wp\/v2\/pages\/11365\/revisions"}],"predecessor-version":[{"id":11528,"href":"https:\/\/portal.unisepe.com.br\/unifia\/wp-json\/wp\/v2\/pages\/11365\/revisions\/11528"}],"up":[{"embeddable":true,"href":"https:\/\/portal.unisepe.com.br\/unifia\/wp-json\/wp\/v2\/pages\/2722"}],"wp:attachment":[{"href":"https:\/\/portal.unisepe.com.br\/unifia\/wp-json\/wp\/v2\/media?parent=11365"}],"wp:term":[{"taxonomy":"category","embeddable":true,"href":"https:\/\/portal.unisepe.com.br\/unifia\/wp-json\/wp\/v2\/categories?post=11365"},{"taxonomy":"post_tag","embeddable":true,"href":"https:\/\/portal.unisepe.com.br\/unifia\/wp-json\/wp\/v2\/tags?post=11365"}],"curies":[{"name":"wp","href":"https:\/\/api.w.org\/{rel}","templated":true}]}}