{"id":11371,"date":"2026-01-02T18:01:18","date_gmt":"2026-01-02T21:01:18","guid":{"rendered":"https:\/\/portal.unisepe.com.br\/unifia\/?page_id=11371"},"modified":"2026-04-27T18:25:27","modified_gmt":"2026-04-27T21:25:27","slug":"ano-2026","status":"publish","type":"page","link":"https:\/\/portal.unisepe.com.br\/unifia\/gestao-em-foco\/ano-2026\/","title":{"rendered":"Ano 2026"},"content":{"rendered":"<p><strong>Artigos<\/strong><\/p>\n<ul>\n<li><a href=\"https:\/\/portal.unisepe.com.br\/unifia\/wp-content\/uploads\/sites\/10001\/2026\/03\/CIDADES-INTELIGENTES-E-SUSTENTAVEIS-EVOLUCAO-CONCEITUAL-E-TENDENCIAS-CONTEMPORANEAS-pag-01-a-14.pdf\" target=\"_blank\" rel=\"noopener noreferrer\">CIDADES INTELIGENTES E SUSTENT\u00c1VEIS: EVOLU\u00c7\u00c3O CONCEITUAL E TEND\u00caNCIAS CONTEMPOR\u00c2NEAS &#8211; p\u00e1g 01 \u00e0 14<\/a><br \/>\n<em>Julio Cezar Rodrigues Eloi<br \/>\nEliane Pelity Eloi<br \/>\nVictor Hugo Pelity Eloi<br \/>\n<\/em><\/li>\n<\/ul>\n<hr \/>\n<ul>\n<li><a href=\"https:\/\/portal.unisepe.com.br\/unifia\/wp-content\/uploads\/sites\/10001\/2026\/04\/RESTITUICAO-DO-IMPOSTO-DE-RENDA-DA-PESSOA-FISICA-INSTRUMENTO-DE-PLANEJAMENTO-FINANCEIRO-pag-14-a-19.pdf\" target=\"_blank\" rel=\"noopener noreferrer\">RESTITUI\u00c7\u00c3O DO IMPOSTO DE RENDA DA PESSOA F\u00cdSICA: INSTRUMENTO DE PLANEJAMENTO FINANCEIRO &#8211; p\u00e1g 14 \u00e0 19<\/a><br \/>\n<em>Jo\u00e3o Guilherme Silva Melo Paiva<br \/>\nDiego Lucien Domingues Martins<br \/>\nTiago Bazolli<br \/>\n<\/em><\/li>\n<\/ul>\n<hr \/>\n<ul>\n<li><a href=\"https:\/\/portal.unisepe.com.br\/unifia\/wp-content\/uploads\/sites\/10001\/2026\/04\/A-PSICOLOGIA-DAS-REDES-SOCIAIS-E-SEUS-IMPACTOS-NO-BEM-ESTAR-E-NO-AMBIENTE-ORGANIZACIONAL-pag-20-a-32.pdf\" target=\"_blank\" rel=\"noopener noreferrer\">A PSICOLOGIA DAS REDES SOCIAIS: E SEUS IMPACTOS NO BEM ESTAR E NO AMBIENTE ORGANIZACIONAL &#8211; p\u00e1g 20 \u00e0 32<\/a><br \/>\n<em>Maria Eduarda Maciel Freitas<br \/>\nBarbara Vit\u00f3ria dos Santos<br \/>\nDavi Santos<br \/>\nDiego Lucien Domingues Martins<br \/>\nTiago Bazolli<br \/>\n<\/em><\/li>\n<\/ul>\n<hr \/>\n<ul>\n<li><a href=\"https:\/\/portal.unisepe.com.br\/unifia\/wp-content\/uploads\/sites\/10001\/2026\/04\/O-BEM-ESTAR-DE-DOCENTES-DE-UM-CURSO-DE-ADMINISTRACAO-pag-33-a-52.pdf\" target=\"_blank\" rel=\"noopener noreferrer\">O BEM-ESTAR DE DOCENTES DE UM CURSO DE ADMINISTRA\u00c7\u00c3O DE UMA UNIVERSIDADE FEDERAL: UM ESTUDO ANCORADO PELO MODELO DE QUALIDADE DE VIDA NO TRABALHO PROPOSTO POR WALTON &#8211; p\u00e1g 33 \u00e0 52<\/a><br \/>\n<em>Myvia Freitas da Silva<br \/>\nThales Batista de Lima<br \/>\n<\/em><\/li>\n<\/ul>\n<hr \/>\n<ul>\n<li><a href=\"https:\/\/portal.unisepe.com.br\/unifia\/wp-content\/uploads\/sites\/10001\/2026\/04\/BREVE-ANALISE-CONJUNTURAL-DA-ECONOMIA-BRASILEIRA-NOVEMBRO-DE-2025-pag-53-a-64.pdf\" target=\"_blank\" rel=\"noopener noreferrer\">BREVE AN\u00c1LISE CONJUNTURAL DA ECONOMIA BRASILEIRA NOVEMBRO DE 2025 &#8211; p\u00e1g 53 \u00e0 64<\/a><br \/>\n<em>Siqueira da Silva<br \/>\nAdriano Jos\u00e9<br \/>\n<\/em><\/li>\n<\/ul>\n<hr \/>\n<ul>\n<li><a href=\"https:\/\/portal.unisepe.com.br\/unifia\/wp-content\/uploads\/sites\/10001\/2026\/04\/DESENVOLVIMENTO-DE-COMPETENCIAS-SOCIOEMOCIONAIS-E-SUSTENTAVEIS-EM-ADMINISTRACAO-BALIZADA-PELA-APRENDIZAGEM-TRANSFORMADORA-UMA-REVISAO-DE-LITERATURA-pag-65-a-85.pdf\" target=\"_blank\" rel=\"noopener noreferrer\">DESENVOLVIMENTO DE COMPET\u00caNCIAS SOCIOEMOCIONAIS E SUSTENT\u00c1VEIS EM ADMINISTRA\u00c7\u00c3O BALIZADA PELA APRENDIZAGEM TRANSFORMADORA: UMA REVIS\u00c3O DE LITERATURA &#8211; p\u00e1g 65 \u00e0 85<\/a><br \/>\n<em>Elissandra Berlarmino da Silva<br \/>\nThales Batista de Lima<br \/>\n<\/em><\/li>\n<\/ul>\n","protected":false},"excerpt":{"rendered":"<p>Artigos CIDADES INTELIGENTES E SUSTENT\u00c1VEIS: EVOLU\u00c7\u00c3O CONCEITUAL E TEND\u00caNCIAS CONTEMPOR\u00c2NEAS &#8211; p\u00e1g 01 \u00e0 14 Julio Cezar Rodrigues Eloi Eliane Pelity Eloi Victor Hugo Pelity Eloi RESTITUI\u00c7\u00c3O DO IMPOSTO DE RENDA DA PESSOA F\u00cdSICA: INSTRUMENTO DE PLANEJAMENTO FINANCEIRO &#8211; p\u00e1g 14 \u00e0 19 Jo\u00e3o Guilherme Silva Melo Paiva Diego Lucien<\/p>\n","protected":false},"author":2,"featured_media":0,"parent":2940,"menu_order":0,"comment_status":"closed","ping_status":"closed","template":"templates\/template-pagina_tab_menu_vertical.php","meta":{"footnotes":""},"categories":[],"tags":[],"class_list":["post-11371","page","type-page","status-publish","hentry"],"_links":{"self":[{"href":"https:\/\/portal.unisepe.com.br\/unifia\/wp-json\/wp\/v2\/pages\/11371","targetHints":{"allow":["GET"]}}],"collection":[{"href":"https:\/\/portal.unisepe.com.br\/unifia\/wp-json\/wp\/v2\/pages"}],"about":[{"href":"https:\/\/portal.unisepe.com.br\/unifia\/wp-json\/wp\/v2\/types\/page"}],"author":[{"embeddable":true,"href":"https:\/\/portal.unisepe.com.br\/unifia\/wp-json\/wp\/v2\/users\/2"}],"replies":[{"embeddable":true,"href":"https:\/\/portal.unisepe.com.br\/unifia\/wp-json\/wp\/v2\/comments?post=11371"}],"version-history":[{"count":12,"href":"https:\/\/portal.unisepe.com.br\/unifia\/wp-json\/wp\/v2\/pages\/11371\/revisions"}],"predecessor-version":[{"id":11591,"href":"https:\/\/portal.unisepe.com.br\/unifia\/wp-json\/wp\/v2\/pages\/11371\/revisions\/11591"}],"up":[{"embeddable":true,"href":"https:\/\/portal.unisepe.com.br\/unifia\/wp-json\/wp\/v2\/pages\/2940"}],"wp:attachment":[{"href":"https:\/\/portal.unisepe.com.br\/unifia\/wp-json\/wp\/v2\/media?parent=11371"}],"wp:term":[{"taxonomy":"category","embeddable":true,"href":"https:\/\/portal.unisepe.com.br\/unifia\/wp-json\/wp\/v2\/categories?post=11371"},{"taxonomy":"post_tag","embeddable":true,"href":"https:\/\/portal.unisepe.com.br\/unifia\/wp-json\/wp\/v2\/tags?post=11371"}],"curies":[{"name":"wp","href":"https:\/\/api.w.org\/{rel}","templated":true}]}}