{"id":11373,"date":"2026-01-02T18:02:58","date_gmt":"2026-01-02T21:02:58","guid":{"rendered":"https:\/\/portal.unisepe.com.br\/unifia\/?page_id=11373"},"modified":"2026-03-06T18:17:41","modified_gmt":"2026-03-06T21:17:41","slug":"ano-2026","status":"publish","type":"page","link":"https:\/\/portal.unisepe.com.br\/unifia\/saude-em-foco\/ano-2026\/","title":{"rendered":"Ano 2026"},"content":{"rendered":"<p><strong>Artigos<\/strong><\/p>\n<ul>\n<li><a href=\"https:\/\/portal.unisepe.com.br\/unifia\/wp-content\/uploads\/sites\/10001\/2026\/01\/ESTUDO-DA-PREVALENCIA-DA-ANEMIA-FERROPRIVA-NO-BRASIL-pg-1-a-20.pdf\" target=\"_blank\" rel=\"noopener noreferrer\">ESTUDO DA PREVAL\u00caNCIA DA ANEMIA FERROPRIVA NO BRASIL &#8211; p\u00e1g 01 \u00e0 20<\/a><br \/>\n<em>Isabella Rocha Castelane<br \/>\nProf. Luis Henrique Romano<br \/>\n<\/em><\/li>\n<\/ul>\n<hr \/>\n<ul>\n<li><a href=\"https:\/\/portal.unisepe.com.br\/unifia\/wp-content\/uploads\/sites\/10001\/2026\/01\/CRISPRCAS9-COMO-FERRAMENTA-TERAPEUTICA-CONTRA-O-CANCER-pg-21-a-63.pdf\" target=\"_blank\" rel=\"noopener noreferrer\">CRISPR\/CAS9 COMO FERRAMENTA TERAP\u00caUTICA CONTRA O C\u00c2NCER &#8211; p\u00e1g 21 \u00e0 63<\/a><br \/>\n<em>Isabella Rocha Castelane<br \/>\nProf. Luis Henrique Romano<br \/>\n<\/em><\/li>\n<\/ul>\n<hr \/>\n<ul>\n<li><a href=\"https:\/\/portal.unisepe.com.br\/unifia\/wp-content\/uploads\/sites\/10001\/2026\/02\/O-PAPEL-HORMONAL-DA-VITAMINA-D-NA-MODULACAO-DA-SEROTONINA-CENTRAL-pag-64-a-73.pdf\" target=\"_blank\" rel=\"noopener noreferrer\">O PAPEL HORMONAL DA VITAMINA D NA MODULA\u00c7\u00c3O DA SEROTONINA CENTRAL: IMPLICA\u00c7\u00d5ES FISIOPATOL\u00d3GICAS E TERAP\u00caUTICAS NO TRANSTORNO DO ESPECTRO AUTISTA (TEA) &#8211; p\u00e1g 64 \u00e0 73<\/a><br \/>\n<em>Luzia M. de Paula<br \/>\n<\/em><\/li>\n<\/ul>\n<hr \/>\n<ul>\n<li><a href=\"https:\/\/portal.unisepe.com.br\/unifia\/wp-content\/uploads\/sites\/10001\/2026\/02\/TOMADA-DE-DECISAO-EM-EVIDENCIAS-APLICACOES-EM-SAUDE-E-GESTAO-pag-74-a-77.pdf\" target=\"_blank\" rel=\"noopener noreferrer\">TOMADA DE DECIS\u00c3O EM EVID\u00caNCIAS: APLICA\u00c7\u00d5ES EM SA\u00daDE E GEST\u00c3O &#8211; p\u00e1g 74 \u00e0 77<\/a><br \/>\n<em>C\u00e9sar Eduardo Bremmer Martinez<br \/>\n<\/em><\/li>\n<\/ul>\n<hr \/>\n<ul>\n<li><a href=\"https:\/\/portal.unisepe.com.br\/unifia\/wp-content\/uploads\/sites\/10001\/2026\/02\/PERFIL-DOS-ATENDIMENTOS-E-USUARIOS-ATENDIDOS-EM-UMA-CLINICA-ESCOLA-DO-MUNICIPIO-DE-PERUIBE-pag-78-a-88.pdf\" target=\"_blank\" rel=\"noopener noreferrer\">PERFIL DOS ATENDIMENTOS E USU\u00c1RIOS ATENDIDOS EM UMA CL\u00cdNICA ESCOLA DO MUNIC\u00cdPIO DE PERU\u00cdBE &#8211; p\u00e1g 78 \u00e0 88<\/a><br \/>\n<em>Andreia Braz Pereira<br \/>\nAndreia Salvador M. Machado<br \/>\nCaroline Ribeiro Louro<br \/>\nD\u00e9bora Cristina Trindade de Freitas<br \/>\nGizele Pires Ribeiro<br \/>\n<\/em><\/li>\n<\/ul>\n<hr \/>\n<ul>\n<li><a href=\"https:\/\/portal.unisepe.com.br\/unifia\/wp-content\/uploads\/sites\/10001\/2026\/02\/ALUNO-PROBLEMA-OU-CRIANCA-EM-DESENVOLVIMENTO-A-MEDICALIZACAO-INFANTIL-NO-CONTEXTO-ESCOLAR-pag-89-a-108.pdf\" target=\"_blank\" rel=\"noopener noreferrer\">ALUNO PROBLEMA OU CRIAN\u00c7A EM DESENVOLVIMENTO? A MEDICALIZA\u00c7\u00c3O INFANTIL NO CONTEXTO ESCOLAR &#8211; p\u00e1g 89 \u00e0 108<\/a><br \/>\n<em>Mari\u00e2ngela Lopes da Concei\u00e7\u00e3o<br \/>\nMariane Cristina Vedana<br \/>\n<\/em><\/li>\n<\/ul>\n<hr \/>\n<ul>\n<li><a href=\"https:\/\/portal.unisepe.com.br\/unifia\/wp-content\/uploads\/sites\/10001\/2026\/02\/A-EDUCACAO-EM-SAUDE-COMO-FERRAMENTA-DA-ENFERMAGEM-NO-COMBATE-AO-NEGACIONISMO-VACINAL-REVISAO-INTEGRATIVA-DA-LITERATURA-pag-109-a-123.pdf\" target=\"_blank\" rel=\"noopener noreferrer\">A EDUCA\u00c7\u00c3O EM SA\u00daDE COMO FERRAMENTA DA ENFERMAGEM NO COMBATE AO NEGACIONISMO VACINAL: REVIS\u00c3O INTEGRATIVA DA LITERATURA &#8211; p\u00e1g 109 \u00e0 123<\/a><br \/>\n<em>Yasmim Sousa Santos<br \/>\nAlexandro Marcos Meneg\u00f3cio<br \/>\n<\/em><\/li>\n<\/ul>\n<hr \/>\n<ul>\n<li><a href=\"https:\/\/portal.unisepe.com.br\/unifia\/wp-content\/uploads\/sites\/10001\/2026\/03\/ANALISE-QUANTITATIVA-DA-PRODUCAO-ASSISTENCIAL-DO-INSTITUTO-SALVADOR-2024\u20132025-NO-MUNICIPIO-DE-PERUIBE-ATENCAO-A-SAUDE-ATIVIDADE-FISICA-E-INCLUSAO-pag-124-a-143.pdf\" target=\"_blank\" rel=\"noopener noreferrer\">AN\u00c1LISE QUANTITATIVA DA PRODU\u00c7\u00c3O ASSISTENCIAL DO INSTITUTO SALVADOR (2024\u20132025) NO MUNIC\u00cdPIO DE PERU\u00cdBE: ATEN\u00c7\u00c3O \u00c0 SA\u00daDE, ATIVIDADE F\u00cdSICA E INCLUS\u00c3O &#8211; p\u00e1g 124 \u00e0 143<\/a><br \/>\n<em>Andr\u00e9ia Salvador Martins Machado<br \/>\nD\u00e9bora Crisitna Trindade de Freitas<br \/>\nRaisa Broggio3; Sandra Broggio<br \/>\nAparecida Carnevalli Cunha<br \/>\nLama Dordje6; Gabriel Gon\u00e7alvez Vieira<br \/>\nMirela Flor Lisboa<br \/>\nJulia Basilio<br \/>\n<\/em><\/li>\n<\/ul>\n","protected":false},"excerpt":{"rendered":"<p>Artigos ESTUDO DA PREVAL\u00caNCIA DA ANEMIA FERROPRIVA NO BRASIL &#8211; p\u00e1g 01 \u00e0 20 Isabella Rocha Castelane Prof. Luis Henrique Romano CRISPR\/CAS9 COMO FERRAMENTA TERAP\u00caUTICA CONTRA O C\u00c2NCER &#8211; p\u00e1g 21 \u00e0 63 Isabella Rocha Castelane Prof. Luis Henrique Romano O PAPEL HORMONAL DA VITAMINA D NA MODULA\u00c7\u00c3O DA SEROTONINA<\/p>\n","protected":false},"author":2,"featured_media":0,"parent":3213,"menu_order":0,"comment_status":"closed","ping_status":"closed","template":"templates\/template-pagina_menu_vertical.php","meta":{"footnotes":""},"categories":[],"tags":[],"class_list":["post-11373","page","type-page","status-publish","hentry"],"_links":{"self":[{"href":"https:\/\/portal.unisepe.com.br\/unifia\/wp-json\/wp\/v2\/pages\/11373","targetHints":{"allow":["GET"]}}],"collection":[{"href":"https:\/\/portal.unisepe.com.br\/unifia\/wp-json\/wp\/v2\/pages"}],"about":[{"href":"https:\/\/portal.unisepe.com.br\/unifia\/wp-json\/wp\/v2\/types\/page"}],"author":[{"embeddable":true,"href":"https:\/\/portal.unisepe.com.br\/unifia\/wp-json\/wp\/v2\/users\/2"}],"replies":[{"embeddable":true,"href":"https:\/\/portal.unisepe.com.br\/unifia\/wp-json\/wp\/v2\/comments?post=11373"}],"version-history":[{"count":10,"href":"https:\/\/portal.unisepe.com.br\/unifia\/wp-json\/wp\/v2\/pages\/11373\/revisions"}],"predecessor-version":[{"id":11530,"href":"https:\/\/portal.unisepe.com.br\/unifia\/wp-json\/wp\/v2\/pages\/11373\/revisions\/11530"}],"up":[{"embeddable":true,"href":"https:\/\/portal.unisepe.com.br\/unifia\/wp-json\/wp\/v2\/pages\/3213"}],"wp:attachment":[{"href":"https:\/\/portal.unisepe.com.br\/unifia\/wp-json\/wp\/v2\/media?parent=11373"}],"wp:term":[{"taxonomy":"category","embeddable":true,"href":"https:\/\/portal.unisepe.com.br\/unifia\/wp-json\/wp\/v2\/categories?post=11373"},{"taxonomy":"post_tag","embeddable":true,"href":"https:\/\/portal.unisepe.com.br\/unifia\/wp-json\/wp\/v2\/tags?post=11373"}],"curies":[{"name":"wp","href":"https:\/\/api.w.org\/{rel}","templated":true}]}}