{"id":11388,"date":"2026-01-19T16:52:15","date_gmt":"2026-01-19T19:52:15","guid":{"rendered":"https:\/\/portal.unisepe.com.br\/unifia\/?page_id=11388"},"modified":"2026-03-06T19:59:38","modified_gmt":"2026-03-06T22:59:38","slug":"clinica-escola-de-psicologia","status":"publish","type":"page","link":"https:\/\/portal.unisepe.com.br\/unifia\/clinica-escola-de-psicologia\/","title":{"rendered":"Cl\u00ednica-Escola de Psicologia"},"content":{"rendered":"\n\t\t<style type=\"text\/css\">\n\t\t\t#gallery-1 {\n\t\t\t\tmargin: auto;\n\t\t\t}\n\t\t\t#gallery-1 .gallery-item {\n\t\t\t\tfloat: left;\n\t\t\t\tmargin-top: 10px;\n\t\t\t\ttext-align: center;\n\t\t\t\twidth: 33%;\n\t\t\t}\n\t\t\t#gallery-1 img {\n\t\t\t\tborder: 2px solid #cfcfcf;\n\t\t\t}\n\t\t\t#gallery-1 .gallery-caption {\n\t\t\t\tmargin-left: 0;\n\t\t\t}\n\t\t\t\/* see gallery_shortcode() in wp-includes\/media.php *\/\n\t\t<\/style>\n\t\t<div id='gallery-1' class='gallery galleryid-11388 gallery-columns-3 gallery-size-medium'><dl class='gallery-item'>\n\t\t\t<dt class='gallery-icon landscape'>\n\t\t\t\t<a href='https:\/\/portal.unisepe.com.br\/unifia\/wp-content\/uploads\/sites\/10001\/2026\/01\/20230721_152536-scaled.jpg'><img loading=\"lazy\" decoding=\"async\" width=\"300\" height=\"169\" src=\"https:\/\/portal.unisepe.com.br\/unifia\/wp-content\/uploads\/sites\/10001\/2026\/01\/20230721_152536-300x169.jpg\" class=\"attachment-medium size-medium\" alt=\"\" srcset=\"https:\/\/portal.unisepe.com.br\/unifia\/wp-content\/uploads\/sites\/10001\/2026\/01\/20230721_152536-300x169.jpg 300w, https:\/\/portal.unisepe.com.br\/unifia\/wp-content\/uploads\/sites\/10001\/2026\/01\/20230721_152536-1024x578.jpg 1024w, https:\/\/portal.unisepe.com.br\/unifia\/wp-content\/uploads\/sites\/10001\/2026\/01\/20230721_152536-768x433.jpg 768w, https:\/\/portal.unisepe.com.br\/unifia\/wp-content\/uploads\/sites\/10001\/2026\/01\/20230721_152536-1536x866.jpg 1536w, https:\/\/portal.unisepe.com.br\/unifia\/wp-content\/uploads\/sites\/10001\/2026\/01\/20230721_152536-2048x1155.jpg 2048w\" sizes=\"auto, (max-width: 300px) 100vw, 300px\" \/><\/a>\n\t\t\t<\/dt><\/dl><dl class='gallery-item'>\n\t\t\t<dt class='gallery-icon landscape'>\n\t\t\t\t<a href='https:\/\/portal.unisepe.com.br\/unifia\/wp-content\/uploads\/sites\/10001\/2026\/01\/20230721_153648-scaled.jpg'><img loading=\"lazy\" decoding=\"async\" width=\"300\" height=\"169\" src=\"https:\/\/portal.unisepe.com.br\/unifia\/wp-content\/uploads\/sites\/10001\/2026\/01\/20230721_153648-300x169.jpg\" class=\"attachment-medium size-medium\" alt=\"\" srcset=\"https:\/\/portal.unisepe.com.br\/unifia\/wp-content\/uploads\/sites\/10001\/2026\/01\/20230721_153648-300x169.jpg 300w, https:\/\/portal.unisepe.com.br\/unifia\/wp-content\/uploads\/sites\/10001\/2026\/01\/20230721_153648-1024x578.jpg 1024w, https:\/\/portal.unisepe.com.br\/unifia\/wp-content\/uploads\/sites\/10001\/2026\/01\/20230721_153648-768x433.jpg 768w, https:\/\/portal.unisepe.com.br\/unifia\/wp-content\/uploads\/sites\/10001\/2026\/01\/20230721_153648-1536x866.jpg 1536w, https:\/\/portal.unisepe.com.br\/unifia\/wp-content\/uploads\/sites\/10001\/2026\/01\/20230721_153648-2048x1155.jpg 2048w\" sizes=\"auto, (max-width: 300px) 100vw, 300px\" \/><\/a>\n\t\t\t<\/dt><\/dl><dl class='gallery-item'>\n\t\t\t<dt class='gallery-icon landscape'>\n\t\t\t\t<a href='https:\/\/portal.unisepe.com.br\/unifia\/wp-content\/uploads\/sites\/10001\/2026\/01\/20230721_152653-scaled.jpg'><img loading=\"lazy\" decoding=\"async\" width=\"300\" height=\"169\" src=\"https:\/\/portal.unisepe.com.br\/unifia\/wp-content\/uploads\/sites\/10001\/2026\/01\/20230721_152653-300x169.jpg\" class=\"attachment-medium size-medium\" alt=\"\" srcset=\"https:\/\/portal.unisepe.com.br\/unifia\/wp-content\/uploads\/sites\/10001\/2026\/01\/20230721_152653-300x169.jpg 300w, https:\/\/portal.unisepe.com.br\/unifia\/wp-content\/uploads\/sites\/10001\/2026\/01\/20230721_152653-1024x578.jpg 1024w, https:\/\/portal.unisepe.com.br\/unifia\/wp-content\/uploads\/sites\/10001\/2026\/01\/20230721_152653-768x433.jpg 768w, https:\/\/portal.unisepe.com.br\/unifia\/wp-content\/uploads\/sites\/10001\/2026\/01\/20230721_152653-1536x866.jpg 1536w, https:\/\/portal.unisepe.com.br\/unifia\/wp-content\/uploads\/sites\/10001\/2026\/01\/20230721_152653-2048x1155.jpg 2048w\" sizes=\"auto, (max-width: 300px) 100vw, 300px\" \/><\/a>\n\t\t\t<\/dt><\/dl><br style=\"clear: both\" \/><dl class='gallery-item'>\n\t\t\t<dt class='gallery-icon landscape'>\n\t\t\t\t<a href='https:\/\/portal.unisepe.com.br\/unifia\/wp-content\/uploads\/sites\/10001\/2026\/01\/20230721_153020-scaled.jpg'><img loading=\"lazy\" decoding=\"async\" width=\"300\" height=\"169\" src=\"https:\/\/portal.unisepe.com.br\/unifia\/wp-content\/uploads\/sites\/10001\/2026\/01\/20230721_153020-300x169.jpg\" class=\"attachment-medium size-medium\" alt=\"\" srcset=\"https:\/\/portal.unisepe.com.br\/unifia\/wp-content\/uploads\/sites\/10001\/2026\/01\/20230721_153020-300x169.jpg 300w, https:\/\/portal.unisepe.com.br\/unifia\/wp-content\/uploads\/sites\/10001\/2026\/01\/20230721_153020-1024x578.jpg 1024w, https:\/\/portal.unisepe.com.br\/unifia\/wp-content\/uploads\/sites\/10001\/2026\/01\/20230721_153020-768x433.jpg 768w, https:\/\/portal.unisepe.com.br\/unifia\/wp-content\/uploads\/sites\/10001\/2026\/01\/20230721_153020-1536x866.jpg 1536w, https:\/\/portal.unisepe.com.br\/unifia\/wp-content\/uploads\/sites\/10001\/2026\/01\/20230721_153020-2048x1155.jpg 2048w\" sizes=\"auto, (max-width: 300px) 100vw, 300px\" \/><\/a>\n\t\t\t<\/dt><\/dl><dl class='gallery-item'>\n\t\t\t<dt class='gallery-icon landscape'>\n\t\t\t\t<a href='https:\/\/portal.unisepe.com.br\/unifia\/wp-content\/uploads\/sites\/10001\/2026\/01\/20230721_153201-scaled.jpg'><img loading=\"lazy\" decoding=\"async\" width=\"300\" height=\"169\" src=\"https:\/\/portal.unisepe.com.br\/unifia\/wp-content\/uploads\/sites\/10001\/2026\/01\/20230721_153201-300x169.jpg\" class=\"attachment-medium size-medium\" alt=\"\" srcset=\"https:\/\/portal.unisepe.com.br\/unifia\/wp-content\/uploads\/sites\/10001\/2026\/01\/20230721_153201-300x169.jpg 300w, https:\/\/portal.unisepe.com.br\/unifia\/wp-content\/uploads\/sites\/10001\/2026\/01\/20230721_153201-1024x578.jpg 1024w, https:\/\/portal.unisepe.com.br\/unifia\/wp-content\/uploads\/sites\/10001\/2026\/01\/20230721_153201-768x433.jpg 768w, https:\/\/portal.unisepe.com.br\/unifia\/wp-content\/uploads\/sites\/10001\/2026\/01\/20230721_153201-1536x866.jpg 1536w, https:\/\/portal.unisepe.com.br\/unifia\/wp-content\/uploads\/sites\/10001\/2026\/01\/20230721_153201-2048x1155.jpg 2048w\" sizes=\"auto, (max-width: 300px) 100vw, 300px\" \/><\/a>\n\t\t\t<\/dt><\/dl><dl class='gallery-item'>\n\t\t\t<dt class='gallery-icon landscape'>\n\t\t\t\t<a href='https:\/\/portal.unisepe.com.br\/unifia\/wp-content\/uploads\/sites\/10001\/2026\/01\/20230721_153441-scaled.jpg'><img loading=\"lazy\" decoding=\"async\" width=\"300\" height=\"169\" src=\"https:\/\/portal.unisepe.com.br\/unifia\/wp-content\/uploads\/sites\/10001\/2026\/01\/20230721_153441-300x169.jpg\" class=\"attachment-medium size-medium\" alt=\"\" srcset=\"https:\/\/portal.unisepe.com.br\/unifia\/wp-content\/uploads\/sites\/10001\/2026\/01\/20230721_153441-300x169.jpg 300w, https:\/\/portal.unisepe.com.br\/unifia\/wp-content\/uploads\/sites\/10001\/2026\/01\/20230721_153441-1024x578.jpg 1024w, https:\/\/portal.unisepe.com.br\/unifia\/wp-content\/uploads\/sites\/10001\/2026\/01\/20230721_153441-768x433.jpg 768w, https:\/\/portal.unisepe.com.br\/unifia\/wp-content\/uploads\/sites\/10001\/2026\/01\/20230721_153441-1536x866.jpg 1536w, https:\/\/portal.unisepe.com.br\/unifia\/wp-content\/uploads\/sites\/10001\/2026\/01\/20230721_153441-2048x1155.jpg 2048w\" sizes=\"auto, (max-width: 300px) 100vw, 300px\" \/><\/a>\n\t\t\t<\/dt><\/dl><br style=\"clear: both\" \/>\n\t\t<\/div>\n\n<p>&nbsp;<\/p>\n<p>A Cl\u00ednica-Escola de Psicologia do Centro Universit\u00e1rio Amparense destina-se \u00e0 forma\u00e7\u00e3o de psic\u00f3logos, presta\u00e7\u00e3o de assist\u00eancia de qualidade a popula\u00e7\u00e3o, constru\u00e7\u00e3o de conhecimento e de promo\u00e7\u00e3o de sa\u00fade mental. Os servi\u00e7os psicol\u00f3gicos s\u00e3o prestados por estudantes de psicologia a partir do 8\u00ba semestre da gradua\u00e7\u00e3o, supervisionados por psic\u00f3logos professores, seguindo todas as diretrizes do Conselho Regional de Psicologia. Todos os servi\u00e7os s\u00e3o p\u00fablicos, gratuitos e oferecidos \u00e0 comunidade UNIFIA e \u00e0 popula\u00e7\u00e3o de Amparo e regi\u00e3o. Estes servi\u00e7os incluem os seguintes atendimentos em psicologia:<\/p>\n<p><strong>Triagem Psicol\u00f3gica<\/strong><\/p>\n<p>A triagem psicol\u00f3gica \u00e9 o processo inicial de escuta qualificada, com o objetivo de acolher, identificar e compreender as necessidades da pessoa para, ao fim, propor um plano de cuidado que pode incluir outros equipamentos de sa\u00fade e servi\u00e7os. Depois da entrevista de triagem, a supervisora da Cl\u00ednica-Escola de Psicologia entra em contato com o usu\u00e1rio, chamando-o para iniciar o atendimento. Todos os atendimentos s\u00e3o realizados com hor\u00e1rios marcados, dentro das possibilidades de cada paciente.<\/p>\n<p><strong>Atendimentos Psicol\u00f3gicos Individuais ou em grupo<\/strong><\/p>\n<p>Os atendimentos abrangem diversas faixas et\u00e1rias com m\u00e9todos psicoter\u00e1picos ancorados em referenciais te\u00f3ricos tradicionais da psicologia. Para esta modalidade \u00e9 imprescind\u00edvel que o interessado tenha realizado o processo de Triagem Psicol\u00f3gica.<\/p>\n<p><strong>Psicodiagn\u00f3stico<\/strong><\/p>\n<p>O Psicodiagn\u00f3stico \u00e9 um processo amplo que tem como objetivo a compreens\u00e3o de fen\u00f4menos espec\u00edficos (intelig\u00eancia, mem\u00f3ria, aten\u00e7\u00e3o, linguagem, personalidade etc.). O processo se utiliza de t\u00e9cnicas reconhecidas para fim diagn\u00f3stico e de interven\u00e7\u00e3o. Para esta modalidade \u00e9 imprescind\u00edvel que o interessado tenha realizado o processo de Triagem Psicol\u00f3gica.<\/p>\n<p><strong>Orienta\u00e7\u00f5es importantes<\/strong><\/p>\n<p>&nbsp;<\/p>\n<ul>\n<li>A Cl\u00ednica-Escola realiza agendamento on-line por meio formul\u00e1rio eletr\u00f4nico disponibilizado no site institucional do UNIFIA por meio de pop up.<\/li>\n<li>Os atendimentos s\u00e3o realizados\u00a0sempre\u00a0com agendamento pr\u00e9vio, em dias e hor\u00e1rios espec\u00edfico.<\/li>\n<li>Entraremos em contato via e-mail ou telefone, confirmando o seu agendamento.<\/li>\n<li>Ressalta-se que a pessoa interessada deve ter comprometimento e responsabilidade nos agendamentos.<\/li>\n<li>Faltas comprometem o processo e s\u00e3o pass\u00edveis de motivo para desligamento<em>.<\/em><\/li>\n<li>O usu\u00e1rio deve chegar com 10 minutos de anteced\u00eancia. E em caso de atraso ou falta, o usu\u00e1rio deve avisar com anteced\u00eancia.<\/li>\n<li>O usu\u00e1rio que faltar mais de duas vezes ser\u00e1 desvinculado das atividades da Cl\u00ednica-Escola.<\/li>\n<li>O interessado deve manter os dados de telefone atualizados. Tentativas de contato sem sucesso, s\u00e3o\u00a0pass\u00edveis de motivo para desligamento e exclus\u00e3o de cadastro.<\/li>\n<li>N\u00e3o oferecemos servi\u00e7os para situa\u00e7\u00f5es de\u00a0emerg\u00eancia.\u00a0Neste caso deve-se procurar por equipamentos espec\u00edficos.<\/li>\n<li>As a\u00e7\u00f5es agendadas ocorrem de maneira semanal e variam de 50 min \u00e0 1h30 de dura\u00e7\u00e3o.<\/li>\n<li>Articula\u00e7\u00f5es com as redes de sa\u00fade, assist\u00eancia social ou educa\u00e7\u00e3o podem ser necess\u00e1rias para apoio e responsabilidade nas condutas adotadas.<\/li>\n<li>Os servi\u00e7os prestados pela Cl\u00ednica Escola seguir\u00e3o o calend\u00e1rio acad\u00eamico do UNIFIA.<\/li>\n<li>O servi\u00e7o ser\u00e1 gratuito.<\/li>\n<li>Os atendimentos ser\u00e3o realizados no Centro Universit\u00e1rio Amparense &#8211; UNIFIA na Cl\u00ednica Escola de Psicologia\/bloco 10.<\/li>\n<\/ul>\n<p><strong>Endere\u00e7o e hor\u00e1rio de funcionamento:<\/strong><\/p>\n<p>Centro Universit\u00e1rio Amparense &#8211; UNIFIA\/ Bloco 10 na Cl\u00ednica Escola de Psicologia.<\/p>\n<p>Rodovia Jo\u00e3o Beira \u2013 SP 95, KM 46,5, Bairro Modelo, Amparo-SP.<\/p>\n<p><strong>Hor\u00e1rio de funcionamento:<\/strong><\/p>\n<p>&#8211; Segundas-feiras: das 08h \u00e0s 11h, das 14h \u00e0s 17h e das 18h \u00e0s 22h<\/p>\n<p>&nbsp;<\/p>\n<p>&#8211; Ter\u00e7as-feiras: das 13h00 \u00e0s 18h<\/p>\n<p>&nbsp;<\/p>\n<p>&#8211; Quintas-feiras: das 17h \u00e0s 22h<\/p>\n<p>&nbsp;<\/p>\n<p>D\u00favidas e contato:<br \/>\nE-mail:\u00a0<a href=\"mailto:clinica.psicologia.am@unisepe.edu.br\">clinica.psicologia.am@unisepe.edu.br<\/a><br \/>\nTelefone: (19) 3907-9870 &#8211; Ramal 220<\/p>\n<p>&nbsp;<\/p>\n<p>Link para formul\u00e1rio de agendamento: <a href=\"https:\/\/forms.gle\/qjUQhL1RAGsQh3qW7\">https:\/\/forms.gle\/qjUQhL1RAGsQh3qW7<\/a><\/p>\n","protected":false},"excerpt":{"rendered":"<p>&nbsp; A Cl\u00ednica-Escola de Psicologia do Centro Universit\u00e1rio Amparense destina-se \u00e0 forma\u00e7\u00e3o de psic\u00f3logos, presta\u00e7\u00e3o de assist\u00eancia de qualidade a popula\u00e7\u00e3o, constru\u00e7\u00e3o de conhecimento e de promo\u00e7\u00e3o de sa\u00fade mental. Os servi\u00e7os psicol\u00f3gicos s\u00e3o prestados por estudantes de psicologia a partir do 8\u00ba semestre da gradua\u00e7\u00e3o, supervisionados por psic\u00f3logos professores,<\/p>\n","protected":false},"author":2,"featured_media":0,"parent":0,"menu_order":0,"comment_status":"closed","ping_status":"closed","template":"","meta":{"footnotes":""},"categories":[],"tags":[],"class_list":["post-11388","page","type-page","status-publish","hentry"],"_links":{"self":[{"href":"https:\/\/portal.unisepe.com.br\/unifia\/wp-json\/wp\/v2\/pages\/11388","targetHints":{"allow":["GET"]}}],"collection":[{"href":"https:\/\/portal.unisepe.com.br\/unifia\/wp-json\/wp\/v2\/pages"}],"about":[{"href":"https:\/\/portal.unisepe.com.br\/unifia\/wp-json\/wp\/v2\/types\/page"}],"author":[{"embeddable":true,"href":"https:\/\/portal.unisepe.com.br\/unifia\/wp-json\/wp\/v2\/users\/2"}],"replies":[{"embeddable":true,"href":"https:\/\/portal.unisepe.com.br\/unifia\/wp-json\/wp\/v2\/comments?post=11388"}],"version-history":[{"count":19,"href":"https:\/\/portal.unisepe.com.br\/unifia\/wp-json\/wp\/v2\/pages\/11388\/revisions"}],"predecessor-version":[{"id":11531,"href":"https:\/\/portal.unisepe.com.br\/unifia\/wp-json\/wp\/v2\/pages\/11388\/revisions\/11531"}],"wp:attachment":[{"href":"https:\/\/portal.unisepe.com.br\/unifia\/wp-json\/wp\/v2\/media?parent=11388"}],"wp:term":[{"taxonomy":"category","embeddable":true,"href":"https:\/\/portal.unisepe.com.br\/unifia\/wp-json\/wp\/v2\/categories?post=11388"},{"taxonomy":"post_tag","embeddable":true,"href":"https:\/\/portal.unisepe.com.br\/unifia\/wp-json\/wp\/v2\/tags?post=11388"}],"curies":[{"name":"wp","href":"https:\/\/api.w.org\/{rel}","templated":true}]}}