{"id":1347,"date":"2017-04-01T10:32:25","date_gmt":"2017-04-01T13:32:25","guid":{"rendered":"\/?page_id=1347"},"modified":"2018-06-20T17:24:56","modified_gmt":"2018-06-20T20:24:56","slug":"monitoria","status":"publish","type":"page","link":"https:\/\/portal.unisepe.com.br\/unifia\/enfermagem\/monitoria\/","title":{"rendered":"Monitoria"},"content":{"rendered":"<p style=\"text-align: justify\">O Programa de Monitoria do Curso de Enfermagem \u00e9 fundamento no Regulamento Institucional de Monitoria do Centro Universit\u00e1rio Amparense (UNIFIA). Este programa envolve um conjunto de atividades acad\u00eamicas desenvolvidas pelo aluno de gradua\u00e7\u00e3o sob orienta\u00e7\u00e3o de um professor respons\u00e1vel pela disciplina em que \u00e9 disponibilizada vagas para monitoria. As atividades pedag\u00f3gicas implementadas na monitoria possibilitam ao aluno a inser\u00e7\u00e3o na pr\u00e1tica docente e o reconhecimento do papel do enfermeiro como educador. A sele\u00e7\u00e3o de monitores ocorre semestralmente e de acordo com disciplinas dispostas na grade curricular do curso de bacharelado em enfermagem. Para participa\u00e7\u00e3o consulte a coordena\u00e7\u00e3o do curso de enfermagem.<\/p>\n","protected":false},"excerpt":{"rendered":"<p>O Programa de Monitoria do Curso de Enfermagem \u00e9 fundamento no Regulamento Institucional de Monitoria do Centro Universit\u00e1rio Amparense (UNIFIA). Este programa envolve um conjunto de atividades acad\u00eamicas desenvolvidas pelo aluno de gradua\u00e7\u00e3o sob orienta\u00e7\u00e3o de um professor respons\u00e1vel pela disciplina em que \u00e9 disponibilizada vagas para monitoria. As atividades<\/p>\n","protected":false},"author":1,"featured_media":0,"parent":377,"menu_order":0,"comment_status":"closed","ping_status":"closed","template":"templates\/template-curso_menu_vertical.php","meta":{"footnotes":""},"categories":[],"tags":[],"class_list":["post-1347","page","type-page","status-publish","hentry"],"_links":{"self":[{"href":"https:\/\/portal.unisepe.com.br\/unifia\/wp-json\/wp\/v2\/pages\/1347","targetHints":{"allow":["GET"]}}],"collection":[{"href":"https:\/\/portal.unisepe.com.br\/unifia\/wp-json\/wp\/v2\/pages"}],"about":[{"href":"https:\/\/portal.unisepe.com.br\/unifia\/wp-json\/wp\/v2\/types\/page"}],"author":[{"embeddable":true,"href":"https:\/\/portal.unisepe.com.br\/unifia\/wp-json\/wp\/v2\/users\/1"}],"replies":[{"embeddable":true,"href":"https:\/\/portal.unisepe.com.br\/unifia\/wp-json\/wp\/v2\/comments?post=1347"}],"version-history":[{"count":1,"href":"https:\/\/portal.unisepe.com.br\/unifia\/wp-json\/wp\/v2\/pages\/1347\/revisions"}],"predecessor-version":[{"id":3737,"href":"https:\/\/portal.unisepe.com.br\/unifia\/wp-json\/wp\/v2\/pages\/1347\/revisions\/3737"}],"up":[{"embeddable":true,"href":"https:\/\/portal.unisepe.com.br\/unifia\/wp-json\/wp\/v2\/pages\/377"}],"wp:attachment":[{"href":"https:\/\/portal.unisepe.com.br\/unifia\/wp-json\/wp\/v2\/media?parent=1347"}],"wp:term":[{"taxonomy":"category","embeddable":true,"href":"https:\/\/portal.unisepe.com.br\/unifia\/wp-json\/wp\/v2\/categories?post=1347"},{"taxonomy":"post_tag","embeddable":true,"href":"https:\/\/portal.unisepe.com.br\/unifia\/wp-json\/wp\/v2\/tags?post=1347"}],"curies":[{"name":"wp","href":"https:\/\/api.w.org\/{rel}","templated":true}]}}