{"id":1349,"date":"2017-04-01T10:33:01","date_gmt":"2017-04-01T13:33:01","guid":{"rendered":"\/?page_id=1349"},"modified":"2018-06-20T17:16:59","modified_gmt":"2018-06-20T20:16:59","slug":"estagio-curricular","status":"publish","type":"page","link":"https:\/\/portal.unisepe.com.br\/unifia\/enfermagem\/estagio-curricular\/","title":{"rendered":"Est\u00e1gio Curricular"},"content":{"rendered":"<p style=\"text-align: justify\">O est\u00e1gio curricular supervisionado representa o momento no qual ocorre a articula\u00e7\u00e3o entre a teoria e a pr\u00e1tica cl\u00ednica vinculada ao processo de trabalho da enfermagem. Al\u00e9m disso, possibilita ao aluno compet\u00eancias e habilidades no contexto da \u2013 aten\u00e7\u00e3o \u00e0 sa\u00fade, tomada de decis\u00e3o, comunica\u00e7\u00e3o, lideran\u00e7a, administra\u00e7\u00e3o e gerenciamento e, educa\u00e7\u00e3o permanente. O est\u00e1gio compreende uma carga hor\u00e1ria total de 800 horas distribu\u00eddas em:<\/p>\n<ul>\n<li><strong>Est\u00e1gio Supervisionado I (200 horas):<\/strong> o discente dever\u00e1 desenvolver atividades pr\u00e1ticas e t\u00e9cnicas direcionadas a cliente\/pacientes de baixa complexidade.<\/li>\n<li><strong>Est\u00e1gio Supervisionado II (200 horas):<\/strong> o discente dever\u00e1 desenvolver atividades pr\u00e1ticas e t\u00e9cnicas direcionadas a cliente\/pacientes de m\u00e9dia complexidade.<\/li>\n<li><strong>Est\u00e1gio Supervisionado III (200 horas):<\/strong> o discente dever\u00e1 desenvolver atividades pr\u00e1ticas e t\u00e9cnicas direcionadas a cliente\/pacientes de alta complexidade.<\/li>\n<li><strong>Est\u00e1gio Supervisionado IV (200 horas):<\/strong> o discente dever\u00e1 desenvolver atividades voltadas para administra\u00e7\u00e3o e gest\u00e3o em sa\u00fade nos diferentes Estabelecimentos de Assist\u00eancia em Sa\u00fade (EAS).<\/li>\n<\/ul>\n","protected":false},"excerpt":{"rendered":"<p>O est\u00e1gio curricular supervisionado representa o momento no qual ocorre a articula\u00e7\u00e3o entre a teoria e a pr\u00e1tica cl\u00ednica vinculada ao processo de trabalho da enfermagem. Al\u00e9m disso, possibilita ao aluno compet\u00eancias e habilidades no contexto da \u2013 aten\u00e7\u00e3o \u00e0 sa\u00fade, tomada de decis\u00e3o, comunica\u00e7\u00e3o, lideran\u00e7a, administra\u00e7\u00e3o e gerenciamento e,<\/p>\n","protected":false},"author":1,"featured_media":0,"parent":377,"menu_order":0,"comment_status":"closed","ping_status":"closed","template":"templates\/template-curso_menu_vertical.php","meta":{"footnotes":""},"categories":[],"tags":[],"class_list":["post-1349","page","type-page","status-publish","hentry"],"_links":{"self":[{"href":"https:\/\/portal.unisepe.com.br\/unifia\/wp-json\/wp\/v2\/pages\/1349","targetHints":{"allow":["GET"]}}],"collection":[{"href":"https:\/\/portal.unisepe.com.br\/unifia\/wp-json\/wp\/v2\/pages"}],"about":[{"href":"https:\/\/portal.unisepe.com.br\/unifia\/wp-json\/wp\/v2\/types\/page"}],"author":[{"embeddable":true,"href":"https:\/\/portal.unisepe.com.br\/unifia\/wp-json\/wp\/v2\/users\/1"}],"replies":[{"embeddable":true,"href":"https:\/\/portal.unisepe.com.br\/unifia\/wp-json\/wp\/v2\/comments?post=1349"}],"version-history":[{"count":1,"href":"https:\/\/portal.unisepe.com.br\/unifia\/wp-json\/wp\/v2\/pages\/1349\/revisions"}],"predecessor-version":[{"id":3727,"href":"https:\/\/portal.unisepe.com.br\/unifia\/wp-json\/wp\/v2\/pages\/1349\/revisions\/3727"}],"up":[{"embeddable":true,"href":"https:\/\/portal.unisepe.com.br\/unifia\/wp-json\/wp\/v2\/pages\/377"}],"wp:attachment":[{"href":"https:\/\/portal.unisepe.com.br\/unifia\/wp-json\/wp\/v2\/media?parent=1349"}],"wp:term":[{"taxonomy":"category","embeddable":true,"href":"https:\/\/portal.unisepe.com.br\/unifia\/wp-json\/wp\/v2\/categories?post=1349"},{"taxonomy":"post_tag","embeddable":true,"href":"https:\/\/portal.unisepe.com.br\/unifia\/wp-json\/wp\/v2\/tags?post=1349"}],"curies":[{"name":"wp","href":"https:\/\/api.w.org\/{rel}","templated":true}]}}