{"id":1353,"date":"2017-04-01T10:33:56","date_gmt":"2017-04-01T13:33:56","guid":{"rendered":"\/?page_id=1353"},"modified":"2018-06-20T17:27:03","modified_gmt":"2018-06-20T20:27:03","slug":"pesquisa","status":"publish","type":"page","link":"https:\/\/portal.unisepe.com.br\/unifia\/enfermagem\/pesquisa\/","title":{"rendered":"Pesquisa"},"content":{"rendered":"<p style=\"text-align: justify\">A pesquisa cient\u00edfica representa o alicerce para a evolu\u00e7\u00e3o da sociedade e da educa\u00e7\u00e3o. Por meio dela \u00e9 poss\u00edvel transformar a realidade na qual o indiv\u00edduo est\u00e1 inserido. Neste contexto, o curso de enfermagem do Centro Universit\u00e1rio Amparense (UNIFIA) tem como meta formar profissionais pautados no rigor cient\u00edfico e na Pr\u00e1tica Fundamentada em Evid\u00eancias. Os alunos t\u00eam a oportunidade na participa\u00e7\u00e3o de projetos de inicia\u00e7\u00e3o cient\u00edfica em temas vinculados as \u00e1reas de pesquisa dos docentes do curso. A participa\u00e7\u00e3o \u00e9 volunt\u00e1ria e o produto final das pesquisas desenvolvidas \u00e9 divulgado por meio da publica\u00e7\u00e3o cient\u00edfica em peri\u00f3dicos nacionais, internacionais e em anais de eventos.<\/p>\n","protected":false},"excerpt":{"rendered":"<p>A pesquisa cient\u00edfica representa o alicerce para a evolu\u00e7\u00e3o da sociedade e da educa\u00e7\u00e3o. Por meio dela \u00e9 poss\u00edvel transformar a realidade na qual o indiv\u00edduo est\u00e1 inserido. Neste contexto, o curso de enfermagem do Centro Universit\u00e1rio Amparense (UNIFIA) tem como meta formar profissionais pautados no rigor cient\u00edfico e na<\/p>\n","protected":false},"author":1,"featured_media":0,"parent":377,"menu_order":0,"comment_status":"closed","ping_status":"closed","template":"templates\/template-curso_menu_vertical.php","meta":{"footnotes":""},"categories":[],"tags":[],"class_list":["post-1353","page","type-page","status-publish","hentry"],"_links":{"self":[{"href":"https:\/\/portal.unisepe.com.br\/unifia\/wp-json\/wp\/v2\/pages\/1353","targetHints":{"allow":["GET"]}}],"collection":[{"href":"https:\/\/portal.unisepe.com.br\/unifia\/wp-json\/wp\/v2\/pages"}],"about":[{"href":"https:\/\/portal.unisepe.com.br\/unifia\/wp-json\/wp\/v2\/types\/page"}],"author":[{"embeddable":true,"href":"https:\/\/portal.unisepe.com.br\/unifia\/wp-json\/wp\/v2\/users\/1"}],"replies":[{"embeddable":true,"href":"https:\/\/portal.unisepe.com.br\/unifia\/wp-json\/wp\/v2\/comments?post=1353"}],"version-history":[{"count":1,"href":"https:\/\/portal.unisepe.com.br\/unifia\/wp-json\/wp\/v2\/pages\/1353\/revisions"}],"predecessor-version":[{"id":3738,"href":"https:\/\/portal.unisepe.com.br\/unifia\/wp-json\/wp\/v2\/pages\/1353\/revisions\/3738"}],"up":[{"embeddable":true,"href":"https:\/\/portal.unisepe.com.br\/unifia\/wp-json\/wp\/v2\/pages\/377"}],"wp:attachment":[{"href":"https:\/\/portal.unisepe.com.br\/unifia\/wp-json\/wp\/v2\/media?parent=1353"}],"wp:term":[{"taxonomy":"category","embeddable":true,"href":"https:\/\/portal.unisepe.com.br\/unifia\/wp-json\/wp\/v2\/categories?post=1353"},{"taxonomy":"post_tag","embeddable":true,"href":"https:\/\/portal.unisepe.com.br\/unifia\/wp-json\/wp\/v2\/tags?post=1353"}],"curies":[{"name":"wp","href":"https:\/\/api.w.org\/{rel}","templated":true}]}}