{"id":1503,"date":"2017-06-02T15:13:39","date_gmt":"2017-06-02T18:13:39","guid":{"rendered":"http:\/\/www.fvr.edu.br\/?page_id=1503"},"modified":"2025-05-12T15:59:46","modified_gmt":"2025-05-12T18:59:46","slug":"regulamentos-institucionais","status":"publish","type":"page","link":"https:\/\/portal.unisepe.com.br\/unifia\/manuais-editais-e-regulamentos\/regulamentos-institucionais\/","title":{"rendered":"Regulamentos Institucionais"},"content":{"rendered":"<ul>\n<li style=\"list-style-type: none\">\n<ul>\n<li><a href=\"https:\/\/portal.unisepe.com.br\/unifia\/wp-content\/uploads\/sites\/10001\/2024\/02\/ESTATUTO-ead-presencial.pdf\" target=\"_blank\" rel=\"noopener noreferrer\">Estatuto Presencial e EAD<\/a><\/li>\n<li><a href=\"http:\/\/portal.unisepe.com.br\/unifia\/wp-content\/uploads\/sites\/10001\/2018\/06\/formulario_bolsa_Proers.doc\" target=\"_blank\" rel=\"noopener noreferrer\">Formul\u00e1rio Bolsa Proers<\/a><\/li>\n<li><a href=\"https:\/\/portal.unisepe.com.br\/unifia\/wp-content\/uploads\/sites\/10001\/2024\/05\/PDI-UNIFIA-2023-2027.pdf\">Plano de Desenvolvimento Institucional 2023 &#8211; 2027<\/a><\/li>\n<li><a href=\"https:\/\/portal.unisepe.com.br\/unifia\/wp-content\/uploads\/sites\/10001\/2024\/02\/regimento-geral-presencial-e-ead-2023.pdf\" target=\"_blank\" rel=\"noopener noreferrer\">Regimento Geral<\/a><\/li>\n<li><a href=\"http:\/\/portal.unisepe.com.br\/unifia\/wp-content\/uploads\/sites\/10001\/2019\/03\/regulamento-institucional-TCC-presencial_EAD.pdf\">Regulamento Institucional de Trabalho de Conclus\u00e3o de Curso<\/a><\/li>\n<li><a href=\"http:\/\/portal.unisepe.com.br\/unifia\/wp-content\/uploads\/sites\/10001\/2019\/03\/regulamento-institucional-ATIVIDADES-ACADEMICAS-presencial_ead.pdf\">Regulamento Institucional Atividades Acad\u00eamicas Presencial e EAD<\/a><\/li>\n<li><a href=\"https:\/\/portal.unisepe.com.br\/unifia\/wp-content\/uploads\/sites\/10001\/2023\/12\/regulamento-institucional-POS-GRADUA\u00c7\u00c3O-presencial_ead-1.pdf\">Regulamento Institucional P\u00f3s Gradua\u00e7\u00e3o Presencial e EAD<\/a><\/li>\n<li><a href=\"http:\/\/portal.unisepe.com.br\/unifia\/wp-content\/uploads\/sites\/10001\/2019\/03\/regulamento-institucional-OUVIDORIA-presencial_ead.pdf\">Regulamento Institucional Ouvidoria<\/a><\/li>\n<li><a href=\"http:\/\/portal.unisepe.com.br\/unifia\/wp-content\/uploads\/sites\/10001\/2019\/03\/regulamento-institucional-EST\u00c1GIO-presencial_ead.pdf\">Regulamento Institucional de Est\u00e1gio Presencial e EAD<\/a><\/li>\n<li><a href=\"http:\/\/portal.unisepe.com.br\/unifia\/wp-content\/uploads\/sites\/10001\/2019\/03\/regulamento-institucional-EXTENS\u00c3O-presencial_EAD.pdf\">Regulamento Institucional de Extens\u00e3o<\/a><\/li>\n<li><a href=\"http:\/\/portal.unisepe.com.br\/unifia\/wp-content\/uploads\/sites\/10001\/2019\/03\/regulamento-institucional-MONITORIA-presencial_ead.pdf\">Regulamento Institucional de Monitoria<\/a><\/li>\n<li><a href=\"http:\/\/portal.unisepe.com.br\/unifia\/wp-content\/uploads\/sites\/10001\/2019\/03\/regulamento-institucional-HORA-AULA-x-HORA-RELOGIO-presencial.pdf\">Regulamento Institucional Hora-Aula e Hora-Rel\u00f3gio<\/a><\/li>\n<li><a href=\"http:\/\/portal.unisepe.com.br\/unifia\/wp-content\/uploads\/sites\/10001\/2019\/03\/regulamento-institucional-NIVELAMENTO-presencial_ead.pdf\">Regulamento Institucional Nivelamento Presencial e EAD<\/a><\/li>\n<li><a href=\"http:\/\/portal.unisepe.com.br\/unifia\/wp-content\/uploads\/sites\/10001\/2019\/03\/regulamento-institucional-PROJETO-INTEGRADOR-presencial_ead.pdf\">Regulamento Institucional Projeto Integrador Presencial e EAD<\/a><\/li>\n<li><a href=\"https:\/\/portal.unisepe.com.br\/unifia\/wp-content\/uploads\/sites\/10001\/2025\/04\/regulamento-institucional-EGRESSOS-presencial_ead.pdf\">Regulamento Institucional de Egressos Modalidade Ensino Presencial e EAD<\/a><\/li>\n<li><a href=\"https:\/\/portal.unisepe.com.br\/unifia\/wp-content\/uploads\/sites\/10001\/2022\/05\/TCC-pos-gradua\u00e7\u00e3o-presencial_eaD.pdf\">Manual de Trabalho de Conclus\u00e3o de Curso \u2013 TCC \u2013 P\u00f3s-Gradua\u00e7\u00e3o Presencial \/ EaD<\/a><\/li>\n<li><a href=\"http:\/\/portal.unisepe.com.br\/unifia\/wp-content\/uploads\/sites\/10001\/2019\/03\/regulamento-institucional-LABORAT\u00d3RIOS-DE-INFORM\u00c1TICA-presencial_ead.pdf\">Regulamento do Laborat\u00f3rio de Inform\u00e1tica<\/a><\/li>\n<li><a href=\"https:\/\/portal.unisepe.com.br\/unifia\/wp-content\/uploads\/sites\/10001\/2024\/05\/REGULAMENTO_jornada-cientifica.pdf\">Regulamento Jornadas Cient\u00edficas<\/a><\/li>\n<li><a href=\"https:\/\/portal.unisepe.com.br\/unifia\/wp-content\/uploads\/sites\/10001\/2024\/05\/regulamento-programas-de-atendimento.pdf\">Regulamento de Programas de Atendimento<\/a><\/li>\n<li><a href=\"https:\/\/portal.unisepe.com.br\/unifia\/wp-content\/uploads\/sites\/10001\/2024\/05\/regulamento-de-inicia\u00e7\u00e3o-cient\u00edfica.pdf\">Regulamento de Inicia\u00e7\u00e3o Cient\u00edfica<\/a><\/li>\n<li><a href=\"https:\/\/portal.unisepe.com.br\/unifia\/wp-content\/uploads\/sites\/10001\/2024\/05\/nucleo-de-apoio-didatico-pedagogico-ao-docente-NUPE.pdf\">Regulamento \u2013 Nupe \u2013 N\u00facleo de Apoio Did\u00e1tico Pedag\u00f3gico ao Docente<\/a><\/li>\n<li><a href=\"https:\/\/portal.unisepe.com.br\/unifia\/wp-content\/uploads\/sites\/10001\/2025\/05\/portaria-502025-SEGURANCA-INSTITUCIONAL.pdf\">Regulamento &#8211; Portaria 50\/2025 &#8211; Seguran\u00e7a Institucional<\/a><\/li>\n<\/ul>\n<\/li>\n<\/ul>\n<p>&nbsp;<\/p>\n","protected":false},"excerpt":{"rendered":"<p>Estatuto Presencial e EAD Formul\u00e1rio Bolsa Proers Plano de Desenvolvimento Institucional 2023 &#8211; 2027 Regimento Geral Regulamento Institucional de Trabalho de Conclus\u00e3o de Curso Regulamento Institucional Atividades Acad\u00eamicas Presencial e EAD Regulamento Institucional P\u00f3s Gradua\u00e7\u00e3o Presencial e EAD Regulamento Institucional Ouvidoria Regulamento Institucional de Est\u00e1gio Presencial e EAD Regulamento Institucional<\/p>\n","protected":false},"author":1,"featured_media":0,"parent":788,"menu_order":0,"comment_status":"closed","ping_status":"closed","template":"templates\/template-pagina_menu_vertical.php","meta":{"footnotes":""},"categories":[],"tags":[],"class_list":["post-1503","page","type-page","status-publish","hentry"],"_links":{"self":[{"href":"https:\/\/portal.unisepe.com.br\/unifia\/wp-json\/wp\/v2\/pages\/1503","targetHints":{"allow":["GET"]}}],"collection":[{"href":"https:\/\/portal.unisepe.com.br\/unifia\/wp-json\/wp\/v2\/pages"}],"about":[{"href":"https:\/\/portal.unisepe.com.br\/unifia\/wp-json\/wp\/v2\/types\/page"}],"author":[{"embeddable":true,"href":"https:\/\/portal.unisepe.com.br\/unifia\/wp-json\/wp\/v2\/users\/1"}],"replies":[{"embeddable":true,"href":"https:\/\/portal.unisepe.com.br\/unifia\/wp-json\/wp\/v2\/comments?post=1503"}],"version-history":[{"count":33,"href":"https:\/\/portal.unisepe.com.br\/unifia\/wp-json\/wp\/v2\/pages\/1503\/revisions"}],"predecessor-version":[{"id":10859,"href":"https:\/\/portal.unisepe.com.br\/unifia\/wp-json\/wp\/v2\/pages\/1503\/revisions\/10859"}],"up":[{"embeddable":true,"href":"https:\/\/portal.unisepe.com.br\/unifia\/wp-json\/wp\/v2\/pages\/788"}],"wp:attachment":[{"href":"https:\/\/portal.unisepe.com.br\/unifia\/wp-json\/wp\/v2\/media?parent=1503"}],"wp:term":[{"taxonomy":"category","embeddable":true,"href":"https:\/\/portal.unisepe.com.br\/unifia\/wp-json\/wp\/v2\/categories?post=1503"},{"taxonomy":"post_tag","embeddable":true,"href":"https:\/\/portal.unisepe.com.br\/unifia\/wp-json\/wp\/v2\/tags?post=1503"}],"curies":[{"name":"wp","href":"https:\/\/api.w.org\/{rel}","templated":true}]}}