{"id":1545,"date":"2017-07-07T09:09:31","date_gmt":"2017-07-07T12:09:31","guid":{"rendered":"http:\/\/www.fvr.edu.br\/?page_id=1545"},"modified":"2017-07-07T09:09:31","modified_gmt":"2017-07-07T12:09:31","slug":"tabela-de-cotacao","status":"publish","type":"page","link":"https:\/\/portal.unisepe.com.br\/unifia\/proers-fvr\/tabela-de-cotacao\/","title":{"rendered":"Tabela de cota\u00e7\u00e3o"},"content":{"rendered":"<ul>\n<li><a href=\"http:\/\/www.fvr.edu.br\/uploads\/2018\/03\/2018-PROERS-IP-FVR-TABELA-MENSAL-DE-COTA\u00c7\u00c3O-DE-PRE\u00c7OS.pdf.pdf\" target=\"_blank\" rel=\"noopener\">Tabela de cota\u00e7\u00e3o<\/a><\/li>\n<\/ul>\n","protected":false},"excerpt":{"rendered":"<p>Tabela de cota\u00e7\u00e3o<\/p>\n","protected":false},"author":1,"featured_media":0,"parent":1536,"menu_order":3,"comment_status":"closed","ping_status":"closed","template":"templates\/template-pagina_menu_vertical.php","meta":{"footnotes":""},"categories":[],"tags":[],"class_list":["post-1545","page","type-page","status-publish","hentry"],"_links":{"self":[{"href":"https:\/\/portal.unisepe.com.br\/unifia\/wp-json\/wp\/v2\/pages\/1545","targetHints":{"allow":["GET"]}}],"collection":[{"href":"https:\/\/portal.unisepe.com.br\/unifia\/wp-json\/wp\/v2\/pages"}],"about":[{"href":"https:\/\/portal.unisepe.com.br\/unifia\/wp-json\/wp\/v2\/types\/page"}],"author":[{"embeddable":true,"href":"https:\/\/portal.unisepe.com.br\/unifia\/wp-json\/wp\/v2\/users\/1"}],"replies":[{"embeddable":true,"href":"https:\/\/portal.unisepe.com.br\/unifia\/wp-json\/wp\/v2\/comments?post=1545"}],"version-history":[{"count":0,"href":"https:\/\/portal.unisepe.com.br\/unifia\/wp-json\/wp\/v2\/pages\/1545\/revisions"}],"up":[{"embeddable":true,"href":"https:\/\/portal.unisepe.com.br\/unifia\/wp-json\/wp\/v2\/pages\/1536"}],"wp:attachment":[{"href":"https:\/\/portal.unisepe.com.br\/unifia\/wp-json\/wp\/v2\/media?parent=1545"}],"wp:term":[{"taxonomy":"category","embeddable":true,"href":"https:\/\/portal.unisepe.com.br\/unifia\/wp-json\/wp\/v2\/categories?post=1545"},{"taxonomy":"post_tag","embeddable":true,"href":"https:\/\/portal.unisepe.com.br\/unifia\/wp-json\/wp\/v2\/tags?post=1545"}],"curies":[{"name":"wp","href":"https:\/\/api.w.org\/{rel}","templated":true}]}}