{"id":1827,"date":"2017-11-14T10:00:23","date_gmt":"2017-11-14T12:00:23","guid":{"rendered":"http:\/\/www.fvr.edu.br\/?page_id=1827"},"modified":"2021-05-07T15:11:57","modified_gmt":"2021-05-07T18:11:57","slug":"atos-legais","status":"publish","type":"page","link":"https:\/\/portal.unisepe.com.br\/unifia\/biomedicina\/atos-legais\/","title":{"rendered":"Atos legais"},"content":{"rendered":"<p><strong>Atos Legais<\/strong><\/p>\n<ul>\n<li>In\u00edcio do Curso em 2007<\/li>\n<li>Vagas oferecidas 100<\/li>\n<li>Dura\u00e7\u00e3o de 4 anos<\/li>\n<li>Noturno<\/li>\n<li><a href=\"https:\/\/portal.unisepe.com.br\/unifia\/wp-content\/uploads\/sites\/10001\/2021\/05\/renova\u00e7a\u00f5-de-reconhecimento-por-enade-2019-enfermagem_biomedicina_nutri\u00e7\u00e3o_est\u00e9tica_educa\u00e7\u00e3o-fisica-B_engenharia-Civil.pdf\">Renova\u00e7\u00e3o Reconhecimento: Portaria MEC n\u00ba109 de 04\/02\/2021<\/a><\/li>\n<\/ul>\n","protected":false},"excerpt":{"rendered":"<p>Atos Legais In\u00edcio do Curso em 2007 Vagas oferecidas 100 Dura\u00e7\u00e3o de 4 anos Noturno Renova\u00e7\u00e3o Reconhecimento: Portaria MEC n\u00ba109 de 04\/02\/2021<\/p>\n","protected":false},"author":1,"featured_media":0,"parent":1818,"menu_order":0,"comment_status":"closed","ping_status":"closed","template":"templates\/template-curso_menu_vertical.php","meta":{"footnotes":""},"categories":[],"tags":[],"class_list":["post-1827","page","type-page","status-publish","hentry"],"_links":{"self":[{"href":"https:\/\/portal.unisepe.com.br\/unifia\/wp-json\/wp\/v2\/pages\/1827","targetHints":{"allow":["GET"]}}],"collection":[{"href":"https:\/\/portal.unisepe.com.br\/unifia\/wp-json\/wp\/v2\/pages"}],"about":[{"href":"https:\/\/portal.unisepe.com.br\/unifia\/wp-json\/wp\/v2\/types\/page"}],"author":[{"embeddable":true,"href":"https:\/\/portal.unisepe.com.br\/unifia\/wp-json\/wp\/v2\/users\/1"}],"replies":[{"embeddable":true,"href":"https:\/\/portal.unisepe.com.br\/unifia\/wp-json\/wp\/v2\/comments?post=1827"}],"version-history":[{"count":7,"href":"https:\/\/portal.unisepe.com.br\/unifia\/wp-json\/wp\/v2\/pages\/1827\/revisions"}],"predecessor-version":[{"id":7307,"href":"https:\/\/portal.unisepe.com.br\/unifia\/wp-json\/wp\/v2\/pages\/1827\/revisions\/7307"}],"up":[{"embeddable":true,"href":"https:\/\/portal.unisepe.com.br\/unifia\/wp-json\/wp\/v2\/pages\/1818"}],"wp:attachment":[{"href":"https:\/\/portal.unisepe.com.br\/unifia\/wp-json\/wp\/v2\/media?parent=1827"}],"wp:term":[{"taxonomy":"category","embeddable":true,"href":"https:\/\/portal.unisepe.com.br\/unifia\/wp-json\/wp\/v2\/categories?post=1827"},{"taxonomy":"post_tag","embeddable":true,"href":"https:\/\/portal.unisepe.com.br\/unifia\/wp-json\/wp\/v2\/tags?post=1827"}],"curies":[{"name":"wp","href":"https:\/\/api.w.org\/{rel}","templated":true}]}}