{"id":214,"date":"2016-07-08T00:30:46","date_gmt":"2016-07-08T00:30:46","guid":{"rendered":"http:\/\/www.fvr.edu.br\/fvr\/site\/?page_id=214"},"modified":"2016-07-08T00:30:46","modified_gmt":"2016-07-08T00:30:46","slug":"areas-de-atuacao","status":"publish","type":"page","link":"https:\/\/portal.unisepe.com.br\/unifia\/a-instituicao\/areas-de-atuacao\/","title":{"rendered":"\u00c1reas de Atua\u00e7\u00e3o"},"content":{"rendered":"<p>Atualmente o Centro Universit\u00e1rio Amparense &#8211; UNIFIA atua nas seguintes \u00e1reas:<\/p>\n<p><strong>Bacharelado<\/strong><br \/>\nAdministra\u00e7\u00e3o de Empresas<br \/>\nBiomedicina<br \/>\nCi\u00eancias Biol\u00f3gicas<br \/>\nCi\u00eancias Cont\u00e1beis<br \/>\nEduca\u00e7\u00e3o F\u00edsica<br \/>\nEnfermagem<br \/>\nEngenharia Civil<br \/>\nEngenharia da Produ\u00e7\u00e3o<br \/>\nNutri\u00e7\u00e3o.<br \/>\nQu\u00edmica Industrial<br \/>\nServi\u00e7o Social<\/p>\n<p><strong>Licenciatura<\/strong><br \/>\nCi\u00eancias Biol\u00f3gicas<br \/>\nEduca\u00e7\u00e3o F\u00edsica<br \/>\nLetras<br \/>\nPedagogia<br \/>\nQu\u00edmica<\/p>\n<p><strong>Forma\u00e7\u00e3o Tecnol\u00f3gica<\/strong><br \/>\nAn\u00e1lise e Desenvolvimento de Sistemas<br \/>\nGest\u00e3o Ambiental<br \/>\nGest\u00e3o da Produ\u00e7\u00e3o Industrial<br \/>\nGest\u00e3o da Qualidade<br \/>\nGest\u00e3o de Recursos Humanos<br \/>\nMarketing<br \/>\nSeguran\u00e7a do Trabalho<br \/>\nGest\u00e3o em Log\u00edstica<\/p>\n<p><strong>P\u00f3s Gradua\u00e7\u00e3o Lato Sensu<\/strong><br \/>\nPsicopedagogia<br \/>\nEduca\u00e7\u00e3o F\u00edsica Inclusiva e Adaptada<br \/>\nGest\u00e3o Estrat\u00e9gica de Neg\u00f3cios<br \/>\nMeio ambiente e Sustentabilidade<br \/>\nEduca\u00e7\u00e3o especial<\/p>\n<p>&nbsp;<\/p>\n<p>&nbsp;<\/p>\n<p><strong>&#8220;A Educa\u00e7\u00e3o \u00e9 a for\u00e7a transformadora da sociedade, humanizando o mundo&#8221;<\/strong><\/p>\n<p><strong>&#8220;\u00c0 medida que o pa\u00eds cresce em complexidade, ele se ressente de uma melhor qualifica\u00e7\u00e3o de recursos humanos, em todas as \u00e1reas, nelas se incluindo a educa\u00e7\u00e3o, ponto de partida e chegada dessa qualifica\u00e7\u00e3o&#8221;.<\/strong><\/p>\n","protected":false},"excerpt":{"rendered":"<p>Atualmente o Centro Universit\u00e1rio Amparense &#8211; UNIFIA atua nas seguintes \u00e1reas: Bacharelado Administra\u00e7\u00e3o de Empresas Biomedicina Ci\u00eancias Biol\u00f3gicas Ci\u00eancias Cont\u00e1beis Educa\u00e7\u00e3o F\u00edsica Enfermagem Engenharia Civil Engenharia da Produ\u00e7\u00e3o Nutri\u00e7\u00e3o. Qu\u00edmica Industrial Servi\u00e7o Social Licenciatura Ci\u00eancias Biol\u00f3gicas Educa\u00e7\u00e3o F\u00edsica Letras Pedagogia Qu\u00edmica Forma\u00e7\u00e3o Tecnol\u00f3gica An\u00e1lise e Desenvolvimento de Sistemas Gest\u00e3o Ambiental<\/p>\n","protected":false},"author":1,"featured_media":0,"parent":81,"menu_order":0,"comment_status":"closed","ping_status":"closed","template":"templates\/template-pagina_menu_vertical.php","meta":{"footnotes":""},"categories":[],"tags":[],"class_list":["post-214","page","type-page","status-publish","hentry"],"_links":{"self":[{"href":"https:\/\/portal.unisepe.com.br\/unifia\/wp-json\/wp\/v2\/pages\/214","targetHints":{"allow":["GET"]}}],"collection":[{"href":"https:\/\/portal.unisepe.com.br\/unifia\/wp-json\/wp\/v2\/pages"}],"about":[{"href":"https:\/\/portal.unisepe.com.br\/unifia\/wp-json\/wp\/v2\/types\/page"}],"author":[{"embeddable":true,"href":"https:\/\/portal.unisepe.com.br\/unifia\/wp-json\/wp\/v2\/users\/1"}],"replies":[{"embeddable":true,"href":"https:\/\/portal.unisepe.com.br\/unifia\/wp-json\/wp\/v2\/comments?post=214"}],"version-history":[{"count":0,"href":"https:\/\/portal.unisepe.com.br\/unifia\/wp-json\/wp\/v2\/pages\/214\/revisions"}],"up":[{"embeddable":true,"href":"https:\/\/portal.unisepe.com.br\/unifia\/wp-json\/wp\/v2\/pages\/81"}],"wp:attachment":[{"href":"https:\/\/portal.unisepe.com.br\/unifia\/wp-json\/wp\/v2\/media?parent=214"}],"wp:term":[{"taxonomy":"category","embeddable":true,"href":"https:\/\/portal.unisepe.com.br\/unifia\/wp-json\/wp\/v2\/categories?post=214"},{"taxonomy":"post_tag","embeddable":true,"href":"https:\/\/portal.unisepe.com.br\/unifia\/wp-json\/wp\/v2\/tags?post=214"}],"curies":[{"name":"wp","href":"https:\/\/api.w.org\/{rel}","templated":true}]}}